{"id":58197,"date":"2025-05-23T17:03:55","date_gmt":"2025-05-23T17:03:55","guid":{"rendered":"https:\/\/snus-malmo.se\/?post_type=product&#038;p=58197"},"modified":"2025-11-22T09:16:24","modified_gmt":"2025-11-22T09:16:24","slug":"zeronito-blueberry-chilli","status":"publish","type":"product","link":"https:\/\/snus-malmo.se\/sv\/produkt\/zeronito-blueberry-chilli\/","title":{"rendered":"Zeronito Blueberry Chilli Nikotinfritt Snus"},"content":{"rendered":"<h1 data-start=\"124\" data-end=\"210\">Zeronito Blueberry Chilli<\/h1>\n<h2 data-start=\"124\" data-end=\"210\"><strong data-start=\"128\" data-end=\"210\">Zeronito Blueberry Chilli Nikotinfritt Snus \u2013 Slim-format med bl\u00e5b\u00e4r och chili<\/strong><\/h2>\n<p data-start=\"212\" data-end=\"593\"><strong data-start=\"212\" data-end=\"241\">Zeronito Blueberry Chilli<\/strong> \u00e4r ett <strong data-start=\"249\" data-end=\"270\">nikotinfritt snus<\/strong> fr\u00e5n <strong data-start=\"276\" data-end=\"292\">Microzero AB<\/strong> som kombinerar den <strong data-start=\"312\" data-end=\"341\">fruktiga smaken av bl\u00e5b\u00e4r<\/strong> med en <strong data-start=\"349\" data-end=\"362\">het chili<\/strong>-kick. Denna tobaksfria produkt levereras i ett praktiskt <strong data-start=\"420\" data-end=\"435\">slim-format<\/strong>, vilket g\u00f6r den diskret och l\u00e4tt att anv\u00e4nda n\u00e4r som helst. Perfekt f\u00f6r dig som vill njuta av en <strong data-start=\"533\" data-end=\"556\">unik smakupplevelse<\/strong> utan nikotin, koffein eller ginseng.<\/p>\n<p data-start=\"595\" data-end=\"894\"><strong data-start=\"595\" data-end=\"624\">Zeronito Blueberry Chilli<\/strong> kommer i en <strong data-start=\"637\" data-end=\"650\">14 g dosa<\/strong>, som inneh\u00e5ller <strong data-start=\"667\" data-end=\"683\">20 portioner<\/strong>, och ger dig en l\u00e5ngvarig upplevelse med varje prilla. Detta snus \u00e4r tillverkat med <strong data-start=\"768\" data-end=\"799\">h\u00f6gkvalitativa ingredienser<\/strong> och \u00e4r ett bra alternativ f\u00f6r den som s\u00f6ker <strong data-start=\"844\" data-end=\"865\">nikotinfritt snus<\/strong> med en sp\u00e4nnande smakprofil.<\/p>\n<hr data-start=\"896\" data-end=\"899\" \/>\n<h3 data-start=\"901\" data-end=\"954\"><strong data-start=\"901\" data-end=\"954\">Produktinformation f\u00f6r Zeronito Blueberry Chilli:<\/strong><\/h3>\n<ul data-start=\"956\" data-end=\"1481\">\n<li data-start=\"956\" data-end=\"983\">\n<p data-start=\"958\" data-end=\"983\"><strong data-start=\"958\" data-end=\"972\">Varum\u00e4rke:<\/strong> Zeronito<\/p>\n<\/li>\n<li data-start=\"984\" data-end=\"1021\">\n<p data-start=\"986\" data-end=\"1021\"><strong data-start=\"986\" data-end=\"1001\">Produkttyp:<\/strong> Nikotinfritt snus<\/p>\n<\/li>\n<li data-start=\"1022\" data-end=\"1058\">\n<p data-start=\"1024\" data-end=\"1058\"><strong data-start=\"1024\" data-end=\"1039\">Smakprofil:<\/strong> Bl\u00e5b\u00e4r och chili<\/p>\n<\/li>\n<li data-start=\"1059\" data-end=\"1101\">\n<p data-start=\"1061\" data-end=\"1101\"><strong data-start=\"1061\" data-end=\"1079\">Nikotinstyrka:<\/strong> Nikotinfri (0 mg\/g)<\/p>\n<\/li>\n<li data-start=\"1102\" data-end=\"1144\">\n<p data-start=\"1104\" data-end=\"1144\"><strong data-start=\"1104\" data-end=\"1115\">Format:<\/strong> Slim \u2013 smidigt och diskret<\/p>\n<\/li>\n<li data-start=\"1145\" data-end=\"1179\">\n<p data-start=\"1147\" data-end=\"1179\"><strong data-start=\"1147\" data-end=\"1174\">Antal prillor per dosa:<\/strong> 20<\/p>\n<\/li>\n<li data-start=\"1180\" data-end=\"1207\">\n<p data-start=\"1182\" data-end=\"1207\"><strong data-start=\"1182\" data-end=\"1200\">Vikt per dosa:<\/strong> 14 g<\/p>\n<\/li>\n<li data-start=\"1208\" data-end=\"1239\">\n<p data-start=\"1210\" data-end=\"1239\"><strong data-start=\"1210\" data-end=\"1231\">Vikt per portion:<\/strong> 0,7 g<\/p>\n<\/li>\n<li data-start=\"1240\" data-end=\"1271\">\n<p data-start=\"1242\" data-end=\"1271\"><strong data-start=\"1242\" data-end=\"1265\">Inneh\u00e5ller nikotin:<\/strong> Nej<\/p>\n<\/li>\n<li data-start=\"1272\" data-end=\"1303\">\n<p data-start=\"1274\" data-end=\"1303\"><strong data-start=\"1274\" data-end=\"1297\">Inneh\u00e5ller koffein:<\/strong> Nej<\/p>\n<\/li>\n<li data-start=\"1304\" data-end=\"1337\">\n<p data-start=\"1306\" data-end=\"1337\"><strong data-start=\"1306\" data-end=\"1322\">Tillverkare:<\/strong> Microzero AB<\/p>\n<\/li>\n<li data-start=\"1338\" data-end=\"1481\">\n<p data-start=\"1340\" data-end=\"1481\"><strong data-start=\"1340\" data-end=\"1357\">Ingredienser:<\/strong> V\u00e4xtfiber, vatten, salt, aromer, xylitol, f\u00f6rtjockningsmedel (E401), surhetsreglerande medel (E500), s\u00f6tningsmedel (E950)<\/p>\n<\/li>\n<\/ul>\n<hr data-start=\"1483\" data-end=\"1486\" \/>\n<p data-start=\"1488\" data-end=\"1549\"><strong data-start=\"1488\" data-end=\"1549\">Varf\u00f6r v\u00e4lja Zeronito Blueberry Chilli Nikotinfritt Snus?<\/strong><\/p>\n<ul data-start=\"1551\" data-end=\"1971\">\n<li data-start=\"1551\" data-end=\"1641\">\n<p data-start=\"1553\" data-end=\"1641\"><strong data-start=\"1553\" data-end=\"1582\">Nikotin- och tobaksfritt:<\/strong> F\u00f6r en frisk och ren upplevelse utan nikotin eller tobak<\/p>\n<\/li>\n<li data-start=\"1642\" data-end=\"1720\">\n<p data-start=\"1644\" data-end=\"1720\"><strong data-start=\"1644\" data-end=\"1658\">Unik smak:<\/strong> Bl\u00e5b\u00e4r kombineras med chili f\u00f6r en sp\u00e4nnande smakupplevelse<\/p>\n<\/li>\n<li data-start=\"1721\" data-end=\"1799\">\n<p data-start=\"1723\" data-end=\"1799\"><strong data-start=\"1723\" data-end=\"1739\">Slim-format:<\/strong> Smidigt och diskret, perfekt f\u00f6r anv\u00e4ndning n\u00e4r som helst<\/p>\n<\/li>\n<li data-start=\"1800\" data-end=\"1891\">\n<p data-start=\"1802\" data-end=\"1891\"><strong data-start=\"1802\" data-end=\"1831\">Milj\u00f6v\u00e4nlig tillverkning:<\/strong> Zeronito str\u00e4var efter h\u00e5llbar och milj\u00f6v\u00e4nlig produktion<\/p>\n<\/li>\n<li data-start=\"1892\" data-end=\"1971\">\n<p data-start=\"1894\" data-end=\"1971\"><strong data-start=\"1894\" data-end=\"1920\">20 portioner per dosa:<\/strong> L\u00e5ngvarig anv\u00e4ndning f\u00f6r fler tillf\u00e4llen att njuta<\/p>\n<\/li>\n<\/ul>\n<hr data-start=\"1973\" data-end=\"1976\" \/>\n<p data-start=\"1978\" data-end=\"2196\"><strong data-start=\"1978\" data-end=\"2025\">Zeronito Blueberry Chilli Nikotinfritt Snus<\/strong> \u00e4r det perfekta valet f\u00f6r dig som s\u00f6ker ett <strong data-start=\"2070\" data-end=\"2097\">nikotinfritt alternativ<\/strong> med en <strong data-start=\"2105\" data-end=\"2138\">frisk bl\u00e5b\u00e4rs- och chili-smak<\/strong>. Best\u00e4ll idag och f\u00e5 snabb leverans direkt till din d\u00f6rr!<\/p>","protected":false},"excerpt":{"rendered":"<h1>Zeronito Blueberry Chilli<\/h1>\n<p>Zeronito Blueberry Chilli Nikotinfritt Snus erbjuder en unik smak av bl\u00e5b\u00e4r och chili i ett diskret slim-format. Nikotinfritt och tobaksfritt, perfekt f\u00f6r den som s\u00f6ker en fr\u00e4sch och l\u00e5ngvarig upplevelse utan nikotin eller koffein. 20 portioner per dosa.<\/p>","protected":false},"featured_media":59902,"comment_status":"open","ping_status":"closed","template":"","meta":[],"product_brand":[343],"product_cat":[136,76,137,129],"product_tag":[],"class_list":{"0":"post-58197","1":"product","2":"type-product","3":"status-publish","4":"has-post-thumbnail","6":"product_brand-zeronito","7":"product_cat-all-whites","8":"product_cat-nikotinfritt-snus","9":"product_cat-slim","10":"product_cat-zeronito","12":"first","13":"instock","14":"taxable","15":"shipping-taxable","16":"purchasable","17":"product-type-variable"},"_links":{"self":[{"href":"https:\/\/snus-malmo.se\/sv\/wp-json\/wp\/v2\/product\/58197","targetHints":{"allow":["GET"]}}],"collection":[{"href":"https:\/\/snus-malmo.se\/sv\/wp-json\/wp\/v2\/product"}],"about":[{"href":"https:\/\/snus-malmo.se\/sv\/wp-json\/wp\/v2\/types\/product"}],"replies":[{"embeddable":true,"href":"https:\/\/snus-malmo.se\/sv\/wp-json\/wp\/v2\/comments?post=58197"}],"version-history":[{"count":0,"href":"https:\/\/snus-malmo.se\/sv\/wp-json\/wp\/v2\/product\/58197\/revisions"}],"wp:featuredmedia":[{"embeddable":true,"href":"https:\/\/snus-malmo.se\/sv\/wp-json\/wp\/v2\/media\/59902"}],"wp:attachment":[{"href":"https:\/\/snus-malmo.se\/sv\/wp-json\/wp\/v2\/media?parent=58197"}],"wp:term":[{"taxonomy":"product_brand","embeddable":true,"href":"https:\/\/snus-malmo.se\/sv\/wp-json\/wp\/v2\/product_brand?post=58197"},{"taxonomy":"product_cat","embeddable":true,"href":"https:\/\/snus-malmo.se\/sv\/wp-json\/wp\/v2\/product_cat?post=58197"},{"taxonomy":"product_tag","embeddable":true,"href":"https:\/\/snus-malmo.se\/sv\/wp-json\/wp\/v2\/product_tag?post=58197"}],"curies":[{"name":"wp","href":"https:\/\/api.w.org\/{rel}","templated":true}]}}