{"id":58202,"date":"2025-05-23T17:03:56","date_gmt":"2025-05-23T17:03:56","guid":{"rendered":"https:\/\/snus-malmo.se\/?post_type=product&#038;p=58202"},"modified":"2025-11-22T09:16:20","modified_gmt":"2025-11-22T09:16:20","slug":"zeronito-cola-slim-nikotinfritt-snus","status":"publish","type":"product","link":"https:\/\/snus-malmo.se\/sv\/produkt\/zeronito-cola-slim-nikotinfritt-snus\/","title":{"rendered":"Zeronito Cola Slim Nikotinfritt Snus"},"content":{"rendered":"<h1 data-start=\"155\" data-end=\"229\"><strong data-start=\"159\" data-end=\"229\">Zeronito Cola Slim<\/strong><\/h1>\n<h2 data-start=\"155\" data-end=\"229\"><strong data-start=\"159\" data-end=\"229\">Zeronito Cola Slim \u2013 Nikotinfritt Snus med Cola-smak i Slim-format<\/strong><\/h2>\n<p data-start=\"231\" data-end=\"563\"><strong data-start=\"231\" data-end=\"253\">Zeronito Cola Slim<\/strong> \u00e4r ett <strong data-start=\"261\" data-end=\"282\">nikotinfritt snus<\/strong> fr\u00e5n <strong data-start=\"288\" data-end=\"300\">Zeronito<\/strong> och <strong data-start=\"305\" data-end=\"321\">Microzero AB<\/strong>, som ger dig en <strong data-start=\"338\" data-end=\"360\">l\u00e4skande cola-smak<\/strong> i ett smidigt <strong data-start=\"375\" data-end=\"390\">slim-format<\/strong>. Denna tobaksfria produkt erbjuder en unik smakupplevelse f\u00f6r dig som s\u00f6ker ett <strong data-start=\"471\" data-end=\"509\">alternativ till traditionellt snus<\/strong> fr\u00e5n <strong data-start=\"515\" data-end=\"527\">Zeronito<\/strong>, utan nikotin, koffein eller tobak.<\/p>\n<p data-start=\"565\" data-end=\"873\">Med en dosvikt p\u00e5 <strong data-start=\"583\" data-end=\"591\">14 g<\/strong> och <strong data-start=\"596\" data-end=\"621\">20 portioner per dosa<\/strong>, \u00e4r <strong data-start=\"626\" data-end=\"648\">Zeronito Cola Slim<\/strong> perfekt f\u00f6r den som vill njuta av en <strong data-start=\"686\" data-end=\"709\">l\u00e5ngvarig cola-smak<\/strong> och en diskret nikotinfri upplevelse under hela dagen. Den <strong data-start=\"769\" data-end=\"794\">smidiga slim-designen<\/strong> g\u00f6r att du kan anv\u00e4nda den n\u00e4r som helst och var som helst, utan att det syns.<\/p>\n<h3 data-start=\"875\" data-end=\"921\"><strong data-start=\"875\" data-end=\"921\">Produktinformation f\u00f6r Zeronito Cola Slim:<\/strong><\/h3>\n<ul data-start=\"923\" data-end=\"1436\">\n<li data-start=\"923\" data-end=\"950\">\n<p data-start=\"925\" data-end=\"950\"><strong data-start=\"925\" data-end=\"939\">Varum\u00e4rke:<\/strong> Zeronito<\/p>\n<\/li>\n<li data-start=\"951\" data-end=\"988\">\n<p data-start=\"953\" data-end=\"988\"><strong data-start=\"953\" data-end=\"968\">Produkttyp:<\/strong> Nikotinfritt snus<\/p>\n<\/li>\n<li data-start=\"989\" data-end=\"1013\">\n<p data-start=\"991\" data-end=\"1013\"><strong data-start=\"991\" data-end=\"1006\">Smakprofil:<\/strong> Cola<\/p>\n<\/li>\n<li data-start=\"1014\" data-end=\"1056\">\n<p data-start=\"1016\" data-end=\"1056\"><strong data-start=\"1016\" data-end=\"1034\">Nikotinstyrka:<\/strong> Nikotinfri (0 mg\/g)<\/p>\n<\/li>\n<li data-start=\"1057\" data-end=\"1099\">\n<p data-start=\"1059\" data-end=\"1099\"><strong data-start=\"1059\" data-end=\"1070\">Format:<\/strong> Slim \u2013 diskret och smidigt<\/p>\n<\/li>\n<li data-start=\"1100\" data-end=\"1134\">\n<p data-start=\"1102\" data-end=\"1134\"><strong data-start=\"1102\" data-end=\"1129\">Antal prillor per dosa:<\/strong> 20<\/p>\n<\/li>\n<li data-start=\"1135\" data-end=\"1162\">\n<p data-start=\"1137\" data-end=\"1162\"><strong data-start=\"1137\" data-end=\"1155\">Vikt per dosa:<\/strong> 14 g<\/p>\n<\/li>\n<li data-start=\"1163\" data-end=\"1194\">\n<p data-start=\"1165\" data-end=\"1194\"><strong data-start=\"1165\" data-end=\"1186\">Vikt per portion:<\/strong> 0,7 g<\/p>\n<\/li>\n<li data-start=\"1195\" data-end=\"1226\">\n<p data-start=\"1197\" data-end=\"1226\"><strong data-start=\"1197\" data-end=\"1220\">Inneh\u00e5ller nikotin:<\/strong> Nej<\/p>\n<\/li>\n<li data-start=\"1227\" data-end=\"1258\">\n<p data-start=\"1229\" data-end=\"1258\"><strong data-start=\"1229\" data-end=\"1252\">Inneh\u00e5ller koffein:<\/strong> Nej<\/p>\n<\/li>\n<li data-start=\"1259\" data-end=\"1292\">\n<p data-start=\"1261\" data-end=\"1292\"><strong data-start=\"1261\" data-end=\"1277\">Tillverkare:<\/strong> Microzero AB<\/p>\n<\/li>\n<li data-start=\"1293\" data-end=\"1436\">\n<p data-start=\"1295\" data-end=\"1436\"><strong data-start=\"1295\" data-end=\"1312\">Ingredienser:<\/strong> V\u00e4xtfiber, vatten, salt, aromer, xylitol, f\u00f6rtjockningsmedel (E401), surhetsreglerande medel (E500), s\u00f6tningsmedel (E950)<\/p>\n<\/li>\n<\/ul>\n<hr data-start=\"1438\" data-end=\"1441\" \/>\n<p data-start=\"1443\" data-end=\"1497\"><strong data-start=\"1443\" data-end=\"1497\">Varf\u00f6r v\u00e4lja Zeronito Cola Slim Nikotinfritt Snus?<\/strong><\/p>\n<ul data-start=\"1499\" data-end=\"1928\">\n<li data-start=\"1499\" data-end=\"1580\">\n<p data-start=\"1501\" data-end=\"1580\"><strong data-start=\"1501\" data-end=\"1532\">Zeronito Nikotinfritt snus:<\/strong> F\u00f6r en ren och fr\u00e4sch upplevelse utan nikotin<\/p>\n<\/li>\n<li data-start=\"1581\" data-end=\"1686\">\n<p data-start=\"1583\" data-end=\"1686\"><strong data-start=\"1583\" data-end=\"1606\">L\u00e4skande cola-smak:<\/strong> En unik och uppfriskande cola-smak f\u00f6r l\u00e5ngvarig anv\u00e4ndning fr\u00e5n <strong data-start=\"1672\" data-end=\"1684\">Zeronito<\/strong><\/p>\n<\/li>\n<li data-start=\"1687\" data-end=\"1777\">\n<p data-start=\"1689\" data-end=\"1777\"><strong data-start=\"1689\" data-end=\"1705\">Slim-format:<\/strong> Smidigt och diskret, perfekt f\u00f6r n\u00e4r du \u00e4r p\u00e5 spr\u00e5ng med <strong data-start=\"1763\" data-end=\"1775\">Zeronito<\/strong><\/p>\n<\/li>\n<li data-start=\"1778\" data-end=\"1848\">\n<p data-start=\"1780\" data-end=\"1848\"><strong data-start=\"1780\" data-end=\"1794\">Tobaksfri:<\/strong> Fr\u00e4sch andedr\u00e4kt och ingen missf\u00e4rgning av t\u00e4nderna<\/p>\n<\/li>\n<li data-start=\"1849\" data-end=\"1928\">\n<p data-start=\"1851\" data-end=\"1928\"><strong data-start=\"1851\" data-end=\"1877\">20 portioner per dosa:<\/strong> L\u00e5ngvarig anv\u00e4ndning f\u00f6r fler tillf\u00e4llen att njuta<\/p>\n<\/li>\n<\/ul>\n<hr data-start=\"1930\" data-end=\"1933\" \/>\n<p data-start=\"1935\" data-end=\"2174\"><strong data-start=\"1935\" data-end=\"1957\">Zeronito Cola Slim<\/strong> \u00e4r det perfekta valet f\u00f6r dig som vill ha ett <strong data-start=\"2004\" data-end=\"2025\">nikotinfritt snus<\/strong> med en <strong data-start=\"2033\" data-end=\"2055\">l\u00e4skande cola-smak<\/strong> fr\u00e5n <strong data-start=\"2061\" data-end=\"2073\">Zeronito<\/strong>. Best\u00e4ll din dosa idag och njut av en <strong data-start=\"2112\" data-end=\"2150\">unik och l\u00e5ngvarig cola-upplevelse<\/strong> i ett <strong data-start=\"2157\" data-end=\"2172\">slim-format<\/strong>!<\/p>","protected":false},"excerpt":{"rendered":"<h1 data-start=\"155\" data-end=\"229\"><strong data-start=\"159\" data-end=\"229\">Zeronito Cola Slim<\/strong><\/h1>\n<p>Zeronito Cola Slim \u00e4r ett nikotinfritt snus med en l\u00e4skande cola-smak i ett diskret slim-format. Utan nikotin och tobak, erbjuder denna tobaksfria produkt en fr\u00e4sch och l\u00e5ngvarig upplevelse. Perfekt f\u00f6r dig som s\u00f6ker ett alternativ utan nikotin. 20 portioner per dosa.<\/p>","protected":false},"featured_media":59862,"comment_status":"open","ping_status":"closed","template":"","meta":[],"product_brand":[343],"product_cat":[136,76,137,129],"product_tag":[],"class_list":{"0":"post-58202","1":"product","2":"type-product","3":"status-publish","4":"has-post-thumbnail","6":"product_brand-zeronito","7":"product_cat-all-whites","8":"product_cat-nikotinfritt-snus","9":"product_cat-slim","10":"product_cat-zeronito","12":"first","13":"instock","14":"taxable","15":"shipping-taxable","16":"purchasable","17":"product-type-variable"},"_links":{"self":[{"href":"https:\/\/snus-malmo.se\/sv\/wp-json\/wp\/v2\/product\/58202","targetHints":{"allow":["GET"]}}],"collection":[{"href":"https:\/\/snus-malmo.se\/sv\/wp-json\/wp\/v2\/product"}],"about":[{"href":"https:\/\/snus-malmo.se\/sv\/wp-json\/wp\/v2\/types\/product"}],"replies":[{"embeddable":true,"href":"https:\/\/snus-malmo.se\/sv\/wp-json\/wp\/v2\/comments?post=58202"}],"version-history":[{"count":0,"href":"https:\/\/snus-malmo.se\/sv\/wp-json\/wp\/v2\/product\/58202\/revisions"}],"wp:featuredmedia":[{"embeddable":true,"href":"https:\/\/snus-malmo.se\/sv\/wp-json\/wp\/v2\/media\/59862"}],"wp:attachment":[{"href":"https:\/\/snus-malmo.se\/sv\/wp-json\/wp\/v2\/media?parent=58202"}],"wp:term":[{"taxonomy":"product_brand","embeddable":true,"href":"https:\/\/snus-malmo.se\/sv\/wp-json\/wp\/v2\/product_brand?post=58202"},{"taxonomy":"product_cat","embeddable":true,"href":"https:\/\/snus-malmo.se\/sv\/wp-json\/wp\/v2\/product_cat?post=58202"},{"taxonomy":"product_tag","embeddable":true,"href":"https:\/\/snus-malmo.se\/sv\/wp-json\/wp\/v2\/product_tag?post=58202"}],"curies":[{"name":"wp","href":"https:\/\/api.w.org\/{rel}","templated":true}]}}