{"id":58207,"date":"2025-05-23T17:03:56","date_gmt":"2025-05-23T17:03:56","guid":{"rendered":"https:\/\/snus-malmo.se\/?post_type=product&#038;p=58207"},"modified":"2025-11-22T09:16:15","modified_gmt":"2025-11-22T09:16:15","slug":"zeronito-espresso-large-nikotinfritt-snus","status":"publish","type":"product","link":"https:\/\/snus-malmo.se\/sv\/produkt\/zeronito-espresso-large-nikotinfritt-snus\/","title":{"rendered":"Zeronito Espresso Large Nikotinfritt Snus"},"content":{"rendered":"<h1>Zeronito Espresso Large<\/h1>\n<h2 data-start=\"104\" data-end=\"199\"><strong data-start=\"108\" data-end=\"199\">Zeronito Espresso Large \u2013 Nikotinfritt Snus med Kaffe- och Espresso-smak i Large-format<\/strong><\/h2>\n<p data-start=\"201\" data-end=\"627\"><strong data-start=\"201\" data-end=\"228\">Zeronito Espresso Large<\/strong> \u00e4r ett <strong data-start=\"236\" data-end=\"257\">nikotinfritt snus<\/strong> fr\u00e5n <strong data-start=\"263\" data-end=\"275\">Zeronito<\/strong> som ger dig en <strong data-start=\"291\" data-end=\"328\">intensiv kaffe- och espresso-smak<\/strong> i ett <strong data-start=\"335\" data-end=\"358\">st\u00f6rre Large-format<\/strong>. Denna tobaksfria produkt \u00e4r designad f\u00f6r kaffe\u00e4lskare som s\u00f6ker en l\u00e5ngvarig och smakrik upplevelse utan nikotin, tobak eller koffein. Med en kraftig smak av <strong data-start=\"518\" data-end=\"527\">kaffe<\/strong> och <strong data-start=\"532\" data-end=\"544\">espresso<\/strong>, erbjuder <strong data-start=\"555\" data-end=\"582\">Zeronito Espresso Large<\/strong> en intensiv och uppfriskande smakupplevelse.<\/p>\n<p data-start=\"629\" data-end=\"907\">Varje dosa v\u00e4ger <strong data-start=\"646\" data-end=\"654\">14 g<\/strong> och inneh\u00e5ller <strong data-start=\"670\" data-end=\"686\">20 portioner<\/strong>, vilket g\u00f6r att du kan njuta av den fylliga och smakrika upplevelsen under l\u00e5ng tid. <strong data-start=\"772\" data-end=\"799\">Zeronito Espresso Large<\/strong> levererar en kraftig smak i ett st\u00f6rre format f\u00f6r en mer <strong data-start=\"857\" data-end=\"881\">l\u00e5ngvarig anv\u00e4ndning<\/strong> och en mer robust k\u00e4nsla.<\/p>\n<hr data-start=\"909\" data-end=\"912\" \/>\n<h3 data-start=\"914\" data-end=\"965\"><strong data-start=\"914\" data-end=\"965\">Produktinformation f\u00f6r Zeronito Espresso Large:<\/strong><\/h3>\n<ul data-start=\"967\" data-end=\"1514\">\n<li data-start=\"967\" data-end=\"994\">\n<p data-start=\"969\" data-end=\"994\"><strong data-start=\"969\" data-end=\"983\">Varum\u00e4rke:<\/strong> Zeronito<\/p>\n<\/li>\n<li data-start=\"995\" data-end=\"1032\">\n<p data-start=\"997\" data-end=\"1032\"><strong data-start=\"997\" data-end=\"1012\">Produkttyp:<\/strong> Nikotinfritt snus<\/p>\n<\/li>\n<li data-start=\"1033\" data-end=\"1068\">\n<p data-start=\"1035\" data-end=\"1068\"><strong data-start=\"1035\" data-end=\"1050\">Smakprofil:<\/strong> Kaffe, Espresso<\/p>\n<\/li>\n<li data-start=\"1069\" data-end=\"1111\">\n<p data-start=\"1071\" data-end=\"1111\"><strong data-start=\"1071\" data-end=\"1089\">Nikotinstyrka:<\/strong> Nikotinfri (0 mg\/g)<\/p>\n<\/li>\n<li data-start=\"1112\" data-end=\"1177\">\n<p data-start=\"1114\" data-end=\"1177\"><strong data-start=\"1114\" data-end=\"1125\">Format:<\/strong> Large \u2013 st\u00f6rre portioner f\u00f6r l\u00e5ngvarig anv\u00e4ndning<\/p>\n<\/li>\n<li data-start=\"1178\" data-end=\"1212\">\n<p data-start=\"1180\" data-end=\"1212\"><strong data-start=\"1180\" data-end=\"1207\">Antal prillor per dosa:<\/strong> 20<\/p>\n<\/li>\n<li data-start=\"1213\" data-end=\"1240\">\n<p data-start=\"1215\" data-end=\"1240\"><strong data-start=\"1215\" data-end=\"1233\">Vikt per dosa:<\/strong> 14 g<\/p>\n<\/li>\n<li data-start=\"1241\" data-end=\"1272\">\n<p data-start=\"1243\" data-end=\"1272\"><strong data-start=\"1243\" data-end=\"1264\">Vikt per portion:<\/strong> 0,7 g<\/p>\n<\/li>\n<li data-start=\"1273\" data-end=\"1304\">\n<p data-start=\"1275\" data-end=\"1304\"><strong data-start=\"1275\" data-end=\"1298\">Inneh\u00e5ller nikotin:<\/strong> Nej<\/p>\n<\/li>\n<li data-start=\"1305\" data-end=\"1336\">\n<p data-start=\"1307\" data-end=\"1336\"><strong data-start=\"1307\" data-end=\"1330\">Inneh\u00e5ller koffein:<\/strong> Nej<\/p>\n<\/li>\n<li data-start=\"1337\" data-end=\"1370\">\n<p data-start=\"1339\" data-end=\"1370\"><strong data-start=\"1339\" data-end=\"1355\">Tillverkare:<\/strong> Microzero AB<\/p>\n<\/li>\n<li data-start=\"1371\" data-end=\"1514\">\n<p data-start=\"1373\" data-end=\"1514\"><strong data-start=\"1373\" data-end=\"1390\">Ingredienser:<\/strong> V\u00e4xtfiber, vatten, salt, aromer, xylitol, f\u00f6rtjockningsmedel (E401), surhetsreglerande medel (E500), s\u00f6tningsmedel (E950)<\/p>\n<\/li>\n<\/ul>\n<hr data-start=\"1516\" data-end=\"1519\" \/>\n<p data-start=\"1521\" data-end=\"1580\"><strong data-start=\"1521\" data-end=\"1580\">Varf\u00f6r v\u00e4lja Zeronito Espresso Large Nikotinfritt Snus?<\/strong><\/p>\n<ul data-start=\"1582\" data-end=\"2094\">\n<li data-start=\"1582\" data-end=\"1666\">\n<p data-start=\"1584\" data-end=\"1666\"><strong data-start=\"1584\" data-end=\"1606\">Nikotinfritt snus:<\/strong> F\u00f6r en ren och fr\u00e4sch upplevelse utan nikotin eller tobak<\/p>\n<\/li>\n<li data-start=\"1667\" data-end=\"1770\">\n<p data-start=\"1669\" data-end=\"1770\"><strong data-start=\"1669\" data-end=\"1707\">Intensiv kaffe- och espresso-smak:<\/strong> Perfekt f\u00f6r kaffe\u00e4lskare som vill ha en stark smakupplevelse<\/p>\n<\/li>\n<li data-start=\"1771\" data-end=\"1854\">\n<p data-start=\"1773\" data-end=\"1854\"><strong data-start=\"1773\" data-end=\"1790\">Large-format:<\/strong> St\u00f6rre portioner f\u00f6r l\u00e5ngvarig anv\u00e4ndning och mer robust smak<\/p>\n<\/li>\n<li data-start=\"1855\" data-end=\"1925\">\n<p data-start=\"1857\" data-end=\"1925\"><strong data-start=\"1857\" data-end=\"1871\">Tobaksfri:<\/strong> Fr\u00e4sch andedr\u00e4kt och ingen missf\u00e4rgning av t\u00e4nderna<\/p>\n<\/li>\n<li data-start=\"1926\" data-end=\"2000\">\n<p data-start=\"1928\" data-end=\"2000\"><strong data-start=\"1928\" data-end=\"1954\">20 portioner per dosa:<\/strong> L\u00e5ngvarig anv\u00e4ndning och mer av din favorit<\/p>\n<\/li>\n<li data-start=\"2001\" data-end=\"2094\">\n<p data-start=\"2003\" data-end=\"2094\"><strong data-start=\"2003\" data-end=\"2036\">Perfekt f\u00f6r kaffeentusiaster:<\/strong> En smakupplevelse f\u00f6r dem som uppskattar kraftig espresso<\/p>\n<\/li>\n<\/ul>\n<hr data-start=\"2096\" data-end=\"2099\" \/>\n<p data-start=\"2101\" data-end=\"2341\"><strong data-start=\"2101\" data-end=\"2128\">Zeronito Espresso Large<\/strong> \u00e4r det ultimata valet f\u00f6r dig som s\u00f6ker ett <strong data-start=\"2173\" data-end=\"2194\">nikotinfritt snus<\/strong> med en <strong data-start=\"2202\" data-end=\"2234\">rik kaffe- och espresso-smak<\/strong> i ett <strong data-start=\"2241\" data-end=\"2257\">large-format<\/strong>. Best\u00e4ll idag och upplev en <strong data-start=\"2286\" data-end=\"2327\">intensiv och l\u00e5ngvarig smakupplevelse<\/strong> utan nikotin.<\/p>","protected":false},"excerpt":{"rendered":"<h1>Zeronito Espresso Large<\/h1>\n<p>Zeronito Espresso Large \u00e4r ett nikotinfritt snus med en intensiv kaffe- och espresso-smak. Den tobaksfria produkten kommer i ett st\u00f6rre large-format, vilket ger en l\u00e5ngvarig och kraftfull smakupplevelse utan nikotin. 20 portioner per dosa f\u00f6r en smakrik och uppfriskande kaffeupplevelse.<\/p>","protected":false},"featured_media":59880,"comment_status":"open","ping_status":"closed","template":"","meta":[],"product_brand":[343],"product_cat":[136,76,348,129],"product_tag":[],"class_list":{"0":"post-58207","1":"product","2":"type-product","3":"status-publish","4":"has-post-thumbnail","6":"product_brand-zeronito","7":"product_cat-all-whites","8":"product_cat-nikotinfritt-snus","9":"product_cat-regular-large","10":"product_cat-zeronito","12":"first","13":"instock","14":"taxable","15":"shipping-taxable","16":"purchasable","17":"product-type-variable"},"_links":{"self":[{"href":"https:\/\/snus-malmo.se\/sv\/wp-json\/wp\/v2\/product\/58207","targetHints":{"allow":["GET"]}}],"collection":[{"href":"https:\/\/snus-malmo.se\/sv\/wp-json\/wp\/v2\/product"}],"about":[{"href":"https:\/\/snus-malmo.se\/sv\/wp-json\/wp\/v2\/types\/product"}],"replies":[{"embeddable":true,"href":"https:\/\/snus-malmo.se\/sv\/wp-json\/wp\/v2\/comments?post=58207"}],"version-history":[{"count":0,"href":"https:\/\/snus-malmo.se\/sv\/wp-json\/wp\/v2\/product\/58207\/revisions"}],"wp:featuredmedia":[{"embeddable":true,"href":"https:\/\/snus-malmo.se\/sv\/wp-json\/wp\/v2\/media\/59880"}],"wp:attachment":[{"href":"https:\/\/snus-malmo.se\/sv\/wp-json\/wp\/v2\/media?parent=58207"}],"wp:term":[{"taxonomy":"product_brand","embeddable":true,"href":"https:\/\/snus-malmo.se\/sv\/wp-json\/wp\/v2\/product_brand?post=58207"},{"taxonomy":"product_cat","embeddable":true,"href":"https:\/\/snus-malmo.se\/sv\/wp-json\/wp\/v2\/product_cat?post=58207"},{"taxonomy":"product_tag","embeddable":true,"href":"https:\/\/snus-malmo.se\/sv\/wp-json\/wp\/v2\/product_tag?post=58207"}],"curies":[{"name":"wp","href":"https:\/\/api.w.org\/{rel}","templated":true}]}}