{"id":58217,"date":"2025-05-23T17:03:58","date_gmt":"2025-05-23T17:03:58","guid":{"rendered":"https:\/\/snus-malmo.se\/?post_type=product&#038;p=58217"},"modified":"2025-11-22T09:16:11","modified_gmt":"2025-11-22T09:16:11","slug":"zeronito-exotic-slim-nikotinfritt-snus-2","status":"publish","type":"product","link":"https:\/\/snus-malmo.se\/sv\/produkt\/zeronito-exotic-slim-nikotinfritt-snus-2\/","title":{"rendered":"Zeronito Exotic Slim Nikotinfritt Snus"},"content":{"rendered":"<h1 data-start=\"101\" data-end=\"183\"><strong data-start=\"105\" data-end=\"183\">Zeronito Exotic Slim<\/strong><\/h1>\n<h2 data-start=\"101\" data-end=\"183\"><strong data-start=\"105\" data-end=\"183\">Zeronito Exotic Slim \u2013 Nikotinfritt Snus med Exotiska Smaker i Slim-format<\/strong><\/h2>\n<p data-start=\"185\" data-end=\"592\"><strong data-start=\"185\" data-end=\"209\">Zeronito Exotic Slim<\/strong> \u00e4r ett <strong data-start=\"217\" data-end=\"238\">nikotinfritt snus<\/strong> fr\u00e5n <strong data-start=\"244\" data-end=\"256\">Zeronito<\/strong>, designat f\u00f6r dig som s\u00f6ker en <strong data-start=\"288\" data-end=\"328\">sp\u00e4nnande och fruktig smakupplevelse<\/strong> utan nikotin, tobak eller koffein. Denna tobaksfria snusprodukt kommer i ett <strong data-start=\"406\" data-end=\"421\">slim-format<\/strong> f\u00f6r diskret och bekv\u00e4m anv\u00e4ndning. Med en <strong data-start=\"464\" data-end=\"489\">exotisk smakblandning<\/strong>, erbjuder <strong data-start=\"500\" data-end=\"524\">Zeronito Exotic Slim<\/strong> en unik upplevelse som passar b\u00e5de nyb\u00f6rjare och erfarna anv\u00e4ndare.<\/p>\n<p data-start=\"594\" data-end=\"916\">Varje dosa v\u00e4ger <strong data-start=\"611\" data-end=\"619\">14 g<\/strong> och inneh\u00e5ller <strong data-start=\"635\" data-end=\"651\">20 portioner<\/strong>, vilket g\u00f6r att du kan njuta av <strong data-start=\"684\" data-end=\"708\">Zeronito Exotic Slim<\/strong> under l\u00e5ng tid. Den <strong data-start=\"729\" data-end=\"739\">slimma<\/strong> designen g\u00f6r att portionerna passar perfekt under l\u00e4ppen f\u00f6r en diskret och l\u00e5ngvarig upplevelse. En perfekt l\u00f6sning f\u00f6r den som vill njuta av <strong data-start=\"883\" data-end=\"902\">fruktiga smaker<\/strong> utan nikotin.<\/p>\n<hr data-start=\"918\" data-end=\"921\" \/>\n<h3 data-start=\"923\" data-end=\"971\"><strong data-start=\"923\" data-end=\"971\">Produktinformation f\u00f6r Zeronito Exotic Slim:<\/strong><\/h3>\n<ul data-start=\"973\" data-end=\"1507\">\n<li data-start=\"973\" data-end=\"1000\">\n<p data-start=\"975\" data-end=\"1000\"><strong data-start=\"975\" data-end=\"989\">Varum\u00e4rke:<\/strong> Zeronito<\/p>\n<\/li>\n<li data-start=\"1001\" data-end=\"1038\">\n<p data-start=\"1003\" data-end=\"1038\"><strong data-start=\"1003\" data-end=\"1018\">Produkttyp:<\/strong> Nikotinfritt snus<\/p>\n<\/li>\n<li data-start=\"1039\" data-end=\"1084\">\n<p data-start=\"1041\" data-end=\"1084\"><strong data-start=\"1041\" data-end=\"1056\">Smakprofil:<\/strong> Exotiska fruktblandningar<\/p>\n<\/li>\n<li data-start=\"1085\" data-end=\"1127\">\n<p data-start=\"1087\" data-end=\"1127\"><strong data-start=\"1087\" data-end=\"1105\">Nikotinstyrka:<\/strong> Nikotinfri (0 mg\/g)<\/p>\n<\/li>\n<li data-start=\"1128\" data-end=\"1170\">\n<p data-start=\"1130\" data-end=\"1170\"><strong data-start=\"1130\" data-end=\"1141\">Format:<\/strong> Slim \u2013 diskret och smidigt<\/p>\n<\/li>\n<li data-start=\"1171\" data-end=\"1205\">\n<p data-start=\"1173\" data-end=\"1205\"><strong data-start=\"1173\" data-end=\"1200\">Antal prillor per dosa:<\/strong> 20<\/p>\n<\/li>\n<li data-start=\"1206\" data-end=\"1233\">\n<p data-start=\"1208\" data-end=\"1233\"><strong data-start=\"1208\" data-end=\"1226\">Vikt per dosa:<\/strong> 14 g<\/p>\n<\/li>\n<li data-start=\"1234\" data-end=\"1265\">\n<p data-start=\"1236\" data-end=\"1265\"><strong data-start=\"1236\" data-end=\"1257\">Vikt per portion:<\/strong> 0,7 g<\/p>\n<\/li>\n<li data-start=\"1266\" data-end=\"1297\">\n<p data-start=\"1268\" data-end=\"1297\"><strong data-start=\"1268\" data-end=\"1291\">Inneh\u00e5ller nikotin:<\/strong> Nej<\/p>\n<\/li>\n<li data-start=\"1298\" data-end=\"1329\">\n<p data-start=\"1300\" data-end=\"1329\"><strong data-start=\"1300\" data-end=\"1323\">Inneh\u00e5ller koffein:<\/strong> Nej<\/p>\n<\/li>\n<li data-start=\"1330\" data-end=\"1363\">\n<p data-start=\"1332\" data-end=\"1363\"><strong data-start=\"1332\" data-end=\"1348\">Tillverkare:<\/strong> Microzero AB<\/p>\n<\/li>\n<li data-start=\"1364\" data-end=\"1507\">\n<p data-start=\"1366\" data-end=\"1507\"><strong data-start=\"1366\" data-end=\"1383\">Ingredienser:<\/strong> V\u00e4xtfiber, vatten, salt, aromer, xylitol, f\u00f6rtjockningsmedel (E401), surhetsreglerande medel (E500), s\u00f6tningsmedel (E950)<\/p>\n<\/li>\n<\/ul>\n<hr data-start=\"1509\" data-end=\"1512\" \/>\n<p data-start=\"1514\" data-end=\"1570\"><strong data-start=\"1514\" data-end=\"1570\">Varf\u00f6r v\u00e4lja Zeronito Exotic Slim Nikotinfritt Snus?<\/strong><\/p>\n<ul data-start=\"1572\" data-end=\"2072\">\n<li data-start=\"1572\" data-end=\"1655\">\n<p data-start=\"1574\" data-end=\"1655\"><strong data-start=\"1574\" data-end=\"1596\">Nikotinfritt snus:<\/strong> F\u00f6r en frisk och ren upplevelse utan nikotin eller tobak<\/p>\n<\/li>\n<li data-start=\"1656\" data-end=\"1740\">\n<p data-start=\"1658\" data-end=\"1740\"><strong data-start=\"1658\" data-end=\"1681\">Exotisk smakprofil:<\/strong> En uppfriskande och fruktig blandning av exotiska smaker<\/p>\n<\/li>\n<li data-start=\"1741\" data-end=\"1819\">\n<p data-start=\"1743\" data-end=\"1819\"><strong data-start=\"1743\" data-end=\"1759\">Slim-format:<\/strong> Diskret och smidigt, perfekt f\u00f6r anv\u00e4ndning n\u00e4r som helst<\/p>\n<\/li>\n<li data-start=\"1820\" data-end=\"1890\">\n<p data-start=\"1822\" data-end=\"1890\"><strong data-start=\"1822\" data-end=\"1836\">Tobaksfri:<\/strong> Fr\u00e4sch andedr\u00e4kt och ingen missf\u00e4rgning av t\u00e4nderna<\/p>\n<\/li>\n<li data-start=\"1891\" data-end=\"1987\">\n<p data-start=\"1893\" data-end=\"1987\"><strong data-start=\"1893\" data-end=\"1919\">20 portioner per dosa:<\/strong> L\u00e5ngvarig anv\u00e4ndning f\u00f6r fler tillf\u00e4llen att njuta av din favorit<\/p>\n<\/li>\n<li data-start=\"1988\" data-end=\"2072\">\n<p data-start=\"1990\" data-end=\"2072\"><strong data-start=\"1990\" data-end=\"2038\">Perfekt f\u00f6r nyb\u00f6rjare och erfarna anv\u00e4ndare:<\/strong> Enkel att anv\u00e4nda f\u00f6r alla niv\u00e5er<\/p>\n<\/li>\n<\/ul>\n<hr data-start=\"2074\" data-end=\"2077\" \/>\n<p data-start=\"2079\" data-end=\"2302\"><strong data-start=\"2079\" data-end=\"2103\">Zeronito Exotic Slim<\/strong> \u00e4r det perfekta valet f\u00f6r dig som s\u00f6ker ett <strong data-start=\"2148\" data-end=\"2169\">nikotinfritt snus<\/strong> med en <strong data-start=\"2177\" data-end=\"2205\">exotisk och fruktig smak<\/strong>. Best\u00e4ll idag och f\u00e5 en <strong data-start=\"2230\" data-end=\"2263\">unik och l\u00e5ngvarig upplevelse<\/strong> i ett <strong data-start=\"2270\" data-end=\"2285\">slim-format<\/strong> som passar alla.<\/p>\n<h2><\/h2>","protected":false},"excerpt":{"rendered":"<h1 data-start=\"101\" data-end=\"183\"><strong data-start=\"105\" data-end=\"183\">Zeronito Exotic Slim<\/strong><\/h1>\n<p>Zeronito Exotic Slim \u00e4r ett nikotinfritt snus med en uppfriskande och fruktig exotisk smak. Den tobaksfria produkten kommer i diskret slim-format, vilket g\u00f6r den perfekt f\u00f6r l\u00e5ngvarig anv\u00e4ndning utan nikotin eller koffein. 20 portioner per dosa f\u00f6r en fr\u00e4sch och smakrik upplevelse.<\/p>","protected":false},"featured_media":59901,"comment_status":"open","ping_status":"closed","template":"","meta":[],"product_brand":[343],"product_cat":[136,76,137,129],"product_tag":[],"class_list":{"0":"post-58217","1":"product","2":"type-product","3":"status-publish","4":"has-post-thumbnail","6":"product_brand-zeronito","7":"product_cat-all-whites","8":"product_cat-nikotinfritt-snus","9":"product_cat-slim","10":"product_cat-zeronito","12":"first","13":"instock","14":"taxable","15":"shipping-taxable","16":"purchasable","17":"product-type-variable"},"_links":{"self":[{"href":"https:\/\/snus-malmo.se\/sv\/wp-json\/wp\/v2\/product\/58217","targetHints":{"allow":["GET"]}}],"collection":[{"href":"https:\/\/snus-malmo.se\/sv\/wp-json\/wp\/v2\/product"}],"about":[{"href":"https:\/\/snus-malmo.se\/sv\/wp-json\/wp\/v2\/types\/product"}],"replies":[{"embeddable":true,"href":"https:\/\/snus-malmo.se\/sv\/wp-json\/wp\/v2\/comments?post=58217"}],"version-history":[{"count":0,"href":"https:\/\/snus-malmo.se\/sv\/wp-json\/wp\/v2\/product\/58217\/revisions"}],"wp:featuredmedia":[{"embeddable":true,"href":"https:\/\/snus-malmo.se\/sv\/wp-json\/wp\/v2\/media\/59901"}],"wp:attachment":[{"href":"https:\/\/snus-malmo.se\/sv\/wp-json\/wp\/v2\/media?parent=58217"}],"wp:term":[{"taxonomy":"product_brand","embeddable":true,"href":"https:\/\/snus-malmo.se\/sv\/wp-json\/wp\/v2\/product_brand?post=58217"},{"taxonomy":"product_cat","embeddable":true,"href":"https:\/\/snus-malmo.se\/sv\/wp-json\/wp\/v2\/product_cat?post=58217"},{"taxonomy":"product_tag","embeddable":true,"href":"https:\/\/snus-malmo.se\/sv\/wp-json\/wp\/v2\/product_tag?post=58217"}],"curies":[{"name":"wp","href":"https:\/\/api.w.org\/{rel}","templated":true}]}}