{"id":58222,"date":"2025-05-23T17:03:58","date_gmt":"2025-05-23T17:03:58","guid":{"rendered":"https:\/\/snus-malmo.se\/?post_type=product&#038;p=58222"},"modified":"2025-11-22T09:16:07","modified_gmt":"2025-11-22T09:16:07","slug":"zeronito-espresso-slim-nikotinfritt-snus","status":"publish","type":"product","link":"https:\/\/snus-malmo.se\/sv\/produkt\/zeronito-espresso-slim-nikotinfritt-snus\/","title":{"rendered":"Zeronito Espresso Slim Nikotinfritt Snus"},"content":{"rendered":"<h1 data-start=\"103\" data-end=\"196\">Zeronito Espresso Slim<\/h1>\n<h2 data-start=\"103\" data-end=\"196\"><strong data-start=\"107\" data-end=\"196\">Zeronito Espresso Slim \u2013 Nikotinfritt Snus med Kaffe- och Espresso-smak i Slim-format<\/strong><\/h2>\n<p data-start=\"198\" data-end=\"507\"><strong data-start=\"198\" data-end=\"224\">Zeronito Espresso Slim<\/strong> \u00e4r ett <strong data-start=\"232\" data-end=\"253\">nikotinfritt snus<\/strong> fr\u00e5n <strong data-start=\"259\" data-end=\"271\">Zeronito<\/strong> som kombinerar den rika och intensiva smaken av <strong data-start=\"320\" data-end=\"329\">kaffe<\/strong> och <strong data-start=\"334\" data-end=\"346\">espresso<\/strong> i ett <strong data-start=\"353\" data-end=\"376\">diskret slim-format<\/strong>. Denna tobaksfria produkt \u00e4r perfekt f\u00f6r dig som \u00e4lskar kaffets smak men vill ha ett alternativ utan nikotin, tobak eller koffein.<\/p>\n<p data-start=\"509\" data-end=\"846\">Med en dosvikt p\u00e5 <strong data-start=\"527\" data-end=\"535\">14 g<\/strong> och <strong data-start=\"540\" data-end=\"565\">20 portioner per dosa<\/strong>, ger <strong data-start=\"571\" data-end=\"597\">Zeronito Espresso Slim<\/strong> en l\u00e5ngvarig och njutbar upplevelse. Den <strong data-start=\"639\" data-end=\"658\">slimma designen<\/strong> g\u00f6r den l\u00e4tt att placera under l\u00e4ppen f\u00f6r en diskret och bekv\u00e4m anv\u00e4ndning hela dagen. Perfekt f\u00f6r kaffe\u00e4lskare som vill ha en <strong data-start=\"786\" data-end=\"813\">intensiv smakupplevelse<\/strong> utan att beh\u00f6va anv\u00e4nda nikotin.<\/p>\n<hr data-start=\"848\" data-end=\"851\" \/>\n<h3 data-start=\"853\" data-end=\"903\"><strong data-start=\"853\" data-end=\"903\">Produktinformation f\u00f6r Zeronito Espresso Slim:<\/strong><\/h3>\n<ul data-start=\"905\" data-end=\"1429\">\n<li data-start=\"905\" data-end=\"932\">\n<p data-start=\"907\" data-end=\"932\"><strong data-start=\"907\" data-end=\"921\">Varum\u00e4rke:<\/strong> Zeronito<\/p>\n<\/li>\n<li data-start=\"933\" data-end=\"970\">\n<p data-start=\"935\" data-end=\"970\"><strong data-start=\"935\" data-end=\"950\">Produkttyp:<\/strong> Nikotinfritt snus<\/p>\n<\/li>\n<li data-start=\"971\" data-end=\"1006\">\n<p data-start=\"973\" data-end=\"1006\"><strong data-start=\"973\" data-end=\"988\">Smakprofil:<\/strong> Kaffe, Espresso<\/p>\n<\/li>\n<li data-start=\"1007\" data-end=\"1049\">\n<p data-start=\"1009\" data-end=\"1049\"><strong data-start=\"1009\" data-end=\"1027\">Nikotinstyrka:<\/strong> Nikotinfri (0 mg\/g)<\/p>\n<\/li>\n<li data-start=\"1050\" data-end=\"1092\">\n<p data-start=\"1052\" data-end=\"1092\"><strong data-start=\"1052\" data-end=\"1063\">Format:<\/strong> Slim \u2013 diskret och smidigt<\/p>\n<\/li>\n<li data-start=\"1093\" data-end=\"1127\">\n<p data-start=\"1095\" data-end=\"1127\"><strong data-start=\"1095\" data-end=\"1122\">Antal prillor per dosa:<\/strong> 20<\/p>\n<\/li>\n<li data-start=\"1128\" data-end=\"1155\">\n<p data-start=\"1130\" data-end=\"1155\"><strong data-start=\"1130\" data-end=\"1148\">Vikt per dosa:<\/strong> 14 g<\/p>\n<\/li>\n<li data-start=\"1156\" data-end=\"1187\">\n<p data-start=\"1158\" data-end=\"1187\"><strong data-start=\"1158\" data-end=\"1179\">Vikt per portion:<\/strong> 0,7 g<\/p>\n<\/li>\n<li data-start=\"1188\" data-end=\"1219\">\n<p data-start=\"1190\" data-end=\"1219\"><strong data-start=\"1190\" data-end=\"1213\">Inneh\u00e5ller nikotin:<\/strong> Nej<\/p>\n<\/li>\n<li data-start=\"1220\" data-end=\"1251\">\n<p data-start=\"1222\" data-end=\"1251\"><strong data-start=\"1222\" data-end=\"1245\">Inneh\u00e5ller koffein:<\/strong> Nej<\/p>\n<\/li>\n<li data-start=\"1252\" data-end=\"1285\">\n<p data-start=\"1254\" data-end=\"1285\"><strong data-start=\"1254\" data-end=\"1270\">Tillverkare:<\/strong> Microzero AB<\/p>\n<\/li>\n<li data-start=\"1286\" data-end=\"1429\">\n<p data-start=\"1288\" data-end=\"1429\"><strong data-start=\"1288\" data-end=\"1305\">Ingredienser:<\/strong> V\u00e4xtfiber, vatten, salt, aromer, xylitol, f\u00f6rtjockningsmedel (E401), surhetsreglerande medel (E500), s\u00f6tningsmedel (E950)<\/p>\n<\/li>\n<\/ul>\n<hr data-start=\"1431\" data-end=\"1434\" \/>\n<p data-start=\"1436\" data-end=\"1494\"><strong data-start=\"1436\" data-end=\"1494\">Varf\u00f6r v\u00e4lja Zeronito Espresso Slim Nikotinfritt Snus?<\/strong><\/p>\n<ul data-start=\"1496\" data-end=\"2003\">\n<li data-start=\"1496\" data-end=\"1580\">\n<p data-start=\"1498\" data-end=\"1580\"><strong data-start=\"1498\" data-end=\"1520\">Nikotinfritt snus:<\/strong> F\u00f6r en ren och fr\u00e4sch upplevelse utan nikotin eller tobak<\/p>\n<\/li>\n<li data-start=\"1581\" data-end=\"1658\">\n<p data-start=\"1583\" data-end=\"1658\"><strong data-start=\"1583\" data-end=\"1612\">Kaffe- och espresso-smak:<\/strong> En intensiv smakupplevelse f\u00f6r kaffe\u00e4lskare<\/p>\n<\/li>\n<li data-start=\"1659\" data-end=\"1743\">\n<p data-start=\"1661\" data-end=\"1743\"><strong data-start=\"1661\" data-end=\"1677\">Slim-format:<\/strong> Smidigt och diskret, perfekt f\u00f6r anv\u00e4ndning n\u00e4r du \u00e4r p\u00e5 spr\u00e5ng<\/p>\n<\/li>\n<li data-start=\"1744\" data-end=\"1814\">\n<p data-start=\"1746\" data-end=\"1814\"><strong data-start=\"1746\" data-end=\"1760\">Tobaksfri:<\/strong> Fr\u00e4sch andedr\u00e4kt och ingen missf\u00e4rgning av t\u00e4nderna<\/p>\n<\/li>\n<li data-start=\"1815\" data-end=\"1911\">\n<p data-start=\"1817\" data-end=\"1911\"><strong data-start=\"1817\" data-end=\"1843\">20 portioner per dosa:<\/strong> L\u00e5ngvarig anv\u00e4ndning f\u00f6r fler tillf\u00e4llen att njuta av din favorit<\/p>\n<\/li>\n<li data-start=\"1912\" data-end=\"2003\">\n<p data-start=\"1914\" data-end=\"2003\"><strong data-start=\"1914\" data-end=\"1943\">Perfekt f\u00f6r kaffe\u00e4lskare:<\/strong> En smakupplevelse f\u00f6r den som uppskattar kaffe och espresso<\/p>\n<\/li>\n<\/ul>\n<hr data-start=\"2005\" data-end=\"2008\" \/>\n<p data-start=\"2010\" data-end=\"2240\"><strong data-start=\"2010\" data-end=\"2036\">Zeronito Espresso Slim<\/strong> \u00e4r det perfekta valet f\u00f6r dig som s\u00f6ker ett <strong data-start=\"2081\" data-end=\"2102\">nikotinfritt snus<\/strong> med en <strong data-start=\"2110\" data-end=\"2147\">intensiv kaffe- och espresso-smak<\/strong>. Best\u00e4ll idag och njut av en <strong data-start=\"2177\" data-end=\"2217\">l\u00e5ngvarig och njutbar smakupplevelse<\/strong> i ett <strong data-start=\"2224\" data-end=\"2239\">slim-format<\/strong>.<\/p>\n<h2><\/h2>","protected":false},"excerpt":{"rendered":"<h1>Zeronito Espresso Slim<\/h1>\n<p>Zeronito Espresso Slim \u00e4r ett nikotinfritt snus med en intensiv kaffe- och espresso-smak. Den tobaksfria produkten kommer i ett diskret slim-format, perfekt f\u00f6r en l\u00e5ngvarig smakupplevelse utan nikotin. 20 portioner per dosa f\u00f6r en smakrik och uppfriskande kaffeupplevelse.<\/p>","protected":false},"featured_media":59935,"comment_status":"open","ping_status":"closed","template":"","meta":[],"product_brand":[343],"product_cat":[136,76,137,129],"product_tag":[],"class_list":{"0":"post-58222","1":"product","2":"type-product","3":"status-publish","4":"has-post-thumbnail","6":"product_brand-zeronito","7":"product_cat-all-whites","8":"product_cat-nikotinfritt-snus","9":"product_cat-slim","10":"product_cat-zeronito","12":"first","13":"instock","14":"taxable","15":"shipping-taxable","16":"purchasable","17":"product-type-variable"},"_links":{"self":[{"href":"https:\/\/snus-malmo.se\/sv\/wp-json\/wp\/v2\/product\/58222","targetHints":{"allow":["GET"]}}],"collection":[{"href":"https:\/\/snus-malmo.se\/sv\/wp-json\/wp\/v2\/product"}],"about":[{"href":"https:\/\/snus-malmo.se\/sv\/wp-json\/wp\/v2\/types\/product"}],"replies":[{"embeddable":true,"href":"https:\/\/snus-malmo.se\/sv\/wp-json\/wp\/v2\/comments?post=58222"}],"version-history":[{"count":0,"href":"https:\/\/snus-malmo.se\/sv\/wp-json\/wp\/v2\/product\/58222\/revisions"}],"wp:featuredmedia":[{"embeddable":true,"href":"https:\/\/snus-malmo.se\/sv\/wp-json\/wp\/v2\/media\/59935"}],"wp:attachment":[{"href":"https:\/\/snus-malmo.se\/sv\/wp-json\/wp\/v2\/media?parent=58222"}],"wp:term":[{"taxonomy":"product_brand","embeddable":true,"href":"https:\/\/snus-malmo.se\/sv\/wp-json\/wp\/v2\/product_brand?post=58222"},{"taxonomy":"product_cat","embeddable":true,"href":"https:\/\/snus-malmo.se\/sv\/wp-json\/wp\/v2\/product_cat?post=58222"},{"taxonomy":"product_tag","embeddable":true,"href":"https:\/\/snus-malmo.se\/sv\/wp-json\/wp\/v2\/product_tag?post=58222"}],"curies":[{"name":"wp","href":"https:\/\/api.w.org\/{rel}","templated":true}]}}