{"id":58227,"date":"2025-05-23T17:03:59","date_gmt":"2025-05-23T17:03:59","guid":{"rendered":"https:\/\/snus-malmo.se\/?post_type=product&#038;p=58227"},"modified":"2025-11-22T09:16:00","modified_gmt":"2025-11-22T09:16:00","slug":"zeronito-icy-mint-slim-nikotinfritt-snus","status":"publish","type":"product","link":"https:\/\/snus-malmo.se\/sv\/produkt\/zeronito-icy-mint-slim-nikotinfritt-snus\/","title":{"rendered":"Zeronito Icy Mint Slim Nikotinfritt Snus"},"content":{"rendered":"<h1>Zeronito Icy Mint Slim<\/h1>\n<h2>Om produkten Zeronito Icy Mint Slim Nikotinfritt Snus<\/h2>\n<p>Zeronito Icy Mint Slim Nikotinfritt Snus \u00e4r en produkt utan nikotin som kommer fr\u00e5n varum\u00e4rket Zeronito och tillverkas av Microzero AB. Formen p\u00e5 denna produkt \u00e4r av slim-konstruktion, en mindre och diskret variant j\u00e4mf\u00f6rt<\/p>\n<h3 data-start=\"103\" data-end=\"186\"><strong data-start=\"107\" data-end=\"186\">Zeronito Icy Mint Slim \u2013 Nikotinfritt Snus med Kylig Mintsmak i Slim-format<\/strong><\/h3>\n<p data-start=\"188\" data-end=\"626\"><strong data-start=\"188\" data-end=\"214\">Zeronito Icy Mint Slim<\/strong> \u00e4r ett <strong data-start=\"222\" data-end=\"243\">nikotinfritt snus<\/strong> fr\u00e5n <strong data-start=\"249\" data-end=\"261\">Zeronito<\/strong>, som erbjuder en uppfriskande <strong data-start=\"292\" data-end=\"304\">mintsmak<\/strong> med en <strong data-start=\"312\" data-end=\"323\">kylande<\/strong> k\u00e4nsla, allt i ett <strong data-start=\"343\" data-end=\"366\">diskret slim-format<\/strong>. Denna tobaksfria snusprodukt \u00e4r perfekt f\u00f6r dig som vill ha en <strong data-start=\"431\" data-end=\"460\">frisk och sval upplevelse<\/strong> utan nikotin, tobak eller koffein. Med sin intensiva mintsmak och kylande effekt, ger <strong data-start=\"547\" data-end=\"573\">Zeronito Icy Mint Slim<\/strong> en l\u00e5ngvarig och uppfriskande upplevelse hela dagen.<\/p>\n<p data-start=\"628\" data-end=\"912\">Varje dosa v\u00e4ger <strong data-start=\"645\" data-end=\"653\">14 g<\/strong> och inneh\u00e5ller <strong data-start=\"669\" data-end=\"685\">20 portioner<\/strong>, vilket g\u00f6r att du kan njuta av denna uppfriskande mintsmak under l\u00e5ng tid. <strong data-start=\"762\" data-end=\"788\">Zeronito Icy Mint Slim<\/strong> har en <strong data-start=\"796\" data-end=\"811\">slim design<\/strong>, vilket g\u00f6r den perfekt f\u00f6r diskret anv\u00e4ndning under l\u00e4ppen, oavsett om du \u00e4r hemma eller p\u00e5 spr\u00e5ng.<\/p>\n<hr data-start=\"914\" data-end=\"917\" \/>\n<h3 data-start=\"919\" data-end=\"969\"><strong data-start=\"919\" data-end=\"969\">Produktinformation f\u00f6r Zeronito Icy Mint Slim:<\/strong><\/h3>\n<ul data-start=\"971\" data-end=\"1493\">\n<li data-start=\"971\" data-end=\"998\">\n<p data-start=\"973\" data-end=\"998\"><strong data-start=\"973\" data-end=\"987\">Varum\u00e4rke:<\/strong> Zeronito<\/p>\n<\/li>\n<li data-start=\"999\" data-end=\"1036\">\n<p data-start=\"1001\" data-end=\"1036\"><strong data-start=\"1001\" data-end=\"1016\">Produkttyp:<\/strong> Nikotinfritt snus<\/p>\n<\/li>\n<li data-start=\"1037\" data-end=\"1070\">\n<p data-start=\"1039\" data-end=\"1070\"><strong data-start=\"1039\" data-end=\"1054\">Smakprofil:<\/strong> Mint, Kylande<\/p>\n<\/li>\n<li data-start=\"1071\" data-end=\"1113\">\n<p data-start=\"1073\" data-end=\"1113\"><strong data-start=\"1073\" data-end=\"1091\">Nikotinstyrka:<\/strong> Nikotinfri (0 mg\/g)<\/p>\n<\/li>\n<li data-start=\"1114\" data-end=\"1156\">\n<p data-start=\"1116\" data-end=\"1156\"><strong data-start=\"1116\" data-end=\"1127\">Format:<\/strong> Slim \u2013 smidigt och diskret<\/p>\n<\/li>\n<li data-start=\"1157\" data-end=\"1191\">\n<p data-start=\"1159\" data-end=\"1191\"><strong data-start=\"1159\" data-end=\"1186\">Antal prillor per dosa:<\/strong> 20<\/p>\n<\/li>\n<li data-start=\"1192\" data-end=\"1219\">\n<p data-start=\"1194\" data-end=\"1219\"><strong data-start=\"1194\" data-end=\"1212\">Vikt per dosa:<\/strong> 14 g<\/p>\n<\/li>\n<li data-start=\"1220\" data-end=\"1251\">\n<p data-start=\"1222\" data-end=\"1251\"><strong data-start=\"1222\" data-end=\"1243\">Vikt per portion:<\/strong> 0,7 g<\/p>\n<\/li>\n<li data-start=\"1252\" data-end=\"1283\">\n<p data-start=\"1254\" data-end=\"1283\"><strong data-start=\"1254\" data-end=\"1277\">Inneh\u00e5ller nikotin:<\/strong> Nej<\/p>\n<\/li>\n<li data-start=\"1284\" data-end=\"1315\">\n<p data-start=\"1286\" data-end=\"1315\"><strong data-start=\"1286\" data-end=\"1309\">Inneh\u00e5ller koffein:<\/strong> Nej<\/p>\n<\/li>\n<li data-start=\"1316\" data-end=\"1349\">\n<p data-start=\"1318\" data-end=\"1349\"><strong data-start=\"1318\" data-end=\"1334\">Tillverkare:<\/strong> Microzero AB<\/p>\n<\/li>\n<li data-start=\"1350\" data-end=\"1493\">\n<p data-start=\"1352\" data-end=\"1493\"><strong data-start=\"1352\" data-end=\"1369\">Ingredienser:<\/strong> V\u00e4xtfiber, vatten, salt, aromer, xylitol, f\u00f6rtjockningsmedel (E401), surhetsreglerande medel (E500), s\u00f6tningsmedel (E950)<\/p>\n<\/li>\n<\/ul>\n<hr data-start=\"1495\" data-end=\"1498\" \/>\n<h4 data-start=\"1500\" data-end=\"1558\"><strong data-start=\"1500\" data-end=\"1558\">Varf\u00f6r v\u00e4lja Zeronito Icy Mint Slim Nikotinfritt Snus?<\/strong><\/h4>\n<ul data-start=\"1560\" data-end=\"2086\">\n<li data-start=\"1560\" data-end=\"1644\">\n<p data-start=\"1562\" data-end=\"1644\"><strong data-start=\"1562\" data-end=\"1584\">Nikotinfritt snus:<\/strong> F\u00f6r en ren och fr\u00e4sch upplevelse utan nikotin eller tobak<\/p>\n<\/li>\n<li data-start=\"1645\" data-end=\"1732\">\n<p data-start=\"1647\" data-end=\"1732\"><strong data-start=\"1647\" data-end=\"1685\">Frisk mintsmak med kylande effekt:<\/strong> Uppfriskande och sval k\u00e4nsla som varar l\u00e4nge<\/p>\n<\/li>\n<li data-start=\"1733\" data-end=\"1817\">\n<p data-start=\"1735\" data-end=\"1817\"><strong data-start=\"1735\" data-end=\"1751\">Slim-format:<\/strong> Diskret och smidigt, perfekt f\u00f6r anv\u00e4ndning n\u00e4r du \u00e4r p\u00e5 spr\u00e5ng<\/p>\n<\/li>\n<li data-start=\"1818\" data-end=\"1888\">\n<p data-start=\"1820\" data-end=\"1888\"><strong data-start=\"1820\" data-end=\"1834\">Tobaksfri:<\/strong> Fr\u00e4sch andedr\u00e4kt och ingen missf\u00e4rgning av t\u00e4nderna<\/p>\n<\/li>\n<li data-start=\"1889\" data-end=\"1985\">\n<p data-start=\"1891\" data-end=\"1985\"><strong data-start=\"1891\" data-end=\"1917\">20 portioner per dosa:<\/strong> L\u00e5ngvarig anv\u00e4ndning f\u00f6r fler tillf\u00e4llen att njuta av din favorit<\/p>\n<\/li>\n<li data-start=\"1986\" data-end=\"2086\">\n<p data-start=\"1988\" data-end=\"2086\"><strong data-start=\"1988\" data-end=\"2016\">Perfekt f\u00f6r mint\u00e4lskare:<\/strong> En uppfriskande upplevelse f\u00f6r dem som gillar mint och kylande smaker<\/p>\n<\/li>\n<\/ul>\n<hr data-start=\"2088\" data-end=\"2091\" \/>\n<p data-start=\"2093\" data-end=\"2360\"><strong data-start=\"2093\" data-end=\"2119\">Zeronito Icy Mint Slim<\/strong> \u00e4r det b\u00e4sta valet f\u00f6r dig som s\u00f6ker ett <strong data-start=\"2161\" data-end=\"2182\">nikotinfritt snus<\/strong> med en <strong data-start=\"2190\" data-end=\"2210\">kylande mintsmak<\/strong> i ett <strong data-start=\"2217\" data-end=\"2232\">slim-format<\/strong>. Best\u00e4ll idag och f\u00e5 en <strong data-start=\"2257\" data-end=\"2309\">l\u00e5ngvarig och uppfriskande nikotinfri upplevelse<\/strong> utan att beh\u00f6va kompromissa p\u00e5 smak eller komfort.<\/p>","protected":false},"excerpt":{"rendered":"<h1>Zeronito Icy Mint Slim<\/h1>\n<p>Zeronito Icy Mint Slim \u00e4r ett nikotinfritt snus med en uppfriskande mintsmak och kylande effekt. Den tobaksfria produkten kommer i diskret slim-format, vilket g\u00f6r den perfekt f\u00f6r l\u00e5ngvarig anv\u00e4ndning utan nikotin. 20 portioner per dosa f\u00f6r en fr\u00e4sch och sval upplevelse.<\/p>","protected":false},"featured_media":59937,"comment_status":"open","ping_status":"closed","template":"","meta":[],"product_brand":[343],"product_cat":[136,76,348,129],"product_tag":[],"class_list":{"0":"post-58227","1":"product","2":"type-product","3":"status-publish","4":"has-post-thumbnail","6":"product_brand-zeronito","7":"product_cat-all-whites","8":"product_cat-nikotinfritt-snus","9":"product_cat-regular-large","10":"product_cat-zeronito","12":"first","13":"instock","14":"taxable","15":"shipping-taxable","16":"purchasable","17":"product-type-variable"},"_links":{"self":[{"href":"https:\/\/snus-malmo.se\/sv\/wp-json\/wp\/v2\/product\/58227","targetHints":{"allow":["GET"]}}],"collection":[{"href":"https:\/\/snus-malmo.se\/sv\/wp-json\/wp\/v2\/product"}],"about":[{"href":"https:\/\/snus-malmo.se\/sv\/wp-json\/wp\/v2\/types\/product"}],"replies":[{"embeddable":true,"href":"https:\/\/snus-malmo.se\/sv\/wp-json\/wp\/v2\/comments?post=58227"}],"version-history":[{"count":0,"href":"https:\/\/snus-malmo.se\/sv\/wp-json\/wp\/v2\/product\/58227\/revisions"}],"wp:featuredmedia":[{"embeddable":true,"href":"https:\/\/snus-malmo.se\/sv\/wp-json\/wp\/v2\/media\/59937"}],"wp:attachment":[{"href":"https:\/\/snus-malmo.se\/sv\/wp-json\/wp\/v2\/media?parent=58227"}],"wp:term":[{"taxonomy":"product_brand","embeddable":true,"href":"https:\/\/snus-malmo.se\/sv\/wp-json\/wp\/v2\/product_brand?post=58227"},{"taxonomy":"product_cat","embeddable":true,"href":"https:\/\/snus-malmo.se\/sv\/wp-json\/wp\/v2\/product_cat?post=58227"},{"taxonomy":"product_tag","embeddable":true,"href":"https:\/\/snus-malmo.se\/sv\/wp-json\/wp\/v2\/product_tag?post=58227"}],"curies":[{"name":"wp","href":"https:\/\/api.w.org\/{rel}","templated":true}]}}