{"id":58232,"date":"2025-05-23T17:03:59","date_gmt":"2025-05-23T17:03:59","guid":{"rendered":"https:\/\/snus-malmo.se\/?post_type=product&#038;p=58232"},"modified":"2025-11-22T09:15:45","modified_gmt":"2025-11-22T09:15:45","slug":"zeronito-lakrits-medium","status":"publish","type":"product","link":"https:\/\/snus-malmo.se\/sv\/produkt\/zeronito-lakrits-medium\/","title":{"rendered":"Zeronito Lakrits Medium Nikotinfritt"},"content":{"rendered":"<h1>Zeronito Lakrits Medium<\/h1>\n<h2 data-start=\"104\" data-end=\"191\"><strong data-start=\"108\" data-end=\"191\">Zeronito Lakrits Medium \u2013 Nikotinfritt Snus med Rik Lakritssmak i Medium-format<\/strong><\/h2>\n<p data-start=\"193\" data-end=\"592\"><strong data-start=\"193\" data-end=\"220\">Zeronito Lakrits Medium<\/strong> \u00e4r ett <strong data-start=\"228\" data-end=\"249\">nikotinfritt snus<\/strong> fr\u00e5n <strong data-start=\"255\" data-end=\"267\">Zeronito<\/strong> som erbjuder en <strong data-start=\"284\" data-end=\"314\">rik och fyllig lakritssmak<\/strong> i ett <strong data-start=\"321\" data-end=\"338\">medium-format<\/strong>. Denna tobaksfria snusprodukt \u00e4r perfekt f\u00f6r dig som vill ha en l\u00e5ngvarig och smakrik upplevelse utan nikotin, tobak eller koffein. Med sin intensiva lakritssmak ger <strong data-start=\"505\" data-end=\"532\">Zeronito Lakrits Medium<\/strong> en unik och njutbar smakupplevelse under hela anv\u00e4ndningen.<\/p>\n<p data-start=\"594\" data-end=\"878\">Varje dosa v\u00e4ger <strong data-start=\"611\" data-end=\"619\">14 g<\/strong> och inneh\u00e5ller <strong data-start=\"635\" data-end=\"651\">20 portioner<\/strong>, vilket ger dig en l\u00e5ngvarig njutning av den klassiska lakritssmaken. <strong data-start=\"722\" data-end=\"749\">Zeronito Lakrits Medium<\/strong> har ett <strong data-start=\"758\" data-end=\"775\">medium-format<\/strong> som g\u00f6r det enkelt att placera under l\u00e4ppen, och den \u00e4r perfekt f\u00f6r b\u00e5de nyb\u00f6rjare och vana anv\u00e4ndare.<\/p>\n<hr data-start=\"880\" data-end=\"883\" \/>\n<h3 data-start=\"885\" data-end=\"936\"><strong data-start=\"885\" data-end=\"936\">Produktinformation f\u00f6r Zeronito Lakrits Medium:<\/strong><\/h3>\n<ul data-start=\"938\" data-end=\"1476\">\n<li data-start=\"938\" data-end=\"965\">\n<p data-start=\"940\" data-end=\"965\"><strong data-start=\"940\" data-end=\"954\">Varum\u00e4rke:<\/strong> Zeronito<\/p>\n<\/li>\n<li data-start=\"966\" data-end=\"1003\">\n<p data-start=\"968\" data-end=\"1003\"><strong data-start=\"968\" data-end=\"983\">Produkttyp:<\/strong> Nikotinfritt snus<\/p>\n<\/li>\n<li data-start=\"1004\" data-end=\"1031\">\n<p data-start=\"1006\" data-end=\"1031\"><strong data-start=\"1006\" data-end=\"1021\">Smakprofil:<\/strong> Lakrits<\/p>\n<\/li>\n<li data-start=\"1032\" data-end=\"1074\">\n<p data-start=\"1034\" data-end=\"1074\"><strong data-start=\"1034\" data-end=\"1052\">Nikotinstyrka:<\/strong> Nikotinfri (0 mg\/g)<\/p>\n<\/li>\n<li data-start=\"1075\" data-end=\"1139\">\n<p data-start=\"1077\" data-end=\"1139\"><strong data-start=\"1077\" data-end=\"1088\">Format:<\/strong> Medium \u2013 balanserat format f\u00f6r l\u00e4ngre anv\u00e4ndning<\/p>\n<\/li>\n<li data-start=\"1140\" data-end=\"1174\">\n<p data-start=\"1142\" data-end=\"1174\"><strong data-start=\"1142\" data-end=\"1169\">Antal prillor per dosa:<\/strong> 20<\/p>\n<\/li>\n<li data-start=\"1175\" data-end=\"1202\">\n<p data-start=\"1177\" data-end=\"1202\"><strong data-start=\"1177\" data-end=\"1195\">Vikt per dosa:<\/strong> 14 g<\/p>\n<\/li>\n<li data-start=\"1203\" data-end=\"1234\">\n<p data-start=\"1205\" data-end=\"1234\"><strong data-start=\"1205\" data-end=\"1226\">Vikt per portion:<\/strong> 0,7 g<\/p>\n<\/li>\n<li data-start=\"1235\" data-end=\"1266\">\n<p data-start=\"1237\" data-end=\"1266\"><strong data-start=\"1237\" data-end=\"1260\">Inneh\u00e5ller nikotin:<\/strong> Nej<\/p>\n<\/li>\n<li data-start=\"1267\" data-end=\"1298\">\n<p data-start=\"1269\" data-end=\"1298\"><strong data-start=\"1269\" data-end=\"1292\">Inneh\u00e5ller koffein:<\/strong> Nej<\/p>\n<\/li>\n<li data-start=\"1299\" data-end=\"1332\">\n<p data-start=\"1301\" data-end=\"1332\"><strong data-start=\"1301\" data-end=\"1317\">Tillverkare:<\/strong> Microzero AB<\/p>\n<\/li>\n<li data-start=\"1333\" data-end=\"1476\">\n<p data-start=\"1335\" data-end=\"1476\"><strong data-start=\"1335\" data-end=\"1352\">Ingredienser:<\/strong> V\u00e4xtfiber, vatten, salt, aromer, xylitol, f\u00f6rtjockningsmedel (E401), surhetsreglerande medel (E500), s\u00f6tningsmedel (E950)<\/p>\n<\/li>\n<\/ul>\n<hr data-start=\"1478\" data-end=\"1481\" \/>\n<h4 data-start=\"1483\" data-end=\"1542\"><strong data-start=\"1483\" data-end=\"1542\">Varf\u00f6r v\u00e4lja Zeronito Lakrits Medium Nikotinfritt Snus?<\/strong><\/h4>\n<ul data-start=\"1544\" data-end=\"2041\">\n<li data-start=\"1544\" data-end=\"1629\">\n<p data-start=\"1546\" data-end=\"1629\"><strong data-start=\"1546\" data-end=\"1568\">Nikotinfritt snus:<\/strong> F\u00f6r en ren och smakrik upplevelse utan nikotin eller tobak<\/p>\n<\/li>\n<li data-start=\"1630\" data-end=\"1713\">\n<p data-start=\"1632\" data-end=\"1713\"><strong data-start=\"1632\" data-end=\"1657\">Intensiv lakritssmak:<\/strong> En fyllig och klassisk lakritssmak f\u00f6r lakrits\u00e4lskare<\/p>\n<\/li>\n<li data-start=\"1714\" data-end=\"1806\">\n<p data-start=\"1716\" data-end=\"1806\"><strong data-start=\"1716\" data-end=\"1734\">Medium-format:<\/strong> Perfekt balans mellan diskret anv\u00e4ndning och l\u00e5ngvarig smakupplevelse<\/p>\n<\/li>\n<li data-start=\"1807\" data-end=\"1877\">\n<p data-start=\"1809\" data-end=\"1877\"><strong data-start=\"1809\" data-end=\"1823\">Tobaksfri:<\/strong> Fr\u00e4sch andedr\u00e4kt och ingen missf\u00e4rgning av t\u00e4nderna<\/p>\n<\/li>\n<li data-start=\"1878\" data-end=\"1962\">\n<p data-start=\"1880\" data-end=\"1962\"><strong data-start=\"1880\" data-end=\"1906\">20 portioner per dosa:<\/strong> L\u00e5ngvarig anv\u00e4ndning f\u00f6r flera tillf\u00e4llen av njutning<\/p>\n<\/li>\n<li data-start=\"1963\" data-end=\"2041\">\n<p data-start=\"1965\" data-end=\"2041\"><strong data-start=\"1965\" data-end=\"1997\">Idealisk f\u00f6r alla anv\u00e4ndare:<\/strong> Passar b\u00e5de nyb\u00f6rjare och erfarna anv\u00e4ndare<\/p>\n<\/li>\n<\/ul>\n<hr data-start=\"2043\" data-end=\"2046\" \/>\n<p data-start=\"2048\" data-end=\"2272\"><strong data-start=\"2048\" data-end=\"2075\">Zeronito Lakrits Medium<\/strong> \u00e4r det ultimata valet f\u00f6r dig som s\u00f6ker ett <strong data-start=\"2120\" data-end=\"2141\">nikotinfritt snus<\/strong> med en <strong data-start=\"2149\" data-end=\"2168\">rik lakritssmak<\/strong> i ett <strong data-start=\"2175\" data-end=\"2192\">medium-format<\/strong>. Best\u00e4ll idag och njut av en <strong data-start=\"2222\" data-end=\"2258\">l\u00e5ngvarig och smakrik upplevelse<\/strong> utan nikotin.<\/p>","protected":false},"excerpt":{"rendered":"<h1>Zeronito Lakrits Medium<\/h1>\n<p>Zeronito Lakrits Medium \u00e4r ett nikotinfritt snus med en fyllig och intensiv lakritssmak. Den tobaksfria produkten kommer i ett medium-format som ger en l\u00e5ngvarig smakupplevelse utan nikotin. 20 portioner per dosa f\u00f6r en njutbar och smakrik upplevelse hela dagen.<\/p>","protected":false},"featured_media":59933,"comment_status":"open","ping_status":"closed","template":"","meta":[],"product_brand":[343],"product_cat":[136,76,348,129],"product_tag":[],"class_list":{"0":"post-58232","1":"product","2":"type-product","3":"status-publish","4":"has-post-thumbnail","6":"product_brand-zeronito","7":"product_cat-all-whites","8":"product_cat-nikotinfritt-snus","9":"product_cat-regular-large","10":"product_cat-zeronito","12":"first","13":"instock","14":"taxable","15":"shipping-taxable","16":"purchasable","17":"product-type-variable"},"_links":{"self":[{"href":"https:\/\/snus-malmo.se\/sv\/wp-json\/wp\/v2\/product\/58232","targetHints":{"allow":["GET"]}}],"collection":[{"href":"https:\/\/snus-malmo.se\/sv\/wp-json\/wp\/v2\/product"}],"about":[{"href":"https:\/\/snus-malmo.se\/sv\/wp-json\/wp\/v2\/types\/product"}],"replies":[{"embeddable":true,"href":"https:\/\/snus-malmo.se\/sv\/wp-json\/wp\/v2\/comments?post=58232"}],"version-history":[{"count":0,"href":"https:\/\/snus-malmo.se\/sv\/wp-json\/wp\/v2\/product\/58232\/revisions"}],"wp:featuredmedia":[{"embeddable":true,"href":"https:\/\/snus-malmo.se\/sv\/wp-json\/wp\/v2\/media\/59933"}],"wp:attachment":[{"href":"https:\/\/snus-malmo.se\/sv\/wp-json\/wp\/v2\/media?parent=58232"}],"wp:term":[{"taxonomy":"product_brand","embeddable":true,"href":"https:\/\/snus-malmo.se\/sv\/wp-json\/wp\/v2\/product_brand?post=58232"},{"taxonomy":"product_cat","embeddable":true,"href":"https:\/\/snus-malmo.se\/sv\/wp-json\/wp\/v2\/product_cat?post=58232"},{"taxonomy":"product_tag","embeddable":true,"href":"https:\/\/snus-malmo.se\/sv\/wp-json\/wp\/v2\/product_tag?post=58232"}],"curies":[{"name":"wp","href":"https:\/\/api.w.org\/{rel}","templated":true}]}}