{"id":58237,"date":"2025-05-23T17:03:59","date_gmt":"2025-05-23T17:03:59","guid":{"rendered":"https:\/\/snus-malmo.se\/?post_type=product&#038;p=58237"},"modified":"2025-11-22T09:15:40","modified_gmt":"2025-11-22T09:15:40","slug":"zeronito-lakrits-slim-nikotinfritt-snus","status":"publish","type":"product","link":"https:\/\/snus-malmo.se\/sv\/produkt\/zeronito-lakrits-slim-nikotinfritt-snus\/","title":{"rendered":"Zeronito Lakrits Slim Nikotinfritt Snus"},"content":{"rendered":"<h1 data-start=\"102\" data-end=\"190\"><strong data-start=\"106\" data-end=\"190\">Zeronito Lakrits Slim<\/strong><\/h1>\n<h2 data-start=\"102\" data-end=\"190\"><strong data-start=\"106\" data-end=\"190\">Zeronito Lakrits Slim \u2013 Nikotinfritt Snus med Intensiv Lakritssmak i Slim-format<\/strong><\/h2>\n<p data-start=\"192\" data-end=\"532\"><strong data-start=\"192\" data-end=\"217\">Zeronito Lakrits Slim<\/strong> \u00e4r ett <strong data-start=\"225\" data-end=\"246\">nikotinfritt snus<\/strong> fr\u00e5n <strong data-start=\"252\" data-end=\"264\">Zeronito<\/strong> som kombinerar en <strong data-start=\"283\" data-end=\"318\">intensiv och fyllig lakritssmak<\/strong> med ett <strong data-start=\"327\" data-end=\"350\">diskret slim-format<\/strong>. Denna tobaksfria snusprodukt ger en smakrik upplevelse utan nikotin eller tobak, perfekt f\u00f6r dig som s\u00f6ker en l\u00e5ngvarig och njutbar smakupplevelse i ett smidigt och diskret format.<\/p>\n<p data-start=\"534\" data-end=\"836\">Med <strong data-start=\"538\" data-end=\"563\">Zeronito Lakrits Slim<\/strong> kan du njuta av den klassiska och \u00e4lskade lakritssmaken under hela dagen. <strong data-start=\"638\" data-end=\"655\">Slim-formatet<\/strong> g\u00f6r det enkelt att placera p\u00e5sen diskret under l\u00e4ppen f\u00f6r en bekv\u00e4m anv\u00e4ndning. Varje dosa inneh\u00e5ller <strong data-start=\"758\" data-end=\"774\">20 portioner<\/strong>, vilket g\u00f6r att du kan njuta av din favoritlakritssmak l\u00e4nge.<\/p>\n<hr data-start=\"838\" data-end=\"841\" \/>\n<h3 data-start=\"843\" data-end=\"892\"><strong data-start=\"843\" data-end=\"892\">Produktinformation f\u00f6r Zeronito Lakrits Slim:<\/strong><\/h3>\n<ul data-start=\"894\" data-end=\"1410\">\n<li data-start=\"894\" data-end=\"921\">\n<p data-start=\"896\" data-end=\"921\"><strong data-start=\"896\" data-end=\"910\">Varum\u00e4rke:<\/strong> Zeronito<\/p>\n<\/li>\n<li data-start=\"922\" data-end=\"959\">\n<p data-start=\"924\" data-end=\"959\"><strong data-start=\"924\" data-end=\"939\">Produkttyp:<\/strong> Nikotinfritt snus<\/p>\n<\/li>\n<li data-start=\"960\" data-end=\"987\">\n<p data-start=\"962\" data-end=\"987\"><strong data-start=\"962\" data-end=\"977\">Smakprofil:<\/strong> Lakrits<\/p>\n<\/li>\n<li data-start=\"988\" data-end=\"1030\">\n<p data-start=\"990\" data-end=\"1030\"><strong data-start=\"990\" data-end=\"1008\">Nikotinstyrka:<\/strong> Nikotinfri (0 mg\/g)<\/p>\n<\/li>\n<li data-start=\"1031\" data-end=\"1073\">\n<p data-start=\"1033\" data-end=\"1073\"><strong data-start=\"1033\" data-end=\"1044\">Format:<\/strong> Slim \u2013 diskret och smidigt<\/p>\n<\/li>\n<li data-start=\"1074\" data-end=\"1108\">\n<p data-start=\"1076\" data-end=\"1108\"><strong data-start=\"1076\" data-end=\"1103\">Antal prillor per dosa:<\/strong> 20<\/p>\n<\/li>\n<li data-start=\"1109\" data-end=\"1136\">\n<p data-start=\"1111\" data-end=\"1136\"><strong data-start=\"1111\" data-end=\"1129\">Vikt per dosa:<\/strong> 14 g<\/p>\n<\/li>\n<li data-start=\"1137\" data-end=\"1168\">\n<p data-start=\"1139\" data-end=\"1168\"><strong data-start=\"1139\" data-end=\"1160\">Vikt per portion:<\/strong> 0,7 g<\/p>\n<\/li>\n<li data-start=\"1169\" data-end=\"1200\">\n<p data-start=\"1171\" data-end=\"1200\"><strong data-start=\"1171\" data-end=\"1194\">Inneh\u00e5ller nikotin:<\/strong> Nej<\/p>\n<\/li>\n<li data-start=\"1201\" data-end=\"1232\">\n<p data-start=\"1203\" data-end=\"1232\"><strong data-start=\"1203\" data-end=\"1226\">Inneh\u00e5ller koffein:<\/strong> Nej<\/p>\n<\/li>\n<li data-start=\"1233\" data-end=\"1266\">\n<p data-start=\"1235\" data-end=\"1266\"><strong data-start=\"1235\" data-end=\"1251\">Tillverkare:<\/strong> Microzero AB<\/p>\n<\/li>\n<li data-start=\"1267\" data-end=\"1410\">\n<p data-start=\"1269\" data-end=\"1410\"><strong data-start=\"1269\" data-end=\"1286\">Ingredienser:<\/strong> V\u00e4xtfiber, vatten, salt, aromer, xylitol, f\u00f6rtjockningsmedel (E401), surhetsreglerande medel (E500), s\u00f6tningsmedel (E950)<\/p>\n<\/li>\n<\/ul>\n<hr data-start=\"1412\" data-end=\"1415\" \/>\n<h4 data-start=\"1417\" data-end=\"1474\"><strong data-start=\"1417\" data-end=\"1474\">Varf\u00f6r v\u00e4lja Zeronito Lakrits Slim Nikotinfritt Snus?<\/strong><\/h4>\n<ul data-start=\"1476\" data-end=\"1950\">\n<li data-start=\"1476\" data-end=\"1561\">\n<p data-start=\"1478\" data-end=\"1561\"><strong data-start=\"1478\" data-end=\"1500\">Nikotinfritt snus:<\/strong> F\u00f6r en ren och smakrik upplevelse utan nikotin eller tobak<\/p>\n<\/li>\n<li data-start=\"1562\" data-end=\"1642\">\n<p data-start=\"1564\" data-end=\"1642\"><strong data-start=\"1564\" data-end=\"1589\">Intensiv lakritssmak:<\/strong> Fyllig och klassisk lakritssmak f\u00f6r lakrits\u00e4lskare<\/p>\n<\/li>\n<li data-start=\"1643\" data-end=\"1721\">\n<p data-start=\"1645\" data-end=\"1721\"><strong data-start=\"1645\" data-end=\"1661\">Slim-format:<\/strong> Diskret och smidigt f\u00f6r komfortabel anv\u00e4ndning hela dagen<\/p>\n<\/li>\n<li data-start=\"1722\" data-end=\"1792\">\n<p data-start=\"1724\" data-end=\"1792\"><strong data-start=\"1724\" data-end=\"1738\">Tobaksfri:<\/strong> Fr\u00e4sch andedr\u00e4kt och ingen missf\u00e4rgning av t\u00e4nderna<\/p>\n<\/li>\n<li data-start=\"1793\" data-end=\"1875\">\n<p data-start=\"1795\" data-end=\"1875\"><strong data-start=\"1795\" data-end=\"1821\">20 portioner per dosa:<\/strong> L\u00e5ngvarig anv\u00e4ndning f\u00f6r m\u00e5nga tillf\u00e4llen att njuta<\/p>\n<\/li>\n<li data-start=\"1876\" data-end=\"1950\">\n<p data-start=\"1878\" data-end=\"1950\"><strong data-start=\"1878\" data-end=\"1909\">Perfekt f\u00f6r alla anv\u00e4ndare:<\/strong> Passar b\u00e5de nyb\u00f6rjare och vana anv\u00e4ndare<\/p>\n<\/li>\n<\/ul>\n<hr data-start=\"1952\" data-end=\"1955\" \/>\n<p data-start=\"1957\" data-end=\"2192\"><strong data-start=\"1957\" data-end=\"1982\">Zeronito Lakrits Slim<\/strong> \u00e4r det perfekta valet f\u00f6r dig som vill ha ett <strong data-start=\"2029\" data-end=\"2050\">nikotinfritt snus<\/strong> med en <strong data-start=\"2058\" data-end=\"2082\">intensiv lakritssmak<\/strong> i ett <strong data-start=\"2089\" data-end=\"2112\">diskret slim-format<\/strong>. Best\u00e4ll idag och njut av en <strong data-start=\"2142\" data-end=\"2178\">l\u00e5ngvarig och smakrik upplevelse<\/strong> utan nikotin.<\/p>\n<h2><\/h2>","protected":false},"excerpt":{"rendered":"<h1 data-start=\"102\" data-end=\"190\"><strong data-start=\"106\" data-end=\"190\">Zeronito Lakrits Slim<\/strong><\/h1>\n<p>Zeronito Lakrits Slim \u00e4r ett nikotinfritt snus med en intensiv och fyllig lakritssmak. Den tobaksfria produkten kommer i ett smidigt slim-format som ger en diskret och l\u00e5ngvarig smakupplevelse. 20 portioner per dosa f\u00f6r njutning hela dagen utan nikotin.<\/p>","protected":false},"featured_media":26533,"comment_status":"open","ping_status":"closed","template":"","meta":[],"product_brand":[343],"product_cat":[136,76,137,129],"product_tag":[],"class_list":{"0":"post-58237","1":"product","2":"type-product","3":"status-publish","4":"has-post-thumbnail","6":"product_brand-zeronito","7":"product_cat-all-whites","8":"product_cat-nikotinfritt-snus","9":"product_cat-slim","10":"product_cat-zeronito","12":"first","13":"instock","14":"taxable","15":"shipping-taxable","16":"purchasable","17":"product-type-variable"},"_links":{"self":[{"href":"https:\/\/snus-malmo.se\/sv\/wp-json\/wp\/v2\/product\/58237","targetHints":{"allow":["GET"]}}],"collection":[{"href":"https:\/\/snus-malmo.se\/sv\/wp-json\/wp\/v2\/product"}],"about":[{"href":"https:\/\/snus-malmo.se\/sv\/wp-json\/wp\/v2\/types\/product"}],"replies":[{"embeddable":true,"href":"https:\/\/snus-malmo.se\/sv\/wp-json\/wp\/v2\/comments?post=58237"}],"version-history":[{"count":0,"href":"https:\/\/snus-malmo.se\/sv\/wp-json\/wp\/v2\/product\/58237\/revisions"}],"wp:featuredmedia":[{"embeddable":true,"href":"https:\/\/snus-malmo.se\/sv\/wp-json\/wp\/v2\/media\/26533"}],"wp:attachment":[{"href":"https:\/\/snus-malmo.se\/sv\/wp-json\/wp\/v2\/media?parent=58237"}],"wp:term":[{"taxonomy":"product_brand","embeddable":true,"href":"https:\/\/snus-malmo.se\/sv\/wp-json\/wp\/v2\/product_brand?post=58237"},{"taxonomy":"product_cat","embeddable":true,"href":"https:\/\/snus-malmo.se\/sv\/wp-json\/wp\/v2\/product_cat?post=58237"},{"taxonomy":"product_tag","embeddable":true,"href":"https:\/\/snus-malmo.se\/sv\/wp-json\/wp\/v2\/product_tag?post=58237"}],"curies":[{"name":"wp","href":"https:\/\/api.w.org\/{rel}","templated":true}]}}