{"id":58242,"date":"2025-05-23T17:04:00","date_gmt":"2025-05-23T17:04:00","guid":{"rendered":"https:\/\/snus-malmo.se\/?post_type=product&#038;p=58242"},"modified":"2025-11-22T09:15:36","modified_gmt":"2025-11-22T09:15:36","slug":"zeronito-melon-nikotinfritt","status":"publish","type":"product","link":"https:\/\/snus-malmo.se\/sv\/produkt\/zeronito-melon-nikotinfritt\/","title":{"rendered":"Zeronito Melon Nikotinfritt"},"content":{"rendered":"<h1 data-start=\"87\" data-end=\"171\"><strong data-start=\"91\" data-end=\"171\">Zeronito Melon Rush<\/strong><\/h1>\n<h2 data-start=\"87\" data-end=\"171\"><strong data-start=\"91\" data-end=\"171\">Zeronito Melon Large \u2013 Nikotinfritt och Tobaksfritt Snus med Frisk Melonsmak<\/strong><\/h2>\n<p data-start=\"173\" data-end=\"532\"><strong data-start=\"173\" data-end=\"197\">Zeronito Melon Large<\/strong> \u00e4r ett <strong data-start=\"205\" data-end=\"242\">nikotinfritt och tobaksfritt snus<\/strong> med en <strong data-start=\"250\" data-end=\"281\">fr\u00e4sch och saftig melonsmak<\/strong>. Denna produkt \u00e4r perfekt f\u00f6r dig som s\u00f6ker en smakrik och <strong data-start=\"341\" data-end=\"372\">uppfriskande snusupplevelse<\/strong> utan nikotin eller tobak. Med sitt <strong data-start=\"408\" data-end=\"424\">large-format<\/strong> erbjuder Zeronito Melon en l\u00e5ngvarig och behaglig smakupplevelse f\u00f6r dig som vill ha ett st\u00f6rre alternativ.<\/p>\n<p data-start=\"534\" data-end=\"835\">Det <strong data-start=\"538\" data-end=\"559\">stora portionerna<\/strong> g\u00f6r att smaken h\u00e5ller l\u00e4ngre, medan det <strong data-start=\"600\" data-end=\"614\">tobaksfria<\/strong> och <strong data-start=\"619\" data-end=\"633\">nikotinfri<\/strong> inneh\u00e5llet ger en <strong data-start=\"652\" data-end=\"672\">fr\u00e4sch andedr\u00e4kt<\/strong> och ett h\u00e4lsosammare val. Zeronito Melon Large \u00e4r ett utm\u00e4rkt val f\u00f6r alla som vill njuta av en fr\u00e4sch och <strong data-start=\"780\" data-end=\"802\">smakrik upplevelse<\/strong> utan beroendeframkallande \u00e4mnen.<\/p>\n<hr data-start=\"837\" data-end=\"840\" \/>\n<h3 data-start=\"842\" data-end=\"888\"><strong data-start=\"842\" data-end=\"888\">Produktinformation \u2013 Zeronito Melon Large:<\/strong><\/h3>\n<ul data-start=\"890\" data-end=\"1233\">\n<li data-start=\"890\" data-end=\"917\">\n<p data-start=\"892\" data-end=\"917\"><strong data-start=\"892\" data-end=\"906\">Varum\u00e4rke:<\/strong> Zeronito<\/p>\n<\/li>\n<li data-start=\"918\" data-end=\"960\">\n<p data-start=\"920\" data-end=\"960\"><strong data-start=\"920\" data-end=\"935\">Smakprofil:<\/strong> Frisk och saftig melon<\/p>\n<\/li>\n<li data-start=\"961\" data-end=\"1003\">\n<p data-start=\"963\" data-end=\"1003\"><strong data-start=\"963\" data-end=\"981\">Nikotinstyrka:<\/strong> Nikotinfri (0 mg\/g)<\/p>\n<\/li>\n<li data-start=\"1004\" data-end=\"1069\">\n<p data-start=\"1006\" data-end=\"1069\"><strong data-start=\"1006\" data-end=\"1017\">Format:<\/strong> Large \u2013 st\u00f6rre portioner f\u00f6r l\u00e5ngvarig anv\u00e4ndning<\/p>\n<\/li>\n<li data-start=\"1070\" data-end=\"1109\">\n<p data-start=\"1072\" data-end=\"1109\"><strong data-start=\"1072\" data-end=\"1101\">Antal portioner per dosa:<\/strong> Ca 20<\/p>\n<\/li>\n<li data-start=\"1110\" data-end=\"1143\">\n<p data-start=\"1112\" data-end=\"1143\"><strong data-start=\"1112\" data-end=\"1128\">Tillverkare:<\/strong> Microzero AB<\/p>\n<\/li>\n<li data-start=\"1144\" data-end=\"1182\">\n<p data-start=\"1146\" data-end=\"1182\"><strong data-start=\"1146\" data-end=\"1158\">Koffein:<\/strong> Inneh\u00e5ller ej koffein<\/p>\n<\/li>\n<li data-start=\"1183\" data-end=\"1233\">\n<p data-start=\"1185\" data-end=\"1233\"><strong data-start=\"1185\" data-end=\"1199\">Tobaksfri:<\/strong> Ja, helt utan tobak och nikotin<\/p>\n<\/li>\n<\/ul>\n<hr data-start=\"1235\" data-end=\"1238\" \/>\n<h4 data-start=\"1240\" data-end=\"1278\"><strong data-start=\"1240\" data-end=\"1278\">Varf\u00f6r v\u00e4lja Zeronito Melon Large?<\/strong><\/h4>\n<ul data-start=\"1280\" data-end=\"1704\">\n<li data-start=\"1280\" data-end=\"1350\">\n<p data-start=\"1282\" data-end=\"1350\"><strong data-start=\"1282\" data-end=\"1302\">Frisk melonsmak:<\/strong> En s\u00f6t och saftig smak f\u00f6r l\u00e5ngvarig njutning<\/p>\n<\/li>\n<li data-start=\"1351\" data-end=\"1446\">\n<p data-start=\"1353\" data-end=\"1446\"><strong data-start=\"1353\" data-end=\"1380\">Nikotin- och tobaksfri:<\/strong> Ett h\u00e4lsosammare snusalternativ utan beroendeframkallande \u00e4mnen<\/p>\n<\/li>\n<li data-start=\"1447\" data-end=\"1519\">\n<p data-start=\"1449\" data-end=\"1519\"><strong data-start=\"1449\" data-end=\"1466\">Large-format:<\/strong> F\u00f6r en l\u00e4ngre smakupplevelse och bekv\u00e4m anv\u00e4ndning<\/p>\n<\/li>\n<li data-start=\"1520\" data-end=\"1599\">\n<p data-start=\"1522\" data-end=\"1599\"><strong data-start=\"1522\" data-end=\"1536\">Tobaksfri:<\/strong> F\u00f6r en fr\u00e4schare andedr\u00e4kt och utan missf\u00e4rgning av t\u00e4nderna<\/p>\n<\/li>\n<li data-start=\"1600\" data-end=\"1704\">\n<p data-start=\"1602\" data-end=\"1704\"><strong data-start=\"1602\" data-end=\"1621\">L\u00e5ngvarig smak:<\/strong> F\u00f6r dig som vill ha en l\u00e5ngvarig och smakrik upplevelse utan nikotin eller tobak<\/p>\n<\/li>\n<\/ul>\n<hr data-start=\"1706\" data-end=\"1709\" \/>\n<p data-start=\"1711\" data-end=\"1954\"><strong data-start=\"1711\" data-end=\"1735\">Zeronito Melon Large<\/strong> \u00e4r det perfekta valet f\u00f6r dig som s\u00f6ker ett <strong data-start=\"1780\" data-end=\"1801\">nikotinfritt snus<\/strong> med en <strong data-start=\"1809\" data-end=\"1840\">fr\u00e4sch och saftig melonsmak<\/strong>. Best\u00e4ll nu och uppt\u00e4ck den <strong data-start=\"1869\" data-end=\"1896\">l\u00e5ngvariga och smakrika<\/strong> upplevelsen i ett <strong data-start=\"1915\" data-end=\"1930\">tobaksfritt<\/strong> och <strong data-start=\"1935\" data-end=\"1953\">diskret format<\/strong>!<\/p>\n<p>&nbsp;<\/p>","protected":false},"excerpt":{"rendered":"<h1 data-start=\"87\" data-end=\"171\"><strong data-start=\"91\" data-end=\"171\">Zeronito Melon Rush<\/strong><\/h1>\n<p><strong data-start=\"89\" data-end=\"113\">Zeronito Melon Large<\/strong> \u00e4r ett <strong data-start=\"121\" data-end=\"158\">nikotinfritt och tobaksfritt snus<\/strong> med en <strong data-start=\"166\" data-end=\"196\">frisk och saftig melonsmak<\/strong>. Med sitt <strong data-start=\"207\" data-end=\"223\">large-format<\/strong> erbjuder det l\u00e5ngvarig smak och en bekv\u00e4m anv\u00e4ndarupplevelse utan nikotin eller tobak. Perfekt f\u00f6r dig som s\u00f6ker ett <strong data-start=\"341\" data-end=\"368\" data-is-only-node=\"\">smakrikt snusalternativ<\/strong> utan beroendeframkallande \u00e4mnen.<\/p>","protected":false},"featured_media":26540,"comment_status":"open","ping_status":"closed","template":"","meta":[],"product_brand":[343],"product_cat":[136,76,348,129],"product_tag":[],"class_list":{"0":"post-58242","1":"product","2":"type-product","3":"status-publish","4":"has-post-thumbnail","6":"product_brand-zeronito","7":"product_cat-all-whites","8":"product_cat-nikotinfritt-snus","9":"product_cat-regular-large","10":"product_cat-zeronito","12":"first","13":"instock","14":"taxable","15":"shipping-taxable","16":"purchasable","17":"product-type-variable"},"_links":{"self":[{"href":"https:\/\/snus-malmo.se\/sv\/wp-json\/wp\/v2\/product\/58242","targetHints":{"allow":["GET"]}}],"collection":[{"href":"https:\/\/snus-malmo.se\/sv\/wp-json\/wp\/v2\/product"}],"about":[{"href":"https:\/\/snus-malmo.se\/sv\/wp-json\/wp\/v2\/types\/product"}],"replies":[{"embeddable":true,"href":"https:\/\/snus-malmo.se\/sv\/wp-json\/wp\/v2\/comments?post=58242"}],"version-history":[{"count":0,"href":"https:\/\/snus-malmo.se\/sv\/wp-json\/wp\/v2\/product\/58242\/revisions"}],"wp:featuredmedia":[{"embeddable":true,"href":"https:\/\/snus-malmo.se\/sv\/wp-json\/wp\/v2\/media\/26540"}],"wp:attachment":[{"href":"https:\/\/snus-malmo.se\/sv\/wp-json\/wp\/v2\/media?parent=58242"}],"wp:term":[{"taxonomy":"product_brand","embeddable":true,"href":"https:\/\/snus-malmo.se\/sv\/wp-json\/wp\/v2\/product_brand?post=58242"},{"taxonomy":"product_cat","embeddable":true,"href":"https:\/\/snus-malmo.se\/sv\/wp-json\/wp\/v2\/product_cat?post=58242"},{"taxonomy":"product_tag","embeddable":true,"href":"https:\/\/snus-malmo.se\/sv\/wp-json\/wp\/v2\/product_tag?post=58242"}],"curies":[{"name":"wp","href":"https:\/\/api.w.org\/{rel}","templated":true}]}}