{"id":58262,"date":"2025-05-23T17:04:03","date_gmt":"2025-05-23T17:04:03","guid":{"rendered":"https:\/\/snus-malmo.se\/?post_type=product&#038;p=58262"},"modified":"2025-11-22T09:15:27","modified_gmt":"2025-11-22T09:15:27","slug":"zeronito-stark-nikotinfritt-snus","status":"publish","type":"product","link":"https:\/\/snus-malmo.se\/sv\/produkt\/zeronito-stark-nikotinfritt-snus\/","title":{"rendered":"Zeronito Stark Nikotinfritt Snus"},"content":{"rendered":"<h1 data-start=\"91\" data-end=\"175\"><strong data-start=\"95\" data-end=\"175\">Zeronito Stark<\/strong><\/h1>\n<h2 data-start=\"91\" data-end=\"175\"><strong data-start=\"95\" data-end=\"175\">Zeronito Stark \u2013 Nikotinfritt och Tobaksfritt Snus med Enkelt och Stark Smak<\/strong><\/h2>\n<p data-start=\"177\" data-end=\"506\"><strong data-start=\"177\" data-end=\"195\">Zeronito Stark<\/strong> \u00e4r ett <strong data-start=\"203\" data-end=\"240\">nikotinfritt och tobaksfritt snus<\/strong> som erbjuder en <strong data-start=\"257\" data-end=\"288\">intensiv och kraftfull smak<\/strong> f\u00f6r den som vill ha ett starkt alternativ utan nikotin och tobak. Denna produkt \u00e4r perfekt f\u00f6r dig som s\u00f6ker ett <strong data-start=\"402\" data-end=\"440\">alternativ till traditionellt snus<\/strong>, men med samma k\u00e4nsla och smak \u2013 utan beroendeframkallande \u00e4mnen.<\/p>\n<p data-start=\"508\" data-end=\"779\">Zeronito Stark kommer i ett <strong data-start=\"536\" data-end=\"551\">slim-format<\/strong>, vilket g\u00f6r det b\u00e5de <strong data-start=\"573\" data-end=\"596\">diskret och bekv\u00e4mt<\/strong> att anv\u00e4nda under l\u00e4ppen. Med en <strong data-start=\"630\" data-end=\"658\">l\u00e5ngvarig smakupplevelse<\/strong> och <strong data-start=\"663\" data-end=\"680\">fr\u00e4sch k\u00e4nsla<\/strong> \u00e4r Zeronito Stark ett perfekt val f\u00f6r alla som vill ha ett <strong data-start=\"740\" data-end=\"778\">starkt snusalternativ utan nikotin<\/strong>.<\/p>\n<hr data-start=\"781\" data-end=\"784\" \/>\n<h3 data-start=\"786\" data-end=\"826\"><strong data-start=\"786\" data-end=\"826\">Produktinformation \u2013 Zeronito Stark:<\/strong><\/h3>\n<ul data-start=\"828\" data-end=\"1173\">\n<li data-start=\"828\" data-end=\"855\">\n<p data-start=\"830\" data-end=\"855\"><strong data-start=\"830\" data-end=\"844\">Varum\u00e4rke:<\/strong> Zeronito<\/p>\n<\/li>\n<li data-start=\"856\" data-end=\"899\">\n<p data-start=\"858\" data-end=\"899\"><strong data-start=\"858\" data-end=\"873\">Smakprofil:<\/strong> Stark och intensiv smak<\/p>\n<\/li>\n<li data-start=\"900\" data-end=\"942\">\n<p data-start=\"902\" data-end=\"942\"><strong data-start=\"902\" data-end=\"920\">Nikotinstyrka:<\/strong> Nikotinfri (0 mg\/g)<\/p>\n<\/li>\n<li data-start=\"943\" data-end=\"1009\">\n<p data-start=\"945\" data-end=\"1009\"><strong data-start=\"945\" data-end=\"956\">Format:<\/strong> Slim \u2013 diskret och bekv\u00e4m f\u00f6r l\u00e5ngvarig anv\u00e4ndning<\/p>\n<\/li>\n<li data-start=\"1010\" data-end=\"1049\">\n<p data-start=\"1012\" data-end=\"1049\"><strong data-start=\"1012\" data-end=\"1041\">Antal portioner per dosa:<\/strong> Ca 20<\/p>\n<\/li>\n<li data-start=\"1050\" data-end=\"1083\">\n<p data-start=\"1052\" data-end=\"1083\"><strong data-start=\"1052\" data-end=\"1068\">Tillverkare:<\/strong> Microzero AB<\/p>\n<\/li>\n<li data-start=\"1084\" data-end=\"1122\">\n<p data-start=\"1086\" data-end=\"1122\"><strong data-start=\"1086\" data-end=\"1098\">Koffein:<\/strong> Inneh\u00e5ller ej koffein<\/p>\n<\/li>\n<li data-start=\"1123\" data-end=\"1173\">\n<p data-start=\"1125\" data-end=\"1173\"><strong data-start=\"1125\" data-end=\"1139\">Tobaksfri:<\/strong> Ja, helt utan tobak och nikotin<\/p>\n<\/li>\n<\/ul>\n<hr data-start=\"1175\" data-end=\"1178\" \/>\n<h4 data-start=\"1180\" data-end=\"1212\"><strong data-start=\"1180\" data-end=\"1212\">Varf\u00f6r v\u00e4lja Zeronito Stark?<\/strong><\/h4>\n<ul data-start=\"1214\" data-end=\"1664\">\n<li data-start=\"1214\" data-end=\"1295\">\n<p data-start=\"1216\" data-end=\"1295\"><strong data-start=\"1216\" data-end=\"1235\">Kraftfull smak:<\/strong> F\u00f6r dig som s\u00f6ker ett starkt och intensivt snusalternativ<\/p>\n<\/li>\n<li data-start=\"1296\" data-end=\"1387\">\n<p data-start=\"1298\" data-end=\"1387\"><strong data-start=\"1298\" data-end=\"1325\">Nikotin- och tobaksfri:<\/strong> Ett h\u00e4lsosammare alternativ utan beroendeframkallande \u00e4mnen<\/p>\n<\/li>\n<li data-start=\"1388\" data-end=\"1479\">\n<p data-start=\"1390\" data-end=\"1479\"><strong data-start=\"1390\" data-end=\"1406\">Slim-format:<\/strong> Perfekt f\u00f6r diskret och bekv\u00e4m anv\u00e4ndning n\u00e4r som helst, var som helst<\/p>\n<\/li>\n<li data-start=\"1480\" data-end=\"1584\">\n<p data-start=\"1482\" data-end=\"1584\"><strong data-start=\"1482\" data-end=\"1511\">L\u00e5ngvarig smakupplevelse:<\/strong> F\u00f6r dig som vill njuta av ett kraftfullt snus utan nikotin eller tobak<\/p>\n<\/li>\n<li data-start=\"1585\" data-end=\"1664\">\n<p data-start=\"1587\" data-end=\"1664\"><strong data-start=\"1587\" data-end=\"1601\">Tobaksfri:<\/strong> F\u00f6r en fr\u00e4schare andedr\u00e4kt och utan missf\u00e4rgning av t\u00e4nderna<\/p>\n<\/li>\n<\/ul>\n<hr data-start=\"1666\" data-end=\"1669\" \/>\n<p data-start=\"1671\" data-end=\"1895\"><strong data-start=\"1671\" data-end=\"1689\">Zeronito Stark<\/strong> \u00e4r den perfekta produkten f\u00f6r dig som s\u00f6ker ett <strong data-start=\"1738\" data-end=\"1754\">nikotinfritt<\/strong> och <strong data-start=\"1759\" data-end=\"1779\">tobaksfritt snus<\/strong> med en <strong data-start=\"1787\" data-end=\"1805\">kraftfull smak<\/strong>. Best\u00e4ll nu och upplev den starka och intensiva smaken i ett diskret, tobaksfritt format!<\/p>\n<p>&nbsp;<\/p>","protected":false},"excerpt":{"rendered":"<h1 data-start=\"91\" data-end=\"175\"><strong data-start=\"95\" data-end=\"175\">Zeronito Stark<\/strong><\/h1>\n<p><strong data-start=\"83\" data-end=\"101\">Zeronito Stark<\/strong> \u00e4r ett <strong data-start=\"109\" data-end=\"146\">nikotinfritt och tobaksfritt snus<\/strong> med en <strong data-start=\"154\" data-end=\"185\">kraftfull och intensiv smak<\/strong>. Designat i <strong data-start=\"198\" data-end=\"213\">slim-format<\/strong> f\u00f6r diskret anv\u00e4ndning, ger det en l\u00e5ngvarig smakupplevelse utan nikotin eller tobak. Perfekt f\u00f6r dig som vill ha ett <strong data-start=\"332\" data-end=\"357\" data-is-only-node=\"\">starkt snusalternativ<\/strong> utan beroendeframkallande \u00e4mnen<\/p>","protected":false},"featured_media":59878,"comment_status":"open","ping_status":"closed","template":"","meta":[],"product_brand":[343],"product_cat":[136,76,129],"product_tag":[],"class_list":{"0":"post-58262","1":"product","2":"type-product","3":"status-publish","4":"has-post-thumbnail","6":"product_brand-zeronito","7":"product_cat-all-whites","8":"product_cat-nikotinfritt-snus","9":"product_cat-zeronito","11":"first","12":"instock","13":"taxable","14":"shipping-taxable","15":"purchasable","16":"product-type-variable"},"_links":{"self":[{"href":"https:\/\/snus-malmo.se\/sv\/wp-json\/wp\/v2\/product\/58262","targetHints":{"allow":["GET"]}}],"collection":[{"href":"https:\/\/snus-malmo.se\/sv\/wp-json\/wp\/v2\/product"}],"about":[{"href":"https:\/\/snus-malmo.se\/sv\/wp-json\/wp\/v2\/types\/product"}],"replies":[{"embeddable":true,"href":"https:\/\/snus-malmo.se\/sv\/wp-json\/wp\/v2\/comments?post=58262"}],"version-history":[{"count":0,"href":"https:\/\/snus-malmo.se\/sv\/wp-json\/wp\/v2\/product\/58262\/revisions"}],"wp:featuredmedia":[{"embeddable":true,"href":"https:\/\/snus-malmo.se\/sv\/wp-json\/wp\/v2\/media\/59878"}],"wp:attachment":[{"href":"https:\/\/snus-malmo.se\/sv\/wp-json\/wp\/v2\/media?parent=58262"}],"wp:term":[{"taxonomy":"product_brand","embeddable":true,"href":"https:\/\/snus-malmo.se\/sv\/wp-json\/wp\/v2\/product_brand?post=58262"},{"taxonomy":"product_cat","embeddable":true,"href":"https:\/\/snus-malmo.se\/sv\/wp-json\/wp\/v2\/product_cat?post=58262"},{"taxonomy":"product_tag","embeddable":true,"href":"https:\/\/snus-malmo.se\/sv\/wp-json\/wp\/v2\/product_tag?post=58262"}],"curies":[{"name":"wp","href":"https:\/\/api.w.org\/{rel}","templated":true}]}}