{"id":58266,"date":"2025-05-23T17:04:03","date_gmt":"2025-05-23T17:04:03","guid":{"rendered":"https:\/\/snus-malmo.se\/?post_type=product&#038;p=58266"},"modified":"2025-08-05T00:05:29","modified_gmt":"2025-08-05T00:05:29","slug":"general-original-portion","status":"publish","type":"product","link":"https:\/\/snus-malmo.se\/sv\/produkt\/general-original-portion\/","title":{"rendered":"General Original Portion"},"content":{"rendered":"<h1 data-start=\"381\" data-end=\"418\">General Original Portion<\/h1>\n<h2 data-start=\"419\" data-end=\"506\"><strong data-start=\"419\" data-end=\"506\">\ud83d\udfe9 Kraftfull Tobakssmak med Toner av Bergamott \u2013 En Svensk Snusklassiker sedan 1866<\/strong><\/h2>\n<p data-start=\"508\" data-end=\"839\"><strong data-start=\"508\" data-end=\"536\">General Original Portion<\/strong> \u00e4r ett av Sveriges mest ikoniska portionssnus \u2013 k\u00e4nt f\u00f6r sin djupa, kryddiga tobakssmak med tydlig bergamottskarakt\u00e4r. Det \u00e4r en premiumprodukt som kombinerar traditionellt hantverk med v\u00e4lbalanserad smak, vilket har gjort General till ett av de mest betrodda och \u00e4lskade snusvarum\u00e4rkena i \u00f6ver 150 \u00e5r.<\/p>\n<p data-start=\"841\" data-end=\"1068\">Den fuktiga originalportionen ger en omedelbar smakrelease och en l\u00e5ngvarig snusupplevelse. General Original har normal nikotinhalt och passar snusare som s\u00f6ker ett klassiskt, robust snus med tydlig smakprofil och h\u00f6g kvalitet.<\/p>\n<p data-start=\"1070\" data-end=\"1237\">Oavsett om du \u00e4r en erfaren snusare eller vill b\u00f6rja med n\u00e5got tidl\u00f6st och p\u00e5litligt, \u00e4r <strong data-start=\"1159\" data-end=\"1201\">General Original Portion ett givet val<\/strong> \u2013 och en stors\u00e4ljare hos Veloop.se.<\/p>\n<hr data-start=\"1239\" data-end=\"1242\" \/>\n<h3 data-start=\"1244\" data-end=\"1298\">\ud83d\udd0d <strong data-start=\"1247\" data-end=\"1296\">Produktinformation \u2013 General Original Portion<\/strong><\/h3>\n<ul data-start=\"1299\" data-end=\"1576\">\n<li data-start=\"1299\" data-end=\"1325\">\n<p data-start=\"1301\" data-end=\"1325\"><strong data-start=\"1301\" data-end=\"1315\">Varum\u00e4rke:<\/strong> General<\/p>\n<\/li>\n<li data-start=\"1326\" data-end=\"1355\">\n<p data-start=\"1328\" data-end=\"1355\"><strong data-start=\"1328\" data-end=\"1336\">Typ:<\/strong> Original Portion<\/p>\n<\/li>\n<li data-start=\"1356\" data-end=\"1400\">\n<p data-start=\"1358\" data-end=\"1400\"><strong data-start=\"1358\" data-end=\"1373\">Smakprofil:<\/strong> Kryddig tobak, bergamott<\/p>\n<\/li>\n<li data-start=\"1401\" data-end=\"1422\">\n<p data-start=\"1403\" data-end=\"1422\"><strong data-start=\"1403\" data-end=\"1414\">Format:<\/strong> Large<\/p>\n<\/li>\n<li data-start=\"1423\" data-end=\"1445\">\n<p data-start=\"1425\" data-end=\"1445\"><strong data-start=\"1425\" data-end=\"1436\">Styrka:<\/strong> Normal<\/p>\n<\/li>\n<li data-start=\"1446\" data-end=\"1491\">\n<p data-start=\"1448\" data-end=\"1491\"><strong data-start=\"1448\" data-end=\"1464\">Nikotinhalt:<\/strong> ca 0,85 % (ca 8 mg\/p\u00e5se)<\/p>\n<\/li>\n<li data-start=\"1492\" data-end=\"1525\">\n<p data-start=\"1494\" data-end=\"1525\"><strong data-start=\"1494\" data-end=\"1514\">Antal portioner:<\/strong> ca 24 st<\/p>\n<\/li>\n<li data-start=\"1526\" data-end=\"1554\">\n<p data-start=\"1528\" data-end=\"1554\"><strong data-start=\"1528\" data-end=\"1542\">Nettovikt:<\/strong> ca 21,6 g<\/p>\n<\/li>\n<li data-start=\"1555\" data-end=\"1576\">\n<p data-start=\"1557\" data-end=\"1576\"><strong data-start=\"1557\" data-end=\"1570\">Fukthalt:<\/strong> H\u00f6g<\/p>\n<\/li>\n<\/ul>\n<hr data-start=\"1578\" data-end=\"1581\" \/>\n<p data-start=\"1583\" data-end=\"1972\">\u2b50 <strong data-start=\"1585\" data-end=\"1636\">D\u00e4rf\u00f6r v\u00e4ljer snusare General Original Portion:<\/strong><br data-start=\"1636\" data-end=\"1639\" \/><strong>\u2705 Klassisk svensk snussmak sedan 1866<\/strong><br data-start=\"1676\" data-end=\"1679\" \/><strong>\u2705 Kraftfull tobakskarakt\u00e4r med tydlig bergamott<\/strong><br data-start=\"1726\" data-end=\"1729\" \/><strong>\u2705 Fuktig originalportion med direkt smakrelease<\/strong><br data-start=\"1776\" data-end=\"1779\" \/><strong>\u2705 Premiumkvalitet f\u00f6r dig som vill ha ett autentiskt snus<\/strong><br data-start=\"1836\" data-end=\"1839\" \/><strong>\u2705 En b\u00e4sts\u00e4ljare tillsammans med:<\/strong><br data-start=\"1872\" data-end=\"1875\" \/><strong data-start=\"1875\" data-end=\"1972\">Kaliber Original, Kronan Stark Portion, Grov Original, G\u00f6teborgs Rap\u00e9, General Strong Portion<\/strong><\/p>\n<hr data-start=\"1974\" data-end=\"1977\" \/>\n<p data-start=\"1979\" data-end=\"2240\">\ud83d\uded2 <strong data-start=\"1982\" data-end=\"2035\">K\u00f6p General Original Portion online hos Veloop.se<\/strong><br data-start=\"2035\" data-end=\"2038\" \/>Hos <strong data-start=\"2042\" data-end=\"2055\">Veloop.se<\/strong> hittar du alltid f\u00e4rskt snus till bra pris \u2013 med snabb leverans och gedigen snuskunskap. General Original \u00e4r ett av v\u00e5ra mest s\u00e5lda portionssnus \u2013 ett m\u00e5ste i varje snusares sortiment.<\/p>\n<p data-start=\"2242\" data-end=\"2356\">\ud83d\udc49 <strong data-start=\"2245\" data-end=\"2356\">Best\u00e4ll General Original Portion idag och upplev varf\u00f6r det \u00e4r en svensk klassiker som aldrig g\u00e5r ur tiden.<\/strong><\/p>","protected":false},"excerpt":{"rendered":"<h1 data-start=\"381\" data-end=\"418\">General Original Portion<\/h1>\n<h2 data-start=\"419\" data-end=\"506\"><strong data-start=\"419\" data-end=\"506\">\ud83d\udfe9 Kraftfull Tobakssmak med Toner av Bergamott \u2013 En Svensk Snusklassiker sedan 1866<\/strong><\/h2>\n<p><strong data-start=\"508\" data-end=\"536\">General Original Portion<\/strong> \u00e4r ett av Sveriges mest ikoniska portionssnus \u2013 k\u00e4nt f\u00f6r sin djupa, kryddiga tobakssmak med tydlig bergamottskarakt\u00e4r. Det \u00e4r en premiumprodukt som kombinerar traditionellt hantverk med v\u00e4lbalanserad smak, vilket har gjort General till ett av de mest betrodda och \u00e4lskade snusvarum\u00e4rkena i \u00f6ver 150 \u00e5r.<\/p>","protected":false},"featured_media":61163,"comment_status":"open","ping_status":"closed","template":"","meta":[],"product_brand":[342],"product_cat":[88,362,73,368],"product_tag":[],"class_list":{"0":"post-58266","1":"product","2":"type-product","3":"status-publish","4":"has-post-thumbnail","6":"product_brand-general-snus","7":"product_cat-general","8":"product_cat-original-portion","9":"product_cat-portionssnus","10":"product_cat-snus-tobakssnus-traditionellt-snus","12":"first","13":"instock","14":"featured","15":"taxable","16":"shipping-taxable","17":"purchasable","18":"product-type-variable"},"_links":{"self":[{"href":"https:\/\/snus-malmo.se\/sv\/wp-json\/wp\/v2\/product\/58266","targetHints":{"allow":["GET"]}}],"collection":[{"href":"https:\/\/snus-malmo.se\/sv\/wp-json\/wp\/v2\/product"}],"about":[{"href":"https:\/\/snus-malmo.se\/sv\/wp-json\/wp\/v2\/types\/product"}],"replies":[{"embeddable":true,"href":"https:\/\/snus-malmo.se\/sv\/wp-json\/wp\/v2\/comments?post=58266"}],"version-history":[{"count":0,"href":"https:\/\/snus-malmo.se\/sv\/wp-json\/wp\/v2\/product\/58266\/revisions"}],"wp:featuredmedia":[{"embeddable":true,"href":"https:\/\/snus-malmo.se\/sv\/wp-json\/wp\/v2\/media\/61163"}],"wp:attachment":[{"href":"https:\/\/snus-malmo.se\/sv\/wp-json\/wp\/v2\/media?parent=58266"}],"wp:term":[{"taxonomy":"product_brand","embeddable":true,"href":"https:\/\/snus-malmo.se\/sv\/wp-json\/wp\/v2\/product_brand?post=58266"},{"taxonomy":"product_cat","embeddable":true,"href":"https:\/\/snus-malmo.se\/sv\/wp-json\/wp\/v2\/product_cat?post=58266"},{"taxonomy":"product_tag","embeddable":true,"href":"https:\/\/snus-malmo.se\/sv\/wp-json\/wp\/v2\/product_tag?post=58266"}],"curies":[{"name":"wp","href":"https:\/\/api.w.org\/{rel}","templated":true}]}}