{"id":59432,"date":"2025-05-23T17:06:10","date_gmt":"2025-05-23T17:06:10","guid":{"rendered":"https:\/\/snus-malmo.se\/?post_type=product&#038;p=59432"},"modified":"2025-07-18T23:56:30","modified_gmt":"2025-07-18T23:56:30","slug":"camo-peppermint-stark","status":"publish","type":"product","link":"https:\/\/snus-malmo.se\/sv\/produkt\/camo-peppermint-stark\/","title":{"rendered":"CAMO Peppermint Stark"},"content":{"rendered":"<p><strong>CAMO Peppermint Stark<\/strong><\/p>\n<p><strong>Peppermint<\/strong>-nikotinp\u00e5sar f\u00e5ngar essensen av ren pepparmynta och levererar en krispig, uppfriskande mintsmak som v\u00e4cker dina sinnen. Med en dj\u00e4rv kylande k\u00e4nsla och aromatisk intensitet erbjuder varje prilla en revitaliserande upplevelse. Oavsett om du s\u00f6ker en mild uppfriskning eller en kraftfull explosion av mint, har vi en styrka som passar din smak.<\/p>\n<hr class=\"\" data-start=\"694\" data-end=\"697\" \/>\n<p><strong>CAMO Peppermint Stark<\/strong><\/p>\n<p>Upplev den rena, klara pepparmintsessensen med en mjuk och tillfredsst\u00e4llande avslutning. Denna klassiska smak \u00e4r idealisk f\u00f6r dem som<br \/>\nvill ha en uppfriskande mint som dr\u00f6jer kvar.<\/p>\n<p><strong>VARNING:<\/strong><\/p>\n<p><strong>F\u00d6RVARA UTOM R\u00c4CKH\u00c5LL F\u00d6R BARN<br \/>\n<\/strong>\u00a0<strong>DENNA PRODUKT INNEH\u00c5LLER NIKOTIN, ETT MYCKET BEROENDEFRAMKALLANDE \u00c4MNE.<\/strong><\/p>\n<p><strong>Ingredienser:<\/strong><\/p>\n<p>Cellulosa, vatten, fuktighetsbevarande medel (E422, E1520), arom, natriumklorid, nikotin, surhetsreglerande medel (E500), s\u00f6tningsmedel.<\/p>\n<p><strong>Observera:<\/strong> Detta \u00e4r en nikotinp\u00e5se.<\/p>\n<hr class=\"\" data-start=\"1026\" data-end=\"1029\" \/>\n<h3 class=\"\" data-start=\"1031\" data-end=\"1081\">Produktinformation:<\/h3>\n<ul data-start=\"1083\" data-end=\"1462\">\n<li class=\"\" data-start=\"1083\" data-end=\"1106\">\n<p class=\"\" data-start=\"1085\" data-end=\"1106\"><strong data-start=\"1085\" data-end=\"1099\">Varum\u00e4rke:<\/strong> CAMO<\/p>\n<\/li>\n<li class=\"\" data-start=\"1107\" data-end=\"1150\">\n<p class=\"\" data-start=\"1109\" data-end=\"1150\"><strong data-start=\"1109\" data-end=\"1124\">Produkttyp:<\/strong> Vitt snus (tobaksfritt)<\/p>\n<\/li>\n<li class=\"\" data-start=\"1151\" data-end=\"1192\">\n<p class=\"\" data-start=\"1153\" data-end=\"1192\"><strong data-start=\"1153\" data-end=\"1168\">Smakprofil:<\/strong> Peppermint<\/p>\n<\/li>\n<li class=\"\" data-start=\"1193\" data-end=\"1214\">\n<p class=\"\" data-start=\"1195\" data-end=\"1214\"><strong data-start=\"1195\" data-end=\"1206\">Styrka:<\/strong> Stark<\/p>\n<\/li>\n<li class=\"\" data-start=\"1215\" data-end=\"1257\">\n<p class=\"\" data-start=\"1217\" data-end=\"1257\"><strong data-start=\"1217\" data-end=\"1228\">Format:<\/strong> Slim \u2013 diskret och bekv\u00e4mt<\/p>\n<\/li>\n<li class=\"\" data-start=\"1258\" data-end=\"1303\">\n<p class=\"\" data-start=\"1260\" data-end=\"1303\"><strong data-start=\"1260\" data-end=\"1276\">Nikotinhalt:<\/strong> 12 mg<\/p>\n<\/li>\n<li class=\"\" data-start=\"1304\" data-end=\"1340\">\n<p class=\"\" data-start=\"1306\" data-end=\"1340\"><strong data-start=\"1306\" data-end=\"1335\">Antal portioner per dosa:<\/strong> 20<\/p>\n<\/li>\n<li class=\"\" data-start=\"1341\" data-end=\"1372\">\n<p class=\"\" data-start=\"1343\" data-end=\"1372\"><strong data-start=\"1343\" data-end=\"1365\">Inneh\u00e5ll per dosa:<\/strong> 14 g<\/p>\n<\/li>\n<li class=\"\" data-start=\"1373\" data-end=\"1401\">\n<p class=\"\" data-start=\"1375\" data-end=\"1401\"><strong data-start=\"1375\" data-end=\"1392\">Portionsvikt:<\/strong> 0,70 g<\/p>\n<\/li>\n<li class=\"\" data-start=\"1402\" data-end=\"1437\">\n<p class=\"\" data-start=\"1404\" data-end=\"1437\"><strong data-start=\"1404\" data-end=\"1424\">Lanseringsdatum:<\/strong> 5 maj 2025<\/p>\n<\/li>\n<li class=\"\" data-start=\"1438\" data-end=\"1462\">\n<p class=\"\" data-start=\"1440\" data-end=\"1462\"><strong data-start=\"1440\" data-end=\"1456\">Tillverkare:<\/strong> CAMO<\/p>\n<\/li>\n<\/ul>","protected":false},"excerpt":{"rendered":"<p>CAMO Peppermint Stark Peppermint-nikotinp\u00e5sar f\u00e5ngar essensen av ren pepparmynta och levererar en krispig, uppfriskande mintsmak som v\u00e4cker dina sinnen. Med<\/p>","protected":false},"featured_media":28690,"comment_status":"open","ping_status":"closed","template":"","meta":[],"product_brand":[331],"product_cat":[136,182,143,137],"product_tag":[],"class_list":{"0":"post-59432","1":"product","2":"type-product","3":"status-publish","4":"has-post-thumbnail","6":"product_brand-camo","7":"product_cat-all-whites","8":"product_cat-camo","9":"product_cat-nyheter","10":"product_cat-slim","12":"first","13":"instock","14":"taxable","15":"shipping-taxable","16":"purchasable","17":"product-type-variable"},"_links":{"self":[{"href":"https:\/\/snus-malmo.se\/sv\/wp-json\/wp\/v2\/product\/59432","targetHints":{"allow":["GET"]}}],"collection":[{"href":"https:\/\/snus-malmo.se\/sv\/wp-json\/wp\/v2\/product"}],"about":[{"href":"https:\/\/snus-malmo.se\/sv\/wp-json\/wp\/v2\/types\/product"}],"replies":[{"embeddable":true,"href":"https:\/\/snus-malmo.se\/sv\/wp-json\/wp\/v2\/comments?post=59432"}],"version-history":[{"count":0,"href":"https:\/\/snus-malmo.se\/sv\/wp-json\/wp\/v2\/product\/59432\/revisions"}],"wp:featuredmedia":[{"embeddable":true,"href":"https:\/\/snus-malmo.se\/sv\/wp-json\/wp\/v2\/media\/28690"}],"wp:attachment":[{"href":"https:\/\/snus-malmo.se\/sv\/wp-json\/wp\/v2\/media?parent=59432"}],"wp:term":[{"taxonomy":"product_brand","embeddable":true,"href":"https:\/\/snus-malmo.se\/sv\/wp-json\/wp\/v2\/product_brand?post=59432"},{"taxonomy":"product_cat","embeddable":true,"href":"https:\/\/snus-malmo.se\/sv\/wp-json\/wp\/v2\/product_cat?post=59432"},{"taxonomy":"product_tag","embeddable":true,"href":"https:\/\/snus-malmo.se\/sv\/wp-json\/wp\/v2\/product_tag?post=59432"}],"curies":[{"name":"wp","href":"https:\/\/api.w.org\/{rel}","templated":true}]}}