{"id":59542,"date":"2025-05-23T17:06:23","date_gmt":"2025-05-23T17:06:23","guid":{"rendered":"https:\/\/snus-malmo.se\/?post_type=product&#038;p=59542"},"modified":"2025-07-23T17:11:55","modified_gmt":"2025-07-23T17:11:55","slug":"fumi-minty-blueberry-strong","status":"publish","type":"product","link":"https:\/\/snus-malmo.se\/sv\/produkt\/fumi-minty-blueberry-strong\/","title":{"rendered":"Fumi Minty Blueberry Strong"},"content":{"rendered":"<h4>Fumi Minty Blueberry Strong<\/h4>\n<p><span style=\"color: #1b1919; font-size: 24px;\">Om produkten Fumi Minty Blueberry Strong<\/span><\/p>\n<div class=\"buy-pane\">\n<div class=\"tab-content buy-tabs-content\">\n<div id=\"buy\" class=\"tab-pane active\">\n<div class=\"variants list\">\n<p>En blandning av sval mint och s\u00f6t bl\u00e5b\u00e4rssmak som ger en uppiggande b\u00e4rig twist. Portionsp\u00e5sarna ger en snabb smakrelease och l\u00e5ngvarig smak.<br \/>\nVarje dosa inneh\u00e5ller 20 fuktiga, slimmade premium nonwoven-p\u00e5sar.<\/p>\n<ul>\n<li>Varum\u00e4rke: FUMI<\/li>\n<li>Tillverkare: The Snus Brothers<\/li>\n<li>Smak: Ginger<\/li>\n<li>Format: Slim<\/li>\n<li>Produkttyp: Nikotinp\u00e5sar<\/li>\n<li>Antal portioner per dosa: 20 stycken<\/li>\n<li>Nikotinhalt: 12 mg\/g<\/li>\n<li>Styrka:\u00a0 Extra Stark<\/li>\n<\/ul>\n<\/div>\n<\/div>\n<\/div>\n<\/div>","protected":false},"excerpt":{"rendered":"<h2>Fumi Minty Blueberry Strong<\/h2>\n<p>Med en kombination av s\u00f6t bl\u00e5b\u00e4rssmak och mint.<\/p>","protected":false},"featured_media":28873,"comment_status":"open","ping_status":"closed","template":"","meta":[],"product_brand":[330],"product_cat":[136,86,137],"product_tag":[],"class_list":{"0":"post-59542","1":"product","2":"type-product","3":"status-publish","4":"has-post-thumbnail","6":"product_brand-fumi","7":"product_cat-all-whites","8":"product_cat-fumi","9":"product_cat-slim","11":"first","12":"instock","13":"taxable","14":"shipping-taxable","15":"purchasable","16":"product-type-variable"},"_links":{"self":[{"href":"https:\/\/snus-malmo.se\/sv\/wp-json\/wp\/v2\/product\/59542","targetHints":{"allow":["GET"]}}],"collection":[{"href":"https:\/\/snus-malmo.se\/sv\/wp-json\/wp\/v2\/product"}],"about":[{"href":"https:\/\/snus-malmo.se\/sv\/wp-json\/wp\/v2\/types\/product"}],"replies":[{"embeddable":true,"href":"https:\/\/snus-malmo.se\/sv\/wp-json\/wp\/v2\/comments?post=59542"}],"version-history":[{"count":0,"href":"https:\/\/snus-malmo.se\/sv\/wp-json\/wp\/v2\/product\/59542\/revisions"}],"wp:featuredmedia":[{"embeddable":true,"href":"https:\/\/snus-malmo.se\/sv\/wp-json\/wp\/v2\/media\/28873"}],"wp:attachment":[{"href":"https:\/\/snus-malmo.se\/sv\/wp-json\/wp\/v2\/media?parent=59542"}],"wp:term":[{"taxonomy":"product_brand","embeddable":true,"href":"https:\/\/snus-malmo.se\/sv\/wp-json\/wp\/v2\/product_brand?post=59542"},{"taxonomy":"product_cat","embeddable":true,"href":"https:\/\/snus-malmo.se\/sv\/wp-json\/wp\/v2\/product_cat?post=59542"},{"taxonomy":"product_tag","embeddable":true,"href":"https:\/\/snus-malmo.se\/sv\/wp-json\/wp\/v2\/product_tag?post=59542"}],"curies":[{"name":"wp","href":"https:\/\/api.w.org\/{rel}","templated":true}]}}