{"id":59558,"date":"2025-05-23T17:06:26","date_gmt":"2025-05-23T17:06:26","guid":{"rendered":"https:\/\/snus-malmo.se\/?post_type=product&#038;p=59558"},"modified":"2025-07-23T17:11:43","modified_gmt":"2025-07-23T17:11:43","slug":"fumi-tangy-apple-strong","status":"publish","type":"product","link":"https:\/\/snus-malmo.se\/sv\/produkt\/fumi-tangy-apple-strong\/","title":{"rendered":"Fumi Tangy Apple Strong"},"content":{"rendered":"<h4>Tangy Apple Strong<\/h4>\n<p><span style=\"color: #1b1919; font-size: 24px;\">Om produkten Tangy Apple Strong<\/span><\/p>\n<div class=\"buy-pane\">\n<div class=\"tab-content buy-tabs-content\">\n<div id=\"buy\" class=\"tab-pane active\">\n<div class=\"variants list\">\n<p>En krispig och syrlig smak som f\u00e5ngar k\u00e4nslan av gr\u00f6na \u00e4pplen, d\u00e4r s\u00f6tma och syra ger en v\u00e4lbalanserad och uppfriskande smak. Portionsp\u00e5sarna ger en snabb smakrelease och l\u00e5ngvarig smak.<br \/>\nVarje dosa inneh\u00e5ller 20 fuktiga, slimmade premium nonwoven-p\u00e5sar.<\/p>\n<ul>\n<li>Varum\u00e4rke: FUMI<\/li>\n<li>Tillverkare: The Snus Brothers<\/li>\n<li>Smak: Ginger<\/li>\n<li>Format: Slim<\/li>\n<li>Produkttyp: Nikotinp\u00e5sar<\/li>\n<li>Antal portioner per dosa: 20 stycken<\/li>\n<li>Nikotinhalt: 12 mg\/g<\/li>\n<li>Styrka: Stark<\/li>\n<\/ul>\n<\/div>\n<\/div>\n<\/div>\n<\/div>","protected":false},"excerpt":{"rendered":"<h2>Tangy Apple Strong<\/h2>\n<p>Men en kombination av s\u00f6t och syrlig \u00e4pplesmak.<\/p>","protected":false},"featured_media":28886,"comment_status":"open","ping_status":"closed","template":"","meta":[],"product_brand":[330],"product_cat":[136,86,137],"product_tag":[],"class_list":{"0":"post-59558","1":"product","2":"type-product","3":"status-publish","4":"has-post-thumbnail","6":"product_brand-fumi","7":"product_cat-all-whites","8":"product_cat-fumi","9":"product_cat-slim","11":"first","12":"instock","13":"taxable","14":"shipping-taxable","15":"purchasable","16":"product-type-variable"},"_links":{"self":[{"href":"https:\/\/snus-malmo.se\/sv\/wp-json\/wp\/v2\/product\/59558","targetHints":{"allow":["GET"]}}],"collection":[{"href":"https:\/\/snus-malmo.se\/sv\/wp-json\/wp\/v2\/product"}],"about":[{"href":"https:\/\/snus-malmo.se\/sv\/wp-json\/wp\/v2\/types\/product"}],"replies":[{"embeddable":true,"href":"https:\/\/snus-malmo.se\/sv\/wp-json\/wp\/v2\/comments?post=59558"}],"version-history":[{"count":0,"href":"https:\/\/snus-malmo.se\/sv\/wp-json\/wp\/v2\/product\/59558\/revisions"}],"wp:featuredmedia":[{"embeddable":true,"href":"https:\/\/snus-malmo.se\/sv\/wp-json\/wp\/v2\/media\/28886"}],"wp:attachment":[{"href":"https:\/\/snus-malmo.se\/sv\/wp-json\/wp\/v2\/media?parent=59558"}],"wp:term":[{"taxonomy":"product_brand","embeddable":true,"href":"https:\/\/snus-malmo.se\/sv\/wp-json\/wp\/v2\/product_brand?post=59558"},{"taxonomy":"product_cat","embeddable":true,"href":"https:\/\/snus-malmo.se\/sv\/wp-json\/wp\/v2\/product_cat?post=59558"},{"taxonomy":"product_tag","embeddable":true,"href":"https:\/\/snus-malmo.se\/sv\/wp-json\/wp\/v2\/product_tag?post=59558"}],"curies":[{"name":"wp","href":"https:\/\/api.w.org\/{rel}","templated":true}]}}