{"id":59790,"date":"2025-05-28T20:49:17","date_gmt":"2025-05-28T20:49:17","guid":{"rendered":"https:\/\/snus-malmo.se\/?post_type=product&#038;p=59790"},"modified":"2025-11-22T09:36:01","modified_gmt":"2025-11-22T09:36:01","slug":"77-cola-vanilla-104-mg","status":"publish","type":"product","link":"https:\/\/snus-malmo.se\/sv\/produkt\/77-cola-vanilla-104-mg\/","title":{"rendered":"77 Cola Vanilla 10,4 mg"},"content":{"rendered":"<h1>77 Cola Vanilla 10,4 mg<\/h1>\n<h2 data-start=\"139\" data-end=\"212\">77 Cola Vanilla \u2013 Tobaksfri nikotinportion med smak av cola och vanilj<\/h2>\n<p data-start=\"214\" data-end=\"484\"><strong data-start=\"214\" data-end=\"233\">77 Cola Vanilla<\/strong> \u00e4r en modern nikotinportion i <strong data-start=\"264\" data-end=\"279\">Slim-format<\/strong>, med en unik smakprofil d\u00e4r den klassiska smaken av <strong data-start=\"332\" data-end=\"340\">cola<\/strong> m\u00f6ter en mjuk och s\u00f6t <strong data-start=\"363\" data-end=\"376\">vaniljton<\/strong>. Denna kombination skapar en nostalgisk och samtidigt uppfriskande smakupplevelse som sticker ut i m\u00e4ngden.<\/p>\n<p data-start=\"486\" data-end=\"726\">Till skillnad fr\u00e5n m\u00e5nga andra produkter i 77:s sortiment har Cola Vanilla en mer <strong data-start=\"568\" data-end=\"609\">balanserad nikotinstyrka p\u00e5 10,4 mg\/g<\/strong>, vilket g\u00f6r den idealisk f\u00f6r b\u00e5de nya och vana anv\u00e4ndare som vill njuta av smak utan en alltf\u00f6r stark nikotineffekt.<\/p>\n<h3 data-start=\"728\" data-end=\"756\">Fakta om 77 Cola Vanilla<\/h3>\n<ul data-start=\"758\" data-end=\"1035\">\n<li data-start=\"758\" data-end=\"779\">\n<p data-start=\"760\" data-end=\"779\"><strong data-start=\"760\" data-end=\"774\">Varum\u00e4rke:<\/strong> 77<\/p>\n<\/li>\n<li data-start=\"780\" data-end=\"829\">\n<p data-start=\"782\" data-end=\"829\"><strong data-start=\"782\" data-end=\"797\">Produkttyp:<\/strong> All White Portion (tobaksfri)<\/p>\n<\/li>\n<li data-start=\"830\" data-end=\"857\">\n<p data-start=\"832\" data-end=\"857\"><strong data-start=\"832\" data-end=\"841\">Smak:<\/strong> Cola &amp; vanilj<\/p>\n<\/li>\n<li data-start=\"858\" data-end=\"887\">\n<p data-start=\"860\" data-end=\"887\"><strong data-start=\"860\" data-end=\"878\">Nikotinstyrka:<\/strong> Medium<\/p>\n<\/li>\n<li data-start=\"888\" data-end=\"918\">\n<p data-start=\"890\" data-end=\"918\"><strong data-start=\"890\" data-end=\"906\">Nikotinhalt:<\/strong> 10,4 mg\/g<\/p>\n<\/li>\n<li data-start=\"919\" data-end=\"939\">\n<p data-start=\"921\" data-end=\"939\"><strong data-start=\"921\" data-end=\"932\">Format:<\/strong> Slim<\/p>\n<\/li>\n<li data-start=\"940\" data-end=\"973\">\n<p data-start=\"942\" data-end=\"973\"><strong data-start=\"942\" data-end=\"964\">Inneh\u00e5ll per dosa:<\/strong> 10,4 g<\/p>\n<\/li>\n<li data-start=\"974\" data-end=\"1005\">\n<p data-start=\"976\" data-end=\"1005\"><strong data-start=\"976\" data-end=\"988\">Snustyp:<\/strong> Slim All White<\/p>\n<\/li>\n<li data-start=\"1006\" data-end=\"1035\">\n<p data-start=\"1008\" data-end=\"1035\"><strong data-start=\"1008\" data-end=\"1024\">Tillverkare:<\/strong> 77 Group<\/p>\n<\/li>\n<\/ul>\n<h3 data-start=\"1037\" data-end=\"1069\">F\u00f6rdelar med 77 Cola Vanilla<\/h3>\n<ul data-start=\"1071\" data-end=\"1307\">\n<li data-start=\"1071\" data-end=\"1122\">\n<p data-start=\"1073\" data-end=\"1122\"><strong data-start=\"1073\" data-end=\"1092\">Unik smakprofil<\/strong> med s\u00f6t cola och len vanilj<\/p>\n<\/li>\n<li data-start=\"1123\" data-end=\"1179\">\n<p data-start=\"1125\" data-end=\"1179\"><strong data-start=\"1125\" data-end=\"1156\">Tobaksfri all white-portion<\/strong> \u2013 fr\u00e4sch och diskret<\/p>\n<\/li>\n<li data-start=\"1180\" data-end=\"1247\">\n<p data-start=\"1182\" data-end=\"1247\"><strong data-start=\"1182\" data-end=\"1205\">Lagom nikotinstyrka<\/strong> \u2013 passar b\u00e5de nya och erfarna anv\u00e4ndare<\/p>\n<\/li>\n<li data-start=\"1248\" data-end=\"1307\">\n<p data-start=\"1250\" data-end=\"1307\">Slim-format som sitter bekv\u00e4mt och diskret under l\u00e4ppen<\/p>\n<\/li>\n<\/ul>\n<p data-start=\"1309\" data-end=\"1457\">Prova <strong data-start=\"1315\" data-end=\"1334\">77 Cola Vanilla<\/strong> och uppt\u00e4ck hur smakrik en nikotinportion kan vara \u2013 perfekt f\u00f6r dig som vill ha n\u00e5got annorlunda med en nostalgisk twist.<\/p>","protected":false},"excerpt":{"rendered":"<h1>77 Cola Vanilla 10,4 mg<\/h1>\n<h1>-All White Portion<\/h1>\n<p><strong data-start=\"214\" data-end=\"233\">77 Cola Vanilla<\/strong> \u00e4r en modern nikotinportion i <strong data-start=\"264\" data-end=\"279\">Slim-format<\/strong>, med en unik smakprofil d\u00e4r den klassiska smaken av <strong data-start=\"332\" data-end=\"340\">cola<\/strong> m\u00f6ter en mjuk och s\u00f6t <strong data-start=\"363\" data-end=\"376\">vaniljton<\/strong>. Denna kombination skapar en nostalgisk och samtidigt uppfriskande smakupplevelse som sticker ut i m\u00e4ngden.<\/p>\n<p>&nbsp;<\/p>","protected":false},"featured_media":59746,"comment_status":"open","ping_status":"closed","template":"","meta":[],"product_brand":[327],"product_cat":[170,136,137,354],"product_tag":[],"class_list":{"0":"post-59790","1":"product","2":"type-product","3":"status-publish","4":"has-post-thumbnail","6":"product_brand-327","7":"product_cat-170","8":"product_cat-all-whites","9":"product_cat-slim","10":"product_cat-strongstark","12":"first","13":"instock","14":"taxable","15":"shipping-taxable","16":"purchasable","17":"product-type-variable"},"_links":{"self":[{"href":"https:\/\/snus-malmo.se\/sv\/wp-json\/wp\/v2\/product\/59790","targetHints":{"allow":["GET"]}}],"collection":[{"href":"https:\/\/snus-malmo.se\/sv\/wp-json\/wp\/v2\/product"}],"about":[{"href":"https:\/\/snus-malmo.se\/sv\/wp-json\/wp\/v2\/types\/product"}],"replies":[{"embeddable":true,"href":"https:\/\/snus-malmo.se\/sv\/wp-json\/wp\/v2\/comments?post=59790"}],"version-history":[{"count":0,"href":"https:\/\/snus-malmo.se\/sv\/wp-json\/wp\/v2\/product\/59790\/revisions"}],"wp:featuredmedia":[{"embeddable":true,"href":"https:\/\/snus-malmo.se\/sv\/wp-json\/wp\/v2\/media\/59746"}],"wp:attachment":[{"href":"https:\/\/snus-malmo.se\/sv\/wp-json\/wp\/v2\/media?parent=59790"}],"wp:term":[{"taxonomy":"product_brand","embeddable":true,"href":"https:\/\/snus-malmo.se\/sv\/wp-json\/wp\/v2\/product_brand?post=59790"},{"taxonomy":"product_cat","embeddable":true,"href":"https:\/\/snus-malmo.se\/sv\/wp-json\/wp\/v2\/product_cat?post=59790"},{"taxonomy":"product_tag","embeddable":true,"href":"https:\/\/snus-malmo.se\/sv\/wp-json\/wp\/v2\/product_tag?post=59790"}],"curies":[{"name":"wp","href":"https:\/\/api.w.org\/{rel}","templated":true}]}}