{"id":59866,"date":"2025-05-30T20:48:15","date_gmt":"2025-05-30T20:48:15","guid":{"rendered":"https:\/\/snus-malmo.se\/?post_type=product&#038;p=59866"},"modified":"2025-11-22T09:15:24","modified_gmt":"2025-11-22T09:15:24","slug":"zeronito-strawberry-lime-slim","status":"publish","type":"product","link":"https:\/\/snus-malmo.se\/sv\/produkt\/zeronito-strawberry-lime-slim\/","title":{"rendered":"Zeronito Strawberry Lime Slim Nikotinfritt Snus"},"content":{"rendered":"<h1>Zeronito Strawberry Lime Slim<\/h1>\n<div class=\"row\">\n<h2 data-start=\"113\" data-end=\"216\"><strong data-start=\"117\" data-end=\"216\">Zeronito Strawberry Lime Slim \u2013 Nikotinfritt Snus med S\u00f6t Jordgubb och Frisk Lime i Slim-format<\/strong><\/h2>\n<p data-start=\"218\" data-end=\"515\"><strong data-start=\"218\" data-end=\"251\">Zeronito Strawberry Lime Slim<\/strong> erbjuder en unik och uppfriskande smakupplevelse med en h\u00e4rlig blandning av <strong data-start=\"328\" data-end=\"344\">s\u00f6t jordgubb<\/strong> och <strong data-start=\"349\" data-end=\"364\">syrlig lime<\/strong>. Detta <strong data-start=\"372\" data-end=\"391\">nikotinfri snus<\/strong> \u00e4r designat f\u00f6r dig som s\u00f6ker ett alternativ till traditionellt snus utan nikotin eller tobak, men med en fantastisk smak.<\/p>\n<p data-start=\"517\" data-end=\"759\">Det <strong data-start=\"521\" data-end=\"547\">diskreta slim-formatet<\/strong> g\u00f6r prillorna bekv\u00e4ma att anv\u00e4nda och n\u00e4stan osynliga under l\u00e4ppen. Oavsett om du \u00e4r hemma eller p\u00e5 spr\u00e5ng, erbjuder Zeronito Strawberry Lime Slim en fr\u00e4sch och l\u00e5ngvarig smakupplevelse i ett tobaksfritt format.<\/p>\n<hr data-start=\"761\" data-end=\"764\" \/>\n<h3 data-start=\"766\" data-end=\"821\"><strong data-start=\"766\" data-end=\"821\">Produktinformation \u2013 Zeronito Strawberry Lime Slim:<\/strong><\/h3>\n<ul data-start=\"823\" data-end=\"1187\">\n<li data-start=\"823\" data-end=\"850\">\n<p data-start=\"825\" data-end=\"850\"><strong data-start=\"825\" data-end=\"839\">Varum\u00e4rke:<\/strong> Zeronito<\/p>\n<\/li>\n<li data-start=\"851\" data-end=\"913\">\n<p data-start=\"853\" data-end=\"913\"><strong data-start=\"853\" data-end=\"868\">Smakprofil:<\/strong> Jordgubb och Lime \u2013 en s\u00f6t och syrlig smak<\/p>\n<\/li>\n<li data-start=\"914\" data-end=\"956\">\n<p data-start=\"916\" data-end=\"956\"><strong data-start=\"916\" data-end=\"934\">Nikotinstyrka:<\/strong> Nikotinfri (0 mg\/g)<\/p>\n<\/li>\n<li data-start=\"957\" data-end=\"1023\">\n<p data-start=\"959\" data-end=\"1023\"><strong data-start=\"959\" data-end=\"970\">Format:<\/strong> Slim \u2013 diskret och bekv\u00e4m f\u00f6r l\u00e5ngvarig anv\u00e4ndning<\/p>\n<\/li>\n<li data-start=\"1024\" data-end=\"1063\">\n<p data-start=\"1026\" data-end=\"1063\"><strong data-start=\"1026\" data-end=\"1055\">Antal portioner per dosa:<\/strong> Ca 20<\/p>\n<\/li>\n<li data-start=\"1064\" data-end=\"1097\">\n<p data-start=\"1066\" data-end=\"1097\"><strong data-start=\"1066\" data-end=\"1082\">Tillverkare:<\/strong> Microzero AB<\/p>\n<\/li>\n<li data-start=\"1098\" data-end=\"1136\">\n<p data-start=\"1100\" data-end=\"1136\"><strong data-start=\"1100\" data-end=\"1112\">Koffein:<\/strong> Inneh\u00e5ller ej koffein<\/p>\n<\/li>\n<li data-start=\"1137\" data-end=\"1187\">\n<p data-start=\"1139\" data-end=\"1187\"><strong data-start=\"1139\" data-end=\"1153\">Tobaksfri:<\/strong> Ja, helt utan tobak och nikotin<\/p>\n<\/li>\n<\/ul>\n<hr data-start=\"1189\" data-end=\"1192\" \/>\n<h4 data-start=\"1194\" data-end=\"1241\"><strong data-start=\"1194\" data-end=\"1241\">Varf\u00f6r v\u00e4lja Zeronito Strawberry Lime Slim?<\/strong><\/h4>\n<ul data-start=\"1243\" data-end=\"1733\">\n<li data-start=\"1243\" data-end=\"1364\">\n<p data-start=\"1245\" data-end=\"1364\"><strong data-start=\"1245\" data-end=\"1275\">S\u00f6t och uppfriskande smak:<\/strong> En perfekt kombination av jordgubb och lime f\u00f6r en fr\u00e4sch och l\u00e5ngvarig smakupplevelse<\/p>\n<\/li>\n<li data-start=\"1365\" data-end=\"1458\">\n<p data-start=\"1367\" data-end=\"1458\"><strong data-start=\"1367\" data-end=\"1394\">Nikotin- och tobaksfri:<\/strong> Ett bra alternativ f\u00f6r dig som vill undvika nikotin och tobak<\/p>\n<\/li>\n<li data-start=\"1459\" data-end=\"1548\">\n<p data-start=\"1461\" data-end=\"1548\"><strong data-start=\"1461\" data-end=\"1485\">Diskret slim-format:<\/strong> Smidigt och bekv\u00e4mt att anv\u00e4nda n\u00e4r som helst, var som helst<\/p>\n<\/li>\n<li data-start=\"1549\" data-end=\"1623\">\n<p data-start=\"1551\" data-end=\"1623\"><strong data-start=\"1551\" data-end=\"1577\">20 portioner per dosa:<\/strong> F\u00f6r l\u00e5ngvarig anv\u00e4ndning och smakupplevelse<\/p>\n<\/li>\n<li data-start=\"1624\" data-end=\"1733\">\n<p data-start=\"1626\" data-end=\"1733\"><strong data-start=\"1626\" data-end=\"1651\">H\u00e4lsosamt alternativ:<\/strong> F\u00f6r dig som s\u00f6ker ett h\u00e4lsosammare snusalternativ utan beroendeframkallande \u00e4mnen<\/p>\n<\/li>\n<\/ul>\n<hr data-start=\"1735\" data-end=\"1738\" \/>\n<p data-start=\"1740\" data-end=\"1971\"><strong data-start=\"1740\" data-end=\"1773\">Zeronito Strawberry Lime Slim<\/strong> \u00e4r det perfekta valet f\u00f6r dig som vill njuta av en <strong data-start=\"1825\" data-end=\"1848\">s\u00f6t och fr\u00e4sch smak<\/strong> utan nikotin eller tobak. Best\u00e4ll idag och uppt\u00e4ck denna <strong data-start=\"1906\" data-end=\"1937\">uppfriskande smakupplevelse<\/strong> i ett diskret och bekv\u00e4mt format.<\/p>\n<\/div>","protected":false},"excerpt":{"rendered":"<h1>Zeronito Strawberry Lime Slim<\/h1>\n<p><strong data-start=\"98\" data-end=\"131\">Zeronito Strawberry Lime Slim<\/strong> \u00e4r ett <strong data-start=\"139\" data-end=\"176\">nikotinfritt och tobaksfritt snus<\/strong> med en <strong data-start=\"184\" data-end=\"231\">uppfriskande blandning av jordgubb och lime<\/strong>. Den <strong data-start=\"237\" data-end=\"261\">diskreta slim-format<\/strong> g\u00f6r prillorna bekv\u00e4ma och osynliga under l\u00e4ppen, perfekt f\u00f6r dig som s\u00f6ker ett <strong data-start=\"341\" data-end=\"380\" data-is-only-node=\"\">alternativ utan nikotin eller tobak<\/strong>. Njut av en <strong data-start=\"393\" data-end=\"432\">fr\u00e4sch och l\u00e5ngvarig smakupplevelse<\/strong> i ett smidigt, tobaksfritt slimformat.<\/p>","protected":false},"featured_media":59832,"comment_status":"open","ping_status":"closed","template":"","meta":[],"product_brand":[343],"product_cat":[136,76,137,129],"product_tag":[],"class_list":{"0":"post-59866","1":"product","2":"type-product","3":"status-publish","4":"has-post-thumbnail","6":"product_brand-zeronito","7":"product_cat-all-whites","8":"product_cat-nikotinfritt-snus","9":"product_cat-slim","10":"product_cat-zeronito","12":"first","13":"instock","14":"taxable","15":"shipping-taxable","16":"purchasable","17":"product-type-variable"},"_links":{"self":[{"href":"https:\/\/snus-malmo.se\/sv\/wp-json\/wp\/v2\/product\/59866","targetHints":{"allow":["GET"]}}],"collection":[{"href":"https:\/\/snus-malmo.se\/sv\/wp-json\/wp\/v2\/product"}],"about":[{"href":"https:\/\/snus-malmo.se\/sv\/wp-json\/wp\/v2\/types\/product"}],"replies":[{"embeddable":true,"href":"https:\/\/snus-malmo.se\/sv\/wp-json\/wp\/v2\/comments?post=59866"}],"version-history":[{"count":0,"href":"https:\/\/snus-malmo.se\/sv\/wp-json\/wp\/v2\/product\/59866\/revisions"}],"wp:featuredmedia":[{"embeddable":true,"href":"https:\/\/snus-malmo.se\/sv\/wp-json\/wp\/v2\/media\/59832"}],"wp:attachment":[{"href":"https:\/\/snus-malmo.se\/sv\/wp-json\/wp\/v2\/media?parent=59866"}],"wp:term":[{"taxonomy":"product_brand","embeddable":true,"href":"https:\/\/snus-malmo.se\/sv\/wp-json\/wp\/v2\/product_brand?post=59866"},{"taxonomy":"product_cat","embeddable":true,"href":"https:\/\/snus-malmo.se\/sv\/wp-json\/wp\/v2\/product_cat?post=59866"},{"taxonomy":"product_tag","embeddable":true,"href":"https:\/\/snus-malmo.se\/sv\/wp-json\/wp\/v2\/product_tag?post=59866"}],"curies":[{"name":"wp","href":"https:\/\/api.w.org\/{rel}","templated":true}]}}