{"id":59872,"date":"2025-05-30T20:52:48","date_gmt":"2025-05-30T20:52:48","guid":{"rendered":"https:\/\/snus-malmo.se\/?post_type=product&#038;p=59872"},"modified":"2025-11-22T09:15:19","modified_gmt":"2025-11-22T09:15:19","slug":"zeronito-jalapeno-lime-slim-nikotinfritt-snus","status":"publish","type":"product","link":"https:\/\/snus-malmo.se\/sv\/produkt\/zeronito-jalapeno-lime-slim-nikotinfritt-snus\/","title":{"rendered":"Zeronito Jalapen\u00f3 Lime Slim Nikotinfritt Snus"},"content":{"rendered":"<h1>Zeronito Jalapen\u00f3 Lime Slim<\/h1>\n<h1>Zeronito Jalapen\u00f3 Lime Slim Nikotinfritt Snus<\/h1>\n<div class=\"row\">\n<h2 data-start=\"117\" data-end=\"222\"><strong data-start=\"121\" data-end=\"222\">Zeronito Jalape\u00f1o Lime Slim \u2013 Nikotinfritt Snus med Kryddig Jalape\u00f1o och Frisk Lime i Slim-format<\/strong><\/h2>\n<p data-start=\"224\" data-end=\"555\"><strong data-start=\"224\" data-end=\"255\">Zeronito Jalape\u00f1o Lime Slim<\/strong> \u00e4r ett <strong data-start=\"263\" data-end=\"300\">nikotinfritt och tobaksfritt snus<\/strong> som kombinerar den <strong data-start=\"320\" data-end=\"351\">kryddiga smaken av jalape\u00f1o<\/strong> med den <strong data-start=\"360\" data-end=\"375\">friska lime<\/strong>-smaken i ett smidigt <strong data-start=\"397\" data-end=\"412\">slim-format<\/strong>. Perfekt f\u00f6r dig som s\u00f6ker ett <strong data-start=\"444\" data-end=\"464\">alternativt snus<\/strong> utan nikotin och tobak, men som fortfarande vill njuta av en <strong data-start=\"526\" data-end=\"553\">intensiv smakupplevelse<\/strong>.<\/p>\n<p data-start=\"557\" data-end=\"914\">Den h\u00e4r tobaksfria nikotinprodukten ger dig en <strong data-start=\"604\" data-end=\"630\">spicy och uppfriskande<\/strong> k\u00e4nsla med varje prilla, tack vare den <strong data-start=\"670\" data-end=\"695\">kraftiga kryddigheten<\/strong> fr\u00e5n jalape\u00f1o och den <strong data-start=\"718\" data-end=\"734\">syrliga lime<\/strong>-smaken. Zeronito Jalape\u00f1o Lime Slim \u00e4r designad f\u00f6r att vara <strong data-start=\"796\" data-end=\"818\">diskret och bekv\u00e4m<\/strong>, vilket g\u00f6r den perfekt f\u00f6r anv\u00e4ndning under hela dagen \u2013 vare sig du \u00e4r hemma eller p\u00e5 spr\u00e5ng.<\/p>\n<hr data-start=\"916\" data-end=\"919\" \/>\n<h3 data-start=\"921\" data-end=\"974\"><strong data-start=\"921\" data-end=\"974\">Produktinformation \u2013 Zeronito Jalape\u00f1o Lime Slim:<\/strong><\/h3>\n<ul data-start=\"976\" data-end=\"1352\">\n<li data-start=\"976\" data-end=\"1003\">\n<p data-start=\"978\" data-end=\"1003\"><strong data-start=\"978\" data-end=\"992\">Varum\u00e4rke:<\/strong> Zeronito<\/p>\n<\/li>\n<li data-start=\"1004\" data-end=\"1076\">\n<p data-start=\"1006\" data-end=\"1076\"><strong data-start=\"1006\" data-end=\"1021\">Smakprofil:<\/strong> Jalape\u00f1o och Lime \u2013 kryddig, syrlig och uppfriskande<\/p>\n<\/li>\n<li data-start=\"1077\" data-end=\"1119\">\n<p data-start=\"1079\" data-end=\"1119\"><strong data-start=\"1079\" data-end=\"1097\">Nikotinstyrka:<\/strong> Nikotinfri (0 mg\/g)<\/p>\n<\/li>\n<li data-start=\"1120\" data-end=\"1186\">\n<p data-start=\"1122\" data-end=\"1186\"><strong data-start=\"1122\" data-end=\"1133\">Format:<\/strong> Slim \u2013 diskret och bekv\u00e4m f\u00f6r l\u00e5ngvarig anv\u00e4ndning<\/p>\n<\/li>\n<li data-start=\"1187\" data-end=\"1226\">\n<p data-start=\"1189\" data-end=\"1226\"><strong data-start=\"1189\" data-end=\"1218\">Antal portioner per dosa:<\/strong> Ca 20<\/p>\n<\/li>\n<li data-start=\"1227\" data-end=\"1260\">\n<p data-start=\"1229\" data-end=\"1260\"><strong data-start=\"1229\" data-end=\"1245\">Tillverkare:<\/strong> Microzero AB<\/p>\n<\/li>\n<li data-start=\"1261\" data-end=\"1301\">\n<p data-start=\"1263\" data-end=\"1301\"><strong data-start=\"1263\" data-end=\"1275\">Koffein:<\/strong> Inneh\u00e5ller inte koffein<\/p>\n<\/li>\n<li data-start=\"1302\" data-end=\"1352\">\n<p data-start=\"1304\" data-end=\"1352\"><strong data-start=\"1304\" data-end=\"1318\">Tobaksfri:<\/strong> Ja, helt utan tobak och nikotin<\/p>\n<\/li>\n<\/ul>\n<hr data-start=\"1354\" data-end=\"1357\" \/>\n<h4 data-start=\"1359\" data-end=\"1404\"><strong data-start=\"1359\" data-end=\"1404\">Varf\u00f6r v\u00e4lja Zeronito Jalape\u00f1o Lime Slim?<\/strong><\/h4>\n<ul data-start=\"1406\" data-end=\"2005\">\n<li data-start=\"1406\" data-end=\"1537\">\n<p data-start=\"1408\" data-end=\"1537\"><strong data-start=\"1408\" data-end=\"1442\">Kryddig och uppfriskande smak:<\/strong> En unik blandning av <strong data-start=\"1464\" data-end=\"1476\">jalape\u00f1o<\/strong> och <strong data-start=\"1481\" data-end=\"1489\">lime<\/strong> f\u00f6r en sp\u00e4nnande och l\u00e5ngvarig smakupplevelse<\/p>\n<\/li>\n<li data-start=\"1538\" data-end=\"1635\">\n<p data-start=\"1540\" data-end=\"1635\"><strong data-start=\"1540\" data-end=\"1567\">Nikotin- och tobaksfri:<\/strong> Ett perfekt alternativ f\u00f6r dig som vill undvika nikotin och tobak<\/p>\n<\/li>\n<li data-start=\"1636\" data-end=\"1762\">\n<p data-start=\"1638\" data-end=\"1762\"><strong data-start=\"1638\" data-end=\"1662\">Diskret slim-format:<\/strong> Passar alla tillf\u00e4llen och anv\u00e4ndning i alla milj\u00f6er \u2013 hemma, p\u00e5 jobbet eller n\u00e4r du \u00e4r p\u00e5 spr\u00e5ng<\/p>\n<\/li>\n<li data-start=\"1763\" data-end=\"1884\">\n<p data-start=\"1765\" data-end=\"1884\"><strong data-start=\"1765\" data-end=\"1791\">20 portioner per dosa:<\/strong> Varje dosa inneh\u00e5ller <strong data-start=\"1814\" data-end=\"1830\">20 portioner<\/strong>, vilket ger l\u00e5ngvarig anv\u00e4ndning och smakupplevelse<\/p>\n<\/li>\n<li data-start=\"1885\" data-end=\"2005\">\n<p data-start=\"1887\" data-end=\"2005\"><strong data-start=\"1887\" data-end=\"1927\">Perfekt f\u00f6r h\u00e4lsomedvetna anv\u00e4ndare:<\/strong> F\u00f6r dig som s\u00f6ker ett h\u00e4lsosammare alternativ utan beroendeframkallande \u00e4mnen<\/p>\n<\/li>\n<\/ul>\n<hr data-start=\"2007\" data-end=\"2010\" \/>\n<p data-start=\"2012\" data-end=\"2240\"><strong data-start=\"2012\" data-end=\"2043\">Zeronito Jalape\u00f1o Lime Slim<\/strong> ger dig en <strong data-start=\"2055\" data-end=\"2086\">spicy och uppfriskande smak<\/strong> i ett <strong data-start=\"2093\" data-end=\"2132\">nikotinfritt och tobaksfritt format<\/strong>. Best\u00e4ll nu och upplev den kryddiga kombinationen av <strong data-start=\"2186\" data-end=\"2207\">jalape\u00f1o och lime<\/strong> \u2013 helt utan nikotin eller tobak.<\/p>\n<\/div>","protected":false},"excerpt":{"rendered":"<h1>Zeronito Jalapen\u00f3 Lime Slim<\/h1>\n<p><strong data-start=\"96\" data-end=\"127\">Zeronito Jalape\u00f1o Lime Slim<\/strong> \u00e4r ett <strong data-start=\"135\" data-end=\"172\">nikotinfritt och tobaksfritt snus<\/strong> med en <strong data-start=\"180\" data-end=\"205\">kryddig jalape\u00f1o-smak<\/strong> och en <strong data-start=\"213\" data-end=\"236\">frisk lime-efterton<\/strong>. Denna <strong data-start=\"244\" data-end=\"268\" data-is-only-node=\"\">diskreta slim-format<\/strong> ger l\u00e5ngvarig njutning utan nikotin eller tobak. Perfekt f\u00f6r dig som vill ha en <strong data-start=\"349\" data-end=\"377\">uppfriskande och kryddig<\/strong> smakupplevelse i ett <strong data-start=\"399\" data-end=\"414\">slim-format<\/strong> f\u00f6r bekv\u00e4m och diskret anv\u00e4ndning.<\/p>","protected":false},"featured_media":59903,"comment_status":"open","ping_status":"closed","template":"","meta":[],"product_brand":[343],"product_cat":[136,76,137,129],"product_tag":[],"class_list":{"0":"post-59872","1":"product","2":"type-product","3":"status-publish","4":"has-post-thumbnail","6":"product_brand-zeronito","7":"product_cat-all-whites","8":"product_cat-nikotinfritt-snus","9":"product_cat-slim","10":"product_cat-zeronito","12":"first","13":"instock","14":"taxable","15":"shipping-taxable","16":"purchasable","17":"product-type-variable"},"_links":{"self":[{"href":"https:\/\/snus-malmo.se\/sv\/wp-json\/wp\/v2\/product\/59872","targetHints":{"allow":["GET"]}}],"collection":[{"href":"https:\/\/snus-malmo.se\/sv\/wp-json\/wp\/v2\/product"}],"about":[{"href":"https:\/\/snus-malmo.se\/sv\/wp-json\/wp\/v2\/types\/product"}],"replies":[{"embeddable":true,"href":"https:\/\/snus-malmo.se\/sv\/wp-json\/wp\/v2\/comments?post=59872"}],"version-history":[{"count":0,"href":"https:\/\/snus-malmo.se\/sv\/wp-json\/wp\/v2\/product\/59872\/revisions"}],"wp:featuredmedia":[{"embeddable":true,"href":"https:\/\/snus-malmo.se\/sv\/wp-json\/wp\/v2\/media\/59903"}],"wp:attachment":[{"href":"https:\/\/snus-malmo.se\/sv\/wp-json\/wp\/v2\/media?parent=59872"}],"wp:term":[{"taxonomy":"product_brand","embeddable":true,"href":"https:\/\/snus-malmo.se\/sv\/wp-json\/wp\/v2\/product_brand?post=59872"},{"taxonomy":"product_cat","embeddable":true,"href":"https:\/\/snus-malmo.se\/sv\/wp-json\/wp\/v2\/product_cat?post=59872"},{"taxonomy":"product_tag","embeddable":true,"href":"https:\/\/snus-malmo.se\/sv\/wp-json\/wp\/v2\/product_tag?post=59872"}],"curies":[{"name":"wp","href":"https:\/\/api.w.org\/{rel}","templated":true}]}}