{"id":59941,"date":"2025-05-31T17:45:32","date_gmt":"2025-05-31T17:45:32","guid":{"rendered":"https:\/\/snus-malmo.se\/?post_type=product&#038;p=59941"},"modified":"2025-11-22T09:15:15","modified_gmt":"2025-11-22T09:15:15","slug":"zeronito-mint","status":"publish","type":"product","link":"https:\/\/snus-malmo.se\/sv\/produkt\/zeronito-mint\/","title":{"rendered":"Zeronito Mint Nikotinfritt Snus"},"content":{"rendered":"<h1 data-start=\"100\" data-end=\"181\"><strong data-start=\"104\" data-end=\"181\">Zeronito Mint Large<\/strong><\/h1>\n<h2 data-start=\"100\" data-end=\"181\"><strong data-start=\"104\" data-end=\"181\">Zeronito Mint Large \u2013 Nikotinfritt Snus med Frisk Mintsmak i Large-format<\/strong><\/h2>\n<p data-start=\"183\" data-end=\"484\"><strong data-start=\"183\" data-end=\"206\">Zeronito Mint Large<\/strong> \u00e4r ett <strong data-start=\"214\" data-end=\"235\">nikotinfritt snus<\/strong> fr\u00e5n <strong data-start=\"241\" data-end=\"253\">Zeronito<\/strong>, som erbjuder en <strong data-start=\"271\" data-end=\"306\">frisk och uppfriskande mintsmak<\/strong> i ett <strong data-start=\"313\" data-end=\"329\">large-format<\/strong>. Den tobaksfria produkten ger en l\u00e5ngvarig och smakrik upplevelse utan nikotin eller tobak, perfekt f\u00f6r dig som s\u00f6ker en <strong data-start=\"451\" data-end=\"467\">ren mintsmak<\/strong> som varar l\u00e4nge.<\/p>\n<p data-start=\"486\" data-end=\"707\">Med sitt <strong data-start=\"495\" data-end=\"511\">large-format<\/strong> f\u00e5r du l\u00e4ngre anv\u00e4ndning och njutning av den uppfriskande mintsmaken. Varje dosa inneh\u00e5ller <strong data-start=\"604\" data-end=\"620\">20 portioner<\/strong>, vilket g\u00f6r det enkelt att njuta av den fr\u00e4scha mintupplevelsen under l\u00e4ngre perioder.<\/p>\n<hr data-start=\"709\" data-end=\"712\" \/>\n<h3 data-start=\"714\" data-end=\"761\"><strong data-start=\"714\" data-end=\"761\">Produktinformation f\u00f6r Zeronito Mint Large:<\/strong><\/h3>\n<ul data-start=\"763\" data-end=\"1333\">\n<li data-start=\"763\" data-end=\"790\">\n<p data-start=\"765\" data-end=\"790\"><strong data-start=\"765\" data-end=\"779\">Varum\u00e4rke:<\/strong> Zeronito<\/p>\n<\/li>\n<li data-start=\"791\" data-end=\"828\">\n<p data-start=\"793\" data-end=\"828\"><strong data-start=\"793\" data-end=\"808\">Produkttyp:<\/strong> Nikotinfritt snus<\/p>\n<\/li>\n<li data-start=\"829\" data-end=\"887\">\n<p data-start=\"831\" data-end=\"887\"><strong data-start=\"831\" data-end=\"846\">Smakprofil:<\/strong> Mint \u2013 frisk och uppfriskande mintsmak<\/p>\n<\/li>\n<li data-start=\"888\" data-end=\"930\">\n<p data-start=\"890\" data-end=\"930\"><strong data-start=\"890\" data-end=\"908\">Nikotinstyrka:<\/strong> Nikotinfri (0 mg\/g)<\/p>\n<\/li>\n<li data-start=\"931\" data-end=\"996\">\n<p data-start=\"933\" data-end=\"996\"><strong data-start=\"933\" data-end=\"944\">Format:<\/strong> Large \u2013 st\u00f6rre portioner f\u00f6r l\u00e5ngvarig anv\u00e4ndning<\/p>\n<\/li>\n<li data-start=\"997\" data-end=\"1031\">\n<p data-start=\"999\" data-end=\"1031\"><strong data-start=\"999\" data-end=\"1026\">Antal prillor per dosa:<\/strong> 20<\/p>\n<\/li>\n<li data-start=\"1032\" data-end=\"1059\">\n<p data-start=\"1034\" data-end=\"1059\"><strong data-start=\"1034\" data-end=\"1052\">Vikt per dosa:<\/strong> 14 g<\/p>\n<\/li>\n<li data-start=\"1060\" data-end=\"1091\">\n<p data-start=\"1062\" data-end=\"1091\"><strong data-start=\"1062\" data-end=\"1083\">Vikt per portion:<\/strong> 0,7 g<\/p>\n<\/li>\n<li data-start=\"1092\" data-end=\"1123\">\n<p data-start=\"1094\" data-end=\"1123\"><strong data-start=\"1094\" data-end=\"1117\">Inneh\u00e5ller nikotin:<\/strong> Nej<\/p>\n<\/li>\n<li data-start=\"1124\" data-end=\"1155\">\n<p data-start=\"1126\" data-end=\"1155\"><strong data-start=\"1126\" data-end=\"1149\">Inneh\u00e5ller koffein:<\/strong> Nej<\/p>\n<\/li>\n<li data-start=\"1156\" data-end=\"1189\">\n<p data-start=\"1158\" data-end=\"1189\"><strong data-start=\"1158\" data-end=\"1174\">Tillverkare:<\/strong> Microzero AB<\/p>\n<\/li>\n<li data-start=\"1190\" data-end=\"1333\">\n<p data-start=\"1192\" data-end=\"1333\"><strong data-start=\"1192\" data-end=\"1209\">Ingredienser:<\/strong> V\u00e4xtfiber, vatten, salt, aromer, xylitol, f\u00f6rtjockningsmedel (E401), surhetsreglerande medel (E500), s\u00f6tningsmedel (E950)<\/p>\n<\/li>\n<\/ul>\n<hr data-start=\"1335\" data-end=\"1338\" \/>\n<h4 data-start=\"1340\" data-end=\"1395\"><strong data-start=\"1340\" data-end=\"1395\">Varf\u00f6r v\u00e4lja Zeronito Mint Large Nikotinfritt Snus?<\/strong><\/h4>\n<ul data-start=\"1397\" data-end=\"1875\">\n<li data-start=\"1397\" data-end=\"1479\">\n<p data-start=\"1399\" data-end=\"1479\"><strong data-start=\"1399\" data-end=\"1421\">Nikotinfritt snus:<\/strong> F\u00f6r en fr\u00e4sch och ren mintsmak utan nikotin eller tobak<\/p>\n<\/li>\n<li data-start=\"1480\" data-end=\"1564\">\n<p data-start=\"1482\" data-end=\"1564\"><strong data-start=\"1482\" data-end=\"1501\">Frisk mintsmak:<\/strong> Ger en kylig och uppfriskande k\u00e4nsla under hela anv\u00e4ndningen<\/p>\n<\/li>\n<li data-start=\"1565\" data-end=\"1648\">\n<p data-start=\"1567\" data-end=\"1648\"><strong data-start=\"1567\" data-end=\"1584\">Large-format:<\/strong> Perfekt f\u00f6r l\u00e5ngvarig anv\u00e4ndning och fler njutningstillf\u00e4llen<\/p>\n<\/li>\n<li data-start=\"1649\" data-end=\"1719\">\n<p data-start=\"1651\" data-end=\"1719\"><strong data-start=\"1651\" data-end=\"1665\">Tobaksfri:<\/strong> Fr\u00e4sch andedr\u00e4kt och ingen missf\u00e4rgning av t\u00e4nderna<\/p>\n<\/li>\n<li data-start=\"1720\" data-end=\"1797\">\n<p data-start=\"1722\" data-end=\"1797\"><strong data-start=\"1722\" data-end=\"1748\">20 portioner per dosa:<\/strong> L\u00e5ngvarig anv\u00e4ndning f\u00f6r flera smakupplevelser<\/p>\n<\/li>\n<li data-start=\"1798\" data-end=\"1875\">\n<p data-start=\"1800\" data-end=\"1875\"><strong data-start=\"1800\" data-end=\"1831\">Perfekt f\u00f6r alla anv\u00e4ndare:<\/strong> Passar b\u00e5de nyb\u00f6rjare och erfarna anv\u00e4ndare<\/p>\n<\/li>\n<\/ul>\n<hr data-start=\"1877\" data-end=\"1880\" \/>\n<p data-start=\"1882\" data-end=\"2113\"><strong data-start=\"1882\" data-end=\"1905\">Zeronito Mint Large<\/strong> \u00e4r det perfekta valet f\u00f6r dig som s\u00f6ker ett <strong data-start=\"1950\" data-end=\"1971\">nikotinfritt snus<\/strong> med en <strong data-start=\"1979\" data-end=\"2005\">ren och frisk mintsmak<\/strong> i ett <strong data-start=\"2012\" data-end=\"2028\">large-format<\/strong>. Best\u00e4ll idag och njut av en <strong data-start=\"2058\" data-end=\"2099\">l\u00e5ngvarig och intensiv mintupplevelse<\/strong> utan nikotin.<\/p>\n<p>&nbsp;<\/p>","protected":false},"excerpt":{"rendered":"<h1 data-start=\"100\" data-end=\"181\"><strong data-start=\"104\" data-end=\"181\">Zeronito Mint Large<\/strong><\/h1>\n<p>Zeronito Mint Large \u00e4r ett nikotinfritt snus med en uppfriskande mintsmak. Den tobaksfria produkten kommer i ett large-format med 20 portioner per dosa f\u00f6r l\u00e5ngvarig njutning. Perfekt f\u00f6r dig som vill ha en fr\u00e4sch och ren mintsmak utan nikotin eller tobak.<\/p>","protected":false},"featured_media":59926,"comment_status":"open","ping_status":"closed","template":"","meta":[],"product_brand":[343],"product_cat":[136,76,348,129],"product_tag":[],"class_list":{"0":"post-59941","1":"product","2":"type-product","3":"status-publish","4":"has-post-thumbnail","6":"product_brand-zeronito","7":"product_cat-all-whites","8":"product_cat-nikotinfritt-snus","9":"product_cat-regular-large","10":"product_cat-zeronito","12":"first","13":"instock","14":"taxable","15":"shipping-taxable","16":"purchasable","17":"product-type-variable"},"_links":{"self":[{"href":"https:\/\/snus-malmo.se\/sv\/wp-json\/wp\/v2\/product\/59941","targetHints":{"allow":["GET"]}}],"collection":[{"href":"https:\/\/snus-malmo.se\/sv\/wp-json\/wp\/v2\/product"}],"about":[{"href":"https:\/\/snus-malmo.se\/sv\/wp-json\/wp\/v2\/types\/product"}],"replies":[{"embeddable":true,"href":"https:\/\/snus-malmo.se\/sv\/wp-json\/wp\/v2\/comments?post=59941"}],"version-history":[{"count":0,"href":"https:\/\/snus-malmo.se\/sv\/wp-json\/wp\/v2\/product\/59941\/revisions"}],"wp:featuredmedia":[{"embeddable":true,"href":"https:\/\/snus-malmo.se\/sv\/wp-json\/wp\/v2\/media\/59926"}],"wp:attachment":[{"href":"https:\/\/snus-malmo.se\/sv\/wp-json\/wp\/v2\/media?parent=59941"}],"wp:term":[{"taxonomy":"product_brand","embeddable":true,"href":"https:\/\/snus-malmo.se\/sv\/wp-json\/wp\/v2\/product_brand?post=59941"},{"taxonomy":"product_cat","embeddable":true,"href":"https:\/\/snus-malmo.se\/sv\/wp-json\/wp\/v2\/product_cat?post=59941"},{"taxonomy":"product_tag","embeddable":true,"href":"https:\/\/snus-malmo.se\/sv\/wp-json\/wp\/v2\/product_tag?post=59941"}],"curies":[{"name":"wp","href":"https:\/\/api.w.org\/{rel}","templated":true}]}}