{"id":59946,"date":"2025-05-31T17:47:17","date_gmt":"2025-05-31T17:47:17","guid":{"rendered":"https:\/\/snus-malmo.se\/?post_type=product&#038;p=59946"},"modified":"2025-11-22T09:15:10","modified_gmt":"2025-11-22T09:15:10","slug":"zeronito-icy-mint","status":"publish","type":"product","link":"https:\/\/snus-malmo.se\/sv\/produkt\/zeronito-icy-mint\/","title":{"rendered":"Zeronito Icy Mint Nikotinfritt Snus"},"content":{"rendered":"<h1 data-start=\"104\" data-end=\"191\"><strong data-start=\"108\" data-end=\"191\">Zeronito Icy Mint<\/strong><\/h1>\n<h2 data-start=\"104\" data-end=\"191\"><strong data-start=\"108\" data-end=\"191\">Zeronito Icy Mint Large \u2013 Nikotinfritt Snus med Kylande Mintsmak i Large-format<\/strong><\/h2>\n<p data-start=\"193\" data-end=\"510\"><strong data-start=\"193\" data-end=\"220\">Zeronito Icy Mint Large<\/strong> \u00e4r ett <strong data-start=\"228\" data-end=\"249\">nikotinfritt snus<\/strong> fr\u00e5n <strong data-start=\"255\" data-end=\"267\">Zeronito<\/strong>, som erbjuder en <strong data-start=\"285\" data-end=\"305\">kylande mintsmak<\/strong> i ett <strong data-start=\"312\" data-end=\"328\">large-format<\/strong>. Denna tobaksfria produkt ger en l\u00e5ngvarig, uppfriskande smakupplevelse utan nikotin eller tobak, perfekt f\u00f6r dig som s\u00f6ker en <strong data-start=\"456\" data-end=\"477\">intensiv mintsmak<\/strong> och en fr\u00e4sch k\u00e4nsla hela dagen.<\/p>\n<p data-start=\"512\" data-end=\"715\">Med sitt <strong data-start=\"521\" data-end=\"537\">large-format<\/strong> f\u00e5r du l\u00e4ngre anv\u00e4ndning av denna <strong data-start=\"572\" data-end=\"597\">uppfriskande mintsmak<\/strong>. Varje dosa inneh\u00e5ller <strong data-start=\"621\" data-end=\"637\">20 portioner<\/strong>, vilket g\u00f6r det enkelt att njuta av den kylande effekten under en l\u00e4ngre tid.<\/p>\n<hr data-start=\"717\" data-end=\"720\" \/>\n<h3 data-start=\"722\" data-end=\"773\"><strong data-start=\"722\" data-end=\"773\">Produktinformation f\u00f6r Zeronito Icy Mint Large:<\/strong><\/h3>\n<ul data-start=\"775\" data-end=\"1334\">\n<li data-start=\"775\" data-end=\"802\">\n<p data-start=\"777\" data-end=\"802\"><strong data-start=\"777\" data-end=\"791\">Varum\u00e4rke:<\/strong> Zeronito<\/p>\n<\/li>\n<li data-start=\"803\" data-end=\"840\">\n<p data-start=\"805\" data-end=\"840\"><strong data-start=\"805\" data-end=\"820\">Produkttyp:<\/strong> Nikotinfritt snus<\/p>\n<\/li>\n<li data-start=\"841\" data-end=\"888\">\n<p data-start=\"843\" data-end=\"888\"><strong data-start=\"843\" data-end=\"858\">Smakprofil:<\/strong> Icy Mint \u2013 kylande mintsmak<\/p>\n<\/li>\n<li data-start=\"889\" data-end=\"931\">\n<p data-start=\"891\" data-end=\"931\"><strong data-start=\"891\" data-end=\"909\">Nikotinstyrka:<\/strong> Nikotinfri (0 mg\/g)<\/p>\n<\/li>\n<li data-start=\"932\" data-end=\"997\">\n<p data-start=\"934\" data-end=\"997\"><strong data-start=\"934\" data-end=\"945\">Format:<\/strong> Large \u2013 st\u00f6rre portioner f\u00f6r l\u00e5ngvarig anv\u00e4ndning<\/p>\n<\/li>\n<li data-start=\"998\" data-end=\"1032\">\n<p data-start=\"1000\" data-end=\"1032\"><strong data-start=\"1000\" data-end=\"1027\">Antal prillor per dosa:<\/strong> 20<\/p>\n<\/li>\n<li data-start=\"1033\" data-end=\"1060\">\n<p data-start=\"1035\" data-end=\"1060\"><strong data-start=\"1035\" data-end=\"1053\">Vikt per dosa:<\/strong> 14 g<\/p>\n<\/li>\n<li data-start=\"1061\" data-end=\"1092\">\n<p data-start=\"1063\" data-end=\"1092\"><strong data-start=\"1063\" data-end=\"1084\">Vikt per portion:<\/strong> 0,7 g<\/p>\n<\/li>\n<li data-start=\"1093\" data-end=\"1124\">\n<p data-start=\"1095\" data-end=\"1124\"><strong data-start=\"1095\" data-end=\"1118\">Inneh\u00e5ller nikotin:<\/strong> Nej<\/p>\n<\/li>\n<li data-start=\"1125\" data-end=\"1156\">\n<p data-start=\"1127\" data-end=\"1156\"><strong data-start=\"1127\" data-end=\"1150\">Inneh\u00e5ller koffein:<\/strong> Nej<\/p>\n<\/li>\n<li data-start=\"1157\" data-end=\"1190\">\n<p data-start=\"1159\" data-end=\"1190\"><strong data-start=\"1159\" data-end=\"1175\">Tillverkare:<\/strong> Microzero AB<\/p>\n<\/li>\n<li data-start=\"1191\" data-end=\"1334\">\n<p data-start=\"1193\" data-end=\"1334\"><strong data-start=\"1193\" data-end=\"1210\">Ingredienser:<\/strong> V\u00e4xtfiber, vatten, salt, aromer, xylitol, f\u00f6rtjockningsmedel (E401), surhetsreglerande medel (E500), s\u00f6tningsmedel (E950)<\/p>\n<\/li>\n<\/ul>\n<hr data-start=\"1336\" data-end=\"1339\" \/>\n<h4 data-start=\"1341\" data-end=\"1400\"><strong data-start=\"1341\" data-end=\"1400\">Varf\u00f6r v\u00e4lja Zeronito Icy Mint Large Nikotinfritt Snus?<\/strong><\/h4>\n<ul data-start=\"1402\" data-end=\"1873\">\n<li data-start=\"1402\" data-end=\"1482\">\n<p data-start=\"1404\" data-end=\"1482\"><strong data-start=\"1404\" data-end=\"1426\">Nikotinfritt snus:<\/strong> F\u00f6r en uppfriskande mintsmak utan nikotin eller tobak<\/p>\n<\/li>\n<li data-start=\"1483\" data-end=\"1562\">\n<p data-start=\"1485\" data-end=\"1562\"><strong data-start=\"1485\" data-end=\"1506\">Kylande mintsmak:<\/strong> Ger en kall och fr\u00e4sch k\u00e4nsla under hela anv\u00e4ndningen<\/p>\n<\/li>\n<li data-start=\"1563\" data-end=\"1646\">\n<p data-start=\"1565\" data-end=\"1646\"><strong data-start=\"1565\" data-end=\"1582\">Large-format:<\/strong> Perfekt f\u00f6r l\u00e5ngvarig anv\u00e4ndning och fler njutningstillf\u00e4llen<\/p>\n<\/li>\n<li data-start=\"1647\" data-end=\"1717\">\n<p data-start=\"1649\" data-end=\"1717\"><strong data-start=\"1649\" data-end=\"1663\">Tobaksfri:<\/strong> Fr\u00e4sch andedr\u00e4kt och ingen missf\u00e4rgning av t\u00e4nderna<\/p>\n<\/li>\n<li data-start=\"1718\" data-end=\"1795\">\n<p data-start=\"1720\" data-end=\"1795\"><strong data-start=\"1720\" data-end=\"1746\">20 portioner per dosa:<\/strong> L\u00e5ngvarig anv\u00e4ndning f\u00f6r flera smakupplevelser<\/p>\n<\/li>\n<li data-start=\"1796\" data-end=\"1873\">\n<p data-start=\"1798\" data-end=\"1873\"><strong data-start=\"1798\" data-end=\"1829\">Perfekt f\u00f6r alla anv\u00e4ndare:<\/strong> Passar b\u00e5de nyb\u00f6rjare och erfarna anv\u00e4ndare<\/p>\n<\/li>\n<\/ul>\n<hr data-start=\"1875\" data-end=\"1878\" \/>\n<p data-start=\"1880\" data-end=\"2106\"><strong data-start=\"1880\" data-end=\"1907\">Zeronito Icy Mint Large<\/strong> \u00e4r det perfekta valet f\u00f6r dig som s\u00f6ker ett <strong data-start=\"1952\" data-end=\"1973\">nikotinfritt snus<\/strong> med en <strong data-start=\"1981\" data-end=\"2001\">kylande mintsmak<\/strong> i ett <strong data-start=\"2008\" data-end=\"2024\">large-format<\/strong>. Best\u00e4ll idag och upplev en <strong data-start=\"2053\" data-end=\"2092\">l\u00e5ngvarig, fr\u00e4sch och intensiv smak<\/strong> utan nikotin.<\/p>\n<h2><\/h2>","protected":false},"excerpt":{"rendered":"<h1 data-start=\"104\" data-end=\"191\"><strong data-start=\"108\" data-end=\"191\">Zeronito Icy Mint<\/strong><\/h1>\n<p>Zeronito Icy Mint Large \u00e4r ett nikotinfritt snus med en kylande mintsmak. Den tobaksfria produkten kommer i ett large-format med 20 portioner per dosa f\u00f6r l\u00e5ngvarig njutning. Perfekt f\u00f6r dig som s\u00f6ker en fr\u00e4sch och uppfriskande mintupplevelse utan nikotin eller tobak.<\/p>","protected":false},"featured_media":59931,"comment_status":"open","ping_status":"closed","template":"","meta":[],"product_brand":[343],"product_cat":[136,76,348,129],"product_tag":[],"class_list":{"0":"post-59946","1":"product","2":"type-product","3":"status-publish","4":"has-post-thumbnail","6":"product_brand-zeronito","7":"product_cat-all-whites","8":"product_cat-nikotinfritt-snus","9":"product_cat-regular-large","10":"product_cat-zeronito","12":"first","13":"instock","14":"taxable","15":"shipping-taxable","16":"purchasable","17":"product-type-variable"},"_links":{"self":[{"href":"https:\/\/snus-malmo.se\/sv\/wp-json\/wp\/v2\/product\/59946","targetHints":{"allow":["GET"]}}],"collection":[{"href":"https:\/\/snus-malmo.se\/sv\/wp-json\/wp\/v2\/product"}],"about":[{"href":"https:\/\/snus-malmo.se\/sv\/wp-json\/wp\/v2\/types\/product"}],"replies":[{"embeddable":true,"href":"https:\/\/snus-malmo.se\/sv\/wp-json\/wp\/v2\/comments?post=59946"}],"version-history":[{"count":0,"href":"https:\/\/snus-malmo.se\/sv\/wp-json\/wp\/v2\/product\/59946\/revisions"}],"wp:featuredmedia":[{"embeddable":true,"href":"https:\/\/snus-malmo.se\/sv\/wp-json\/wp\/v2\/media\/59931"}],"wp:attachment":[{"href":"https:\/\/snus-malmo.se\/sv\/wp-json\/wp\/v2\/media?parent=59946"}],"wp:term":[{"taxonomy":"product_brand","embeddable":true,"href":"https:\/\/snus-malmo.se\/sv\/wp-json\/wp\/v2\/product_brand?post=59946"},{"taxonomy":"product_cat","embeddable":true,"href":"https:\/\/snus-malmo.se\/sv\/wp-json\/wp\/v2\/product_cat?post=59946"},{"taxonomy":"product_tag","embeddable":true,"href":"https:\/\/snus-malmo.se\/sv\/wp-json\/wp\/v2\/product_tag?post=59946"}],"curies":[{"name":"wp","href":"https:\/\/api.w.org\/{rel}","templated":true}]}}