{"id":59953,"date":"2025-05-31T17:48:28","date_gmt":"2025-05-31T17:48:28","guid":{"rendered":"https:\/\/snus-malmo.se\/?post_type=product&#038;p=59953"},"modified":"2025-11-22T09:15:05","modified_gmt":"2025-11-22T09:15:05","slug":"zeronito-stark-orginal-large","status":"publish","type":"product","link":"https:\/\/snus-malmo.se\/sv\/produkt\/zeronito-stark-orginal-large\/","title":{"rendered":"Zeronito Stark Orginal Large Nikotinfritt Snus"},"content":{"rendered":"<h1>Zeronito Stark Orginal Large<\/h1>\n<h2 data-start=\"110\" data-end=\"201\"><strong data-start=\"114\" data-end=\"201\">Zeronito Stark Original Large \u2013 Nikotinfritt Snus med Kraftfull Smak i Large-format<\/strong><\/h2>\n<p data-start=\"203\" data-end=\"514\"><strong data-start=\"203\" data-end=\"236\">Zeronito Stark Original Large<\/strong> \u00e4r ett <strong data-start=\"244\" data-end=\"265\">nikotinfritt snus<\/strong> fr\u00e5n <strong data-start=\"271\" data-end=\"283\">Zeronito<\/strong> som erbjuder en <strong data-start=\"300\" data-end=\"337\">kraftfull och fyllig originalsmak<\/strong> i ett <strong data-start=\"344\" data-end=\"360\">large-format<\/strong>. Denna tobaksfria produkt ger en l\u00e5ngvarig och smakrik upplevelse utan nikotin eller tobak. Perfekt f\u00f6r den som s\u00f6ker ett starkt alternativ utan nikotin.<\/p>\n<p data-start=\"516\" data-end=\"755\">Med sitt <strong data-start=\"525\" data-end=\"541\">large-format<\/strong> f\u00e5r du l\u00e4ngre anv\u00e4ndning och njutning av den klassiska, kraftiga originalsmaken. Varje dosa v\u00e4ger <strong data-start=\"640\" data-end=\"648\">14 g<\/strong> och inneh\u00e5ller <strong data-start=\"664\" data-end=\"680\">20 portioner<\/strong>, vilket g\u00f6r att du kan uppleva en <strong data-start=\"715\" data-end=\"732\">intensiv smak<\/strong> under l\u00e4ngre perioder.<\/p>\n<hr data-start=\"757\" data-end=\"760\" \/>\n<h3 data-start=\"762\" data-end=\"819\"><strong data-start=\"762\" data-end=\"819\">Produktinformation f\u00f6r Zeronito Stark Original Large:<\/strong><\/h3>\n<ul data-start=\"821\" data-end=\"1389\">\n<li data-start=\"821\" data-end=\"848\">\n<p data-start=\"823\" data-end=\"848\"><strong data-start=\"823\" data-end=\"837\">Varum\u00e4rke:<\/strong> Zeronito<\/p>\n<\/li>\n<li data-start=\"849\" data-end=\"886\">\n<p data-start=\"851\" data-end=\"886\"><strong data-start=\"851\" data-end=\"866\">Produkttyp:<\/strong> Nikotinfritt snus<\/p>\n<\/li>\n<li data-start=\"887\" data-end=\"943\">\n<p data-start=\"889\" data-end=\"943\"><strong data-start=\"889\" data-end=\"904\">Smakprofil:<\/strong> Original \u2013 kraftfull och fyllig smak<\/p>\n<\/li>\n<li data-start=\"944\" data-end=\"986\">\n<p data-start=\"946\" data-end=\"986\"><strong data-start=\"946\" data-end=\"964\">Nikotinstyrka:<\/strong> Nikotinfri (0 mg\/g)<\/p>\n<\/li>\n<li data-start=\"987\" data-end=\"1052\">\n<p data-start=\"989\" data-end=\"1052\"><strong data-start=\"989\" data-end=\"1000\">Format:<\/strong> Large \u2013 st\u00f6rre portioner f\u00f6r l\u00e5ngvarig anv\u00e4ndning<\/p>\n<\/li>\n<li data-start=\"1053\" data-end=\"1087\">\n<p data-start=\"1055\" data-end=\"1087\"><strong data-start=\"1055\" data-end=\"1082\">Antal prillor per dosa:<\/strong> 20<\/p>\n<\/li>\n<li data-start=\"1088\" data-end=\"1115\">\n<p data-start=\"1090\" data-end=\"1115\"><strong data-start=\"1090\" data-end=\"1108\">Vikt per dosa:<\/strong> 14 g<\/p>\n<\/li>\n<li data-start=\"1116\" data-end=\"1147\">\n<p data-start=\"1118\" data-end=\"1147\"><strong data-start=\"1118\" data-end=\"1139\">Vikt per portion:<\/strong> 0,7 g<\/p>\n<\/li>\n<li data-start=\"1148\" data-end=\"1179\">\n<p data-start=\"1150\" data-end=\"1179\"><strong data-start=\"1150\" data-end=\"1173\">Inneh\u00e5ller nikotin:<\/strong> Nej<\/p>\n<\/li>\n<li data-start=\"1180\" data-end=\"1211\">\n<p data-start=\"1182\" data-end=\"1211\"><strong data-start=\"1182\" data-end=\"1205\">Inneh\u00e5ller koffein:<\/strong> Nej<\/p>\n<\/li>\n<li data-start=\"1212\" data-end=\"1245\">\n<p data-start=\"1214\" data-end=\"1245\"><strong data-start=\"1214\" data-end=\"1230\">Tillverkare:<\/strong> Microzero AB<\/p>\n<\/li>\n<li data-start=\"1246\" data-end=\"1389\">\n<p data-start=\"1248\" data-end=\"1389\"><strong data-start=\"1248\" data-end=\"1265\">Ingredienser:<\/strong> V\u00e4xtfiber, vatten, salt, aromer, xylitol, f\u00f6rtjockningsmedel (E401), surhetsreglerande medel (E500), s\u00f6tningsmedel (E950)<\/p>\n<\/li>\n<\/ul>\n<hr data-start=\"1391\" data-end=\"1394\" \/>\n<h4 data-start=\"1396\" data-end=\"1461\"><strong data-start=\"1396\" data-end=\"1461\">Varf\u00f6r v\u00e4lja Zeronito Stark Original Large Nikotinfritt Snus?<\/strong><\/h4>\n<ul data-start=\"1463\" data-end=\"1935\">\n<li data-start=\"1463\" data-end=\"1548\">\n<p data-start=\"1465\" data-end=\"1548\"><strong data-start=\"1465\" data-end=\"1487\">Nikotinfritt snus:<\/strong> F\u00f6r en ren och smakrik upplevelse utan nikotin eller tobak<\/p>\n<\/li>\n<li data-start=\"1549\" data-end=\"1633\">\n<p data-start=\"1551\" data-end=\"1633\"><strong data-start=\"1551\" data-end=\"1578\">Kraftfull originalsmak:<\/strong> Fyllig och klassisk smak f\u00f6r de som s\u00f6ker intensitet<\/p>\n<\/li>\n<li data-start=\"1634\" data-end=\"1695\">\n<p data-start=\"1636\" data-end=\"1695\"><strong data-start=\"1636\" data-end=\"1653\">Large-format:<\/strong> L\u00e5ngvarig njutning med st\u00f6rre portioner<\/p>\n<\/li>\n<li data-start=\"1696\" data-end=\"1766\">\n<p data-start=\"1698\" data-end=\"1766\"><strong data-start=\"1698\" data-end=\"1712\">Tobaksfri:<\/strong> Fr\u00e4sch andedr\u00e4kt och ingen missf\u00e4rgning av t\u00e4nderna<\/p>\n<\/li>\n<li data-start=\"1767\" data-end=\"1857\">\n<p data-start=\"1769\" data-end=\"1857\"><strong data-start=\"1769\" data-end=\"1795\">20 portioner per dosa:<\/strong> L\u00e5ngvarig anv\u00e4ndning f\u00f6r flera tillf\u00e4llen av smakupplevelse<\/p>\n<\/li>\n<li data-start=\"1858\" data-end=\"1935\">\n<p data-start=\"1860\" data-end=\"1935\"><strong data-start=\"1860\" data-end=\"1891\">Perfekt f\u00f6r alla anv\u00e4ndare:<\/strong> Passar b\u00e5de nyb\u00f6rjare och erfarna anv\u00e4ndare<\/p>\n<\/li>\n<\/ul>\n<hr data-start=\"1937\" data-end=\"1940\" \/>\n<p data-start=\"1942\" data-end=\"2194\"><strong data-start=\"1942\" data-end=\"1975\">Zeronito Stark Original Large<\/strong> \u00e4r det perfekta valet f\u00f6r dig som s\u00f6ker ett <strong data-start=\"2020\" data-end=\"2041\">nikotinfritt snus<\/strong> med en <strong data-start=\"2049\" data-end=\"2086\">kraftfull och fyllig originalsmak<\/strong> i ett <strong data-start=\"2093\" data-end=\"2109\">large-format<\/strong>. Best\u00e4ll idag och njut av en <strong data-start=\"2139\" data-end=\"2180\">l\u00e5ngvarig och intensiv smakupplevelse<\/strong> utan nikotin.<\/p>\n<h1><\/h1>","protected":false},"excerpt":{"rendered":"<h1>Zeronito Stark Original Large<\/h1>\n<p>Zeronito Stark Original Large \u00e4r ett nikotinfritt snus med en kraftfull och fyllig originalsmak. Den tobaksfria produkten kommer i ett large-format med 20 portioner per dosa f\u00f6r l\u00e5ngvarig njutning utan nikotin. Perfekt f\u00f6r dig som vill ha en intensiv smakupplevelse utan tobak eller nikotin.<\/p>","protected":false},"featured_media":59881,"comment_status":"open","ping_status":"closed","template":"","meta":[],"product_brand":[343],"product_cat":[136,76,348,129],"product_tag":[],"class_list":{"0":"post-59953","1":"product","2":"type-product","3":"status-publish","4":"has-post-thumbnail","6":"product_brand-zeronito","7":"product_cat-all-whites","8":"product_cat-nikotinfritt-snus","9":"product_cat-regular-large","10":"product_cat-zeronito","12":"first","13":"instock","14":"taxable","15":"shipping-taxable","16":"purchasable","17":"product-type-variable"},"_links":{"self":[{"href":"https:\/\/snus-malmo.se\/sv\/wp-json\/wp\/v2\/product\/59953","targetHints":{"allow":["GET"]}}],"collection":[{"href":"https:\/\/snus-malmo.se\/sv\/wp-json\/wp\/v2\/product"}],"about":[{"href":"https:\/\/snus-malmo.se\/sv\/wp-json\/wp\/v2\/types\/product"}],"replies":[{"embeddable":true,"href":"https:\/\/snus-malmo.se\/sv\/wp-json\/wp\/v2\/comments?post=59953"}],"version-history":[{"count":0,"href":"https:\/\/snus-malmo.se\/sv\/wp-json\/wp\/v2\/product\/59953\/revisions"}],"wp:featuredmedia":[{"embeddable":true,"href":"https:\/\/snus-malmo.se\/sv\/wp-json\/wp\/v2\/media\/59881"}],"wp:attachment":[{"href":"https:\/\/snus-malmo.se\/sv\/wp-json\/wp\/v2\/media?parent=59953"}],"wp:term":[{"taxonomy":"product_brand","embeddable":true,"href":"https:\/\/snus-malmo.se\/sv\/wp-json\/wp\/v2\/product_brand?post=59953"},{"taxonomy":"product_cat","embeddable":true,"href":"https:\/\/snus-malmo.se\/sv\/wp-json\/wp\/v2\/product_cat?post=59953"},{"taxonomy":"product_tag","embeddable":true,"href":"https:\/\/snus-malmo.se\/sv\/wp-json\/wp\/v2\/product_tag?post=59953"}],"curies":[{"name":"wp","href":"https:\/\/api.w.org\/{rel}","templated":true}]}}