{"id":59979,"date":"2025-05-31T18:29:29","date_gmt":"2025-05-31T18:29:29","guid":{"rendered":"https:\/\/snus-malmo.se\/?post_type=product&#038;p=59979"},"modified":"2025-11-29T10:52:58","modified_gmt":"2025-11-29T10:52:58","slug":"zixs-melon-rush-slim-3","status":"publish","type":"product","link":"https:\/\/snus-malmo.se\/sv\/produkt\/zixs-melon-rush-slim-3\/","title":{"rendered":"ZIXS Melon Rush Slim #3"},"content":{"rendered":"<h1 data-start=\"108\" data-end=\"207\">ZIXS Melon Rush Slim Strong<\/h1>\n<h2 data-start=\"108\" data-end=\"207\"><strong data-start=\"112\" data-end=\"207\">Z!XS Melon Rush Slim Strong \u2013 Nikotinp\u00e5sar med en saftig melon-smak och stark nikotinstyrka<\/strong><\/h2>\n<p data-start=\"209\" data-end=\"486\">Uppt\u00e4ck <strong data-start=\"217\" data-end=\"248\">Z!XS Melon Rush Slim Strong<\/strong>, tobaksfria nikotinp\u00e5sar som erbjuder en frisk och saftig melon-smak tillsammans med en stark nikotinstyrka. I det diskreta slim-formatet f\u00e5r du en l\u00e5ngvarig och intensiv nikotinupplevelse, perfekt f\u00f6r dig som s\u00f6ker b\u00e5de smak och styrka.<\/p>\n<p data-start=\"488\" data-end=\"511\"><strong data-start=\"488\" data-end=\"511\">Produktinformation:<\/strong><\/p>\n<ul data-start=\"513\" data-end=\"798\">\n<li data-start=\"513\" data-end=\"567\">\n<p data-start=\"515\" data-end=\"567\"><strong data-start=\"515\" data-end=\"530\">Produkttyp:<\/strong> All White (tobaksfri nikotinportion)<\/p>\n<\/li>\n<li data-start=\"568\" data-end=\"591\">\n<p data-start=\"570\" data-end=\"591\"><strong data-start=\"570\" data-end=\"585\">Smakprofil:<\/strong> Melon<\/p>\n<\/li>\n<li data-start=\"592\" data-end=\"644\">\n<p data-start=\"594\" data-end=\"644\"><strong data-start=\"594\" data-end=\"612\">Nikotinstyrka:<\/strong> Stark \u2013 6 mg\/g (4,8 mg\/portion)<\/p>\n<\/li>\n<li data-start=\"645\" data-end=\"698\">\n<p data-start=\"647\" data-end=\"698\"><strong data-start=\"647\" data-end=\"658\">Format:<\/strong> Slim \u2013 smidigt och diskret under l\u00e4ppen<\/p>\n<\/li>\n<li data-start=\"699\" data-end=\"736\">\n<p data-start=\"701\" data-end=\"736\"><strong data-start=\"701\" data-end=\"730\">Antal portioner per dosa:<\/strong> 20 st<\/p>\n<\/li>\n<li data-start=\"737\" data-end=\"765\">\n<p data-start=\"739\" data-end=\"765\"><strong data-start=\"739\" data-end=\"757\">Vikt per dosa:<\/strong> 16 gram<\/p>\n<\/li>\n<li data-start=\"766\" data-end=\"798\">\n<p data-start=\"768\" data-end=\"798\"><strong data-start=\"768\" data-end=\"789\">Vikt per portion:<\/strong> 0,8 gram<\/p>\n<\/li>\n<\/ul>\n<p data-start=\"800\" data-end=\"1090\"><strong data-start=\"800\" data-end=\"831\">Z!XS Melon Rush Slim Strong<\/strong> ger en fruktig och uppfriskande smak av melon, perfekt f\u00f6r den som vill ha en kraftfull nikotinupplevelse utan att missf\u00e4rga t\u00e4nderna. Den tobaksfria formulan ger en fr\u00e4sch k\u00e4nsla, och det slimma formatet g\u00f6r att du kan anv\u00e4nda p\u00e5sarna diskret n\u00e4r som helst.<\/p>\n<p data-start=\"1092\" data-end=\"1209\"><strong data-start=\"1092\" data-end=\"1136\">Best\u00e4ll Z!XS Melon Rush Slim Strong idag<\/strong> och njut av en saftig melon-smak och stark nikotinstyrka i varje prilla!<\/p>","protected":false},"excerpt":{"rendered":"<h1 data-start=\"108\" data-end=\"207\">ZIXS Melon Rush Slim Strong<\/h1>\n<p>Z!XS Melon Rush Slim Strong \u00e4r tobaksfria nikotinp\u00e5sar med en saftig melon-smak och stark nikotinstyrka. Diskret slim-format f\u00f6r l\u00e5ngvarig och smakrik anv\u00e4ndning.<\/p>","protected":false},"featured_media":59914,"comment_status":"open","ping_status":"closed","template":"","meta":[],"product_brand":[346],"product_cat":[136,137,354,133],"product_tag":[],"class_list":{"0":"post-59979","1":"product","2":"type-product","3":"status-publish","4":"has-post-thumbnail","6":"product_brand-zxs","7":"product_cat-all-whites","8":"product_cat-slim","9":"product_cat-strongstark","10":"product_cat-zxs","12":"first","13":"instock","14":"taxable","15":"shipping-taxable","16":"purchasable","17":"product-type-variable"},"_links":{"self":[{"href":"https:\/\/snus-malmo.se\/sv\/wp-json\/wp\/v2\/product\/59979","targetHints":{"allow":["GET"]}}],"collection":[{"href":"https:\/\/snus-malmo.se\/sv\/wp-json\/wp\/v2\/product"}],"about":[{"href":"https:\/\/snus-malmo.se\/sv\/wp-json\/wp\/v2\/types\/product"}],"replies":[{"embeddable":true,"href":"https:\/\/snus-malmo.se\/sv\/wp-json\/wp\/v2\/comments?post=59979"}],"version-history":[{"count":0,"href":"https:\/\/snus-malmo.se\/sv\/wp-json\/wp\/v2\/product\/59979\/revisions"}],"wp:featuredmedia":[{"embeddable":true,"href":"https:\/\/snus-malmo.se\/sv\/wp-json\/wp\/v2\/media\/59914"}],"wp:attachment":[{"href":"https:\/\/snus-malmo.se\/sv\/wp-json\/wp\/v2\/media?parent=59979"}],"wp:term":[{"taxonomy":"product_brand","embeddable":true,"href":"https:\/\/snus-malmo.se\/sv\/wp-json\/wp\/v2\/product_brand?post=59979"},{"taxonomy":"product_cat","embeddable":true,"href":"https:\/\/snus-malmo.se\/sv\/wp-json\/wp\/v2\/product_cat?post=59979"},{"taxonomy":"product_tag","embeddable":true,"href":"https:\/\/snus-malmo.se\/sv\/wp-json\/wp\/v2\/product_tag?post=59979"}],"curies":[{"name":"wp","href":"https:\/\/api.w.org\/{rel}","templated":true}]}}