{"id":59984,"date":"2025-05-31T18:32:23","date_gmt":"2025-05-31T18:32:23","guid":{"rendered":"https:\/\/snus-malmo.se\/?post_type=product&#038;p=59984"},"modified":"2025-11-29T10:52:52","modified_gmt":"2025-11-29T10:52:52","slug":"zixs-spearmint-slim-5","status":"publish","type":"product","link":"https:\/\/snus-malmo.se\/sv\/produkt\/zixs-spearmint-slim-5\/","title":{"rendered":"ZIXS Spearmint Slim #5"},"content":{"rendered":"<h1 data-start=\"113\" data-end=\"216\">ZIXS Spearmint Slim Extra Strong<\/h1>\n<h2 data-start=\"113\" data-end=\"216\"><strong data-start=\"117\" data-end=\"216\">Z!XS Spearmint Slim Extra Strong \u2013 Nikotinp\u00e5sar med en frisk smak av spearmint och extra styrka<\/strong><\/h2>\n<p data-start=\"218\" data-end=\"529\">Uppt\u00e4ck <strong data-start=\"226\" data-end=\"262\">Z!XS Spearmint Slim Extra Strong<\/strong>, tobaksfria nikotinp\u00e5sar som ger en uppfriskande och l\u00e5ngvarig smak av spearmint tillsammans med en kraftfull nikotinstyrka. I ett smidigt slim-format f\u00e5r du en diskret och effektiv nikotinupplevelse, perfekt f\u00f6r anv\u00e4ndning n\u00e4r du vill ha b\u00e5de styrka och frisk smak.<\/p>\n<p data-start=\"531\" data-end=\"554\"><strong data-start=\"531\" data-end=\"554\">Produktinformation:<\/strong><\/p>\n<ul data-start=\"556\" data-end=\"850\">\n<li data-start=\"556\" data-end=\"610\">\n<p data-start=\"558\" data-end=\"610\"><strong data-start=\"558\" data-end=\"573\">Produkttyp:<\/strong> All White (tobaksfri nikotinportion)<\/p>\n<\/li>\n<li data-start=\"611\" data-end=\"638\">\n<p data-start=\"613\" data-end=\"638\"><strong data-start=\"613\" data-end=\"628\">Smakprofil:<\/strong> Spearmint<\/p>\n<\/li>\n<li data-start=\"639\" data-end=\"697\">\n<p data-start=\"641\" data-end=\"697\"><strong data-start=\"641\" data-end=\"659\">Nikotinstyrka:<\/strong> Extra stark \u2013 8 mg\/g (6,4 mg\/portion)<\/p>\n<\/li>\n<li data-start=\"698\" data-end=\"750\">\n<p data-start=\"700\" data-end=\"750\"><strong data-start=\"700\" data-end=\"711\">Format:<\/strong> Slim \u2013 smidig och diskret under l\u00e4ppen<\/p>\n<\/li>\n<li data-start=\"751\" data-end=\"788\">\n<p data-start=\"753\" data-end=\"788\"><strong data-start=\"753\" data-end=\"782\">Antal portioner per dosa:<\/strong> 20 st<\/p>\n<\/li>\n<li data-start=\"789\" data-end=\"817\">\n<p data-start=\"791\" data-end=\"817\"><strong data-start=\"791\" data-end=\"809\">Vikt per dosa:<\/strong> 16 gram<\/p>\n<\/li>\n<li data-start=\"818\" data-end=\"850\">\n<p data-start=\"820\" data-end=\"850\"><strong data-start=\"820\" data-end=\"841\">Vikt per portion:<\/strong> 0,8 gram<\/p>\n<\/li>\n<\/ul>\n<p data-start=\"852\" data-end=\"1097\"><strong data-start=\"852\" data-end=\"888\">Z!XS Spearmint Slim Extra Strong<\/strong> \u00e4r det perfekta valet f\u00f6r dig som s\u00f6ker en frisk och mintig smak med en extra stark nikotinboost. Den kylande spearmintsmaken ger en uppfriskande k\u00e4nsla, medan den h\u00f6ga nikotinstyrkan ger en l\u00e5ngvarig effekt.<\/p>\n<p data-start=\"1099\" data-end=\"1290\">Dessa tobaksfria nikotinp\u00e5sar ger en fr\u00e4sch k\u00e4nsla utan att missf\u00e4rga t\u00e4nderna och \u00e4r det ideala valet f\u00f6r den som vill ha ett starkt och smakrikt alternativ i ett diskret och bekv\u00e4mt format.<\/p>\n<p data-start=\"1292\" data-end=\"1431\"><strong data-start=\"1292\" data-end=\"1337\">K\u00f6p Z!XS Spearmint Slim Extra Strong idag<\/strong> och njut av den uppfriskande mintsmaken och den kraftfulla nikotinuplevelsen i varje portion!<\/p>","protected":false},"excerpt":{"rendered":"<h1 data-start=\"113\" data-end=\"216\">ZIXS Spearmint Slim Extra Strong<\/h1>\n<p>Z!XS Spearmint Slim Extra Strong \u00e4r tobaksfria nikotinp\u00e5sar med en frisk spearmintsmak och extra stark nikotinstyrka. Smidigt slim-format f\u00f6r diskret och l\u00e5ngvarig anv\u00e4ndning.<\/p>","protected":false},"featured_media":59919,"comment_status":"open","ping_status":"closed","template":"","meta":[],"product_brand":[346],"product_cat":[136,356,137,133],"product_tag":[],"class_list":{"0":"post-59984","1":"product","2":"type-product","3":"status-publish","4":"has-post-thumbnail","6":"product_brand-zxs","7":"product_cat-all-whites","8":"product_cat-extreme","9":"product_cat-slim","10":"product_cat-zxs","12":"first","13":"instock","14":"taxable","15":"shipping-taxable","16":"purchasable","17":"product-type-variable"},"_links":{"self":[{"href":"https:\/\/snus-malmo.se\/sv\/wp-json\/wp\/v2\/product\/59984","targetHints":{"allow":["GET"]}}],"collection":[{"href":"https:\/\/snus-malmo.se\/sv\/wp-json\/wp\/v2\/product"}],"about":[{"href":"https:\/\/snus-malmo.se\/sv\/wp-json\/wp\/v2\/types\/product"}],"replies":[{"embeddable":true,"href":"https:\/\/snus-malmo.se\/sv\/wp-json\/wp\/v2\/comments?post=59984"}],"version-history":[{"count":0,"href":"https:\/\/snus-malmo.se\/sv\/wp-json\/wp\/v2\/product\/59984\/revisions"}],"wp:featuredmedia":[{"embeddable":true,"href":"https:\/\/snus-malmo.se\/sv\/wp-json\/wp\/v2\/media\/59919"}],"wp:attachment":[{"href":"https:\/\/snus-malmo.se\/sv\/wp-json\/wp\/v2\/media?parent=59984"}],"wp:term":[{"taxonomy":"product_brand","embeddable":true,"href":"https:\/\/snus-malmo.se\/sv\/wp-json\/wp\/v2\/product_brand?post=59984"},{"taxonomy":"product_cat","embeddable":true,"href":"https:\/\/snus-malmo.se\/sv\/wp-json\/wp\/v2\/product_cat?post=59984"},{"taxonomy":"product_tag","embeddable":true,"href":"https:\/\/snus-malmo.se\/sv\/wp-json\/wp\/v2\/product_tag?post=59984"}],"curies":[{"name":"wp","href":"https:\/\/api.w.org\/{rel}","templated":true}]}}