{"id":59990,"date":"2025-05-31T18:35:18","date_gmt":"2025-05-31T18:35:18","guid":{"rendered":"https:\/\/snus-malmo.se\/?post_type=product&#038;p=59990"},"modified":"2025-11-29T10:52:48","modified_gmt":"2025-11-29T10:52:48","slug":"zixs-cola-buzz-slim-5","status":"publish","type":"product","link":"https:\/\/snus-malmo.se\/sv\/produkt\/zixs-cola-buzz-slim-5\/","title":{"rendered":"ZIXS Cola Buzz Slim Extra Strong #5"},"content":{"rendered":"<h1 data-start=\"108\" data-end=\"205\">ZIXS Cola Buzz Slim<\/h1>\n<h2 data-start=\"108\" data-end=\"205\"><strong data-start=\"112\" data-end=\"205\">Z!XS Cola Buzz Extra Strong \u2013 Nikotinp\u00e5sar med en uppfriskande cola-smak och extra styrka<\/strong><\/h2>\n<p data-start=\"207\" data-end=\"500\">Upplev en sp\u00e4nnande blandning av s\u00f6t cola och extra stark nikotinstyrka med <strong data-start=\"283\" data-end=\"314\">Z!XS Cola Buzz Extra Strong<\/strong>. Dessa tobaksfria nikotinp\u00e5sar erbjuder en unik cola-smak som ger en uppfriskande k\u00e4nsla, perfekt f\u00f6r dig som s\u00f6ker en smakrik och kraftfull nikotinupplevelse i ett diskret slim-format.<\/p>\n<p data-start=\"502\" data-end=\"525\"><strong data-start=\"502\" data-end=\"525\">Produktinformation:<\/strong><\/p>\n<ul data-start=\"527\" data-end=\"817\">\n<li data-start=\"527\" data-end=\"581\">\n<p data-start=\"529\" data-end=\"581\"><strong data-start=\"529\" data-end=\"544\">Produkttyp:<\/strong> All White (tobaksfri nikotinportion)<\/p>\n<\/li>\n<li data-start=\"582\" data-end=\"604\">\n<p data-start=\"584\" data-end=\"604\"><strong data-start=\"584\" data-end=\"599\">Smakprofil:<\/strong> Cola<\/p>\n<\/li>\n<li data-start=\"605\" data-end=\"663\">\n<p data-start=\"607\" data-end=\"663\"><strong data-start=\"607\" data-end=\"625\">Nikotinstyrka:<\/strong> Extra stark \u2013 8 mg\/g (6,4 mg\/portion)<\/p>\n<\/li>\n<li data-start=\"664\" data-end=\"717\">\n<p data-start=\"666\" data-end=\"717\"><strong data-start=\"666\" data-end=\"677\">Format:<\/strong> Slim \u2013 smidigt och diskret under l\u00e4ppen<\/p>\n<\/li>\n<li data-start=\"718\" data-end=\"755\">\n<p data-start=\"720\" data-end=\"755\"><strong data-start=\"720\" data-end=\"749\">Antal portioner per dosa:<\/strong> 20 st<\/p>\n<\/li>\n<li data-start=\"756\" data-end=\"784\">\n<p data-start=\"758\" data-end=\"784\"><strong data-start=\"758\" data-end=\"776\">Vikt per dosa:<\/strong> 16 gram<\/p>\n<\/li>\n<li data-start=\"785\" data-end=\"817\">\n<p data-start=\"787\" data-end=\"817\"><strong data-start=\"787\" data-end=\"808\">Vikt per portion:<\/strong> 0,8 gram<\/p>\n<\/li>\n<\/ul>\n<p data-start=\"819\" data-end=\"1118\"><strong data-start=\"819\" data-end=\"850\">Z!XS Cola Buzz Extra Strong<\/strong> \u00e4r det perfekta valet f\u00f6r den som s\u00f6ker en kraftfull nikotinupplevelse med en s\u00f6t och uppfriskande cola-smak. Den extra starka nikotinstyrkan ger en l\u00e5ngvarig effekt, medan det slimmande formatet g\u00f6r att du kan anv\u00e4nda p\u00e5sarna diskret n\u00e4r som helst och var som helst.<\/p>\n<p data-start=\"1120\" data-end=\"1302\">Dessa tobaksfria portioner ger en fr\u00e4sch k\u00e4nsla utan att missf\u00e4rga t\u00e4nderna, vilket g\u00f6r dem till ett utm\u00e4rkt alternativ f\u00f6r den som vill ha b\u00e5de smak och styrka i ett kompakt format.<\/p>\n<p data-start=\"1304\" data-end=\"1417\"><strong data-start=\"1304\" data-end=\"1348\">Best\u00e4ll Z!XS Cola Buzz Extra Strong idag<\/strong> och f\u00e5 en intensiv cola-smak med extra nikotinboost i varje portion!<\/p>","protected":false},"excerpt":{"rendered":"<h1>ZIXS Cola Buzz Slim Extra Strong<\/h1>\n<p>Z!XS Cola Buzz Extra Strong \u00e4r tobaksfria nikotinp\u00e5sar med en s\u00f6t och uppfriskande cola-smak. Extra stark nikotinstyrka i ett diskret slim-format f\u00f6r l\u00e5ngvarig och smakrik anv\u00e4ndning.<\/p>","protected":false},"featured_media":59918,"comment_status":"open","ping_status":"closed","template":"","meta":[],"product_brand":[346],"product_cat":[136,356,137,133],"product_tag":[],"class_list":{"0":"post-59990","1":"product","2":"type-product","3":"status-publish","4":"has-post-thumbnail","6":"product_brand-zxs","7":"product_cat-all-whites","8":"product_cat-extreme","9":"product_cat-slim","10":"product_cat-zxs","12":"first","13":"instock","14":"taxable","15":"shipping-taxable","16":"purchasable","17":"product-type-variable"},"_links":{"self":[{"href":"https:\/\/snus-malmo.se\/sv\/wp-json\/wp\/v2\/product\/59990","targetHints":{"allow":["GET"]}}],"collection":[{"href":"https:\/\/snus-malmo.se\/sv\/wp-json\/wp\/v2\/product"}],"about":[{"href":"https:\/\/snus-malmo.se\/sv\/wp-json\/wp\/v2\/types\/product"}],"replies":[{"embeddable":true,"href":"https:\/\/snus-malmo.se\/sv\/wp-json\/wp\/v2\/comments?post=59990"}],"version-history":[{"count":0,"href":"https:\/\/snus-malmo.se\/sv\/wp-json\/wp\/v2\/product\/59990\/revisions"}],"wp:featuredmedia":[{"embeddable":true,"href":"https:\/\/snus-malmo.se\/sv\/wp-json\/wp\/v2\/media\/59918"}],"wp:attachment":[{"href":"https:\/\/snus-malmo.se\/sv\/wp-json\/wp\/v2\/media?parent=59990"}],"wp:term":[{"taxonomy":"product_brand","embeddable":true,"href":"https:\/\/snus-malmo.se\/sv\/wp-json\/wp\/v2\/product_brand?post=59990"},{"taxonomy":"product_cat","embeddable":true,"href":"https:\/\/snus-malmo.se\/sv\/wp-json\/wp\/v2\/product_cat?post=59990"},{"taxonomy":"product_tag","embeddable":true,"href":"https:\/\/snus-malmo.se\/sv\/wp-json\/wp\/v2\/product_tag?post=59990"}],"curies":[{"name":"wp","href":"https:\/\/api.w.org\/{rel}","templated":true}]}}