{"id":59995,"date":"2025-05-31T18:36:52","date_gmt":"2025-05-31T18:36:52","guid":{"rendered":"https:\/\/snus-malmo.se\/?post_type=product&#038;p=59995"},"modified":"2025-11-29T10:52:45","modified_gmt":"2025-11-29T10:52:45","slug":"zixs-strawberry-lime-slim-5","status":"publish","type":"product","link":"https:\/\/snus-malmo.se\/sv\/produkt\/zixs-strawberry-lime-slim-5\/","title":{"rendered":"ZIXS Strawberry Lime Slim #5"},"content":{"rendered":"<h1 data-start=\"114\" data-end=\"206\">ZIXS Strawberry Lime Slim<\/h1>\n<h2 data-start=\"114\" data-end=\"206\"><strong data-start=\"118\" data-end=\"206\">Z!XS Strawberry Lime Extra Strong \u2013 Nikotinp\u00e5sar med fr\u00e4sch jordgubbs- och lime-smak<\/strong><\/h2>\n<p data-start=\"208\" data-end=\"529\">Uppt\u00e4ck <strong data-start=\"216\" data-end=\"253\">Z!XS Strawberry Lime Extra Strong<\/strong>, tobaksfria nikotinp\u00e5sar som kombinerar den fruktiga smaken av jordgubbar och lime med en kraftfull nikotinstyrka. I ett smidigt slim-format ger dessa p\u00e5sar en diskret och l\u00e5ngvarig nikotinupplevelse, perfekt f\u00f6r anv\u00e4ndning n\u00e4r du vill ha b\u00e5de smak och styrka utan att synas.<\/p>\n<p data-start=\"531\" data-end=\"554\"><strong data-start=\"531\" data-end=\"554\">Produktinformation:<\/strong><\/p>\n<ul data-start=\"556\" data-end=\"857\">\n<li data-start=\"556\" data-end=\"610\">\n<p data-start=\"558\" data-end=\"610\"><strong data-start=\"558\" data-end=\"573\">Produkttyp:<\/strong> All White (tobaksfri nikotinportion)<\/p>\n<\/li>\n<li data-start=\"611\" data-end=\"645\">\n<p data-start=\"613\" data-end=\"645\"><strong data-start=\"613\" data-end=\"628\">Smakprofil:<\/strong> Jordgubbe &amp; Lime<\/p>\n<\/li>\n<li data-start=\"646\" data-end=\"704\">\n<p data-start=\"648\" data-end=\"704\"><strong data-start=\"648\" data-end=\"666\">Nikotinstyrka:<\/strong> Extra stark \u2013 8 mg\/g (6,4 mg\/portion)<\/p>\n<\/li>\n<li data-start=\"705\" data-end=\"757\">\n<p data-start=\"707\" data-end=\"757\"><strong data-start=\"707\" data-end=\"718\">Format:<\/strong> Slim \u2013 smidig och diskret under l\u00e4ppen<\/p>\n<\/li>\n<li data-start=\"758\" data-end=\"795\">\n<p data-start=\"760\" data-end=\"795\"><strong data-start=\"760\" data-end=\"789\">Antal portioner per dosa:<\/strong> 20 st<\/p>\n<\/li>\n<li data-start=\"796\" data-end=\"824\">\n<p data-start=\"798\" data-end=\"824\"><strong data-start=\"798\" data-end=\"816\">Vikt per dosa:<\/strong> 16 gram<\/p>\n<\/li>\n<li data-start=\"825\" data-end=\"857\">\n<p data-start=\"827\" data-end=\"857\"><strong data-start=\"827\" data-end=\"848\">Vikt per portion:<\/strong> 0,8 gram<\/p>\n<\/li>\n<\/ul>\n<p data-start=\"859\" data-end=\"1108\"><strong data-start=\"859\" data-end=\"896\">Z!XS Strawberry Lime Extra Strong<\/strong> passar dig som s\u00f6ker en fruktig och uppfriskande nikotinupplevelse. Den balanserade smaken av s\u00f6ta jordgubbar och syrlig lime ger en h\u00e4rlig smakmix, medan den extra starka nikotinstyrkan ger en l\u00e5ngvarig effekt.<\/p>\n<p data-start=\"1110\" data-end=\"1278\">Dessa tobaksfria portioner ger en fr\u00e4sch k\u00e4nsla utan att missf\u00e4rga t\u00e4nderna och \u00e4r perfekta f\u00f6r den som vill ha ett smakrikt och starkt alternativ i ett diskret format.<\/p>\n<p data-start=\"1280\" data-end=\"1399\"><strong data-start=\"1280\" data-end=\"1326\">K\u00f6p Z!XS Strawberry Lime Extra Strong idag<\/strong> och njut av den fruktiga, fr\u00e4scha smaken och kraftfulla nikotineffekten!<\/p>","protected":false},"excerpt":{"rendered":"<h1>ZIXS Strawberry Lime Slim<\/h1>\n<p>Z!XS Strawberry Lime Extra Strong \u00e4r tobaksfria nikotinp\u00e5sar med en frisk smak av jordgubbe och lime. Extra stark nikotinstyrka i smidigt slim-format f\u00f6r diskret och l\u00e5ngvarig anv\u00e4ndning.<\/p>","protected":false},"featured_media":59920,"comment_status":"open","ping_status":"closed","template":"","meta":[],"product_brand":[346],"product_cat":[136,356,137,133],"product_tag":[],"class_list":{"0":"post-59995","1":"product","2":"type-product","3":"status-publish","4":"has-post-thumbnail","6":"product_brand-zxs","7":"product_cat-all-whites","8":"product_cat-extreme","9":"product_cat-slim","10":"product_cat-zxs","12":"first","13":"instock","14":"taxable","15":"shipping-taxable","16":"purchasable","17":"product-type-variable"},"_links":{"self":[{"href":"https:\/\/snus-malmo.se\/sv\/wp-json\/wp\/v2\/product\/59995","targetHints":{"allow":["GET"]}}],"collection":[{"href":"https:\/\/snus-malmo.se\/sv\/wp-json\/wp\/v2\/product"}],"about":[{"href":"https:\/\/snus-malmo.se\/sv\/wp-json\/wp\/v2\/types\/product"}],"replies":[{"embeddable":true,"href":"https:\/\/snus-malmo.se\/sv\/wp-json\/wp\/v2\/comments?post=59995"}],"version-history":[{"count":0,"href":"https:\/\/snus-malmo.se\/sv\/wp-json\/wp\/v2\/product\/59995\/revisions"}],"wp:featuredmedia":[{"embeddable":true,"href":"https:\/\/snus-malmo.se\/sv\/wp-json\/wp\/v2\/media\/59920"}],"wp:attachment":[{"href":"https:\/\/snus-malmo.se\/sv\/wp-json\/wp\/v2\/media?parent=59995"}],"wp:term":[{"taxonomy":"product_brand","embeddable":true,"href":"https:\/\/snus-malmo.se\/sv\/wp-json\/wp\/v2\/product_brand?post=59995"},{"taxonomy":"product_cat","embeddable":true,"href":"https:\/\/snus-malmo.se\/sv\/wp-json\/wp\/v2\/product_cat?post=59995"},{"taxonomy":"product_tag","embeddable":true,"href":"https:\/\/snus-malmo.se\/sv\/wp-json\/wp\/v2\/product_tag?post=59995"}],"curies":[{"name":"wp","href":"https:\/\/api.w.org\/{rel}","templated":true}]}}