{"id":60000,"date":"2025-05-31T18:39:12","date_gmt":"2025-05-31T18:39:12","guid":{"rendered":"https:\/\/snus-malmo.se\/?post_type=product&#038;p=60000"},"modified":"2025-11-29T10:52:40","modified_gmt":"2025-11-29T10:52:40","slug":"zixs-blue-chilli-slim-5","status":"publish","type":"product","link":"https:\/\/snus-malmo.se\/sv\/produkt\/zixs-blue-chilli-slim-5\/","title":{"rendered":"ZIXS Blue Chilli Slim #5"},"content":{"rendered":"<h1 data-start=\"115\" data-end=\"213\">ZIXS Blue Chilli Slim<\/h1>\n<h2 data-start=\"115\" data-end=\"213\"><strong data-start=\"119\" data-end=\"213\">Z!XS Blue Chilli Slim Extra Strong \u2013 Nikotinp\u00e5sar med en explosiv smak av bl\u00e5b\u00e4r och chili<\/strong><\/h2>\n<p data-start=\"215\" data-end=\"512\">Upplev <strong data-start=\"222\" data-end=\"260\">Z!XS Blue Chilli Slim Extra Strong<\/strong>, tobaksfria nikotinp\u00e5sar som kombinerar en intensiv smak av bl\u00e5b\u00e4r och chili med en extra stark nikotinstyrka. Den smidiga och diskreta slim-portionsformatet g\u00f6r dem perfekta f\u00f6r anv\u00e4ndning n\u00e4r du vill ha en kraftfull nikotinupplevelse utan att synas.<\/p>\n<p data-start=\"514\" data-end=\"537\"><strong data-start=\"514\" data-end=\"537\">Produktinformation:<\/strong><\/p>\n<ul data-start=\"539\" data-end=\"838\">\n<li data-start=\"539\" data-end=\"593\">\n<p data-start=\"541\" data-end=\"593\"><strong data-start=\"541\" data-end=\"556\">Produkttyp:<\/strong> All White (tobaksfri nikotinportion)<\/p>\n<\/li>\n<li data-start=\"594\" data-end=\"626\">\n<p data-start=\"596\" data-end=\"626\"><strong data-start=\"596\" data-end=\"611\">Smakprofil:<\/strong> Bl\u00e5b\u00e4r &amp; Chili<\/p>\n<\/li>\n<li data-start=\"627\" data-end=\"685\">\n<p data-start=\"629\" data-end=\"685\"><strong data-start=\"629\" data-end=\"647\">Nikotinstyrka:<\/strong> Extra stark \u2013 8 mg\/g (6,4 mg\/portion)<\/p>\n<\/li>\n<li data-start=\"686\" data-end=\"738\">\n<p data-start=\"688\" data-end=\"738\"><strong data-start=\"688\" data-end=\"699\">Format:<\/strong> Slim \u2013 smidig och diskret under l\u00e4ppen<\/p>\n<\/li>\n<li data-start=\"739\" data-end=\"776\">\n<p data-start=\"741\" data-end=\"776\"><strong data-start=\"741\" data-end=\"770\">Antal portioner per dosa:<\/strong> 20 st<\/p>\n<\/li>\n<li data-start=\"777\" data-end=\"805\">\n<p data-start=\"779\" data-end=\"805\"><strong data-start=\"779\" data-end=\"797\">Vikt per dosa:<\/strong> 16 gram<\/p>\n<\/li>\n<li data-start=\"806\" data-end=\"838\">\n<p data-start=\"808\" data-end=\"838\"><strong data-start=\"808\" data-end=\"829\">Vikt per portion:<\/strong> 0,8 gram<\/p>\n<\/li>\n<\/ul>\n<p data-start=\"840\" data-end=\"1104\"><strong data-start=\"840\" data-end=\"878\">Z!XS Blue Chilli Slim Extra Strong<\/strong> \u00e4r perfekt f\u00f6r dig som s\u00f6ker en sp\u00e4nnande och kraftfull nikotinf\u00f6rh\u00f6jning. Kombinationen av den s\u00f6ta bl\u00e5b\u00e4rssmaken och den heta chilin ger en unik smakupplevelse, medan den extra starka nikotinstyrkan ger en l\u00e5ngvarig effekt.<\/p>\n<p data-start=\"1106\" data-end=\"1255\">Tobaksfria och fr\u00e4scha, dessa p\u00e5sar missf\u00e4rgar inte t\u00e4nderna och \u00e4r det perfekta valet f\u00f6r den som vill ha b\u00e5de smak och styrka i ett diskret format.<\/p>\n<p data-start=\"1257\" data-end=\"1375\"><strong data-start=\"1257\" data-end=\"1308\">Best\u00e4ll Z!XS Blue Chilli Slim Extra Strong idag<\/strong> och f\u00e5 en explosiv smakupplevelse med extra styrka i varje prilla!<\/p>","protected":false},"excerpt":{"rendered":"<h1>ZIXS Blue Chilli Slim<\/h1>\n<p>ZIXS\u00a0Melon Rush ger dig rej\u00e4lt med s\u00f6taktig och ljuvlig melonsmak. Med en v\u00e4l avv\u00e4gd fuktighet f\u00e5r du en snabb smak och nikotinupplevelse.<\/p>","protected":false},"featured_media":59921,"comment_status":"open","ping_status":"closed","template":"","meta":[],"product_brand":[346],"product_cat":[136,356,137,133],"product_tag":[],"class_list":{"0":"post-60000","1":"product","2":"type-product","3":"status-publish","4":"has-post-thumbnail","6":"product_brand-zxs","7":"product_cat-all-whites","8":"product_cat-extreme","9":"product_cat-slim","10":"product_cat-zxs","12":"first","13":"instock","14":"taxable","15":"shipping-taxable","16":"purchasable","17":"product-type-variable"},"_links":{"self":[{"href":"https:\/\/snus-malmo.se\/sv\/wp-json\/wp\/v2\/product\/60000","targetHints":{"allow":["GET"]}}],"collection":[{"href":"https:\/\/snus-malmo.se\/sv\/wp-json\/wp\/v2\/product"}],"about":[{"href":"https:\/\/snus-malmo.se\/sv\/wp-json\/wp\/v2\/types\/product"}],"replies":[{"embeddable":true,"href":"https:\/\/snus-malmo.se\/sv\/wp-json\/wp\/v2\/comments?post=60000"}],"version-history":[{"count":0,"href":"https:\/\/snus-malmo.se\/sv\/wp-json\/wp\/v2\/product\/60000\/revisions"}],"wp:featuredmedia":[{"embeddable":true,"href":"https:\/\/snus-malmo.se\/sv\/wp-json\/wp\/v2\/media\/59921"}],"wp:attachment":[{"href":"https:\/\/snus-malmo.se\/sv\/wp-json\/wp\/v2\/media?parent=60000"}],"wp:term":[{"taxonomy":"product_brand","embeddable":true,"href":"https:\/\/snus-malmo.se\/sv\/wp-json\/wp\/v2\/product_brand?post=60000"},{"taxonomy":"product_cat","embeddable":true,"href":"https:\/\/snus-malmo.se\/sv\/wp-json\/wp\/v2\/product_cat?post=60000"},{"taxonomy":"product_tag","embeddable":true,"href":"https:\/\/snus-malmo.se\/sv\/wp-json\/wp\/v2\/product_tag?post=60000"}],"curies":[{"name":"wp","href":"https:\/\/api.w.org\/{rel}","templated":true}]}}