{"id":60006,"date":"2025-05-31T18:40:18","date_gmt":"2025-05-31T18:40:18","guid":{"rendered":"https:\/\/snus-malmo.se\/?post_type=product&#038;p=60006"},"modified":"2025-11-29T10:52:37","modified_gmt":"2025-11-29T10:52:37","slug":"zixs-exotic-chill-slim-5","status":"publish","type":"product","link":"https:\/\/snus-malmo.se\/sv\/produkt\/zixs-exotic-chill-slim-5\/","title":{"rendered":"ZIXS Exotic Chill Slim #5"},"content":{"rendered":"<h1 data-start=\"144\" data-end=\"241\">ZIXS Exotic Chill Slim<\/h1>\n<h2 data-start=\"144\" data-end=\"241\"><strong data-start=\"148\" data-end=\"241\">Z!XS Exotic Slim Extra Strong \u2013 Tobaksfria nikotinp\u00e5sar med exotisk smak och extra styrka<\/strong><\/h2>\n<p data-start=\"243\" data-end=\"614\">Uppt\u00e4ck <strong data-start=\"251\" data-end=\"284\">Z!XS Exotic Slim Extra Strong<\/strong>, tobaksfria nikotinp\u00e5sar i ett smidigt slim-format som erbjuder en kraftfull nikotinupplevelse och en unik exotisk smak. Med en nikotinstyrka p\u00e5 8 mg\/g (6,4 mg\/portion) ger dessa p\u00e5sar en intensiv upplevelse f\u00f6r den som s\u00f6ker extra styrka och smakrikedom. Perfekt f\u00f6r diskret anv\u00e4ndning hela dagen, utan att ge avkall p\u00e5 styrkan.<\/p>\n<h3 data-start=\"616\" data-end=\"639\"><strong data-start=\"616\" data-end=\"639\">Produktinformation:<\/strong><\/h3>\n<ul data-start=\"641\" data-end=\"982\">\n<li data-start=\"641\" data-end=\"695\">\n<p data-start=\"643\" data-end=\"695\"><strong data-start=\"643\" data-end=\"658\">Produkttyp:<\/strong> All White (tobaksfri nikotinportion)<\/p>\n<\/li>\n<li data-start=\"696\" data-end=\"769\">\n<p data-start=\"698\" data-end=\"769\"><strong data-start=\"698\" data-end=\"713\">Smakprofil:<\/strong> Exotisk smak (fruktig eller citrus beroende p\u00e5 variant)<\/p>\n<\/li>\n<li data-start=\"770\" data-end=\"828\">\n<p data-start=\"772\" data-end=\"828\"><strong data-start=\"772\" data-end=\"790\">Nikotinstyrka:<\/strong> Extra stark \u2013 8 mg\/g (6,4 mg\/portion)<\/p>\n<\/li>\n<li data-start=\"829\" data-end=\"882\">\n<p data-start=\"831\" data-end=\"882\"><strong data-start=\"831\" data-end=\"842\">Format:<\/strong> Slim \u2013 smidigt och diskret under l\u00e4ppen<\/p>\n<\/li>\n<li data-start=\"883\" data-end=\"920\">\n<p data-start=\"885\" data-end=\"920\"><strong data-start=\"885\" data-end=\"914\">Antal portioner per dosa:<\/strong> 20 st<\/p>\n<\/li>\n<li data-start=\"921\" data-end=\"949\">\n<p data-start=\"923\" data-end=\"949\"><strong data-start=\"923\" data-end=\"941\">Vikt per dosa:<\/strong> 16 gram<\/p>\n<\/li>\n<li data-start=\"950\" data-end=\"982\">\n<p data-start=\"952\" data-end=\"982\"><strong data-start=\"952\" data-end=\"973\">Vikt per portion:<\/strong> 0,8 gram<\/p>\n<\/li>\n<\/ul>\n<p data-start=\"984\" data-end=\"1253\"><strong data-start=\"984\" data-end=\"1017\">Z!XS Exotic Slim Extra Strong<\/strong> \u00e4r det perfekta valet f\u00f6r dig som vill ha ett starkt och smakrikt alternativ i ett diskret och bekv\u00e4mt format. De tobaksfria portionerna ger en fr\u00e4sch k\u00e4nsla utan att missf\u00e4rga t\u00e4nderna, och den exotiska smaken ger en extra upplevelse.<\/p>\n<p data-start=\"1255\" data-end=\"1360\">K\u00f6p Z!XS Exotic Slim Extra Strong idag och upplev den kraftfulla nikotinupplevelsen med en tropisk twist!<\/p>","protected":false},"excerpt":{"rendered":"<h1>ZIXS Exotic Chill Slim<\/h1>\n<p>Z!XS Exotic Slim Extra Strong \u00e4r tobaksfria nikotinp\u00e5sar med en kraftfull nikotinupplevelse och en unik exotisk smak. I smidigt slim-format f\u00f6r diskret anv\u00e4ndning och stark smak i varje portion.<\/p>","protected":false},"featured_media":59917,"comment_status":"open","ping_status":"closed","template":"","meta":[],"product_brand":[346],"product_cat":[136,356,137,133],"product_tag":[],"class_list":{"0":"post-60006","1":"product","2":"type-product","3":"status-publish","4":"has-post-thumbnail","6":"product_brand-zxs","7":"product_cat-all-whites","8":"product_cat-extreme","9":"product_cat-slim","10":"product_cat-zxs","12":"first","13":"instock","14":"taxable","15":"shipping-taxable","16":"purchasable","17":"product-type-variable"},"_links":{"self":[{"href":"https:\/\/snus-malmo.se\/sv\/wp-json\/wp\/v2\/product\/60006","targetHints":{"allow":["GET"]}}],"collection":[{"href":"https:\/\/snus-malmo.se\/sv\/wp-json\/wp\/v2\/product"}],"about":[{"href":"https:\/\/snus-malmo.se\/sv\/wp-json\/wp\/v2\/types\/product"}],"replies":[{"embeddable":true,"href":"https:\/\/snus-malmo.se\/sv\/wp-json\/wp\/v2\/comments?post=60006"}],"version-history":[{"count":0,"href":"https:\/\/snus-malmo.se\/sv\/wp-json\/wp\/v2\/product\/60006\/revisions"}],"wp:featuredmedia":[{"embeddable":true,"href":"https:\/\/snus-malmo.se\/sv\/wp-json\/wp\/v2\/media\/59917"}],"wp:attachment":[{"href":"https:\/\/snus-malmo.se\/sv\/wp-json\/wp\/v2\/media?parent=60006"}],"wp:term":[{"taxonomy":"product_brand","embeddable":true,"href":"https:\/\/snus-malmo.se\/sv\/wp-json\/wp\/v2\/product_brand?post=60006"},{"taxonomy":"product_cat","embeddable":true,"href":"https:\/\/snus-malmo.se\/sv\/wp-json\/wp\/v2\/product_cat?post=60006"},{"taxonomy":"product_tag","embeddable":true,"href":"https:\/\/snus-malmo.se\/sv\/wp-json\/wp\/v2\/product_tag?post=60006"}],"curies":[{"name":"wp","href":"https:\/\/api.w.org\/{rel}","templated":true}]}}