{"id":60084,"date":"2025-05-31T23:38:57","date_gmt":"2025-05-31T23:38:57","guid":{"rendered":"https:\/\/snus-malmo.se\/?post_type=product&#038;p=60084"},"modified":"2025-07-22T20:52:36","modified_gmt":"2025-07-22T20:52:36","slug":"skruf-original-white-portion-no-22","status":"publish","type":"product","link":"https:\/\/snus-malmo.se\/sv\/produkt\/skruf-original-white-portion-no-22\/","title":{"rendered":"Skruf Original White Portion No. 22"},"content":{"rendered":"<h1 data-start=\"1386\" data-end=\"1445\"><strong data-start=\"1390\" data-end=\"1443\">Skruf Original White Portion No. 22<\/strong><\/h1>\n<h2 data-start=\"0\" data-end=\"104\"><strong data-start=\"0\" data-end=\"102\">Skruf Original White Portion No. 22 \u2013 Mild och Traditionell Tobakssmak med Bergamott och Rosenolja<\/strong><\/h2>\n<p data-start=\"106\" data-end=\"531\"><strong data-start=\"106\" data-end=\"145\">Skruf Original White Portion No. 22<\/strong> \u00e4r ett klassiskt <strong data-start=\"163\" data-end=\"177\">white snus<\/strong> som erbjuder en <strong data-start=\"194\" data-end=\"221\">mild och ren tobakssmak<\/strong> med en subtil nyans av bergamott och rosenolja. Den traditionella tobakssmaken g\u00f6r detta snus till ett utm\u00e4rkt val f\u00f6r de som s\u00f6ker en mer l\u00e4ttsam och balanserad upplevelse. Eftersom det \u00e4r ett <strong data-start=\"416\" data-end=\"430\">white snus<\/strong> \u00e4r portionsp\u00e5sarna mindre fuktiga, vilket ger en torr och behaglig k\u00e4nsla under hela anv\u00e4ndningen.<\/p>\n<h3 data-start=\"533\" data-end=\"553\"><strong data-start=\"537\" data-end=\"551\">Smakprofil<\/strong><\/h3>\n<p data-start=\"554\" data-end=\"891\">Skruf Original White Portion No. 22 kombinerar den naturliga <strong data-start=\"615\" data-end=\"631\">tobakssmaken<\/strong> med ett l\u00e4tt inslag av <strong data-start=\"655\" data-end=\"668\">bergamott<\/strong> och en hint av <strong data-start=\"684\" data-end=\"697\">rosenolja<\/strong>. Denna milda smakbalans ger en klassisk snusupplevelse som \u00e4r b\u00e5de fr\u00e4sch och smakrik utan att vara f\u00f6r intensiv. Ett perfekt alternativ f\u00f6r den som s\u00f6ker ett mer subtilt snus med h\u00f6g kvalitet.<\/p>\n<h3 data-start=\"893\" data-end=\"926\"><strong data-start=\"897\" data-end=\"924\">Ingredienser &amp; Inneh\u00e5ll<\/strong><\/h3>\n<ul data-start=\"927\" data-end=\"1085\">\n<li data-start=\"927\" data-end=\"940\">\n<p data-start=\"929\" data-end=\"940\"><strong data-start=\"929\" data-end=\"938\">Tobak<\/strong><\/p>\n<\/li>\n<li data-start=\"941\" data-end=\"955\">\n<p data-start=\"943\" data-end=\"955\"><strong data-start=\"943\" data-end=\"953\">Vatten<\/strong><\/p>\n<\/li>\n<li data-start=\"956\" data-end=\"997\">\n<p data-start=\"958\" data-end=\"997\"><strong data-start=\"958\" data-end=\"995\">Fuktighetsbevarande medel (E1520)<\/strong><\/p>\n<\/li>\n<li data-start=\"998\" data-end=\"1036\">\n<p data-start=\"1000\" data-end=\"1036\"><strong data-start=\"1000\" data-end=\"1034\">Surhetsreglerande medel (E500)<\/strong><\/p>\n<\/li>\n<li data-start=\"1037\" data-end=\"1070\">\n<p data-start=\"1039\" data-end=\"1070\"><strong data-start=\"1039\" data-end=\"1068\">Smakf\u00f6rst\u00e4rkare (Koksalt)<\/strong><\/p>\n<\/li>\n<li data-start=\"1071\" data-end=\"1085\">\n<p data-start=\"1073\" data-end=\"1085\"><strong data-start=\"1073\" data-end=\"1083\">Aromer<\/strong><\/p>\n<\/li>\n<\/ul>\n<h3 data-start=\"1087\" data-end=\"1115\"><strong data-start=\"1091\" data-end=\"1113\">Produktinformation<\/strong><\/h3>\n<ul data-start=\"1116\" data-end=\"1384\">\n<li data-start=\"1116\" data-end=\"1139\">\n<p data-start=\"1118\" data-end=\"1139\"><strong data-start=\"1118\" data-end=\"1130\">Kategori<\/strong>: White<\/p>\n<\/li>\n<li data-start=\"1140\" data-end=\"1214\">\n<p data-start=\"1142\" data-end=\"1214\"><strong data-start=\"1142\" data-end=\"1150\">Smak<\/strong>: Traditionell tobak med l\u00e4tt nyans av bergamott och rosenolja<\/p>\n<\/li>\n<li data-start=\"1215\" data-end=\"1244\">\n<p data-start=\"1217\" data-end=\"1244\"><strong data-start=\"1217\" data-end=\"1234\">Vikt per dosa<\/strong>: 21,6 g<\/p>\n<\/li>\n<li data-start=\"1245\" data-end=\"1275\">\n<p data-start=\"1247\" data-end=\"1275\"><strong data-start=\"1247\" data-end=\"1266\">Vikt per prilla<\/strong>: 0,9 g<\/p>\n<\/li>\n<li data-start=\"1276\" data-end=\"1310\">\n<p data-start=\"1278\" data-end=\"1310\"><strong data-start=\"1278\" data-end=\"1304\">Antal prillor per dosa<\/strong>: 24<\/p>\n<\/li>\n<li data-start=\"1311\" data-end=\"1346\">\n<p data-start=\"1313\" data-end=\"1346\"><strong data-start=\"1313\" data-end=\"1337\">Nikotinhalt per dosa<\/strong>: 11 mg<\/p>\n<\/li>\n<li data-start=\"1347\" data-end=\"1384\">\n<p data-start=\"1349\" data-end=\"1384\"><strong data-start=\"1349\" data-end=\"1373\">Nikotinhalt per gram<\/strong>: 12 mg\/g<\/p>\n<\/li>\n<\/ul>\n<h3 data-start=\"1386\" data-end=\"1445\"><strong data-start=\"1390\" data-end=\"1443\">Varf\u00f6r v\u00e4lja Skruf Original White Portion No. 22?<\/strong><\/h3>\n<ul data-start=\"1446\" data-end=\"1824\">\n<li data-start=\"1446\" data-end=\"1571\">\n<p data-start=\"1448\" data-end=\"1571\"><strong data-start=\"1448\" data-end=\"1476\">Mild och balanserad smak<\/strong> \u2013 en perfekt blandning av traditionell tobak med ett l\u00e4tt inslag av bergamott och rosenolja.<\/p>\n<\/li>\n<li data-start=\"1572\" data-end=\"1671\">\n<p data-start=\"1574\" data-end=\"1671\"><strong data-start=\"1574\" data-end=\"1588\">White snus<\/strong> \u2013 torra portionsp\u00e5sar utan rinnande v\u00e4tska f\u00f6r en bekv\u00e4m och diskret anv\u00e4ndning.<\/p>\n<\/li>\n<li data-start=\"1672\" data-end=\"1750\">\n<p data-start=\"1674\" data-end=\"1750\"><strong data-start=\"1674\" data-end=\"1695\">Lagom nikotinhalt<\/strong> \u2013 12 mg\/g, vilket ger en <strong data-start=\"1721\" data-end=\"1747\">mild nikotinupplevelse<\/strong>.<\/p>\n<\/li>\n<li data-start=\"1751\" data-end=\"1824\">\n<p data-start=\"1753\" data-end=\"1824\"><strong data-start=\"1753\" data-end=\"1765\">Kvalitet<\/strong> \u2013 Skruf \u00e4r k\u00e4nt f\u00f6r sin h\u00f6ga kvalitet och autentiska smak.<\/p>\n<\/li>\n<\/ul>\n<h3 data-start=\"1826\" data-end=\"1846\"><strong data-start=\"1830\" data-end=\"1844\">Passar f\u00f6r<\/strong><\/h3>\n<ul data-start=\"1847\" data-end=\"2082\">\n<li data-start=\"1847\" data-end=\"1938\">\n<p data-start=\"1849\" data-end=\"1938\">De som s\u00f6ker en <strong data-start=\"1865\" data-end=\"1892\">mild och ren tobakssmak<\/strong> med en touch av <strong data-start=\"1909\" data-end=\"1936\">bergamott och rosenolja<\/strong><\/p>\n<\/li>\n<li data-start=\"1939\" data-end=\"2016\">\n<p data-start=\"1941\" data-end=\"2016\">Anv\u00e4ndare av <strong data-start=\"1954\" data-end=\"1968\">white snus<\/strong> som f\u00f6redrar torra p\u00e5sar utan rinnande v\u00e4tska<\/p>\n<\/li>\n<li data-start=\"2017\" data-end=\"2082\">\n<p data-start=\"2019\" data-end=\"2082\">De som vill ha ett <strong data-start=\"2038\" data-end=\"2070\">snus med m\u00e5ttlig nikotinhalt<\/strong> (12 mg\/g)<\/p>\n<\/li>\n<\/ul>\n<h3 data-start=\"2084\" data-end=\"2159\"><strong data-start=\"2088\" data-end=\"2157\">Skruf Original White Portion No. 22 \u2013 Klassisk Snus med Mjuk Smak<\/strong><\/h3>\n<p data-start=\"2160\" data-end=\"2387\">Om du \u00e4r ute efter ett <strong data-start=\"2183\" data-end=\"2205\">traditionellt snus<\/strong> med en mild, balanserad smak och lagom nikotinhalt, s\u00e5 \u00e4r <strong data-start=\"2264\" data-end=\"2303\">Skruf Original White Portion No. 22<\/strong> det perfekta valet. K\u00f6p din dosa online och njut av denna kvalitetssnus fr\u00e5n Skruf.<\/p>","protected":false},"excerpt":{"rendered":"<h1 data-start=\"1386\" data-end=\"1445\"><strong data-start=\"1390\" data-end=\"1443\">Skruf Original White Portion No. 22<\/strong><\/h1>\n<p><strong data-start=\"0\" data-end=\"39\" data-is-only-node=\"\">Skruf Original White Portion No. 22<\/strong> erbjuder en <strong data-start=\"52\" data-end=\"71\">mild tobakssmak<\/strong> med en subtil nyans av <strong data-start=\"95\" data-end=\"108\">bergamott<\/strong> och <strong data-start=\"113\" data-end=\"126\">rosenolja<\/strong>. Detta <strong data-start=\"134\" data-end=\"148\">white snus<\/strong> har torra portionsp\u00e5sar utan rinnande v\u00e4tska, vilket ger en bekv\u00e4m och diskret upplevelse. Med en <strong data-start=\"247\" data-end=\"273\">nikotinhalt p\u00e5 12 mg\/g<\/strong> passar det perfekt f\u00f6r den som s\u00f6ker ett <strong data-start=\"315\" data-end=\"329\">mildt snus<\/strong> med traditionell smak och h\u00f6g kvalitet. Varje dosa inneh\u00e5ller 24 prillor.<\/p>","protected":false},"featured_media":62385,"comment_status":"open","ping_status":"closed","template":"","meta":[],"product_brand":[360],"product_cat":[117,135],"product_tag":[],"class_list":{"0":"post-60084","1":"product","2":"type-product","3":"status-publish","4":"has-post-thumbnail","6":"product_brand-skruf","7":"product_cat-skruf","8":"product_cat-white-portion","10":"first","11":"instock","12":"taxable","13":"shipping-taxable","14":"purchasable","15":"product-type-variable"},"_links":{"self":[{"href":"https:\/\/snus-malmo.se\/sv\/wp-json\/wp\/v2\/product\/60084","targetHints":{"allow":["GET"]}}],"collection":[{"href":"https:\/\/snus-malmo.se\/sv\/wp-json\/wp\/v2\/product"}],"about":[{"href":"https:\/\/snus-malmo.se\/sv\/wp-json\/wp\/v2\/types\/product"}],"replies":[{"embeddable":true,"href":"https:\/\/snus-malmo.se\/sv\/wp-json\/wp\/v2\/comments?post=60084"}],"version-history":[{"count":0,"href":"https:\/\/snus-malmo.se\/sv\/wp-json\/wp\/v2\/product\/60084\/revisions"}],"wp:featuredmedia":[{"embeddable":true,"href":"https:\/\/snus-malmo.se\/sv\/wp-json\/wp\/v2\/media\/62385"}],"wp:attachment":[{"href":"https:\/\/snus-malmo.se\/sv\/wp-json\/wp\/v2\/media?parent=60084"}],"wp:term":[{"taxonomy":"product_brand","embeddable":true,"href":"https:\/\/snus-malmo.se\/sv\/wp-json\/wp\/v2\/product_brand?post=60084"},{"taxonomy":"product_cat","embeddable":true,"href":"https:\/\/snus-malmo.se\/sv\/wp-json\/wp\/v2\/product_cat?post=60084"},{"taxonomy":"product_tag","embeddable":true,"href":"https:\/\/snus-malmo.se\/sv\/wp-json\/wp\/v2\/product_tag?post=60084"}],"curies":[{"name":"wp","href":"https:\/\/api.w.org\/{rel}","templated":true}]}}