{"id":60251,"date":"2025-06-03T21:44:38","date_gmt":"2025-06-03T21:44:38","guid":{"rendered":"https:\/\/snus-malmo.se\/?post_type=product&#038;p=60251"},"modified":"2025-11-22T09:14:08","modified_gmt":"2025-11-22T09:14:08","slug":"ld-salmiak-stark-portion-snus","status":"publish","type":"product","link":"https:\/\/snus-malmo.se\/sv\/produkt\/ld-salmiak-stark-portion-snus\/","title":{"rendered":"LD Salmiak Stark Portion snus"},"content":{"rendered":"<h1>LD Salmiak Stark Portion snus<\/h1>\n<h2 data-start=\"364\" data-end=\"447\">\u26ab <strong data-start=\"369\" data-end=\"447\">LD Salmiak Stark Portion \u2013 Extra starkt lakritssnus med tydlig salmiaksmak<\/strong><\/h2>\n<p data-start=\"449\" data-end=\"751\"><strong data-start=\"449\" data-end=\"477\">LD Salmiak Stark Portion<\/strong> \u00e4r ett kraftfullt portionssnus med en intensiv smak av <strong data-start=\"533\" data-end=\"559\">salmiak (salt lakrits)<\/strong> \u2013 ett perfekt val f\u00f6r dig som s\u00f6ker ett <strong data-start=\"600\" data-end=\"628\">starkt snus med karakt\u00e4r<\/strong>. Den fylliga lakritssmaken kombineras med det klassiska LD-formatet f\u00f6r en <strong data-start=\"704\" data-end=\"750\">rik, smakintensiv och snabb snusupplevelse<\/strong>.<\/p>\n<p data-start=\"753\" data-end=\"996\">Med en <strong data-start=\"760\" data-end=\"796\">h\u00f6g nikotinhalt p\u00e5 cirka 14 mg\/g<\/strong>, levererar LD Salmiak Stark en extra kick som passar vana snusare. Portionerna \u00e4r i <strong data-start=\"881\" data-end=\"899\">originalformat<\/strong>, vilket inneb\u00e4r att de \u00e4r fuktiga p\u00e5 ytan och ger en <strong data-start=\"953\" data-end=\"995\">direkt fris\u00e4ttning av smak och nikotin<\/strong>.<\/p>\n<p data-start=\"998\" data-end=\"1144\">Snuset tillverkas av <strong data-start=\"1019\" data-end=\"1033\">JTI Sweden<\/strong>, en ledande snusproducent som erbjuder svensk snustradition med modern tillverkning \u2013 till riktigt bra priser.<\/p>\n<hr data-start=\"1146\" data-end=\"1149\" \/>\n<h3 data-start=\"1151\" data-end=\"1204\">\u2705 D\u00e4rf\u00f6r v\u00e4ljer snusare LD Salmiak Stark Portion:<\/h3>\n<ul data-start=\"1205\" data-end=\"1511\">\n<li data-start=\"1205\" data-end=\"1257\">\n<p data-start=\"1207\" data-end=\"1257\"><strong data-start=\"1207\" data-end=\"1257\">Extra stark lakritssmak med tydlig salmiakarom<\/strong><\/p>\n<\/li>\n<li data-start=\"1258\" data-end=\"1314\">\n<p data-start=\"1260\" data-end=\"1314\"><strong data-start=\"1260\" data-end=\"1280\">Original portion<\/strong> \u2013 snabb effekt och kraftfull smak<\/p>\n<\/li>\n<li data-start=\"1315\" data-end=\"1353\">\n<p data-start=\"1317\" data-end=\"1353\"><strong data-start=\"1317\" data-end=\"1353\">Stark nikotinstyrka \u2013 ca 14 mg\/g<\/strong><\/p>\n<\/li>\n<li data-start=\"1354\" data-end=\"1394\">\n<p data-start=\"1356\" data-end=\"1394\"><strong data-start=\"1356\" data-end=\"1394\">Tillverkat i Sverige av JTI Sweden<\/strong><\/p>\n<\/li>\n<li data-start=\"1395\" data-end=\"1440\">\n<p data-start=\"1397\" data-end=\"1440\"><strong data-start=\"1397\" data-end=\"1440\">Prisv\u00e4rt premiumsnus f\u00f6r lakrits\u00e4lskare<\/strong><\/p>\n<\/li>\n<li data-start=\"1441\" data-end=\"1511\">\n<p data-start=\"1443\" data-end=\"1511\">Perfekt f\u00f6r dig som vill ha ett <strong data-start=\"1475\" data-end=\"1511\">smakrikt och starkt portionssnus<\/strong><\/p>\n<\/li>\n<\/ul>\n<hr data-start=\"1513\" data-end=\"1516\" \/>\n<h3 data-start=\"1518\" data-end=\"1560\">\ud83d\uded2 K\u00f6p LD Salmiak Stark Portion online<\/h3>\n<p data-start=\"1561\" data-end=\"1740\">Best\u00e4ll <strong data-start=\"1569\" data-end=\"1609\">LD Salmiak Stark Portion snus online<\/strong> \u2013 alltid <strong data-start=\"1619\" data-end=\"1667\">l\u00e5ga priser, f\u00e4rskt lager och snabb leverans<\/strong>. Ett utm\u00e4rkt val f\u00f6r dig som s\u00f6ker ett <strong data-start=\"1707\" data-end=\"1739\">lakritssnus med extra styrka<\/strong>.<\/p>\n<hr data-start=\"1742\" data-end=\"1745\" \/>\n<h3 data-start=\"1747\" data-end=\"1773\">\u2139\ufe0f Produktinformation:<\/h3>\n<ul data-start=\"1774\" data-end=\"2046\">\n<li data-start=\"1774\" data-end=\"1795\">\n<p data-start=\"1776\" data-end=\"1795\"><strong data-start=\"1776\" data-end=\"1790\">Varum\u00e4rke:<\/strong> LD<\/p>\n<\/li>\n<li data-start=\"1796\" data-end=\"1827\">\n<p data-start=\"1798\" data-end=\"1827\"><strong data-start=\"1798\" data-end=\"1814\">Tillverkare:<\/strong> JTI Sweden<\/p>\n<\/li>\n<li data-start=\"1828\" data-end=\"1864\">\n<p data-start=\"1830\" data-end=\"1864\"><strong data-start=\"1830\" data-end=\"1845\">Produkttyp:<\/strong> Original Portion<\/p>\n<\/li>\n<li data-start=\"1865\" data-end=\"1896\">\n<p data-start=\"1867\" data-end=\"1896\"><strong data-start=\"1867\" data-end=\"1876\">Smak:<\/strong> Salmiak \/ Lakrits<\/p>\n<\/li>\n<li data-start=\"1897\" data-end=\"1919\">\n<p data-start=\"1899\" data-end=\"1919\"><strong data-start=\"1899\" data-end=\"1910\">Format:<\/strong> Normal<\/p>\n<\/li>\n<li data-start=\"1920\" data-end=\"1948\">\n<p data-start=\"1922\" data-end=\"1948\"><strong data-start=\"1922\" data-end=\"1940\">Nikotinstyrka:<\/strong> Stark<\/p>\n<\/li>\n<li data-start=\"1949\" data-end=\"1980\">\n<p data-start=\"1951\" data-end=\"1980\"><strong data-start=\"1951\" data-end=\"1967\">Nikotinhalt:<\/strong> ca 14 mg\/g<\/p>\n<\/li>\n<li data-start=\"1981\" data-end=\"2012\">\n<p data-start=\"1983\" data-end=\"2012\"><strong data-start=\"1983\" data-end=\"2005\">Inneh\u00e5ll per dosa:<\/strong> 16 g<\/p>\n<\/li>\n<li data-start=\"2013\" data-end=\"2046\">\n<p data-start=\"2015\" data-end=\"2046\"><strong data-start=\"2015\" data-end=\"2035\">Antal portioner:<\/strong> ca 20 st<\/p>\n<\/li>\n<\/ul>\n<hr data-start=\"2048\" data-end=\"2051\" \/>\n<h3 data-start=\"2053\" data-end=\"2089\">\ud83d\udd04 Andra popul\u00e4ra LD-snussorter:<\/h3>\n<p data-start=\"2090\" data-end=\"2186\">\u2013 F\u00f6r normal styrka: <strong data-start=\"2111\" data-end=\"2133\">LD Salmiak Portion<\/strong><br data-start=\"2133\" data-end=\"2136\" \/>\u2013 F\u00f6r klassisk smak: <strong data-start=\"2157\" data-end=\"2186\">LD Original Stark Portion<\/strong><\/p>\n<p data-start=\"2301\" data-end=\"2345\">\ud83d\udc49 <strong data-start=\"2304\" data-end=\"2345\"><a class=\"cursor-pointer\" rel=\"noopener\" data-start=\"2306\" data-end=\"2343\">Utforska hela LD-sortimentet <\/a><a href=\"https:\/\/snus-malmo.se\/sv\/ld\/\">LD &#8211; Veloop<\/a><\/strong><\/p>","protected":false},"excerpt":{"rendered":"<article>\n<h1>LD Salmiak Stark Portion snus<\/h1>\n<h3><strong>12 Pack\u00a0 \u00a0285,90<\/strong><\/h3>\n<\/article>\n<article class=\"product-text\">LD Salmiak Stark Portion \u00e4r ett extra starkt portionssnus med tydlig salmiaksmak. Original portion med snabb effekt. Tillverkat av JTI Sweden.<\/article>","protected":false},"featured_media":60205,"comment_status":"open","ping_status":"closed","template":"","meta":[],"product_brand":[350],"product_cat":[101,73,348],"product_tag":[],"class_list":{"0":"post-60251","1":"product","2":"type-product","3":"status-publish","4":"has-post-thumbnail","6":"product_brand-ld-portion-snus","7":"product_cat-ld","8":"product_cat-portionssnus","9":"product_cat-regular-large","11":"first","12":"instock","13":"taxable","14":"shipping-taxable","15":"purchasable","16":"product-type-variable"},"_links":{"self":[{"href":"https:\/\/snus-malmo.se\/sv\/wp-json\/wp\/v2\/product\/60251","targetHints":{"allow":["GET"]}}],"collection":[{"href":"https:\/\/snus-malmo.se\/sv\/wp-json\/wp\/v2\/product"}],"about":[{"href":"https:\/\/snus-malmo.se\/sv\/wp-json\/wp\/v2\/types\/product"}],"replies":[{"embeddable":true,"href":"https:\/\/snus-malmo.se\/sv\/wp-json\/wp\/v2\/comments?post=60251"}],"version-history":[{"count":0,"href":"https:\/\/snus-malmo.se\/sv\/wp-json\/wp\/v2\/product\/60251\/revisions"}],"wp:featuredmedia":[{"embeddable":true,"href":"https:\/\/snus-malmo.se\/sv\/wp-json\/wp\/v2\/media\/60205"}],"wp:attachment":[{"href":"https:\/\/snus-malmo.se\/sv\/wp-json\/wp\/v2\/media?parent=60251"}],"wp:term":[{"taxonomy":"product_brand","embeddable":true,"href":"https:\/\/snus-malmo.se\/sv\/wp-json\/wp\/v2\/product_brand?post=60251"},{"taxonomy":"product_cat","embeddable":true,"href":"https:\/\/snus-malmo.se\/sv\/wp-json\/wp\/v2\/product_cat?post=60251"},{"taxonomy":"product_tag","embeddable":true,"href":"https:\/\/snus-malmo.se\/sv\/wp-json\/wp\/v2\/product_tag?post=60251"}],"curies":[{"name":"wp","href":"https:\/\/api.w.org\/{rel}","templated":true}]}}