{"id":60295,"date":"2025-06-03T22:09:45","date_gmt":"2025-06-03T22:09:45","guid":{"rendered":"https:\/\/snus-malmo.se\/?post_type=product&#038;p=60295"},"modified":"2025-10-27T12:05:39","modified_gmt":"2025-10-27T12:05:39","slug":"ld-original-30-portion-snus","status":"publish","type":"product","link":"https:\/\/snus-malmo.se\/sv\/produkt\/ld-original-30-portion-snus\/","title":{"rendered":"LD Original 30 Portion Snus"},"content":{"rendered":"<h1 data-start=\"207\" data-end=\"268\">LD Original 30 Portion Snus<\/h1>\n<h2 data-start=\"379\" data-end=\"460\">\ud83d\udfe4 <strong data-start=\"385\" data-end=\"460\">LD Original 30 Portion \u2013 Klassiskt portionssnus med extra m\u00e5nga prillor<\/strong><\/h2>\n<p data-start=\"462\" data-end=\"774\"><strong data-start=\"462\" data-end=\"488\">LD Original 30 Portion<\/strong> \u00e4r ett klassiskt portionssnus med <strong data-start=\"523\" data-end=\"541\">ren tobakssmak<\/strong> och inslag av <strong data-start=\"556\" data-end=\"580\">bergamott och citrus<\/strong> \u2013 men h\u00e4r f\u00e5r du <strong data-start=\"598\" data-end=\"623\">30 portioner per dosa<\/strong> i st\u00e4llet f\u00f6r det vanliga antalet. Perfekt f\u00f6r dig som snusar ofta och vill ha <strong data-start=\"703\" data-end=\"728\">mer snus f\u00f6r pengarna<\/strong> utan att kompromissa med smak eller kvalitet.<\/p>\n<p data-start=\"776\" data-end=\"1061\">Detta \u00e4r ett <strong data-start=\"789\" data-end=\"814\">original portion-snus<\/strong>, vilket inneb\u00e4r att prillorna \u00e4r fuktade p\u00e5 ytan f\u00f6r att ge en <strong data-start=\"878\" data-end=\"930\">snabb och kraftfull smak- och nikotinfris\u00e4ttning<\/strong>. Med en <strong data-start=\"939\" data-end=\"977\">normal nikotinstyrka p\u00e5 ca 10 mg\/g<\/strong> passar LD Original 30 Portion b\u00e5de vardagssnusaren och den prismedvetna anv\u00e4ndaren.<\/p>\n<p data-start=\"1063\" data-end=\"1204\">LD tillverkas i Sverige av <strong data-start=\"1090\" data-end=\"1104\">JTI Sweden<\/strong> \u2013 ett varum\u00e4rke som kombinerar <strong data-start=\"1136\" data-end=\"1203\">svensk snustradition med h\u00f6g kvalitet till ett riktigt bra pris<\/strong>.<\/p>\n<hr data-start=\"1206\" data-end=\"1209\" \/>\n<h3 data-start=\"1211\" data-end=\"1253\">\u2705 F\u00f6rdelar med LD Original 30 Portion:<\/h3>\n<ul data-start=\"1254\" data-end=\"1506\">\n<li data-start=\"1254\" data-end=\"1307\">\n<p data-start=\"1256\" data-end=\"1307\"><strong data-start=\"1256\" data-end=\"1307\">Klassisk smak av tobak med bergamott och citrus<\/strong><\/p>\n<\/li>\n<li data-start=\"1308\" data-end=\"1350\">\n<p data-start=\"1310\" data-end=\"1350\"><strong data-start=\"1310\" data-end=\"1350\">Original portion \u2013 snabb smakrelease<\/strong><\/p>\n<\/li>\n<li data-start=\"1351\" data-end=\"1391\">\n<p data-start=\"1353\" data-end=\"1391\"><strong data-start=\"1353\" data-end=\"1391\">Normal styrka \u2013 ca 10 mg\/g nikotin<\/strong><\/p>\n<\/li>\n<li data-start=\"1392\" data-end=\"1424\">\n<p data-start=\"1394\" data-end=\"1424\"><strong data-start=\"1394\" data-end=\"1424\">Hela 30 portioner per dosa<\/strong><\/p>\n<\/li>\n<li data-start=\"1425\" data-end=\"1465\">\n<p data-start=\"1427\" data-end=\"1465\"><strong data-start=\"1427\" data-end=\"1465\">Tillverkat i Sverige av JTI Sweden<\/strong><\/p>\n<\/li>\n<li data-start=\"1466\" data-end=\"1506\">\n<p data-start=\"1468\" data-end=\"1506\"><strong data-start=\"1468\" data-end=\"1506\">Prisv\u00e4rt val f\u00f6r frekventa snusare<\/strong><\/p>\n<\/li>\n<\/ul>\n<hr data-start=\"1508\" data-end=\"1511\" \/>\n<h3 data-start=\"1513\" data-end=\"1553\">\ud83d\uded2 K\u00f6p LD Original 30 Portion online<\/h3>\n<p data-start=\"1554\" data-end=\"1720\">Best\u00e4ll <strong data-start=\"1562\" data-end=\"1588\">LD Original 30 Portion<\/strong> enkelt online hos oss. Du f\u00e5r <strong data-start=\"1619\" data-end=\"1677\">fler portioner, snabb leverans och alltid f\u00e4rska dosor<\/strong> \u2013 ett smart val f\u00f6r dig som snusar mycket.<\/p>\n<hr data-start=\"1722\" data-end=\"1725\" \/>\n<h3 data-start=\"1727\" data-end=\"1753\">\u2139\ufe0f Produktinformation:<\/h3>\n<ul data-start=\"1754\" data-end=\"2029\">\n<li data-start=\"1754\" data-end=\"1775\">\n<p data-start=\"1756\" data-end=\"1775\"><strong data-start=\"1756\" data-end=\"1770\">Varum\u00e4rke:<\/strong> LD<\/p>\n<\/li>\n<li data-start=\"1776\" data-end=\"1807\">\n<p data-start=\"1778\" data-end=\"1807\"><strong data-start=\"1778\" data-end=\"1794\">Tillverkare:<\/strong> JTI Sweden<\/p>\n<\/li>\n<li data-start=\"1808\" data-end=\"1841\">\n<p data-start=\"1810\" data-end=\"1841\"><strong data-start=\"1810\" data-end=\"1822\">Snustyp:<\/strong> Original Portion<\/p>\n<\/li>\n<li data-start=\"1842\" data-end=\"1873\">\n<p data-start=\"1844\" data-end=\"1873\"><strong data-start=\"1844\" data-end=\"1853\">Smak:<\/strong> Tobak &amp; Bergamott<\/p>\n<\/li>\n<li data-start=\"1874\" data-end=\"1896\">\n<p data-start=\"1876\" data-end=\"1896\"><strong data-start=\"1876\" data-end=\"1887\">Format:<\/strong> Normal<\/p>\n<\/li>\n<li data-start=\"1897\" data-end=\"1926\">\n<p data-start=\"1899\" data-end=\"1926\"><strong data-start=\"1899\" data-end=\"1917\">Nikotinstyrka:<\/strong> Normal<\/p>\n<\/li>\n<li data-start=\"1927\" data-end=\"1958\">\n<p data-start=\"1929\" data-end=\"1958\"><strong data-start=\"1929\" data-end=\"1945\">Nikotinhalt:<\/strong> ca 10 mg\/g<\/p>\n<\/li>\n<li data-start=\"1959\" data-end=\"1998\">\n<p data-start=\"1961\" data-end=\"1998\"><strong data-start=\"1961\" data-end=\"1990\">Antal portioner per dosa:<\/strong> 30 st<\/p>\n<\/li>\n<li data-start=\"1999\" data-end=\"2029\">\n<p data-start=\"2001\" data-end=\"2029\"><strong data-start=\"2001\" data-end=\"2019\">Inneh\u00e5ll\/dosa:<\/strong> ca 24 g<\/p>\n<\/li>\n<\/ul>\n<hr data-start=\"2031\" data-end=\"2034\" \/>\n<h3 data-start=\"2036\" data-end=\"2074\">\ud83d\udd04 Uppt\u00e4ck fler varianter fr\u00e5n LD:<\/h3>\n<p data-start=\"2075\" data-end=\"2194\">\u2013 <strong data-start=\"2077\" data-end=\"2100\">LD Original Portion<\/strong> \u2013 standarddosa med 20 portioner<br data-start=\"2132\" data-end=\"2135\" \/>\u2013 <strong data-start=\"2137\" data-end=\"2158\">LD Original Stark<\/strong> \u2013 f\u00f6r dig som vill ha mer nikotin<\/p>\n<p data-start=\"2301\" data-end=\"2345\">\ud83d\udc49 <strong data-start=\"2304\" data-end=\"2345\"><a class=\"cursor-pointer\" rel=\"noopener\" data-start=\"2306\" data-end=\"2343\">Utforska hela LD-sortimentet <\/a><a href=\"https:\/\/snus-malmo.se\/sv\/ld\/\">LD &#8211; Veloop<\/a><\/strong><\/p>","protected":false},"excerpt":{"rendered":"<article>\n<h1 data-start=\"207\" data-end=\"268\">LD Original 30 Portion Snus<\/h1>\n<h3><span style=\"color: #333333; font-size: 16px;\">LD Original Portion \u00e4r ett klassiskt portionssnus med smak av tobak, bergamott och citrus. Normal styrka och snabb effekt. Tillverkat av JTI Sweden.<\/span><\/h3>\n<p>Uppt\u00e4ck v\u00e5rt stora sortiment av LD Snus till marknadens b\u00e4sta priser. <a class=\"\" href=\"https:\/\/snus-malmo.se\/sv\/ld-snus-kopa-prisvardsnus\/\" target=\"_new\" rel=\"noopener\" data-start=\"269\" data-end=\"396\">Klicka h\u00e4r f\u00f6r att handla LD Snus enkelt och tryggt i v\u00e5r webbutik p\u00e5 Veloop.se!<\/a><\/p>\n<\/article>","protected":false},"featured_media":60211,"comment_status":"open","ping_status":"closed","template":"","meta":[],"product_brand":[350],"product_cat":[101,73,348],"product_tag":[],"class_list":{"0":"post-60295","1":"product","2":"type-product","3":"status-publish","4":"has-post-thumbnail","6":"product_brand-ld-portion-snus","7":"product_cat-ld","8":"product_cat-portionssnus","9":"product_cat-regular-large","11":"first","12":"instock","13":"taxable","14":"shipping-taxable","15":"purchasable","16":"product-type-variable"},"_links":{"self":[{"href":"https:\/\/snus-malmo.se\/sv\/wp-json\/wp\/v2\/product\/60295","targetHints":{"allow":["GET"]}}],"collection":[{"href":"https:\/\/snus-malmo.se\/sv\/wp-json\/wp\/v2\/product"}],"about":[{"href":"https:\/\/snus-malmo.se\/sv\/wp-json\/wp\/v2\/types\/product"}],"replies":[{"embeddable":true,"href":"https:\/\/snus-malmo.se\/sv\/wp-json\/wp\/v2\/comments?post=60295"}],"version-history":[{"count":0,"href":"https:\/\/snus-malmo.se\/sv\/wp-json\/wp\/v2\/product\/60295\/revisions"}],"wp:featuredmedia":[{"embeddable":true,"href":"https:\/\/snus-malmo.se\/sv\/wp-json\/wp\/v2\/media\/60211"}],"wp:attachment":[{"href":"https:\/\/snus-malmo.se\/sv\/wp-json\/wp\/v2\/media?parent=60295"}],"wp:term":[{"taxonomy":"product_brand","embeddable":true,"href":"https:\/\/snus-malmo.se\/sv\/wp-json\/wp\/v2\/product_brand?post=60295"},{"taxonomy":"product_cat","embeddable":true,"href":"https:\/\/snus-malmo.se\/sv\/wp-json\/wp\/v2\/product_cat?post=60295"},{"taxonomy":"product_tag","embeddable":true,"href":"https:\/\/snus-malmo.se\/sv\/wp-json\/wp\/v2\/product_tag?post=60295"}],"curies":[{"name":"wp","href":"https:\/\/api.w.org\/{rel}","templated":true}]}}