{"id":60310,"date":"2025-06-03T22:32:20","date_gmt":"2025-06-03T22:32:20","guid":{"rendered":"https:\/\/snus-malmo.se\/?post_type=product&#038;p=60310"},"modified":"2025-11-22T09:40:45","modified_gmt":"2025-11-22T09:40:45","slug":"vargarda-barstig-vit-portion","status":"publish","type":"product","link":"https:\/\/snus-malmo.se\/sv\/produkt\/vargarda-barstig-vit-portion\/","title":{"rendered":"V\u00e5rg\u00e5rda B\u00e4rstig Vit Portion"},"content":{"rendered":"<h1>V\u00e5rg\u00e5rda B\u00e4rstig Vit Portion<\/h1>\n<h2><span style=\"color: #1b1919; font-size: 24px;\">\ud83e\uded0 <\/span><strong style=\"color: #1b1919; font-size: 24px;\" data-start=\"270\" data-end=\"349\">V\u00e5rg\u00e5rda B\u00e4rstig Vit Portion \u2013 White Portion Snus med Fruktig Skogsb\u00e4rssmak<\/strong><\/h2>\n<article class=\"product-text\">\n<p data-start=\"351\" data-end=\"672\"><strong data-start=\"351\" data-end=\"383\">V\u00e5rg\u00e5rda B\u00e4rstig Vit Portion<\/strong> \u00e4r ett smakfullt <strong data-start=\"401\" data-end=\"423\">white portion-snus<\/strong> med en <strong data-start=\"431\" data-end=\"471\">naturlig och fr\u00e4sch smak av skogsb\u00e4r<\/strong>, inspirerat av den svenska naturen. Den milda och l\u00e4tt s\u00f6ta b\u00e4rsmaken balanseras av en diskret tobakston, vilket g\u00f6r snuset perfekt f\u00f6r dig som vill ha ett <strong data-start=\"628\" data-end=\"671\">modernt, fruktigt snus i diskret format<\/strong>.<\/p>\n<p data-start=\"674\" data-end=\"975\">White portion-formatet inneb\u00e4r att prillorna har en torr yta som <strong data-start=\"739\" data-end=\"760\">minskar rinnighet<\/strong> och ger en <strong data-start=\"772\" data-end=\"806\">l\u00e5ngvarig, j\u00e4mn smakupplevelse<\/strong>. Inuti \u00e4r prillorna fuktiga, vilket ger en <strong data-start=\"850\" data-end=\"874\">j\u00e4mn nikotinleverans<\/strong>. Med en <strong data-start=\"883\" data-end=\"921\">normal nikotinstyrka p\u00e5 ca 10 mg\/g<\/strong> \u00e4r V\u00e5rg\u00e5rda B\u00e4rstig ett utm\u00e4rkt val f\u00f6r dagligt bruk.<\/p>\n<p data-start=\"977\" data-end=\"1107\">Snuset \u00e4r tillverkat i Sverige av <strong data-start=\"1011\" data-end=\"1025\">JTI Sweden<\/strong>, ett ledande f\u00f6retag inom snusproduktion som kombinerar tradition med innovation.<\/p>\n<hr data-start=\"1109\" data-end=\"1112\" \/>\n<h3 data-start=\"1114\" data-end=\"1162\">\u2705 F\u00f6rdelar med V\u00e5rg\u00e5rda B\u00e4rstig Vit Portion:<\/h3>\n<ul data-start=\"1163\" data-end=\"1437\">\n<li data-start=\"1163\" data-end=\"1202\">\n<p data-start=\"1165\" data-end=\"1202\">\ud83e\uded0 <strong data-start=\"1168\" data-end=\"1202\">Frisk smak av svenska skogsb\u00e4r<\/strong><\/p>\n<\/li>\n<li data-start=\"1203\" data-end=\"1250\">\n<p data-start=\"1205\" data-end=\"1250\">\u26aa <strong data-start=\"1207\" data-end=\"1250\">White portion \u2013 diskret och mindre rinn<\/strong><\/p>\n<\/li>\n<li data-start=\"1251\" data-end=\"1293\">\n<p data-start=\"1253\" data-end=\"1293\">\ud83d\udcaa <strong data-start=\"1256\" data-end=\"1293\">Normal nikotinstyrka (ca 10 mg\/g)<\/strong><\/p>\n<\/li>\n<li data-start=\"1294\" data-end=\"1339\">\n<p data-start=\"1296\" data-end=\"1339\">\ud83c\uddf8\ud83c\uddea <strong data-start=\"1301\" data-end=\"1339\">Tillverkat i Sverige av JTI Sweden<\/strong><\/p>\n<\/li>\n<li data-start=\"1340\" data-end=\"1384\">\n<p data-start=\"1342\" data-end=\"1384\">\ud83d\udcbc <strong data-start=\"1345\" data-end=\"1384\">Passar b\u00e5de nya och erfarna snusare<\/strong><\/p>\n<\/li>\n<li data-start=\"1385\" data-end=\"1437\">\n<p data-start=\"1387\" data-end=\"1437\">\ud83d\udcb0 <strong data-start=\"1390\" data-end=\"1437\">Perfekt balans mellan smak, styrka och pris<\/strong><\/p>\n<\/li>\n<\/ul>\n<hr data-start=\"1439\" data-end=\"1442\" \/>\n<h3 data-start=\"1444\" data-end=\"1490\">\ud83d\uded2 K\u00f6p V\u00e5rg\u00e5rda B\u00e4rstig Vit Portion online<\/h3>\n<p data-start=\"1491\" data-end=\"1715\">Letar du efter ett <strong data-start=\"1510\" data-end=\"1553\">b\u00e4rsmakande snus i white portion-format<\/strong>? D\u00e5 \u00e4r <strong data-start=\"1561\" data-end=\"1593\">V\u00e5rg\u00e5rda B\u00e4rstig Vit Portion<\/strong> ett utm\u00e4rkt val. Best\u00e4ll online idag \u2013 vi erbjuder <strong data-start=\"1645\" data-end=\"1714\">snabba leveranser, f\u00e4rska produkter och konkurrenskraftiga priser<\/strong>.<\/p>\n<hr data-start=\"1717\" data-end=\"1720\" \/>\n<h3 data-start=\"1722\" data-end=\"1748\">\u2139\ufe0f Produktinformation:<\/h3>\n<div class=\"_tableContainer_16hzy_1\">\n<div class=\"_tableWrapper_16hzy_14 group flex w-fit flex-col-reverse\" tabindex=\"-1\">\n<table class=\"w-fit min-w-(--thread-content-width)\" data-start=\"1749\" data-end=\"2087\">\n<thead data-start=\"1749\" data-end=\"1770\">\n<tr data-start=\"1749\" data-end=\"1770\">\n<th data-start=\"1749\" data-end=\"1760\" data-col-size=\"sm\">Egenskap<\/th>\n<th data-start=\"1760\" data-end=\"1770\" data-col-size=\"sm\">Detalj<\/th>\n<\/tr>\n<\/thead>\n<tbody data-start=\"1793\" data-end=\"2087\">\n<tr data-start=\"1793\" data-end=\"1822\">\n<td data-start=\"1793\" data-end=\"1810\" data-col-size=\"sm\"><strong data-start=\"1795\" data-end=\"1809\">Varum\u00e4rke:<\/strong><\/td>\n<td data-col-size=\"sm\" data-start=\"1810\" data-end=\"1822\">V\u00e5rg\u00e5rda<\/td>\n<\/tr>\n<tr data-start=\"1823\" data-end=\"1856\">\n<td data-start=\"1823\" data-end=\"1842\" data-col-size=\"sm\"><strong data-start=\"1825\" data-end=\"1841\">Tillverkare:<\/strong><\/td>\n<td data-col-size=\"sm\" data-start=\"1842\" data-end=\"1856\">JTI Sweden<\/td>\n<\/tr>\n<tr data-start=\"1857\" data-end=\"1889\">\n<td data-start=\"1857\" data-end=\"1872\" data-col-size=\"sm\"><strong data-start=\"1859\" data-end=\"1871\">Snustyp:<\/strong><\/td>\n<td data-col-size=\"sm\" data-start=\"1872\" data-end=\"1889\">White Portion<\/td>\n<\/tr>\n<tr data-start=\"1890\" data-end=\"1922\">\n<td data-start=\"1890\" data-end=\"1902\" data-col-size=\"sm\"><strong data-start=\"1892\" data-end=\"1901\">Smak:<\/strong><\/td>\n<td data-col-size=\"sm\" data-start=\"1902\" data-end=\"1922\">Skogsb\u00e4r \/ Frukt<\/td>\n<\/tr>\n<tr data-start=\"1923\" data-end=\"1947\">\n<td data-start=\"1923\" data-end=\"1937\" data-col-size=\"sm\"><strong data-start=\"1925\" data-end=\"1936\">Format:<\/strong><\/td>\n<td data-col-size=\"sm\" data-start=\"1937\" data-end=\"1947\">Normal<\/td>\n<\/tr>\n<tr data-start=\"1948\" data-end=\"1979\">\n<td data-start=\"1948\" data-end=\"1969\" data-col-size=\"sm\"><strong data-start=\"1950\" data-end=\"1968\">Nikotinstyrka:<\/strong><\/td>\n<td data-col-size=\"sm\" data-start=\"1969\" data-end=\"1979\">Normal<\/td>\n<\/tr>\n<tr data-start=\"1980\" data-end=\"2013\">\n<td data-start=\"1980\" data-end=\"1999\" data-col-size=\"sm\"><strong data-start=\"1982\" data-end=\"1998\">Nikotinhalt:<\/strong><\/td>\n<td data-col-size=\"sm\" data-start=\"1999\" data-end=\"2013\">ca 10 mg\/g<\/td>\n<\/tr>\n<tr data-start=\"2014\" data-end=\"2054\">\n<td data-start=\"2014\" data-end=\"2042\" data-col-size=\"sm\"><strong data-start=\"2016\" data-end=\"2041\">Antal portioner\/dosa:<\/strong><\/td>\n<td data-col-size=\"sm\" data-start=\"2042\" data-end=\"2054\">ca 20 st<\/td>\n<\/tr>\n<tr data-start=\"2055\" data-end=\"2087\">\n<td data-start=\"2055\" data-end=\"2076\" data-col-size=\"sm\"><strong data-start=\"2057\" data-end=\"2075\">Inneh\u00e5ll\/dosa:<\/strong><\/td>\n<td data-col-size=\"sm\" data-start=\"2076\" data-end=\"2087\">ca 16 g<\/td>\n<\/tr>\n<\/tbody>\n<\/table>\n<div class=\"sticky end-(--thread-content-margin) h-0 self-end select-none\">\n<div class=\"absolute end-0 flex items-end\"><\/div>\n<\/div>\n<\/div>\n<\/div>\n<\/article>\n<div class=\"buy-pane\">\n<div class=\"tab-content buy-tabs-content\">\n<div id=\"buy\" class=\"tab-pane active\">\n<div><\/div>\n<\/div>\n<\/div>\n<\/div>","protected":false},"excerpt":{"rendered":"<article class=\"product-text\">K\u00f6p V\u00e5rg\u00e5rda B\u00e4rstig Vit Portion \u2013 B\u00e4rsmak i White Portion Snus | Snabb Leverans<\/article>\n<div class=\"buy-pane\">\n<div class=\"tab-content buy-tabs-content\">\n<div id=\"buy\" class=\"tab-pane active\">\n<div class=\"variants list\">\n<h1>V\u00e5rg\u00e5rda B\u00e4rstig Vit Portion<\/h1>\n<p>V\u00e5rg\u00e5rda B\u00e4rstig Vit Portion \u00e4r ett vitt portionssnus med smak av skogsb\u00e4r och normal nikotinstyrka. Tillverkat i Sverige av JTI Sweden.<\/p>\n<\/div>\n<\/div>\n<\/div>\n<\/div>","protected":false},"featured_media":67831,"comment_status":"open","ping_status":"closed","template":"","meta":[],"product_brand":[357],"product_cat":[438,258],"product_tag":[],"class_list":{"0":"post-60310","1":"product","2":"type-product","3":"status-publish","4":"has-post-thumbnail","6":"product_brand-vrgrda","7":"product_cat-term","8":"product_cat-vargarda","10":"first","11":"instock","12":"taxable","13":"shipping-taxable","14":"purchasable","15":"product-type-variable"},"_links":{"self":[{"href":"https:\/\/snus-malmo.se\/sv\/wp-json\/wp\/v2\/product\/60310","targetHints":{"allow":["GET"]}}],"collection":[{"href":"https:\/\/snus-malmo.se\/sv\/wp-json\/wp\/v2\/product"}],"about":[{"href":"https:\/\/snus-malmo.se\/sv\/wp-json\/wp\/v2\/types\/product"}],"replies":[{"embeddable":true,"href":"https:\/\/snus-malmo.se\/sv\/wp-json\/wp\/v2\/comments?post=60310"}],"version-history":[{"count":0,"href":"https:\/\/snus-malmo.se\/sv\/wp-json\/wp\/v2\/product\/60310\/revisions"}],"wp:featuredmedia":[{"embeddable":true,"href":"https:\/\/snus-malmo.se\/sv\/wp-json\/wp\/v2\/media\/67831"}],"wp:attachment":[{"href":"https:\/\/snus-malmo.se\/sv\/wp-json\/wp\/v2\/media?parent=60310"}],"wp:term":[{"taxonomy":"product_brand","embeddable":true,"href":"https:\/\/snus-malmo.se\/sv\/wp-json\/wp\/v2\/product_brand?post=60310"},{"taxonomy":"product_cat","embeddable":true,"href":"https:\/\/snus-malmo.se\/sv\/wp-json\/wp\/v2\/product_cat?post=60310"},{"taxonomy":"product_tag","embeddable":true,"href":"https:\/\/snus-malmo.se\/sv\/wp-json\/wp\/v2\/product_tag?post=60310"}],"curies":[{"name":"wp","href":"https:\/\/api.w.org\/{rel}","templated":true}]}}