{"id":60396,"date":"2025-06-04T22:28:42","date_gmt":"2025-06-04T22:28:42","guid":{"rendered":"https:\/\/snus-malmo.se\/?post_type=product&#038;p=60396"},"modified":"2025-09-19T13:42:54","modified_gmt":"2025-09-19T13:42:54","slug":"lundgrens-aftonglod-stark-portion","status":"publish","type":"product","link":"https:\/\/snus-malmo.se\/sv\/produkt\/lundgrens-aftonglod-stark-portion\/","title":{"rendered":"Lundgrens Aftongl\u00f6d Stark Portion"},"content":{"rendered":"<h1 data-start=\"265\" data-end=\"364\">Lundgrens Aftongl\u00f6d Stark Portion<\/h1>\n<h2 data-start=\"299\" data-end=\"392\"><strong data-start=\"302\" data-end=\"392\">Lundgrens Aftongl\u00f6d Stark Portion \u2013 Starkt portionssnus med tobak, l\u00e4der och bergamott<\/strong><\/h2>\n<p data-start=\"394\" data-end=\"593\"><strong data-start=\"394\" data-end=\"423\">Lundgrens Aftongl\u00f6d Stark<\/strong> \u00e4r ett kraftfullt svenskt portionssnus som kombinerar klassisk tobakssmak med nyanser av l\u00e4der och bergamott \u2013 nu med h\u00f6gre nikotinstyrka f\u00f6r en intensivare upplevelse.<\/p>\n<p data-start=\"595\" data-end=\"795\">Det h\u00e4r \u00e4r snuset f\u00f6r dig som vill ha ett starkt, smakfullt portionssnus med tydlig karakt\u00e4r. Med sitt originalformat och fuktiga yta ger Aftongl\u00f6d Stark snabb smakrelease och l\u00e5ngvarig nikotineffekt.<\/p>\n<hr data-start=\"797\" data-end=\"800\" \/>\n<h3 data-start=\"802\" data-end=\"858\">\u2705 <strong data-start=\"808\" data-end=\"858\">F\u00f6rdelar med Lundgrens Aftongl\u00f6d Stark Portion<\/strong><\/h3>\n<ul data-start=\"860\" data-end=\"1090\">\n<li data-start=\"860\" data-end=\"895\">\n<p data-start=\"862\" data-end=\"895\">Starkt snus med 13 mg\/g nikotin<\/p>\n<\/li>\n<li data-start=\"896\" data-end=\"948\">\n<p data-start=\"898\" data-end=\"948\">Tydlig smakprofil med tobak, l\u00e4der och bergamott<\/p>\n<\/li>\n<li data-start=\"949\" data-end=\"998\">\n<p data-start=\"951\" data-end=\"998\">Originalportion med fuktad yta \u2013 snabb effekt<\/p>\n<\/li>\n<li data-start=\"999\" data-end=\"1041\">\n<p data-start=\"1001\" data-end=\"1041\">Svensktillverkat snus med h\u00f6g kvalitet<\/p>\n<\/li>\n<li data-start=\"1042\" data-end=\"1090\">\n<p data-start=\"1044\" data-end=\"1090\">En del av popul\u00e4ra Lundgrens-serien fr\u00e5n BAT<\/p>\n<\/li>\n<\/ul>\n<hr data-start=\"1092\" data-end=\"1095\" \/>\n<h3 data-start=\"1097\" data-end=\"1153\">\ud83d\udce6 <strong data-start=\"1104\" data-end=\"1153\">Produktinformation: Lundgrens Aftongl\u00f6d Stark<\/strong><\/h3>\n<ul data-start=\"1155\" data-end=\"1472\">\n<li data-start=\"1155\" data-end=\"1196\">\n<p data-start=\"1157\" data-end=\"1196\"><strong data-start=\"1157\" data-end=\"1165\">Typ:<\/strong> Original Portion (med tobak)<\/p>\n<\/li>\n<li data-start=\"1197\" data-end=\"1219\">\n<p data-start=\"1199\" data-end=\"1219\"><strong data-start=\"1199\" data-end=\"1210\">Format:<\/strong> Normal<\/p>\n<\/li>\n<li data-start=\"1220\" data-end=\"1263\">\n<p data-start=\"1222\" data-end=\"1263\"><strong data-start=\"1222\" data-end=\"1237\">Smakprofil:<\/strong> Tobak, l\u00e4der, bergamott<\/p>\n<\/li>\n<li data-start=\"1264\" data-end=\"1292\">\n<p data-start=\"1266\" data-end=\"1292\"><strong data-start=\"1266\" data-end=\"1282\">Nikotinhalt:<\/strong> 13 mg\/g<\/p>\n<\/li>\n<li data-start=\"1293\" data-end=\"1320\">\n<p data-start=\"1295\" data-end=\"1320\"><strong data-start=\"1295\" data-end=\"1306\">Styrka:<\/strong> Stark (3\/4)<\/p>\n<\/li>\n<li data-start=\"1321\" data-end=\"1358\">\n<p data-start=\"1323\" data-end=\"1358\"><strong data-start=\"1323\" data-end=\"1350\">Antal prillor per dosa:<\/strong> ca 22<\/p>\n<\/li>\n<li data-start=\"1359\" data-end=\"1391\">\n<p data-start=\"1361\" data-end=\"1391\"><strong data-start=\"1361\" data-end=\"1376\">Total vikt:<\/strong> ca 18,7 gram<\/p>\n<\/li>\n<li data-start=\"1392\" data-end=\"1420\">\n<p data-start=\"1394\" data-end=\"1420\"><strong data-start=\"1394\" data-end=\"1408\">Varum\u00e4rke:<\/strong> Lundgrens<\/p>\n<\/li>\n<li data-start=\"1421\" data-end=\"1472\">\n<p data-start=\"1423\" data-end=\"1472\"><strong data-start=\"1423\" data-end=\"1439\">Tillverkare:<\/strong> British American Tobacco (BAT)<\/p>\n<\/li>\n<\/ul>\n<hr data-start=\"1474\" data-end=\"1477\" \/>\n<h3 data-start=\"1479\" data-end=\"1542\">\ud83c\udf07 <strong data-start=\"1486\" data-end=\"1542\">Aftongl\u00f6d Stark \u2013 Traditionell smak med extra styrka<\/strong><\/h3>\n<p data-start=\"1544\" data-end=\"1788\">Lundgrens Aftongl\u00f6d Stark erbjuder en kraftigare variant av originalsnuset Aftongl\u00f6d. Med sin starkare nikotinhalt och klassiska smakprofil \u00e4r det ett utm\u00e4rkt val f\u00f6r dig som s\u00f6ker en tydlig och robust snusupplevelse med svenska smaks\u00e4ttningar.<\/p>\n<hr data-start=\"1790\" data-end=\"1793\" \/>\n<h3 data-start=\"1795\" data-end=\"1864\">\ud83d\uded2 <strong data-start=\"1802\" data-end=\"1864\">K\u00f6p Lundgrens Aftongl\u00f6d Stark Portion online hos Veloop.se<\/strong><\/h3>\n<p data-start=\"1866\" data-end=\"2018\">Hos <strong data-start=\"1870\" data-end=\"1883\">Veloop.se<\/strong> handlar du enkelt, tryggt och med snabb leverans. Vi har alltid f\u00e4rskt lager och ett brett utbud av <strong data-start=\"1984\" data-end=\"2017\">Lundgrens starka portionssnus<\/strong>.<\/p>\n<p data-start=\"2020\" data-end=\"2138\">\ud83d\udd17 <strong data-start=\"2023\" data-end=\"2072\">Utforska hela sortimentet fr\u00e5n Lundgrens h\u00e4r:<\/strong><br data-start=\"2072\" data-end=\"2075\" \/>\ud83d\udc49 <a class=\"\" href=\"https:\/\/snus-malmo.se\/sv\/lundgrens\/\" target=\"_new\" rel=\"noopener\" data-start=\"2078\" data-end=\"2138\">https:\/\/snus-malmo.se\/lundgrens\/<\/a><\/p>","protected":false},"excerpt":{"rendered":"<div class=\"buy-pane\">\n<div class=\"tab-content buy-tabs-content\">\n<div id=\"buy\" class=\"tab-pane active\">\n<div class=\"variants list\">\n<h1 data-start=\"265\" data-end=\"364\">Lundgrens Aftongl\u00f6d Stark Portion<\/h1>\n<p data-start=\"197\" data-end=\"472\"><strong data-start=\"162\" data-end=\"199\">Lundgrens Aftongl\u00f6d Stark Portion<\/strong> \u00e4r ett starkt svenskt portionssnus med klassisk smak av tobak, l\u00e4der och bergamott. Med 13 mg\/g nikotin och originalportion ger det en kraftfull snusupplevelse med snabb smakrelease.<\/p>\n<p data-start=\"474\" data-end=\"575\">\ud83d\udc49\u202f<strong data-start=\"477\" data-end=\"505\">K\u00f6p online hos Veloop.se<\/strong> \u2013 <a class=\"\" href=\"https:\/\/snus-malmo.se\/sv\/lundgrens\/\" target=\"_new\" rel=\"noopener\" data-start=\"508\" data-end=\"575\">Utforska hela Lundgrens-sortimentet<\/a><\/p>\n<\/div>\n<\/div>\n<\/div>\n<\/div>","protected":false},"featured_media":67264,"comment_status":"open","ping_status":"closed","template":"","meta":[],"product_brand":[358],"product_cat":[104,73],"product_tag":[],"class_list":{"0":"post-60396","1":"product","2":"type-product","3":"status-publish","4":"has-post-thumbnail","6":"product_brand-lundgrens","7":"product_cat-lundgrens","8":"product_cat-portionssnus","10":"first","11":"instock","12":"taxable","13":"shipping-taxable","14":"purchasable","15":"product-type-variable"},"_links":{"self":[{"href":"https:\/\/snus-malmo.se\/sv\/wp-json\/wp\/v2\/product\/60396","targetHints":{"allow":["GET"]}}],"collection":[{"href":"https:\/\/snus-malmo.se\/sv\/wp-json\/wp\/v2\/product"}],"about":[{"href":"https:\/\/snus-malmo.se\/sv\/wp-json\/wp\/v2\/types\/product"}],"replies":[{"embeddable":true,"href":"https:\/\/snus-malmo.se\/sv\/wp-json\/wp\/v2\/comments?post=60396"}],"version-history":[{"count":0,"href":"https:\/\/snus-malmo.se\/sv\/wp-json\/wp\/v2\/product\/60396\/revisions"}],"wp:featuredmedia":[{"embeddable":true,"href":"https:\/\/snus-malmo.se\/sv\/wp-json\/wp\/v2\/media\/67264"}],"wp:attachment":[{"href":"https:\/\/snus-malmo.se\/sv\/wp-json\/wp\/v2\/media?parent=60396"}],"wp:term":[{"taxonomy":"product_brand","embeddable":true,"href":"https:\/\/snus-malmo.se\/sv\/wp-json\/wp\/v2\/product_brand?post=60396"},{"taxonomy":"product_cat","embeddable":true,"href":"https:\/\/snus-malmo.se\/sv\/wp-json\/wp\/v2\/product_cat?post=60396"},{"taxonomy":"product_tag","embeddable":true,"href":"https:\/\/snus-malmo.se\/sv\/wp-json\/wp\/v2\/product_tag?post=60396"}],"curies":[{"name":"wp","href":"https:\/\/api.w.org\/{rel}","templated":true}]}}