{"id":60561,"date":"2025-06-06T16:42:25","date_gmt":"2025-06-06T16:42:25","guid":{"rendered":"https:\/\/snus-malmo.se\/?post_type=product&#038;p=60561"},"modified":"2025-11-24T20:31:35","modified_gmt":"2025-11-24T20:31:35","slug":"velo-midsummer-sweet-blackcurrant","status":"publish","type":"product","link":"https:\/\/snus-malmo.se\/sv\/produkt\/velo-midsummer-sweet-blackcurrant\/","title":{"rendered":"VELO Midsummer Sweet Blackcurrant"},"content":{"rendered":"<h1>VELO Midsummer Sweet Blackcurrant<\/h1>\n<h2 data-start=\"216\" data-end=\"283\">VELO Midsummer Sweet Blackcurrant \u2013 S\u00f6t och somrig svarta vinb\u00e4r<\/h2>\n<p data-start=\"285\" data-end=\"556\"><strong data-start=\"285\" data-end=\"322\">VELO Midsummer Sweet Blackcurrant<\/strong> \u00e4r ett tobaksfritt vitt snus som bjuder p\u00e5 en <strong data-start=\"369\" data-end=\"418\">ljuvligt s\u00f6t och somrig smak av svarta vinb\u00e4r<\/strong>. Den rika b\u00e4rsmaken ger en h\u00e4rlig och fruktig upplevelse som passar perfekt f\u00f6r dig som vill ha n\u00e5got smakrikt och fr\u00e4scht i slim-format.<\/p>\n<p data-start=\"558\" data-end=\"663\">Snuset \u00e4r tobaksfritt men inneh\u00e5ller nikotin och kommer i ett bekv\u00e4mt slim-format f\u00f6r diskret anv\u00e4ndning.<\/p>\n<hr data-start=\"665\" data-end=\"668\" \/>\n<h3 data-start=\"670\" data-end=\"723\">\u2714\ufe0f F\u00f6rdelar med VELO Midsummer Sweet Blackcurrant<\/h3>\n<ul data-start=\"725\" data-end=\"947\">\n<li data-start=\"725\" data-end=\"770\">\n<p data-start=\"727\" data-end=\"770\"><strong data-start=\"727\" data-end=\"768\">S\u00f6t och fruktig smak av svarta vinb\u00e4r<\/strong><\/p>\n<\/li>\n<li data-start=\"771\" data-end=\"812\">\n<p data-start=\"773\" data-end=\"812\"><strong data-start=\"773\" data-end=\"810\">Slim-format \u2013 bekv\u00e4mt och diskret<\/strong><\/p>\n<\/li>\n<li data-start=\"813\" data-end=\"854\">\n<p data-start=\"815\" data-end=\"854\"><strong data-start=\"815\" data-end=\"852\">Tobaksfritt vitt snus med nikotin<\/strong><\/p>\n<\/li>\n<li data-start=\"855\" data-end=\"907\">\n<p data-start=\"857\" data-end=\"907\"><strong data-start=\"857\" data-end=\"905\">Producerat av British American Tobacco (BAT)<\/strong><\/p>\n<\/li>\n<li data-start=\"908\" data-end=\"947\">\n<p data-start=\"910\" data-end=\"947\"><strong data-start=\"910\" data-end=\"947\">Somrig och smakrik snusupplevelse<\/strong><\/p>\n<\/li>\n<\/ul>\n<hr data-start=\"949\" data-end=\"952\" \/>\n<h3 data-start=\"954\" data-end=\"984\">\ud83c\udf47 Produktspecifikationer:<\/h3>\n<ul data-start=\"986\" data-end=\"1236\">\n<li data-start=\"986\" data-end=\"1036\">\n<p data-start=\"988\" data-end=\"1036\"><strong data-start=\"988\" data-end=\"1000\">Produkt:<\/strong> VELO Midsummer Sweet Blackcurrant<\/p>\n<\/li>\n<li data-start=\"1037\" data-end=\"1068\">\n<p data-start=\"1039\" data-end=\"1068\"><strong data-start=\"1039\" data-end=\"1048\">Smak:<\/strong> S\u00f6t svarta vinb\u00e4r<\/p>\n<\/li>\n<li data-start=\"1069\" data-end=\"1105\">\n<p data-start=\"1071\" data-end=\"1105\"><strong data-start=\"1071\" data-end=\"1079\">Typ:<\/strong> Vitt snus (tobaksfritt)<\/p>\n<\/li>\n<li data-start=\"1106\" data-end=\"1126\">\n<p data-start=\"1108\" data-end=\"1126\"><strong data-start=\"1108\" data-end=\"1119\">Format:<\/strong> Slim<\/p>\n<\/li>\n<li data-start=\"1127\" data-end=\"1149\">\n<p data-start=\"1129\" data-end=\"1149\"><strong data-start=\"1129\" data-end=\"1140\">Styrka:<\/strong> Normal<\/p>\n<\/li>\n<li data-start=\"1150\" data-end=\"1186\">\n<p data-start=\"1152\" data-end=\"1186\"><strong data-start=\"1152\" data-end=\"1181\">Antal portioner per dosa:<\/strong> 20<\/p>\n<\/li>\n<li data-start=\"1187\" data-end=\"1236\">\n<p data-start=\"1189\" data-end=\"1236\"><strong data-start=\"1189\" data-end=\"1205\">Tillverkare:<\/strong> British American Tobacco (BAT)<\/p>\n<\/li>\n<\/ul>\n<hr data-start=\"1238\" data-end=\"1241\" \/>\n<h2 data-start=\"1243\" data-end=\"1292\">\ud83c\udf08 Uppt\u00e4ck hela VELO-sortimentet hos Veloop.se<\/h2>\n<p data-start=\"1294\" data-end=\"1365\">VELO erbjuder ett brett sortiment av smaker som passar alla tillf\u00e4llen:<\/p>\n<ul data-start=\"1367\" data-end=\"3176\">\n<li data-start=\"1367\" data-end=\"1426\">\n<p data-start=\"1369\" data-end=\"1426\">VELO Arctic Grapefruit \u2013 Frisk grapefrukt med kylig ton<\/p>\n<\/li>\n<li data-start=\"1427\" data-end=\"1478\">\n<p data-start=\"1429\" data-end=\"1478\">VELO Blue Raspberry \u2013 S\u00f6t och syrlig bl\u00e5 hallon<\/p>\n<\/li>\n<li data-start=\"1479\" data-end=\"1525\">\n<p data-start=\"1481\" data-end=\"1525\">VELO Blushy Berry \u2013 Mjuk smak av ljusa b\u00e4r<\/p>\n<\/li>\n<li data-start=\"1526\" data-end=\"1575\">\n<p data-start=\"1528\" data-end=\"1575\">VELO Breezy Mango \u2013 L\u00e4tt och tropisk mangoton<\/p>\n<\/li>\n<li data-start=\"1576\" data-end=\"1631\">\n<p data-start=\"1578\" data-end=\"1631\">VELO Bright Spearmint Mini \u2013 Mild och s\u00f6t spearmint<\/p>\n<\/li>\n<li data-start=\"1632\" data-end=\"1696\">\n<p data-start=\"1634\" data-end=\"1696\">VELO Crispy Peppermint Mini \u2013 Stark pepparmint i mini-format<\/p>\n<\/li>\n<li data-start=\"1697\" data-end=\"1769\">\n<p data-start=\"1699\" data-end=\"1769\">VELO Crispy Peppermint Slim \u2013 Klassisk pepparmint med kylande effekt<\/p>\n<\/li>\n<li data-start=\"1770\" data-end=\"1839\">\n<p data-start=\"1772\" data-end=\"1839\">VELO Crispy Peppermint Zero \u2013 Tobaksfri och nikotinfri pepparmint<\/p>\n<\/li>\n<li data-start=\"1840\" data-end=\"1919\">\n<p data-start=\"1842\" data-end=\"1919\">VELO Freezing Peppermint 10,9 MG \u2013 Isig och frisk pepparmint, medium styrka<\/p>\n<\/li>\n<li data-start=\"1920\" data-end=\"1988\">\n<p data-start=\"1922\" data-end=\"1988\">VELO Freezing Peppermint 14 MG \u2013 Iskall pepparmint, stark styrka<\/p>\n<\/li>\n<li data-start=\"1989\" data-end=\"2054\">\n<p data-start=\"1991\" data-end=\"2054\">VELO Freezing Peppermint 17 MG \u2013 Maxad kyla och nikotinstyrka<\/p>\n<\/li>\n<li data-start=\"2055\" data-end=\"2116\">\n<p data-start=\"2057\" data-end=\"2116\">VELO Green Spearmint \u2013 Fr\u00e4sch spearmint med mjuk karakt\u00e4r<\/p>\n<\/li>\n<li data-start=\"2117\" data-end=\"2181\">\n<p data-start=\"2119\" data-end=\"2181\">VELO Groovy Grape Mini \u2013 L\u00e4tt och s\u00f6t druvsmak i mini-format<\/p>\n<\/li>\n<li data-start=\"2182\" data-end=\"2230\">\n<p data-start=\"2184\" data-end=\"2230\">VELO Icy Berries \u2013 B\u00e4rmix med kylande k\u00e4nsla<\/p>\n<\/li>\n<li data-start=\"2231\" data-end=\"2283\">\n<p data-start=\"2233\" data-end=\"2283\">VELO Icy Cherry \u2013 S\u00f6t k\u00f6rsb\u00e4rssmak med sval mint<\/p>\n<\/li>\n<li data-start=\"2284\" data-end=\"2333\">\n<p data-start=\"2286\" data-end=\"2333\">VELO Lime Flame \u2013 Syrlig lime med citrussting<\/p>\n<\/li>\n<li data-start=\"2334\" data-end=\"2388\">\n<p data-start=\"2336\" data-end=\"2388\">VELO Mango Flame \u2013 Fruktig mango med kryddig hetta<\/p>\n<\/li>\n<li data-start=\"2389\" data-end=\"2443\">\n<p data-start=\"2391\" data-end=\"2443\">VELO McLaren Sweet Papaya \u2013 S\u00f6t och exotisk papaya<\/p>\n<\/li>\n<li data-start=\"2444\" data-end=\"2496\">\n<p data-start=\"2446\" data-end=\"2496\">VELO Orange Spark \u2013 Frisk apelsin med citruskick<\/p>\n<\/li>\n<li data-start=\"2497\" data-end=\"2565\">\n<p data-start=\"2499\" data-end=\"2565\">VELO Peppermint Storm \u2013 Intensiv pepparmint med kraftfull effekt<\/p>\n<\/li>\n<li data-start=\"2566\" data-end=\"2621\">\n<p data-start=\"2568\" data-end=\"2621\">VELO Punchy Lime Mini \u2013 Skarp lime i kompakt format<\/p>\n<\/li>\n<li data-start=\"2622\" data-end=\"2685\">\n<p data-start=\"2624\" data-end=\"2685\">VELO Purple Grape Mini \u2013 S\u00f6t och saftig druva i mini-format<\/p>\n<\/li>\n<li data-start=\"2686\" data-end=\"2752\">\n<p data-start=\"2688\" data-end=\"2752\">VELO Purple Grape Strong \u2013 Djup druvsmak med stark nikotinkick<\/p>\n<\/li>\n<li data-start=\"2753\" data-end=\"2812\">\n<p data-start=\"2755\" data-end=\"2812\">VELO Salty Liquorice \u2013 Saltlakrits med kraftig karakt\u00e4r<\/p>\n<\/li>\n<li data-start=\"2813\" data-end=\"2872\">\n<p data-start=\"2815\" data-end=\"2872\">VELO Simply Spearmint Mini \u2013 Enkel och fr\u00e4sch spearmint<\/p>\n<\/li>\n<li data-start=\"2873\" data-end=\"2934\">\n<p data-start=\"2875\" data-end=\"2934\">VELO Sour Lime Mini \u2013 Syrlig lime med tydlig citrusprofil<\/p>\n<\/li>\n<li data-start=\"2935\" data-end=\"2998\">\n<p data-start=\"2937\" data-end=\"2998\">VELO Tropical Mango 14 MG \u2013 S\u00f6t mango med tropisk fyllighet<\/p>\n<\/li>\n<li data-start=\"2999\" data-end=\"3048\">\n<p data-start=\"3001\" data-end=\"3048\">VELO Tropical Mango Zero \u2013 Mango utan nikotin<\/p>\n<\/li>\n<li data-start=\"3049\" data-end=\"3110\">\n<p data-start=\"3051\" data-end=\"3110\">VELO Wintry Watermelon Mini \u2013 Vattenmelon med mintig kyla<\/p>\n<\/li>\n<li data-start=\"3111\" data-end=\"3176\">\n<p data-start=\"3113\" data-end=\"3176\">VELO Zesty Elderflower \u2013 Blommig fl\u00e4der med frisk citrusnyans<\/p>\n<\/li>\n<\/ul>\n<hr data-start=\"3178\" data-end=\"3181\" \/>\n<h2 data-start=\"3183\" data-end=\"3247\">\ud83d\ude80 K\u00f6p VELO Midsummer Sweet Blackcurrant online hos Veloop.se<\/h2>\n<p data-start=\"3249\" data-end=\"3426\">Vill du njuta av en s\u00f6t och somrig smak av svarta vinb\u00e4r i ett bekv\u00e4mt tobaksfritt snus? VELO Midsummer Sweet Blackcurrant ger dig en smakrik och frisk upplevelse i slim-format.<\/p>\n<p data-start=\"3428\" data-end=\"3538\">\ud83d\uded2 <strong data-start=\"3431\" data-end=\"3538\"><a class=\"\" href=\"https:\/\/snus-malmo.se\/sv\/produkt-kategori\/velo\/\" target=\"_new\" rel=\"noopener\" data-start=\"3433\" data-end=\"3536\">Klicka hem din favorit fr\u00e5n VELO idag \u2013 bara hos Veloop.se!<\/a><\/strong><\/p>","protected":false},"excerpt":{"rendered":"<h1>VELO Midsummer Sweet Blackcurrant<\/h1>\n<h2>VELO Midsummer Sweet Blackcurrant \u2013 S\u00f6t svarta vinb\u00e4r | Veloop.se<\/h2>\n<p>VELO Midsummer Sweet Blackcurrant \u2013 tobaksfritt snus med s\u00f6t smak av svarta vinb\u00e4r i slim-format. Best\u00e4ll enkelt hos Veloop.se!<\/p>\n<p>\ud83d\uded2 <strong data-start=\"3431\" data-end=\"3538\"><a class=\"\" href=\"https:\/\/snus-malmo.se\/sv\/produkt-kategori\/velo\/\" target=\"_new\" rel=\"noopener\" data-start=\"3433\" data-end=\"3536\">Klicka hem din favorit fr\u00e5n VELO idag \u2013 bara hos Veloop.se!<\/a><\/strong><\/p>","protected":false},"featured_media":60562,"comment_status":"open","ping_status":"closed","template":"","meta":[],"product_brand":[326],"product_cat":[136,137,255],"product_tag":[],"class_list":{"0":"post-60561","1":"product","2":"type-product","3":"status-publish","4":"has-post-thumbnail","6":"product_brand-velo","7":"product_cat-all-whites","8":"product_cat-slim","9":"product_cat-velo","11":"first","12":"instock","13":"taxable","14":"shipping-taxable","15":"purchasable","16":"product-type-variable"},"_links":{"self":[{"href":"https:\/\/snus-malmo.se\/sv\/wp-json\/wp\/v2\/product\/60561","targetHints":{"allow":["GET"]}}],"collection":[{"href":"https:\/\/snus-malmo.se\/sv\/wp-json\/wp\/v2\/product"}],"about":[{"href":"https:\/\/snus-malmo.se\/sv\/wp-json\/wp\/v2\/types\/product"}],"replies":[{"embeddable":true,"href":"https:\/\/snus-malmo.se\/sv\/wp-json\/wp\/v2\/comments?post=60561"}],"version-history":[{"count":0,"href":"https:\/\/snus-malmo.se\/sv\/wp-json\/wp\/v2\/product\/60561\/revisions"}],"wp:featuredmedia":[{"embeddable":true,"href":"https:\/\/snus-malmo.se\/sv\/wp-json\/wp\/v2\/media\/60562"}],"wp:attachment":[{"href":"https:\/\/snus-malmo.se\/sv\/wp-json\/wp\/v2\/media?parent=60561"}],"wp:term":[{"taxonomy":"product_brand","embeddable":true,"href":"https:\/\/snus-malmo.se\/sv\/wp-json\/wp\/v2\/product_brand?post=60561"},{"taxonomy":"product_cat","embeddable":true,"href":"https:\/\/snus-malmo.se\/sv\/wp-json\/wp\/v2\/product_cat?post=60561"},{"taxonomy":"product_tag","embeddable":true,"href":"https:\/\/snus-malmo.se\/sv\/wp-json\/wp\/v2\/product_tag?post=60561"}],"curies":[{"name":"wp","href":"https:\/\/api.w.org\/{rel}","templated":true}]}}