{"id":60593,"date":"2025-06-06T21:38:32","date_gmt":"2025-06-06T21:38:32","guid":{"rendered":"https:\/\/snus-malmo.se\/?post_type=product&#038;p=60593"},"modified":"2025-07-22T20:10:34","modified_gmt":"2025-07-22T20:10:34","slug":"skruf-fresh-power-mint-ultra-no-15-2","status":"publish","type":"product","link":"https:\/\/snus-malmo.se\/sv\/produkt\/skruf-fresh-power-mint-ultra-no-15-2\/","title":{"rendered":"Skruf Fresh Power Mint Ultra No.15"},"content":{"rendered":"<h1 data-start=\"171\" data-end=\"258\"><strong data-start=\"175\" data-end=\"258\">Skruf Fresh Power Mint Ultra No.15<\/strong><\/h1>\n<h2 data-start=\"171\" data-end=\"258\"><strong data-start=\"175\" data-end=\"258\">Skruf Fresh Power Mint Ultra No.15 \u2013 Extra starkt Slimsnus med trippel mintsmak<\/strong><\/h2>\n<p data-start=\"260\" data-end=\"606\">Upplev en kraftfull och uppfriskande snusupplevelse med <strong data-start=\"316\" data-end=\"354\">Skruf Fresh Power Mint Ultra No.15<\/strong> \u2013 ett <strong data-start=\"361\" data-end=\"395\">superstarkt white portionssnus<\/strong> fr\u00e5n v\u00e4lk\u00e4nda <strong data-start=\"410\" data-end=\"427\">Skruf Snus AB<\/strong>. Med en <strong data-start=\"436\" data-end=\"465\">explosiv trippel mintsmak<\/strong> av pepparmint, eukalyptus och mentol f\u00e5r du en intensiv k\u00e4nsla som kombineras med en <strong data-start=\"551\" data-end=\"605\">robust tobakskarakt\u00e4r och perfekt balanserad s\u00e4lta<\/strong>.<\/p>\n<p data-start=\"608\" data-end=\"936\">Detta snus tillh\u00f6r kategorin <strong data-start=\"637\" data-end=\"654\">White Portion<\/strong> och levereras i ett <strong data-start=\"675\" data-end=\"689\">slimformat<\/strong> som ger en diskret och bekv\u00e4m passform under l\u00e4ppen. Med en nikotinhalt p\u00e5 hela <strong data-start=\"770\" data-end=\"781\">24 mg\/g<\/strong> (ca <strong data-start=\"786\" data-end=\"806\">16 mg per prilla<\/strong>) och en nikotinstyrka p\u00e5 <strong data-start=\"832\" data-end=\"853\">5\/5 \u2013 Super Stark<\/strong>, \u00e4r det h\u00e4r ett snus f\u00f6r dig som s\u00f6ker <strong data-start=\"893\" data-end=\"935\">maximal styrka och l\u00e5ngvarig fr\u00e4schhet<\/strong>.<\/p>\n<h2 data-start=\"938\" data-end=\"1002\"><strong data-start=\"943\" data-end=\"1002\">Produktinformation \u2013 Skruf No.15 Fresh Power Mint Ultra<\/strong><\/h2>\n<ul data-start=\"1003\" data-end=\"1373\">\n<li data-start=\"1003\" data-end=\"1066\">\n<p data-start=\"1005\" data-end=\"1066\"><strong data-start=\"1005\" data-end=\"1019\">Smakprofil<\/strong>: Trippel mint \u2013 Pepparmint, Eukalyptus, Mentol<\/p>\n<\/li>\n<li data-start=\"1067\" data-end=\"1118\">\n<p data-start=\"1069\" data-end=\"1118\"><strong data-start=\"1069\" data-end=\"1087\">Tobakskarakt\u00e4r<\/strong>: Kraftig, med balanserad s\u00e4lta<\/p>\n<\/li>\n<li data-start=\"1119\" data-end=\"1159\">\n<p data-start=\"1121\" data-end=\"1159\"><strong data-start=\"1121\" data-end=\"1131\">Format<\/strong>: Slim \u2013 diskret och bekv\u00e4mt<\/p>\n<\/li>\n<li data-start=\"1160\" data-end=\"1184\">\n<p data-start=\"1162\" data-end=\"1184\"><strong data-start=\"1162\" data-end=\"1169\">Typ<\/strong>: White Portion<\/p>\n<\/li>\n<li data-start=\"1185\" data-end=\"1223\">\n<p data-start=\"1187\" data-end=\"1223\"><strong data-start=\"1187\" data-end=\"1204\">Nikotinstyrka<\/strong>: 5\/5 \u2013 Super Stark<\/p>\n<\/li>\n<li data-start=\"1224\" data-end=\"1268\">\n<p data-start=\"1226\" data-end=\"1268\"><strong data-start=\"1226\" data-end=\"1241\">Nikotinhalt<\/strong>: 24 mg\/g (ca 16 mg\/prilla)<\/p>\n<\/li>\n<li data-start=\"1269\" data-end=\"1304\">\n<p data-start=\"1271\" data-end=\"1304\"><strong data-start=\"1271\" data-end=\"1297\">Antal prillor per dosa<\/strong>: 24 st<\/p>\n<\/li>\n<li data-start=\"1305\" data-end=\"1337\">\n<p data-start=\"1307\" data-end=\"1337\"><strong data-start=\"1307\" data-end=\"1326\">Vikt per prilla<\/strong>: ca 0,69 g<\/p>\n<\/li>\n<li data-start=\"1338\" data-end=\"1373\">\n<p data-start=\"1340\" data-end=\"1373\"><strong data-start=\"1340\" data-end=\"1362\">Totalvikt per dosa<\/strong>: ca 16,6 g<\/p>\n<\/li>\n<\/ul>\n<h3 data-start=\"1375\" data-end=\"1396\"><strong data-start=\"1380\" data-end=\"1396\">Ingredienser<\/strong><\/h3>\n<p data-start=\"1397\" data-end=\"1513\">Tobak, vatten, fuktighetsbevarande medel (E1520), surhetsreglerande medel (E500), smakf\u00f6rst\u00e4rkare (koksalt), aromer.<\/p>\n<hr data-start=\"1515\" data-end=\"1518\" \/>\n<p data-start=\"1520\" data-end=\"1699\">\ud83d\udc49 <strong data-start=\"1523\" data-end=\"1579\">K\u00f6p Skruf Fresh Power Mint Ultra No.15 hos veloop.se<\/strong>:<br data-start=\"1580\" data-end=\"1583\" \/><a class=\"\" href=\"https:\/\/snus-malmo.se\/sv\/produkt-kategori\/alla-produkter\/skruf\/\" target=\"_new\" rel=\"noopener\" data-start=\"1583\" data-end=\"1699\">https:\/\/snus-malmo.se\/product-category\/alla-produkter\/skruf\/<\/a><\/p>\n<p data-start=\"1701\" data-end=\"1959\">\ud83d\udd0d <strong data-start=\"1704\" data-end=\"1810\">Utforska hela v\u00e5rt sortiment av <a class=\"\" href=\"https:\/\/snus-malmo.se\/sv\/produkt-kategori\/alla-produkter\/skruf\/\" target=\"_new\" rel=\"noopener\" data-start=\"1738\" data-end=\"1808\">Skruf snus<\/a><\/strong><br data-start=\"1810\" data-end=\"1813\" \/>\ud83c\udf3f Letar du efter mer <a class=\"\" href=\"https:\/\/snus-malmo.se\/sv\/produkt-kategori\/alla-produkter\/skruf\/\" target=\"_new\" rel=\"noopener\" data-start=\"1835\" data-end=\"1912\">mintsmakande snus<\/a>? Uppt\u00e4ck fler uppfriskande alternativ hos oss!<\/p>","protected":false},"excerpt":{"rendered":"<h2 data-start=\"171\" data-end=\"258\"><strong data-start=\"175\" data-end=\"258\">Skruf Fresh Power Mint Ultra No.15<\/strong><\/h2>\n<p><strong data-start=\"0\" data-end=\"39\" data-is-only-node=\"\">Skruf Fresh Power Mint Ultra No. 15<\/strong> \u00e4r ett <strong data-start=\"47\" data-end=\"75\">nikotinstarkt white snus<\/strong> med en intensiv trippel mintblandning av <strong data-start=\"117\" data-end=\"154\">pepparmint, eukalyptus och mentol<\/strong>, som kombineras med en robust tobakssmak. Med <strong data-start=\"201\" data-end=\"227\">24 mg nikotin per gram<\/strong> erbjuder detta snus en l\u00e5ngvarig och kraftfull nikotinupplevelse utan rinnande v\u00e4tska. Perfekt f\u00f6r den som s\u00f6ker ett fr\u00e4scht, torrt snus med stark smak och h\u00f6g nikotinhalt. Varje dosa inneh\u00e5ller 24 prillor, vilket g\u00f6r den till ett utm\u00e4rkt val f\u00f6r <strong data-start=\"475\" data-end=\"490\">mint\u00e4lskare<\/strong> och <strong data-start=\"495\" data-end=\"517\">nikotinentusiaster<\/strong>.<\/p>","protected":false},"featured_media":62382,"comment_status":"open","ping_status":"closed","template":"","meta":[],"product_brand":[360],"product_cat":[117,135],"product_tag":[],"class_list":{"0":"post-60593","1":"product","2":"type-product","3":"status-publish","4":"has-post-thumbnail","6":"product_brand-skruf","7":"product_cat-skruf","8":"product_cat-white-portion","10":"first","11":"instock","12":"taxable","13":"shipping-taxable","14":"purchasable","15":"product-type-variable"},"_links":{"self":[{"href":"https:\/\/snus-malmo.se\/sv\/wp-json\/wp\/v2\/product\/60593","targetHints":{"allow":["GET"]}}],"collection":[{"href":"https:\/\/snus-malmo.se\/sv\/wp-json\/wp\/v2\/product"}],"about":[{"href":"https:\/\/snus-malmo.se\/sv\/wp-json\/wp\/v2\/types\/product"}],"replies":[{"embeddable":true,"href":"https:\/\/snus-malmo.se\/sv\/wp-json\/wp\/v2\/comments?post=60593"}],"version-history":[{"count":0,"href":"https:\/\/snus-malmo.se\/sv\/wp-json\/wp\/v2\/product\/60593\/revisions"}],"wp:featuredmedia":[{"embeddable":true,"href":"https:\/\/snus-malmo.se\/sv\/wp-json\/wp\/v2\/media\/62382"}],"wp:attachment":[{"href":"https:\/\/snus-malmo.se\/sv\/wp-json\/wp\/v2\/media?parent=60593"}],"wp:term":[{"taxonomy":"product_brand","embeddable":true,"href":"https:\/\/snus-malmo.se\/sv\/wp-json\/wp\/v2\/product_brand?post=60593"},{"taxonomy":"product_cat","embeddable":true,"href":"https:\/\/snus-malmo.se\/sv\/wp-json\/wp\/v2\/product_cat?post=60593"},{"taxonomy":"product_tag","embeddable":true,"href":"https:\/\/snus-malmo.se\/sv\/wp-json\/wp\/v2\/product_tag?post=60593"}],"curies":[{"name":"wp","href":"https:\/\/api.w.org\/{rel}","templated":true}]}}