{"id":60642,"date":"2025-06-07T00:07:08","date_gmt":"2025-06-07T00:07:08","guid":{"rendered":"https:\/\/snus-malmo.se\/?post_type=product&#038;p=60642"},"modified":"2025-07-22T20:49:18","modified_gmt":"2025-07-22T20:49:18","slug":"skruf-superslim-fresh-white-no-10","status":"publish","type":"product","link":"https:\/\/snus-malmo.se\/sv\/produkt\/skruf-superslim-fresh-white-no-10\/","title":{"rendered":"Skruf Superslim Fresh White no.10"},"content":{"rendered":"<h1 class=\"material-item__headline\">Skruf Superslim Fresh White no.10<\/h1>\n<h2 data-start=\"351\" data-end=\"427\"><strong data-start=\"355\" data-end=\"427\">Skruf Superslim Fresh White No.10 \u2013 Fr\u00e4sch mint i extra smalt format<\/strong><\/h2>\n<p data-start=\"429\" data-end=\"784\"><strong data-start=\"429\" data-end=\"466\">Skruf Superslim Fresh White No.10<\/strong> \u00e4r ett <strong data-start=\"474\" data-end=\"504\">extra diskret portionssnus<\/strong> i ett <strong data-start=\"511\" data-end=\"540\">superslimmat white-format<\/strong>, med en uppfriskande smak av <strong data-start=\"570\" data-end=\"578\">mint<\/strong> och <strong data-start=\"583\" data-end=\"604\">en mild tobaksbas<\/strong>. Den h\u00e4r produkten passar perfekt f\u00f6r dig som vill ha ett <strong data-start=\"663\" data-end=\"688\">l\u00e4tt och fr\u00e4scht snus<\/strong> som knappt syns eller k\u00e4nns under l\u00e4ppen \u2013 men \u00e4nd\u00e5 levererar en ren och tydlig smakupplevelse.<\/p>\n<p data-start=\"786\" data-end=\"1026\">Tack vare den torra ytan i white portion-tekniken minskar rinnigheten och smaksl\u00e4ppet blir <strong data-start=\"877\" data-end=\"901\">j\u00e4mnt och l\u00e5ngvarigt<\/strong>. Superslim-formatet g\u00f6r prillorna \u00e4nnu smalare \u00e4n slim, vilket g\u00f6r dem <strong data-start=\"973\" data-end=\"1025\">optimala f\u00f6r diskret anv\u00e4ndning under hela dagen<\/strong>.<\/p>\n<hr data-start=\"1028\" data-end=\"1031\" \/>\n<h2 data-start=\"1033\" data-end=\"1090\">\u2705 <strong data-start=\"1040\" data-end=\"1090\">Egenskaper \u2013 Skruf No.10 Superslim Fresh White<\/strong><\/h2>\n<ul data-start=\"1091\" data-end=\"1574\">\n<li data-start=\"1091\" data-end=\"1134\">\n<p data-start=\"1093\" data-end=\"1134\"><strong data-start=\"1093\" data-end=\"1101\">Smak<\/strong>: Frisk mint med l\u00e4tt tobaksbas<\/p>\n<\/li>\n<li data-start=\"1135\" data-end=\"1192\">\n<p data-start=\"1137\" data-end=\"1192\"><strong data-start=\"1137\" data-end=\"1147\">Format<\/strong>: Superslim \u2013 extra smal och diskret prilla<\/p>\n<\/li>\n<li data-start=\"1193\" data-end=\"1259\">\n<p data-start=\"1195\" data-end=\"1259\"><strong data-start=\"1195\" data-end=\"1202\">Typ<\/strong>: White Portion \u2013 torr yta f\u00f6r l\u00e5ngvarig smak utan rinn<\/p>\n<\/li>\n<li data-start=\"1260\" data-end=\"1338\">\n<p data-start=\"1262\" data-end=\"1338\"><strong data-start=\"1262\" data-end=\"1272\">Styrka<\/strong>: Normal\/stark (beroende p\u00e5 nikotinhalt per gram, ca 10\u201312 mg\/g)<\/p>\n<\/li>\n<li data-start=\"1339\" data-end=\"1373\">\n<p data-start=\"1341\" data-end=\"1373\"><strong data-start=\"1341\" data-end=\"1367\">Antal prillor per dosa<\/strong>: 24<\/p>\n<\/li>\n<li data-start=\"1374\" data-end=\"1407\">\n<p data-start=\"1376\" data-end=\"1407\"><strong data-start=\"1376\" data-end=\"1393\">Vikt per dosa<\/strong>: ca 16\u201318 g<\/p>\n<\/li>\n<li data-start=\"1408\" data-end=\"1442\">\n<p data-start=\"1410\" data-end=\"1442\"><strong data-start=\"1410\" data-end=\"1425\">Tillverkare<\/strong>: Skruf Snus AB<\/p>\n<\/li>\n<li data-start=\"1443\" data-end=\"1574\">\n<p data-start=\"1445\" data-end=\"1574\"><strong data-start=\"1445\" data-end=\"1457\">Inneh\u00e5ll<\/strong>: Tobak, vatten, fuktighetsbevarande medel (E1520), surhetsreglerande medel (E500), smakf\u00f6rst\u00e4rkare (koksalt), aromer<\/p>\n<\/li>\n<\/ul>\n<hr data-start=\"1576\" data-end=\"1579\" \/>\n<h3 data-start=\"1581\" data-end=\"1633\">\ud83d\udd0e <strong data-start=\"1588\" data-end=\"1633\">En del av Skrufs tobaksbaserade sortiment<\/strong><\/h3>\n<p data-start=\"1635\" data-end=\"1828\"><strong data-start=\"1635\" data-end=\"1672\">Skruf Superslim Fresh White No.10<\/strong> \u00e4r en av flera snusvarianter fr\u00e5n Skruf med <strong data-start=\"1717\" data-end=\"1739\">\u00e4kta tobak som bas<\/strong>, anpassad f\u00f6r olika preferenser i format och smak. Andra popul\u00e4ra alternativ inkluderar:<\/p>\n<ul data-start=\"1830\" data-end=\"2414\">\n<li data-start=\"1830\" data-end=\"1907\">\n<p data-start=\"1832\" data-end=\"1907\"><strong data-start=\"1832\" data-end=\"1864\">Skruf Slim Fresh White No.02<\/strong> \u2013 Mintig slim-portion med l\u00e4ttare styrka<\/p>\n<\/li>\n<li data-start=\"1908\" data-end=\"1997\">\n<p data-start=\"1910\" data-end=\"1997\"><strong data-start=\"1910\" data-end=\"1953\">Skruf Slim Fresh Xtra Stark White No.04<\/strong> \u2013 Extra stark slim white med kylande mint<\/p>\n<\/li>\n<li data-start=\"1998\" data-end=\"2080\">\n<p data-start=\"2000\" data-end=\"2080\"><strong data-start=\"2000\" data-end=\"2038\">Skruf Fresh Power Mint Ultra No.15<\/strong> \u2013 Slim mintsnus med ultra nikotinstyrka<\/p>\n<\/li>\n<li data-start=\"2081\" data-end=\"2162\">\n<p data-start=\"2083\" data-end=\"2162\"><strong data-start=\"2083\" data-end=\"2118\">Skruf Slim Original White No.25<\/strong> \u2013 Slimmad portion med klassisk tobakssmak<\/p>\n<\/li>\n<li data-start=\"2163\" data-end=\"2251\">\n<p data-start=\"2165\" data-end=\"2251\"><strong data-start=\"2165\" data-end=\"2197\">Skruf Xtra Stark White No.24<\/strong> \u2013 Extra stark white portion med djup tobakskarakt\u00e4r<\/p>\n<\/li>\n<li data-start=\"2252\" data-end=\"2338\">\n<p data-start=\"2254\" data-end=\"2338\"><strong data-start=\"2254\" data-end=\"2283\">Skruf Tranb\u00e4r White No.19<\/strong> \u2013 White portion med frisk tranb\u00e4rssmak och tobaksbas<\/p>\n<\/li>\n<li data-start=\"2339\" data-end=\"2414\">\n<p data-start=\"2341\" data-end=\"2414\"><strong data-start=\"2341\" data-end=\"2369\">Skruf Nordic White No.08<\/strong> \u2013 Slim snus med neutral, nordisk tobakston<\/p>\n<\/li>\n<\/ul>\n<hr data-start=\"2416\" data-end=\"2419\" \/>\n<p data-start=\"2421\" data-end=\"2605\">\ud83d\udc49 <strong data-start=\"2424\" data-end=\"2486\">K\u00f6p Skruf Superslim Fresh White No.10 online hos veloop.se<\/strong><br data-start=\"2486\" data-end=\"2489\" \/><a class=\"\" href=\"https:\/\/snus-malmo.se\/sv\/produkt-kategori\/alla-produkter\/skruf\/\" target=\"_new\" rel=\"noopener\" data-start=\"2489\" data-end=\"2605\">https:\/\/snus-malmo.se\/product-category\/alla-produkter\/skruf\/<\/a><\/p>\n<p data-start=\"2607\" data-end=\"2815\">\u2705 Superslim-format \u2013 extra diskret och bekv\u00e4mt<br data-start=\"2653\" data-end=\"2656\" \/>\u2705 Uppfriskande mintsmak med l\u00e4tt tobakskarakt\u00e4r<br data-start=\"2703\" data-end=\"2706\" \/>\u2705 White portion \u2013 minskad rinnighet, l\u00e4ngre smakrelease<br data-start=\"2761\" data-end=\"2764\" \/>\u2705 Tillverkad av Skruf Snus AB \u2013 svensk snuskvalitet<\/p>","protected":false},"excerpt":{"rendered":"<h1 class=\"material-item__headline\">Skruf Superslim Fresh White no.10<\/h1>\n<h2 data-start=\"351\" data-end=\"427\"><strong data-start=\"355\" data-end=\"427\">Skruf Superslim Fresh White No.10 \u2013 Fr\u00e4sch mint i extra smalt format<\/strong><\/h2>\n<p><strong data-start=\"2899\" data-end=\"2936\">Skruf Superslim Fresh White No.10<\/strong> \u00e4r ett diskret portionssnus med frisk mintsmak i ett extra smalt white-format. Mild tobaksbas och l\u00e5ngvarig smak. 24 prillor per dosa.<\/p>","protected":false},"featured_media":62375,"comment_status":"open","ping_status":"closed","template":"","meta":[],"product_brand":[360],"product_cat":[117,135],"product_tag":[],"class_list":{"0":"post-60642","1":"product","2":"type-product","3":"status-publish","4":"has-post-thumbnail","6":"product_brand-skruf","7":"product_cat-skruf","8":"product_cat-white-portion","10":"first","11":"instock","12":"taxable","13":"shipping-taxable","14":"purchasable","15":"product-type-variable"},"_links":{"self":[{"href":"https:\/\/snus-malmo.se\/sv\/wp-json\/wp\/v2\/product\/60642","targetHints":{"allow":["GET"]}}],"collection":[{"href":"https:\/\/snus-malmo.se\/sv\/wp-json\/wp\/v2\/product"}],"about":[{"href":"https:\/\/snus-malmo.se\/sv\/wp-json\/wp\/v2\/types\/product"}],"replies":[{"embeddable":true,"href":"https:\/\/snus-malmo.se\/sv\/wp-json\/wp\/v2\/comments?post=60642"}],"version-history":[{"count":0,"href":"https:\/\/snus-malmo.se\/sv\/wp-json\/wp\/v2\/product\/60642\/revisions"}],"wp:featuredmedia":[{"embeddable":true,"href":"https:\/\/snus-malmo.se\/sv\/wp-json\/wp\/v2\/media\/62375"}],"wp:attachment":[{"href":"https:\/\/snus-malmo.se\/sv\/wp-json\/wp\/v2\/media?parent=60642"}],"wp:term":[{"taxonomy":"product_brand","embeddable":true,"href":"https:\/\/snus-malmo.se\/sv\/wp-json\/wp\/v2\/product_brand?post=60642"},{"taxonomy":"product_cat","embeddable":true,"href":"https:\/\/snus-malmo.se\/sv\/wp-json\/wp\/v2\/product_cat?post=60642"},{"taxonomy":"product_tag","embeddable":true,"href":"https:\/\/snus-malmo.se\/sv\/wp-json\/wp\/v2\/product_tag?post=60642"}],"curies":[{"name":"wp","href":"https:\/\/api.w.org\/{rel}","templated":true}]}}