{"id":60645,"date":"2025-06-07T00:16:18","date_gmt":"2025-06-07T00:16:18","guid":{"rendered":"https:\/\/snus-malmo.se\/?post_type=product&#038;p=60645"},"modified":"2025-08-05T00:05:32","modified_gmt":"2025-08-05T00:05:32","slug":"skruf-slim-nordic-white-no-08","status":"publish","type":"product","link":"https:\/\/snus-malmo.se\/sv\/produkt\/skruf-slim-nordic-white-no-08\/","title":{"rendered":"Skruf Slim Nordic White no.08"},"content":{"rendered":"<h1 class=\"material-item__headline\">Skruf Slim Nordic White no.08<\/h1>\n<h2 data-start=\"352\" data-end=\"433\"><strong data-start=\"356\" data-end=\"433\">Skruf Slim Nordic White No.08 \u2013 Ljus, neutral tobakssmak i slimmat format<\/strong><\/h2>\n<p data-start=\"435\" data-end=\"769\"><strong data-start=\"435\" data-end=\"468\">Skruf Slim Nordic White No.08<\/strong> \u00e4r ett <strong data-start=\"476\" data-end=\"508\">white portionssnus med tobak<\/strong>, utvecklat f\u00f6r dig som f\u00f6redrar en <strong data-start=\"544\" data-end=\"575\">ljusare, neutral smakprofil<\/strong> utan dominerande aromer. Snuset har ett <strong data-start=\"616\" data-end=\"634\">slimmat format<\/strong>, vilket ger en <strong data-start=\"650\" data-end=\"681\">diskret och bekv\u00e4m passform<\/strong> under l\u00e4ppen \u2013 perfekt f\u00f6r vardagsanv\u00e4ndning d\u00e4r du vill ha smak utan att det tar \u00f6ver.<\/p>\n<p data-start=\"771\" data-end=\"1075\">White portion-formatet inneb\u00e4r att prillan har en <strong data-start=\"821\" data-end=\"833\">torr yta<\/strong> vilket minskar rinnigheten och ger en <strong data-start=\"872\" data-end=\"904\">l\u00e5ng och j\u00e4mn smakupplevelse<\/strong>. Tobaken i Nordic White \u00e4r mildare och l\u00e4ttare, vilket g\u00f6r snuset s\u00e4rskilt uppskattat av anv\u00e4ndare som s\u00f6ker <strong data-start=\"1014\" data-end=\"1074\">balans och subtilitet snarare \u00e4n starka tillsatta smaker<\/strong>.<\/p>\n<hr data-start=\"1077\" data-end=\"1080\" \/>\n<h2 data-start=\"1082\" data-end=\"1135\">\u2705 <strong data-start=\"1089\" data-end=\"1135\">Egenskaper \u2013 Skruf No.08 Slim Nordic White<\/strong><\/h2>\n<ul data-start=\"1136\" data-end=\"1628\">\n<li data-start=\"1136\" data-end=\"1202\">\n<p data-start=\"1138\" data-end=\"1202\"><strong data-start=\"1138\" data-end=\"1146\">Smak<\/strong>: Ljus och neutral tobak utan tillsatta smaks\u00e4ttningar<\/p>\n<\/li>\n<li data-start=\"1203\" data-end=\"1251\">\n<p data-start=\"1205\" data-end=\"1251\"><strong data-start=\"1205\" data-end=\"1215\">Format<\/strong>: Slim \u2013 smal och diskret passform<\/p>\n<\/li>\n<li data-start=\"1252\" data-end=\"1324\">\n<p data-start=\"1254\" data-end=\"1324\"><strong data-start=\"1254\" data-end=\"1261\">Typ<\/strong>: White Portion \u2013 torr yta, l\u00e5ngvarig smak, minimal rinnighet<\/p>\n<\/li>\n<li data-start=\"1325\" data-end=\"1392\">\n<p data-start=\"1327\" data-end=\"1392\"><strong data-start=\"1327\" data-end=\"1337\">Styrka<\/strong>: Normal (nikotinhalt ca 8\u201312 mg\/g beroende p\u00e5 batch)<\/p>\n<\/li>\n<li data-start=\"1393\" data-end=\"1427\">\n<p data-start=\"1395\" data-end=\"1427\"><strong data-start=\"1395\" data-end=\"1421\">Antal prillor per dosa<\/strong>: 24<\/p>\n<\/li>\n<li data-start=\"1428\" data-end=\"1461\">\n<p data-start=\"1430\" data-end=\"1461\"><strong data-start=\"1430\" data-end=\"1447\">Vikt per dosa<\/strong>: ca 16\u201321 g<\/p>\n<\/li>\n<li data-start=\"1462\" data-end=\"1496\">\n<p data-start=\"1464\" data-end=\"1496\"><strong data-start=\"1464\" data-end=\"1479\">Tillverkare<\/strong>: Skruf Snus AB<\/p>\n<\/li>\n<li data-start=\"1497\" data-end=\"1628\">\n<p data-start=\"1499\" data-end=\"1628\"><strong data-start=\"1499\" data-end=\"1511\">Inneh\u00e5ll<\/strong>: Tobak, vatten, fuktighetsbevarande medel (E1520), surhetsreglerande medel (E500), smakf\u00f6rst\u00e4rkare (koksalt), aromer<\/p>\n<\/li>\n<\/ul>\n<hr data-start=\"1630\" data-end=\"1633\" \/>\n<h3 data-start=\"1635\" data-end=\"1691\">\ud83d\udd0e <strong data-start=\"1642\" data-end=\"1691\">En del av Skrufs tobaksbaserade snussortiment<\/strong><\/h3>\n<p data-start=\"1693\" data-end=\"1922\"><strong data-start=\"1693\" data-end=\"1726\">Skruf Slim Nordic White No.08<\/strong> \u00e4r ett snus f\u00f6r dig som f\u00f6redrar en <strong data-start=\"1763\" data-end=\"1815\">ren tobakskarakt\u00e4r utan mentol, b\u00e4r eller citrus<\/strong>. Produkten ing\u00e5r i Skrufs breda tobaksbaserade serie, som omfattar flera olika smaker, styrkor och format:<\/p>\n<ul data-start=\"1924\" data-end=\"2399\">\n<li data-start=\"1924\" data-end=\"1999\">\n<p data-start=\"1926\" data-end=\"1999\"><strong data-start=\"1926\" data-end=\"1961\">Skruf Slim Original White No.25<\/strong> \u2013 Klassisk smak i slim white-format<\/p>\n<\/li>\n<li data-start=\"2000\" data-end=\"2075\">\n<p data-start=\"2002\" data-end=\"2075\"><strong data-start=\"2002\" data-end=\"2029\">Skruf Stark White No.23<\/strong> \u2013 Stark portion med bergamott och rosenolja<\/p>\n<\/li>\n<li data-start=\"2076\" data-end=\"2155\">\n<p data-start=\"2078\" data-end=\"2155\"><strong data-start=\"2078\" data-end=\"2110\">Skruf Slim Fresh White No.02<\/strong> \u2013 Slim snus med fr\u00e4sch mint och mild tobak<\/p>\n<\/li>\n<li data-start=\"2156\" data-end=\"2234\">\n<p data-start=\"2158\" data-end=\"2234\"><strong data-start=\"2158\" data-end=\"2196\">Skruf Fresh Power Mint Ultra No.15<\/strong> \u2013 Slim ultra stark med trippel mint<\/p>\n<\/li>\n<li data-start=\"2235\" data-end=\"2321\">\n<p data-start=\"2237\" data-end=\"2321\"><strong data-start=\"2237\" data-end=\"2269\">Skruf Xtra Stark White No.24<\/strong> \u2013 White portion med djup och kraftfull tobakssmak<\/p>\n<\/li>\n<li data-start=\"2322\" data-end=\"2399\">\n<p data-start=\"2324\" data-end=\"2399\"><strong data-start=\"2324\" data-end=\"2353\">Skruf Tranb\u00e4r White No.19<\/strong> \u2013 Smakfull kombination av tranb\u00e4r och tobak<\/p>\n<\/li>\n<\/ul>\n<hr data-start=\"2401\" data-end=\"2404\" \/>\n<p data-start=\"2406\" data-end=\"2583\">\ud83d\udc49 <strong data-start=\"2409\" data-end=\"2464\">Best\u00e4ll Skruf Slim Nordic White No.08 hos veloop.se<\/strong><br data-start=\"2464\" data-end=\"2467\" \/><a class=\"\" href=\"https:\/\/snus-malmo.se\/sv\/produkt-kategori\/alla-produkter\/skruf\/\" target=\"_new\" rel=\"noopener\" data-start=\"2467\" data-end=\"2583\">https:\/\/snus-malmo.se\/product-category\/alla-produkter\/skruf\/<\/a><\/p>\n<p data-start=\"2585\" data-end=\"2764\">\u2705 Neutral och naturlig tobakssmak<br data-start=\"2618\" data-end=\"2621\" \/>\u2705 Slimmat och diskret format<br data-start=\"2649\" data-end=\"2652\" \/>\u2705 White portion \u2013 mindre rinn, j\u00e4mn smakrelease<br data-start=\"2699\" data-end=\"2702\" \/>\u2705 Passar dig som vill ha ett milt snus utan extra smaks\u00e4ttning<\/p>","protected":false},"excerpt":{"rendered":"<h1 class=\"material-item__headline\">Skruf Slim Nordic White no.08<\/h1>\n<h2 data-start=\"352\" data-end=\"433\"><strong data-start=\"356\" data-end=\"433\">Skruf Slim Nordic White No.08 \u2013 Ljus, neutral tobakssmak i slimmat format<\/strong><\/h2>\n<p><strong data-start=\"2848\" data-end=\"2881\">Skruf Slim Nordic White No.08<\/strong> \u00e4r ett slim-format snus med ljus, neutral tobakssmak och white portion-teknik. Diskret, mild och utan tillsatta smaker. 24 prillor per dosa.<\/p>","protected":false},"featured_media":62371,"comment_status":"open","ping_status":"closed","template":"","meta":[],"product_brand":[360],"product_cat":[117,135],"product_tag":[],"class_list":{"0":"post-60645","1":"product","2":"type-product","3":"status-publish","4":"has-post-thumbnail","6":"product_brand-skruf","7":"product_cat-skruf","8":"product_cat-white-portion","10":"first","11":"instock","12":"taxable","13":"shipping-taxable","14":"purchasable","15":"product-type-variable"},"_links":{"self":[{"href":"https:\/\/snus-malmo.se\/sv\/wp-json\/wp\/v2\/product\/60645","targetHints":{"allow":["GET"]}}],"collection":[{"href":"https:\/\/snus-malmo.se\/sv\/wp-json\/wp\/v2\/product"}],"about":[{"href":"https:\/\/snus-malmo.se\/sv\/wp-json\/wp\/v2\/types\/product"}],"replies":[{"embeddable":true,"href":"https:\/\/snus-malmo.se\/sv\/wp-json\/wp\/v2\/comments?post=60645"}],"version-history":[{"count":0,"href":"https:\/\/snus-malmo.se\/sv\/wp-json\/wp\/v2\/product\/60645\/revisions"}],"wp:featuredmedia":[{"embeddable":true,"href":"https:\/\/snus-malmo.se\/sv\/wp-json\/wp\/v2\/media\/62371"}],"wp:attachment":[{"href":"https:\/\/snus-malmo.se\/sv\/wp-json\/wp\/v2\/media?parent=60645"}],"wp:term":[{"taxonomy":"product_brand","embeddable":true,"href":"https:\/\/snus-malmo.se\/sv\/wp-json\/wp\/v2\/product_brand?post=60645"},{"taxonomy":"product_cat","embeddable":true,"href":"https:\/\/snus-malmo.se\/sv\/wp-json\/wp\/v2\/product_cat?post=60645"},{"taxonomy":"product_tag","embeddable":true,"href":"https:\/\/snus-malmo.se\/sv\/wp-json\/wp\/v2\/product_tag?post=60645"}],"curies":[{"name":"wp","href":"https:\/\/api.w.org\/{rel}","templated":true}]}}