{"id":60655,"date":"2025-06-07T00:26:50","date_gmt":"2025-06-07T00:26:50","guid":{"rendered":"https:\/\/snus-malmo.se\/?post_type=product&#038;p=60655"},"modified":"2025-07-22T18:53:06","modified_gmt":"2025-07-22T18:53:06","slug":"skruf-original-portion-no-27","status":"publish","type":"product","link":"https:\/\/snus-malmo.se\/sv\/produkt\/skruf-original-portion-no-27\/","title":{"rendered":"Skruf Original Portion no.27"},"content":{"rendered":"<h1>Skruf Original Portion no.27<\/h1>\n<h2 data-start=\"318\" data-end=\"398\"><strong data-start=\"322\" data-end=\"398\">Skruf Original Portion No.27 \u2013 Klassisk tobakssmak med balanserad styrka<\/strong><\/h2>\n<p data-start=\"400\" data-end=\"706\"><strong data-start=\"400\" data-end=\"432\">Skruf Original Portion No.27<\/strong> \u00e4r ett traditionellt <strong data-start=\"454\" data-end=\"488\">originalportionssnus med tobak<\/strong>, tillverkat av <strong data-start=\"504\" data-end=\"521\">Skruf Snus AB<\/strong>. Denna variant levererar en <strong data-start=\"550\" data-end=\"579\">ren och robust tobakssmak<\/strong>, subtilt rundad med klassiska inslag av <strong data-start=\"620\" data-end=\"633\">bergamott<\/strong> och l\u00e4tt kryddighet \u2013 vilket ger en v\u00e4lbalanserad och fyllig smakprofil.<\/p>\n<p data-start=\"708\" data-end=\"1000\">Med sitt <strong data-start=\"717\" data-end=\"743\">fuktiga portionsformat<\/strong> frig\u00f6r snuset smaken snabbt och ger <strong data-start=\"780\" data-end=\"810\">en omedelbar nikotineffekt<\/strong>, samtidigt som prillorna ligger bekv\u00e4mt under l\u00e4ppen. Detta snus passar s\u00e4rskilt bra f\u00f6r dig som f\u00f6redrar den klassiska svenska snusupplevelsen med <strong data-start=\"959\" data-end=\"999\">\u00e4kta tobak och traditionell karakt\u00e4r<\/strong>.<\/p>\n<hr data-start=\"1002\" data-end=\"1005\" \/>\n<h2 data-start=\"1007\" data-end=\"1059\">\u2705 <strong data-start=\"1014\" data-end=\"1059\">Egenskaper \u2013 Skruf No.27 Original Portion<\/strong><\/h2>\n<ul data-start=\"1060\" data-end=\"1513\">\n<li data-start=\"1060\" data-end=\"1126\">\n<p data-start=\"1062\" data-end=\"1126\"><strong data-start=\"1062\" data-end=\"1070\">Smak<\/strong>: Klassisk tobak med toner av bergamott och kryddighet<\/p>\n<\/li>\n<li data-start=\"1127\" data-end=\"1194\">\n<p data-start=\"1129\" data-end=\"1194\"><strong data-start=\"1129\" data-end=\"1139\">Format<\/strong>: Original Portion \u2013 fuktig prilla, snabb smakrelease<\/p>\n<\/li>\n<li data-start=\"1195\" data-end=\"1221\">\n<p data-start=\"1197\" data-end=\"1221\"><strong data-start=\"1197\" data-end=\"1204\">Typ<\/strong>: Tobaksbaserad<\/p>\n<\/li>\n<li data-start=\"1222\" data-end=\"1277\">\n<p data-start=\"1224\" data-end=\"1277\"><strong data-start=\"1224\" data-end=\"1234\">Styrka<\/strong>: Normal (ca 8\u201312 mg\/g beroende p\u00e5 batch)<\/p>\n<\/li>\n<li data-start=\"1278\" data-end=\"1312\">\n<p data-start=\"1280\" data-end=\"1312\"><strong data-start=\"1280\" data-end=\"1306\">Antal prillor per dosa<\/strong>: 24<\/p>\n<\/li>\n<li data-start=\"1313\" data-end=\"1346\">\n<p data-start=\"1315\" data-end=\"1346\"><strong data-start=\"1315\" data-end=\"1332\">Vikt per dosa<\/strong>: ca 21\u201322 g<\/p>\n<\/li>\n<li data-start=\"1347\" data-end=\"1381\">\n<p data-start=\"1349\" data-end=\"1381\"><strong data-start=\"1349\" data-end=\"1364\">Tillverkare<\/strong>: Skruf Snus AB<\/p>\n<\/li>\n<li data-start=\"1382\" data-end=\"1513\">\n<p data-start=\"1384\" data-end=\"1513\"><strong data-start=\"1384\" data-end=\"1396\">Inneh\u00e5ll<\/strong>: Tobak, vatten, fuktighetsbevarande medel (E1520), surhetsreglerande medel (E500), smakf\u00f6rst\u00e4rkare (koksalt), aromer<\/p>\n<\/li>\n<\/ul>\n<hr data-start=\"1515\" data-end=\"1518\" \/>\n<h3 data-start=\"1520\" data-end=\"1580\">\ud83d\udd0e <strong data-start=\"1527\" data-end=\"1580\">Skruf \u2013 Ett brett sortiment av tobaksbaserat snus<\/strong><\/h3>\n<p data-start=\"1582\" data-end=\"1781\">Skruf Original Portion No.27 ing\u00e5r i ett kvalitativt sortiment av snus fr\u00e5n Skruf med <strong data-start=\"1668\" data-end=\"1690\">\u00e4kta tobak som bas<\/strong>, d\u00e4r varje produkt erbjuder unik smak, format och styrka. H\u00e4r \u00e4r n\u00e5gra andra popul\u00e4ra val:<\/p>\n<ul data-start=\"1783\" data-end=\"2267\">\n<li data-start=\"1783\" data-end=\"1873\">\n<p data-start=\"1785\" data-end=\"1873\"><strong data-start=\"1785\" data-end=\"1814\">Skruf Stark Portion No.28<\/strong> \u2013 Originalportion med h\u00f6gre styrka och tydlig tobakssmak<\/p>\n<\/li>\n<li data-start=\"1874\" data-end=\"1953\">\n<p data-start=\"1876\" data-end=\"1953\"><strong data-start=\"1876\" data-end=\"1910\">Skruf Xtra Stark Portion No.29<\/strong> \u2013 Kraftfull snus med extra nikotineffekt<\/p>\n<\/li>\n<li data-start=\"1954\" data-end=\"2029\">\n<p data-start=\"1956\" data-end=\"2029\"><strong data-start=\"1956\" data-end=\"1994\">Skruf Original White Portion No.22<\/strong> \u2013 White-format med klassisk smak<\/p>\n<\/li>\n<li data-start=\"2030\" data-end=\"2103\">\n<p data-start=\"2032\" data-end=\"2103\"><strong data-start=\"2032\" data-end=\"2059\">Skruf Stark White No.23<\/strong> \u2013 White snus med mild tobak och bergamott<\/p>\n<\/li>\n<li data-start=\"2104\" data-end=\"2187\">\n<p data-start=\"2106\" data-end=\"2187\"><strong data-start=\"2106\" data-end=\"2141\">Skruf Slim Original White No.25<\/strong> \u2013 Diskret slim white med ren tobakskarakt\u00e4r<\/p>\n<\/li>\n<li data-start=\"2188\" data-end=\"2267\">\n<p data-start=\"2190\" data-end=\"2267\"><strong data-start=\"2190\" data-end=\"2215\">Skruf Stark L\u00f6s No.33<\/strong> \u2013 L\u00f6ssnus med extra styrka och klassisk skrufsmak<\/p>\n<\/li>\n<\/ul>\n<hr data-start=\"2269\" data-end=\"2272\" \/>\n<p data-start=\"2274\" data-end=\"2453\">\ud83d\udc49 <strong data-start=\"2277\" data-end=\"2334\">K\u00f6p Skruf Original Portion No.27 online hos veloop.se<\/strong><br data-start=\"2334\" data-end=\"2337\" \/><a class=\"\" href=\"https:\/\/snus-malmo.se\/sv\/produkt-kategori\/alla-produkter\/skruf\/\" target=\"_new\" rel=\"noopener\" data-start=\"2337\" data-end=\"2453\">https:\/\/snus-malmo.se\/product-category\/alla-produkter\/skruf\/<\/a><\/p>\n<p data-start=\"2455\" data-end=\"2628\">\u2705 Klassisk smak med traditionella inslag<br data-start=\"2495\" data-end=\"2498\" \/>\u2705 Fuktig portion f\u00f6r snabb nikotinrelease<br data-start=\"2539\" data-end=\"2542\" \/>\u2705 Bekv\u00e4m passform med 24 prillor per dosa<br data-start=\"2583\" data-end=\"2586\" \/>\u2705 Svensktillverkat snus av h\u00f6gsta kvalitet<\/p>","protected":false},"excerpt":{"rendered":"<h1>Skruf Original Portion no.27<\/h1>\n<h2 data-start=\"318\" data-end=\"398\"><strong data-start=\"322\" data-end=\"398\">Skruf Original Portion No.27 \u2013 Klassisk tobakssmak med balanserad styrka<\/strong><\/h2>\n<p><strong data-start=\"2712\" data-end=\"2744\">Skruf Original Portion No.27<\/strong> \u00e4r ett portionssnus med klassisk tobakssmak och bergamott i fuktigt format. Traditionell smakprofil och snabb effekt. 24 prillor per dosa.<\/p>","protected":false},"featured_media":62366,"comment_status":"open","ping_status":"closed","template":"","meta":[],"product_brand":[360],"product_cat":[355,73,117],"product_tag":[],"class_list":{"0":"post-60655","1":"product","2":"type-product","3":"status-publish","4":"has-post-thumbnail","6":"product_brand-skruf","7":"product_cat-extra-strongextra-stark","8":"product_cat-portionssnus","9":"product_cat-skruf","11":"first","12":"instock","13":"taxable","14":"shipping-taxable","15":"purchasable","16":"product-type-variable"},"_links":{"self":[{"href":"https:\/\/snus-malmo.se\/sv\/wp-json\/wp\/v2\/product\/60655","targetHints":{"allow":["GET"]}}],"collection":[{"href":"https:\/\/snus-malmo.se\/sv\/wp-json\/wp\/v2\/product"}],"about":[{"href":"https:\/\/snus-malmo.se\/sv\/wp-json\/wp\/v2\/types\/product"}],"replies":[{"embeddable":true,"href":"https:\/\/snus-malmo.se\/sv\/wp-json\/wp\/v2\/comments?post=60655"}],"version-history":[{"count":0,"href":"https:\/\/snus-malmo.se\/sv\/wp-json\/wp\/v2\/product\/60655\/revisions"}],"wp:featuredmedia":[{"embeddable":true,"href":"https:\/\/snus-malmo.se\/sv\/wp-json\/wp\/v2\/media\/62366"}],"wp:attachment":[{"href":"https:\/\/snus-malmo.se\/sv\/wp-json\/wp\/v2\/media?parent=60655"}],"wp:term":[{"taxonomy":"product_brand","embeddable":true,"href":"https:\/\/snus-malmo.se\/sv\/wp-json\/wp\/v2\/product_brand?post=60655"},{"taxonomy":"product_cat","embeddable":true,"href":"https:\/\/snus-malmo.se\/sv\/wp-json\/wp\/v2\/product_cat?post=60655"},{"taxonomy":"product_tag","embeddable":true,"href":"https:\/\/snus-malmo.se\/sv\/wp-json\/wp\/v2\/product_tag?post=60655"}],"curies":[{"name":"wp","href":"https:\/\/api.w.org\/{rel}","templated":true}]}}