{"id":60755,"date":"2025-06-07T22:54:04","date_gmt":"2025-06-07T22:54:04","guid":{"rendered":"https:\/\/snus-malmo.se\/?post_type=product&#038;p=60755"},"modified":"2025-07-22T15:49:26","modified_gmt":"2025-07-22T15:49:26","slug":"skruf-superwhite-crystal-fresh","status":"publish","type":"product","link":"https:\/\/snus-malmo.se\/sv\/produkt\/skruf-superwhite-crystal-fresh\/","title":{"rendered":"Skruf Superwhite Crystal Fresh"},"content":{"rendered":"<h1>Skruf Superwhite Crystal Fresh<\/h1>\n<h2 data-start=\"188\" data-end=\"264\">\u2744\ufe0f Skruf Superwhite Crystal Fresh \u2013 Klar mintsmak i tobaksfri nikotinp\u00e5se<\/h2>\n<p data-start=\"266\" data-end=\"589\"><strong data-start=\"266\" data-end=\"300\">Skruf Superwhite Crystal Fresh<\/strong> \u00e4r en <strong data-start=\"307\" data-end=\"332\">tobaksfri nikotinp\u00e5se<\/strong> med en <strong data-start=\"340\" data-end=\"376\">ren, klar och svalkande mintsmak<\/strong> \u2013 perfekt f\u00f6r dig som vill ha en uppfriskande nikotinupplevelse utan tobak. Med sin tydliga mintkarakt\u00e4r och balans i styrka \u00e4r detta en favorit bland dem som s\u00f6ker en <strong data-start=\"545\" data-end=\"588\">klassisk, fr\u00e4sch smak i modern tappning<\/strong>.<\/p>\n<p data-start=\"591\" data-end=\"837\">Prillorna \u00e4r <strong data-start=\"604\" data-end=\"615\">helvita<\/strong> och i <strong data-start=\"622\" data-end=\"637\">slim-format<\/strong>, vilket g\u00f6r dem bekv\u00e4ma och diskreta att anv\u00e4nda utan att missf\u00e4rga t\u00e4nderna. Den l\u00e5ga rinnigheten ger en behaglig anv\u00e4ndning som h\u00e5ller l\u00e4nge, samtidigt som nikotineffekten \u00e4r tydlig men balanserad.<\/p>\n<hr data-start=\"839\" data-end=\"842\" \/>\n<h3 data-start=\"844\" data-end=\"901\">\u2705 Produktinformation \u2013 Skruf Superwhite Crystal Fresh<\/h3>\n<ul data-start=\"903\" data-end=\"1250\">\n<li data-start=\"903\" data-end=\"956\">\n<p data-start=\"905\" data-end=\"956\"><strong data-start=\"905\" data-end=\"914\">Smak:<\/strong> Klar mint \u2013 fr\u00e4sch, sval och uppiggande<\/p>\n<\/li>\n<li data-start=\"957\" data-end=\"1006\">\n<p data-start=\"959\" data-end=\"1006\"><strong data-start=\"959\" data-end=\"970\">Format:<\/strong> Slim \u2013 smala och diskreta prillor<\/p>\n<\/li>\n<li data-start=\"1007\" data-end=\"1059\">\n<p data-start=\"1009\" data-end=\"1059\"><strong data-start=\"1009\" data-end=\"1017\">Typ:<\/strong> All White \u2013 100 % tobaksfri nikotinp\u00e5se<\/p>\n<\/li>\n<li data-start=\"1060\" data-end=\"1082\">\n<p data-start=\"1062\" data-end=\"1082\"><strong data-start=\"1062\" data-end=\"1073\">Styrka:<\/strong> Normal<\/p>\n<\/li>\n<li data-start=\"1083\" data-end=\"1133\">\n<p data-start=\"1085\" data-end=\"1133\"><strong data-start=\"1085\" data-end=\"1101\">Nikotinhalt:<\/strong> 8 mg\/g (ca 5,6 mg per prilla)<\/p>\n<\/li>\n<li data-start=\"1134\" data-end=\"1168\">\n<p data-start=\"1136\" data-end=\"1168\"><strong data-start=\"1136\" data-end=\"1163\">Antal prillor per dosa:<\/strong> 24<\/p>\n<\/li>\n<li data-start=\"1169\" data-end=\"1197\">\n<p data-start=\"1171\" data-end=\"1197\"><strong data-start=\"1171\" data-end=\"1185\">Totalvikt:<\/strong> 17,3 gram<\/p>\n<\/li>\n<li data-start=\"1198\" data-end=\"1250\">\n<p data-start=\"1200\" data-end=\"1250\"><strong data-start=\"1200\" data-end=\"1216\">Tillverkare:<\/strong> Skruf Snus AB \u2013 svensk kvalitet<\/p>\n<\/li>\n<\/ul>\n<hr data-start=\"1252\" data-end=\"1255\" \/>\n<h3 data-start=\"1257\" data-end=\"1314\">\ud83d\udca1 D\u00e4rf\u00f6r ska du v\u00e4lja Skruf Superwhite Crystal Fresh<\/h3>\n<ul data-start=\"1316\" data-end=\"1605\">\n<li data-start=\"1316\" data-end=\"1380\">\n<p data-start=\"1318\" data-end=\"1380\">\u2744\ufe0f <strong data-start=\"1321\" data-end=\"1349\">Tydlig och klar mintsmak<\/strong> \u2013 utan s\u00f6tma, bara fr\u00e4schhet<\/p>\n<\/li>\n<li data-start=\"1381\" data-end=\"1438\">\n<p data-start=\"1383\" data-end=\"1438\">\u2705 <strong data-start=\"1385\" data-end=\"1409\">Tobaksfri och helvit<\/strong> \u2013 modern nikotinupplevelse<\/p>\n<\/li>\n<li data-start=\"1439\" data-end=\"1488\">\n<p data-start=\"1441\" data-end=\"1488\">\ud83e\uddb7 <strong data-start=\"1444\" data-end=\"1468\">Skonsam mot t\u00e4nderna<\/strong> \u2013 missf\u00e4rgar inte<\/p>\n<\/li>\n<li data-start=\"1489\" data-end=\"1541\">\n<p data-start=\"1491\" data-end=\"1541\">\ud83d\udd76 <strong data-start=\"1494\" data-end=\"1509\">Slim-format<\/strong> \u2013 diskret och bekv\u00e4m passform<\/p>\n<\/li>\n<li data-start=\"1542\" data-end=\"1605\">\n<p data-start=\"1544\" data-end=\"1605\">\ud83c\uddf8\ud83c\uddea <strong data-start=\"1549\" data-end=\"1573\">Tillverkad i Sverige<\/strong> \u2013 fr\u00e5n v\u00e4lk\u00e4nda Skruf Snus AB<\/p>\n<\/li>\n<\/ul>\n<hr data-start=\"1607\" data-end=\"1610\" \/>\n<h3 data-start=\"1612\" data-end=\"1683\">\ud83c\udf1f En del av Skruf Superwhite \u2013 Fr\u00e4scha nikotinp\u00e5sar i flera smaker<\/h3>\n<p data-start=\"1685\" data-end=\"1930\">Skruf Superwhite-serien erbjuder ett brett sortiment av <strong data-start=\"1741\" data-end=\"1795\">tobaksfria nikotinp\u00e5sar i olika smaker och styrkor<\/strong>, alltid med fokus p\u00e5 fr\u00e4schhet och stil. Oavsett om du f\u00f6redrar klassisk mint eller fruktiga smaker, finns det ett alternativ f\u00f6r dig.<\/p>\n<p data-start=\"1932\" data-end=\"1957\">Andra popul\u00e4ra varianter:<\/p>\n<ul data-start=\"1959\" data-end=\"2395\">\n<li data-start=\"1959\" data-end=\"2017\">\n<p data-start=\"1961\" data-end=\"2017\"><strong data-start=\"1961\" data-end=\"1986\">Fresh No.52 \/ 53 \/ 54<\/strong> \u2013 Mintsmaker i olika styrkor<\/p>\n<\/li>\n<li data-start=\"2018\" data-end=\"2076\">\n<p data-start=\"2020\" data-end=\"2076\"><strong data-start=\"2020\" data-end=\"2035\">Fresh Apple<\/strong> \u2013 \u00c4pple och mint i perfekt kombination<\/p>\n<\/li>\n<li data-start=\"2077\" data-end=\"2122\">\n<p data-start=\"2079\" data-end=\"2122\"><strong data-start=\"2079\" data-end=\"2100\">Frozen Mint No.60<\/strong> \u2013 Isande stark mint<\/p>\n<\/li>\n<li data-start=\"2123\" data-end=\"2178\">\n<p data-start=\"2125\" data-end=\"2178\"><strong data-start=\"2125\" data-end=\"2147\">Fresh Freeze No.67<\/strong> \u2013 Extra stark kylande mentol<\/p>\n<\/li>\n<li data-start=\"2179\" data-end=\"2232\">\n<p data-start=\"2181\" data-end=\"2232\"><strong data-start=\"2181\" data-end=\"2201\">Slim Polar No.57<\/strong> \u2013 Kraftig mint i slim-format<\/p>\n<\/li>\n<li data-start=\"2233\" data-end=\"2288\">\n<p data-start=\"2235\" data-end=\"2288\"><strong data-start=\"2235\" data-end=\"2256\">Nordic No.56 \/ 58<\/strong> \u2013 Mint med skandinavisk touch<\/p>\n<\/li>\n<li data-start=\"2289\" data-end=\"2337\">\n<p data-start=\"2291\" data-end=\"2337\"><strong data-start=\"2291\" data-end=\"2307\">Indigo No.62<\/strong> \u2013 B\u00e4rig smak med mint-twist<\/p>\n<\/li>\n<li data-start=\"2338\" data-end=\"2395\">\n<p data-start=\"2340\" data-end=\"2395\"><strong data-start=\"2340\" data-end=\"2369\">Purple Cassice No.63 \/ 71<\/strong> \u2013 Smak av svarta vinb\u00e4r<\/p>\n<\/li>\n<\/ul>\n<hr data-start=\"2397\" data-end=\"2400\" \/>\n<h3 data-start=\"2402\" data-end=\"2450\">\ud83d\uded2 K\u00f6p Skruf Superwhite Crystal Fresh online<\/h3>\n<p data-start=\"2452\" data-end=\"2816\">S\u00f6ker du en <strong data-start=\"2464\" data-end=\"2507\">tobaksfri nikotinp\u00e5se med klar mintsmak<\/strong>? <strong data-start=\"2509\" data-end=\"2543\">Skruf Superwhite Crystal Fresh<\/strong> levererar en <strong data-start=\"2557\" data-end=\"2605\">fr\u00e4sch, diskret och modern nikotinupplevelse<\/strong> \u2013 perfekt f\u00f6r dig som vill ha n\u00e5got uppfriskande utan tobak. Best\u00e4ll snabbt och smidigt hos <a class=\"\" href=\"https:\/\/snus-malmo.se\/sv\/produkt-kategori\/alla-produkter\/skruf\/\" target=\"_new\" rel=\"noopener\" data-start=\"2698\" data-end=\"2767\">Veloop.se<\/a> \u2013 stort utbud av <strong data-start=\"2785\" data-end=\"2815\">Skruf Superwhite-produkter<\/strong>.<\/p>","protected":false},"excerpt":{"rendered":"<article class=\"product-text\"><\/article>\n<div class=\"buy-pane\">\n<div class=\"tab-content buy-tabs-content\">\n<div id=\"buy\" class=\"tab-pane active\">\n<div class=\"variants list\">\n<h1>Skruf Superwhite Crystal Fresh<\/h1>\n<h2 data-start=\"188\" data-end=\"264\">\u2744\ufe0f Skruf Superwhite Crystal Fresh \u2013 Klar mintsmak i tobaksfri nikotinp\u00e5se<\/h2>\n<p data-start=\"266\" data-end=\"589\"><strong data-start=\"266\" data-end=\"300\">Skruf Superwhite Crystal Fresh<\/strong> \u00e4r en <strong data-start=\"307\" data-end=\"332\">tobaksfri nikotinp\u00e5se<\/strong> med en <strong data-start=\"340\" data-end=\"376\">ren, klar och svalkande mintsmak<\/strong> \u2013 perfekt f\u00f6r dig som vill ha en uppfriskande nikotinupplevelse utan tobak. Med sin tydliga mintkarakt\u00e4r och balans i styrka \u00e4r detta en favorit bland dem som s\u00f6ker en <strong data-start=\"545\" data-end=\"588\">klassisk, fr\u00e4sch smak i modern tappning<\/strong>.<\/p>\n<p data-start=\"280\" data-end=\"578\">\ud83d\udc49\u00a0<strong data-start=\"2659\" data-end=\"2798\" data-is-last-node=\"\">Uppt\u00e4ck Skruf Superwhite Fresh Freeze Ultra \u2013 en stark, fr\u00e4sch och limiterad smakupplevelse f\u00f6r dig som inte n\u00f6jer dig med det vanliga.<\/strong><\/p>\n<\/div>\n<\/div>\n<\/div>\n<\/div>","protected":false},"featured_media":62359,"comment_status":"open","ping_status":"closed","template":"","meta":[],"product_brand":[360],"product_cat":[136,117,118,137],"product_tag":[],"class_list":{"0":"post-60755","1":"product","2":"type-product","3":"status-publish","4":"has-post-thumbnail","6":"product_brand-skruf","7":"product_cat-all-whites","8":"product_cat-skruf","9":"product_cat-skruf-super-white","10":"product_cat-slim","12":"first","13":"instock","14":"taxable","15":"shipping-taxable","16":"purchasable","17":"product-type-variable"},"_links":{"self":[{"href":"https:\/\/snus-malmo.se\/sv\/wp-json\/wp\/v2\/product\/60755","targetHints":{"allow":["GET"]}}],"collection":[{"href":"https:\/\/snus-malmo.se\/sv\/wp-json\/wp\/v2\/product"}],"about":[{"href":"https:\/\/snus-malmo.se\/sv\/wp-json\/wp\/v2\/types\/product"}],"replies":[{"embeddable":true,"href":"https:\/\/snus-malmo.se\/sv\/wp-json\/wp\/v2\/comments?post=60755"}],"version-history":[{"count":0,"href":"https:\/\/snus-malmo.se\/sv\/wp-json\/wp\/v2\/product\/60755\/revisions"}],"wp:featuredmedia":[{"embeddable":true,"href":"https:\/\/snus-malmo.se\/sv\/wp-json\/wp\/v2\/media\/62359"}],"wp:attachment":[{"href":"https:\/\/snus-malmo.se\/sv\/wp-json\/wp\/v2\/media?parent=60755"}],"wp:term":[{"taxonomy":"product_brand","embeddable":true,"href":"https:\/\/snus-malmo.se\/sv\/wp-json\/wp\/v2\/product_brand?post=60755"},{"taxonomy":"product_cat","embeddable":true,"href":"https:\/\/snus-malmo.se\/sv\/wp-json\/wp\/v2\/product_cat?post=60755"},{"taxonomy":"product_tag","embeddable":true,"href":"https:\/\/snus-malmo.se\/sv\/wp-json\/wp\/v2\/product_tag?post=60755"}],"curies":[{"name":"wp","href":"https:\/\/api.w.org\/{rel}","templated":true}]}}