{"id":60765,"date":"2025-06-07T23:17:09","date_gmt":"2025-06-07T23:17:09","guid":{"rendered":"https:\/\/snus-malmo.se\/?post_type=product&#038;p=60765"},"modified":"2025-07-22T15:46:32","modified_gmt":"2025-07-22T15:46:32","slug":"skruf-superwhite-slim-polar-no-57","status":"publish","type":"product","link":"https:\/\/snus-malmo.se\/sv\/produkt\/skruf-superwhite-slim-polar-no-57\/","title":{"rendered":"Skruf Superwhite Slim Polar no.57"},"content":{"rendered":"<h1>Skruf Superwhite Slim Polar no.57<\/h1>\n<h2 data-start=\"184\" data-end=\"271\">\u2744\ufe0f Skruf Superwhite Slim Polar No.57 \u2013 Iskall mint i ett slimmat, tobaksfritt format<\/h2>\n<p data-start=\"273\" data-end=\"607\"><strong data-start=\"273\" data-end=\"310\">Skruf Superwhite Slim Polar No.57<\/strong> \u00e4r en <strong data-start=\"317\" data-end=\"342\">tobaksfri nikotinp\u00e5se<\/strong> som levererar en <strong data-start=\"360\" data-end=\"394\">kraftfull och kylande mintsmak<\/strong> \u2013 f\u00f6r dig som s\u00f6ker en riktigt <strong data-start=\"426\" data-end=\"465\">iskall och fr\u00e4sch nikotinupplevelse<\/strong>. Med sin intensiva mintprofil \u00e4r denna produkt perfekt f\u00f6r dig som vill ha en tydlig smak utan tobak, men med bibeh\u00e5llen styrka och fr\u00e4sch\u00f6r.<\/p>\n<p data-start=\"609\" data-end=\"894\">Prillorna \u00e4r i <strong data-start=\"624\" data-end=\"642\">slimmat format<\/strong> f\u00f6r en <strong data-start=\"650\" data-end=\"681\">diskret och bekv\u00e4m passform<\/strong> under l\u00e4ppen, samtidigt som de \u00e4r <strong data-start=\"716\" data-end=\"729\">helt vita<\/strong>, vilket betyder att de <strong data-start=\"753\" data-end=\"781\">inte missf\u00e4rgar t\u00e4nderna<\/strong>. Det \u00e4r ett smart och stilrent val f\u00f6r dig som vill kombinera smak, nikotin och modern design \u2013 helt utan tobak.<\/p>\n<hr data-start=\"896\" data-end=\"899\" \/>\n<h3 data-start=\"901\" data-end=\"961\">\u2705 Produktinformation \u2013 Skruf Superwhite Slim Polar No.57<\/h3>\n<ul data-start=\"963\" data-end=\"1337\">\n<li data-start=\"963\" data-end=\"1019\">\n<p data-start=\"965\" data-end=\"1019\"><strong data-start=\"965\" data-end=\"974\">Smak:<\/strong> Iskall mint \u2013 intensiv, fr\u00e4sch och kylande<\/p>\n<\/li>\n<li data-start=\"1020\" data-end=\"1077\">\n<p data-start=\"1022\" data-end=\"1077\"><strong data-start=\"1022\" data-end=\"1033\">Format:<\/strong> Slim \u2013 smal prilla f\u00f6r diskret anv\u00e4ndning<\/p>\n<\/li>\n<li data-start=\"1078\" data-end=\"1130\">\n<p data-start=\"1080\" data-end=\"1130\"><strong data-start=\"1080\" data-end=\"1088\">Typ:<\/strong> All White \u2013 100 % tobaksfri nikotinp\u00e5se<\/p>\n<\/li>\n<li data-start=\"1131\" data-end=\"1164\">\n<p data-start=\"1133\" data-end=\"1164\"><strong data-start=\"1133\" data-end=\"1144\">Styrka:<\/strong> Normal till stark<\/p>\n<\/li>\n<li data-start=\"1165\" data-end=\"1215\">\n<p data-start=\"1167\" data-end=\"1215\"><strong data-start=\"1167\" data-end=\"1183\">Nikotinhalt:<\/strong> 8 mg\/g (ca 5,6 mg per prilla)<\/p>\n<\/li>\n<li data-start=\"1216\" data-end=\"1250\">\n<p data-start=\"1218\" data-end=\"1250\"><strong data-start=\"1218\" data-end=\"1245\">Antal prillor per dosa:<\/strong> 24<\/p>\n<\/li>\n<li data-start=\"1251\" data-end=\"1279\">\n<p data-start=\"1253\" data-end=\"1279\"><strong data-start=\"1253\" data-end=\"1267\">Totalvikt:<\/strong> 17,3 gram<\/p>\n<\/li>\n<li data-start=\"1280\" data-end=\"1337\">\n<p data-start=\"1282\" data-end=\"1337\"><strong data-start=\"1282\" data-end=\"1298\">Tillverkare:<\/strong> Skruf Snus AB \u2013 tillverkad i Sverige<\/p>\n<\/li>\n<\/ul>\n<hr data-start=\"1339\" data-end=\"1342\" \/>\n<h3 data-start=\"1344\" data-end=\"1394\">\ud83c\udf2c\ufe0f Varf\u00f6r v\u00e4lja Skruf Superwhite Polar No.57?<\/h3>\n<ul data-start=\"1396\" data-end=\"1725\">\n<li data-start=\"1396\" data-end=\"1459\">\n<p data-start=\"1398\" data-end=\"1459\">\u2744\ufe0f <strong data-start=\"1401\" data-end=\"1423\">Kraftfull mintsmak<\/strong> \u2013 ger en l\u00e5ngvarig, fr\u00e4sch k\u00e4nsla<\/p>\n<\/li>\n<li data-start=\"1460\" data-end=\"1521\">\n<p data-start=\"1462\" data-end=\"1521\">\u2705 <strong data-start=\"1464\" data-end=\"1485\">Tobaksfri formula<\/strong> \u2013 helvit prilla utan missf\u00e4rgning<\/p>\n<\/li>\n<li data-start=\"1522\" data-end=\"1586\">\n<p data-start=\"1524\" data-end=\"1586\">\ud83d\udd76 <strong data-start=\"1527\" data-end=\"1542\">Slim-format<\/strong> \u2013 perfekt passform och diskret anv\u00e4ndning<\/p>\n<\/li>\n<li data-start=\"1587\" data-end=\"1666\">\n<p data-start=\"1589\" data-end=\"1666\">\ud83e\uddb7 <strong data-start=\"1592\" data-end=\"1616\">Skonsam mot t\u00e4nderna<\/strong> \u2013 prillan \u00e4r vit b\u00e5de f\u00f6re och efter anv\u00e4ndning<\/p>\n<\/li>\n<li data-start=\"1667\" data-end=\"1725\">\n<p data-start=\"1669\" data-end=\"1725\">\ud83c\uddf8\ud83c\uddea <strong data-start=\"1674\" data-end=\"1694\">Svensktillverkad<\/strong> \u2013 premiumkvalitet fr\u00e5n Skruf<\/p>\n<\/li>\n<\/ul>\n<hr data-start=\"1727\" data-end=\"1730\" \/>\n<h3 data-start=\"1732\" data-end=\"1799\">\ud83c\udf1f En del av Skruf Superwhite \u2013 Fr\u00e4scha nikotinp\u00e5sar utan tobak<\/h3>\n<p data-start=\"1801\" data-end=\"2059\"><strong data-start=\"1801\" data-end=\"1821\">Skruf Superwhite<\/strong> \u00e4r en popul\u00e4r serie av <strong data-start=\"1845\" data-end=\"1872\">tobaksfria nikotinp\u00e5sar<\/strong> som erbjuder rena smaker, innovativa format och varierande styrkor. Fr\u00e5n svalkande mint till fruktiga och b\u00e4riga alternativ \u2013 alla prillor \u00e4r helvita och designade f\u00f6r modern anv\u00e4ndning.<\/p>\n<p data-start=\"2061\" data-end=\"2086\">Andra favoriter i serien:<\/p>\n<ul data-start=\"2088\" data-end=\"2561\">\n<li data-start=\"2088\" data-end=\"2159\">\n<p data-start=\"2090\" data-end=\"2159\"><strong data-start=\"2090\" data-end=\"2120\">Fresh No.52 \/ 53 \/ 54 \/ 55<\/strong> \u2013 Mint i olika intensitet och format<\/p>\n<\/li>\n<li data-start=\"2160\" data-end=\"2215\">\n<p data-start=\"2162\" data-end=\"2215\"><strong data-start=\"2162\" data-end=\"2183\">Frozen Mint No.60<\/strong> \u2013 Extra stark och frusen mint<\/p>\n<\/li>\n<li data-start=\"2216\" data-end=\"2271\">\n<p data-start=\"2218\" data-end=\"2271\"><strong data-start=\"2218\" data-end=\"2240\">Fresh Freeze No.67<\/strong> \u2013 Stark mentol med l\u00e5ng kyla<\/p>\n<\/li>\n<li data-start=\"2272\" data-end=\"2322\">\n<p data-start=\"2274\" data-end=\"2322\"><strong data-start=\"2274\" data-end=\"2291\">Crystal Fresh<\/strong> \u2013 Klar och uppfriskande mint<\/p>\n<\/li>\n<li data-start=\"2323\" data-end=\"2372\">\n<p data-start=\"2325\" data-end=\"2372\"><strong data-start=\"2325\" data-end=\"2340\">Fresh Apple<\/strong> \u2013 Gr\u00f6nt \u00e4pple med fr\u00e4sch mint<\/p>\n<\/li>\n<li data-start=\"2373\" data-end=\"2429\">\n<p data-start=\"2375\" data-end=\"2429\"><strong data-start=\"2375\" data-end=\"2399\">Nordic No.56 \/ No.58<\/strong> \u2013 Mint med nordisk karakt\u00e4r<\/p>\n<\/li>\n<li data-start=\"2430\" data-end=\"2505\">\n<p data-start=\"2432\" data-end=\"2505\"><strong data-start=\"2432\" data-end=\"2461\">Purple Cassice No.63 \/ 71<\/strong> \u2013 Svarta vinb\u00e4r med s\u00f6t och syrlig profil<\/p>\n<\/li>\n<li data-start=\"2506\" data-end=\"2561\">\n<p data-start=\"2508\" data-end=\"2561\"><strong data-start=\"2508\" data-end=\"2524\">Indigo No.62<\/strong> \u2013 Unik b\u00e4rig smak med mintig twist<\/p>\n<\/li>\n<\/ul>\n<hr data-start=\"2563\" data-end=\"2566\" \/>\n<h3 data-start=\"2568\" data-end=\"2619\">\ud83d\uded2 K\u00f6p Skruf Superwhite Slim Polar No.57 online<\/h3>\n<p data-start=\"2621\" data-end=\"2999\">Letar du efter en <strong data-start=\"2639\" data-end=\"2686\">iskall, tobaksfri nikotinp\u00e5se i slim-format<\/strong>? <strong data-start=\"2688\" data-end=\"2720\">Skruf Superwhite Polar No.57<\/strong> kombinerar <strong data-start=\"2732\" data-end=\"2774\">kylande mintsmak med bekv\u00e4m diskretion<\/strong> \u2013 perfekt f\u00f6r dig som vill ha en fr\u00e4sch nikotinupplevelse utan tobak. Best\u00e4ll enkelt online hos <a class=\"\" href=\"https:\/\/snus-malmo.se\/sv\/produkt-kategori\/alla-produkter\/skruf\/\" target=\"_new\" rel=\"noopener\" data-start=\"2871\" data-end=\"2940\">Veloop.se<\/a> och upplev hela utbudet av <strong data-start=\"2968\" data-end=\"2998\">Skruf Superwhite-produkter<\/strong>.<\/p>\n<p>&nbsp;<\/p>","protected":false},"excerpt":{"rendered":"<h1>Skruf Superwhite Slim Polar no.57<\/h1>\n<h2 data-start=\"184\" data-end=\"271\">\u2744\ufe0f Skruf Superwhite Slim Polar No.57 \u2013 Iskall mint i ett slimmat, tobaksfritt format<\/h2>\n<p><strong data-start=\"132\" data-end=\"169\">Skruf Superwhite Slim Polar No.57<\/strong> \u00e4r en tobaksfri nikotinp\u00e5se med en kraftfull och iskall mintsmak. Det slimmade formatet ger en diskret och bekv\u00e4m passform, medan den helvita prillan \u00e4r skonsam mot t\u00e4nderna. En fr\u00e4sch och uppiggande upplevelse \u2013 helt utan tobak.<\/p>","protected":false},"featured_media":62354,"comment_status":"open","ping_status":"closed","template":"","meta":[],"product_brand":[360],"product_cat":[136,117,118,137],"product_tag":[],"class_list":{"0":"post-60765","1":"product","2":"type-product","3":"status-publish","4":"has-post-thumbnail","6":"product_brand-skruf","7":"product_cat-all-whites","8":"product_cat-skruf","9":"product_cat-skruf-super-white","10":"product_cat-slim","12":"first","13":"instock","14":"taxable","15":"shipping-taxable","16":"purchasable","17":"product-type-variable"},"_links":{"self":[{"href":"https:\/\/snus-malmo.se\/sv\/wp-json\/wp\/v2\/product\/60765","targetHints":{"allow":["GET"]}}],"collection":[{"href":"https:\/\/snus-malmo.se\/sv\/wp-json\/wp\/v2\/product"}],"about":[{"href":"https:\/\/snus-malmo.se\/sv\/wp-json\/wp\/v2\/types\/product"}],"replies":[{"embeddable":true,"href":"https:\/\/snus-malmo.se\/sv\/wp-json\/wp\/v2\/comments?post=60765"}],"version-history":[{"count":0,"href":"https:\/\/snus-malmo.se\/sv\/wp-json\/wp\/v2\/product\/60765\/revisions"}],"wp:featuredmedia":[{"embeddable":true,"href":"https:\/\/snus-malmo.se\/sv\/wp-json\/wp\/v2\/media\/62354"}],"wp:attachment":[{"href":"https:\/\/snus-malmo.se\/sv\/wp-json\/wp\/v2\/media?parent=60765"}],"wp:term":[{"taxonomy":"product_brand","embeddable":true,"href":"https:\/\/snus-malmo.se\/sv\/wp-json\/wp\/v2\/product_brand?post=60765"},{"taxonomy":"product_cat","embeddable":true,"href":"https:\/\/snus-malmo.se\/sv\/wp-json\/wp\/v2\/product_cat?post=60765"},{"taxonomy":"product_tag","embeddable":true,"href":"https:\/\/snus-malmo.se\/sv\/wp-json\/wp\/v2\/product_tag?post=60765"}],"curies":[{"name":"wp","href":"https:\/\/api.w.org\/{rel}","templated":true}]}}