{"id":60801,"date":"2025-06-08T11:05:09","date_gmt":"2025-06-08T11:05:09","guid":{"rendered":"https:\/\/snus-malmo.se\/?post_type=product&#038;p=60801"},"modified":"2025-10-02T09:36:07","modified_gmt":"2025-10-02T09:36:07","slug":"zyn-black-cherry-mini-s2","status":"publish","type":"product","link":"https:\/\/snus-malmo.se\/sv\/produkt\/zyn-black-cherry-mini-s2\/","title":{"rendered":"ZYN Black Cherry Mini S2"},"content":{"rendered":"<h1><strong data-start=\"2042\" data-end=\"2073\">ZYN Black Cherry Mini S2<\/strong><\/h1>\n<h2 data-start=\"530\" data-end=\"603\"><strong data-start=\"533\" data-end=\"603\">ZYN Black Cherry Mini S2 \u2013 Mild k\u00f6rsb\u00e4rssmak i smidigt mini-format<\/strong><\/h2>\n<p data-start=\"605\" data-end=\"844\"><strong data-start=\"605\" data-end=\"633\">ZYN Black Cherry Mini S2<\/strong> \u00e4r ett smakfullt alternativ f\u00f6r dig som s\u00f6ker en <strong data-start=\"683\" data-end=\"708\">tobaksfri nikotinp\u00e5se<\/strong> med l\u00e5g nikotinhalt. Den s\u00f6ta och fruktiga smaken av m\u00f6rka k\u00f6rsb\u00e4r ger en rund och behaglig smakupplevelse \u2013 utan att bli f\u00f6r intensiv.<\/p>\n<p data-start=\"846\" data-end=\"1245\">Prillorna kommer i ett <strong data-start=\"869\" data-end=\"884\">mini-format<\/strong>, vilket g\u00f6r dem diskreta under l\u00e4ppen och perfekta f\u00f6r anv\u00e4ndning n\u00e4r du vill vara diskret. Den helvita prillan \u00e4r torr p\u00e5 ytan med fuktigt inneh\u00e5ll f\u00f6r j\u00e4mn och kontrollerad fris\u00e4ttning av smak och nikotin. Med <strong data-start=\"1097\" data-end=\"1115\">styrka 2 (Low)<\/strong> inneh\u00e5ller varje prilla ca <strong data-start=\"1143\" data-end=\"1159\">3 mg nikotin<\/strong>, vilket g\u00f6r den idealisk f\u00f6r nya anv\u00e4ndare eller dig som f\u00f6redrar mildare alternativ.<\/p>\n<p data-start=\"1247\" data-end=\"1391\">\u2705 Tobaksfri &amp; helvit<br data-start=\"1267\" data-end=\"1270\" \/>\u2705 Mini-format \u2013 diskret och l\u00e4ttanv\u00e4nd<br data-start=\"1308\" data-end=\"1311\" \/>\u2705 S\u00f6t och fruktig smak av k\u00f6rsb\u00e4r<br data-start=\"1344\" data-end=\"1347\" \/>\u2705 Mild styrka \u2013 ca 3 mg nikotin per prilla<\/p>\n<p data-start=\"1393\" data-end=\"1505\">\ud83d\udce6 K\u00f6p <a class=\"\" href=\"https:\/\/snus-malmo.se\/sv\/zyn\/\" target=\"_new\" rel=\"noopener\" data-start=\"1400\" data-end=\"1464\">ZYN Black Cherry Mini S2 hos Veloop.se<\/a> \u2013 alltid snabb frakt &amp; diskret leverans.<\/p>\n<hr data-start=\"1507\" data-end=\"1510\" \/>\n<h3 data-start=\"1512\" data-end=\"1539\"><strong data-start=\"1516\" data-end=\"1539\">Produktinformation:<\/strong><\/h3>\n<ul data-start=\"1541\" data-end=\"1812\">\n<li data-start=\"1541\" data-end=\"1585\">\n<p data-start=\"1543\" data-end=\"1585\"><strong data-start=\"1543\" data-end=\"1551\">Typ:<\/strong> Nikotinp\u00e5sar (tobaksfritt snus)<\/p>\n<\/li>\n<li data-start=\"1586\" data-end=\"1607\">\n<p data-start=\"1588\" data-end=\"1607\"><strong data-start=\"1588\" data-end=\"1597\">Smak:<\/strong> K\u00f6rsb\u00e4r<\/p>\n<\/li>\n<li data-start=\"1608\" data-end=\"1628\">\n<p data-start=\"1610\" data-end=\"1628\"><strong data-start=\"1610\" data-end=\"1621\">Format:<\/strong> Mini<\/p>\n<\/li>\n<li data-start=\"1629\" data-end=\"1657\">\n<p data-start=\"1631\" data-end=\"1657\"><strong data-start=\"1631\" data-end=\"1642\">Styrka:<\/strong> Low (niv\u00e5 2)<\/p>\n<\/li>\n<li data-start=\"1658\" data-end=\"1707\">\n<p data-start=\"1660\" data-end=\"1707\"><strong data-start=\"1660\" data-end=\"1676\">Nikotinhalt:<\/strong> ca 1,0\u20131,2% (ca 3 mg\/prilla)<\/p>\n<\/li>\n<li data-start=\"1708\" data-end=\"1744\">\n<p data-start=\"1710\" data-end=\"1744\"><strong data-start=\"1710\" data-end=\"1733\">Antal prillor\/dosa:<\/strong> ca 20 st<\/p>\n<\/li>\n<li data-start=\"1745\" data-end=\"1777\">\n<p data-start=\"1747\" data-end=\"1777\"><strong data-start=\"1747\" data-end=\"1766\">Nettovikt\/dosa:<\/strong> ca 7,5 g<\/p>\n<\/li>\n<li data-start=\"1778\" data-end=\"1812\">\n<p data-start=\"1780\" data-end=\"1812\"><strong data-start=\"1780\" data-end=\"1796\">Tillverkare:<\/strong> Swedish Match<\/p>\n<\/li>\n<\/ul>\n<hr data-start=\"1814\" data-end=\"1817\" \/>\n<h3 data-start=\"1819\" data-end=\"1872\">\ud83d\udecd <strong data-start=\"1826\" data-end=\"1872\">Utforska fler ZYN-produkter hos Veloop.se:<\/strong><\/h3>\n<p data-start=\"1874\" data-end=\"1969\">Letar du fler nikotinp\u00e5sar med olika smaker och styrkor? Se hela ZYN-sortimentet hos Veloop.se:<\/p>\n<ul data-start=\"1971\" data-end=\"2740\">\n<li data-start=\"1971\" data-end=\"2029\">\n<p data-start=\"1973\" data-end=\"2029\"><strong data-start=\"1973\" data-end=\"2001\">ZYN Black Cherry Mini S4<\/strong> \u2013 Samma smak, extra stark<\/p>\n<\/li>\n<li data-start=\"2030\" data-end=\"2098\">\n<p data-start=\"2032\" data-end=\"2098\"><strong data-start=\"2032\" data-end=\"2058\">ZYN Apple Mint Mini S4<\/strong> \u2013 Frisk \u00e4ppelmint i mini, extra stark<\/p>\n<\/li>\n<li data-start=\"2099\" data-end=\"2170\">\n<p data-start=\"2101\" data-end=\"2170\"><strong data-start=\"2101\" data-end=\"2130\">ZYN Apple Mint Slim S3\/S4<\/strong> \u2013 Balanserad eller extra stark i slim<\/p>\n<\/li>\n<li data-start=\"2171\" data-end=\"2250\">\n<p data-start=\"2173\" data-end=\"2250\"><strong data-start=\"2173\" data-end=\"2208\">ZYN Blackcurrant Ice Slim S4\/S5<\/strong> \u2013 B\u00e4r &amp; mentol, extra till mycket stark<\/p>\n<\/li>\n<li data-start=\"2251\" data-end=\"2315\">\n<p data-start=\"2253\" data-end=\"2315\"><strong data-start=\"2253\" data-end=\"2288\">ZYN Citrus Mini S2 \/ Slim S3\/S4<\/strong> \u2013 Citrus i olika styrkor<\/p>\n<\/li>\n<li data-start=\"2316\" data-end=\"2378\">\n<p data-start=\"2318\" data-end=\"2378\"><strong data-start=\"2318\" data-end=\"2346\">ZYN Cool Mint Mini S2\/S4<\/strong> \u2013 Klassisk mint i mini-format<\/p>\n<\/li>\n<li data-start=\"2379\" data-end=\"2445\">\n<p data-start=\"2381\" data-end=\"2445\"><strong data-start=\"2381\" data-end=\"2412\">ZYN Cool Mint Slim S2\/S3\/S4<\/strong> \u2013 Fr\u00e4sch mint i slimmat format<\/p>\n<\/li>\n<li data-start=\"2446\" data-end=\"2501\">\n<p data-start=\"2448\" data-end=\"2501\"><strong data-start=\"2448\" data-end=\"2473\">ZYN Coffee Mini S2\/S4<\/strong> \u2013 Kaffesmak i tv\u00e5 styrkor<\/p>\n<\/li>\n<li data-start=\"2502\" data-end=\"2589\">\n<p data-start=\"2504\" data-end=\"2589\"><strong data-start=\"2504\" data-end=\"2551\">ZYN Gentle Mint, Spearmint, Violet Licorice<\/strong> \u2013 Mildare alternativ i olika smaker<\/p>\n<\/li>\n<li data-start=\"2590\" data-end=\"2659\">\n<p data-start=\"2592\" data-end=\"2659\"><strong data-start=\"2592\" data-end=\"2624\">ZYN Menthol Ice &amp; Cool Frost<\/strong> \u2013 Kraftfull kyla i olika styrkor<\/p>\n<\/li>\n<li data-start=\"2660\" data-end=\"2740\">\n<p data-start=\"2662\" data-end=\"2740\"><strong data-start=\"2662\" data-end=\"2716\">ZYN Peach Mini S2, Red Fruits, Cucumber Lime m.fl.<\/strong> \u2013 Unika fruktiga smaker<\/p>\n<\/li>\n<\/ul>\n<hr data-start=\"2742\" data-end=\"2745\" \/>\n<p data-start=\"2747\" data-end=\"2886\">\ud83d\uded2 Hitta din favorit bland ZYN nikotinp\u00e5sar p\u00e5 <a class=\"\" href=\"https:\/\/snus-malmo.se\/sv\/zyn\/\" target=\"_new\" rel=\"noopener\" data-start=\"2794\" data-end=\"2832\">Veloop.se\/zyn<\/a> \u2013 alltid tobaksfritt, smidigt och med snabb leverans.<\/p>","protected":false},"excerpt":{"rendered":"<h1 data-start=\"586\" data-end=\"805\"><strong data-start=\"2042\" data-end=\"2073\">ZYN Black Cherry Mini S2<\/strong><\/h1>\n<h2 data-start=\"530\" data-end=\"603\"><strong data-start=\"533\" data-end=\"603\">ZYN Black Cherry Mini S2 \u2013 Mild k\u00f6rsb\u00e4rssmak i smidigt mini-format<\/strong><\/h2>\n<p><strong data-start=\"232\" data-end=\"260\">ZYN Black Cherry Mini S2<\/strong> \u00e4r en tobaksfri nikotinp\u00e5se i mini-format med s\u00f6t och fruktig smak av m\u00f6rka k\u00f6rsb\u00e4r. Med mild nikotinstyrka (3 mg\/prilla) \u00e4r den perfekt f\u00f6r dig som vill ha en diskret, smakrik upplevelse med l\u00e5g intensitet.<\/p>\n<p>\ud83d\udce6 K\u00f6p <a class=\"\" href=\"https:\/\/snus-malmo.se\/sv\/zyn\/\" target=\"_new\" rel=\"noopener\" data-start=\"848\" data-end=\"910\">ZYN Apple Mint Slim S3 hos Veloop.se<\/a> \u2013 alltid snabb frakt och diskret leverans!<\/p>","protected":false},"featured_media":60807,"comment_status":"open","ping_status":"closed","template":"","meta":[],"product_brand":[345],"product_cat":[136,137,131],"product_tag":[],"class_list":{"0":"post-60801","1":"product","2":"type-product","3":"status-publish","4":"has-post-thumbnail","6":"product_brand-zyn","7":"product_cat-all-whites","8":"product_cat-slim","9":"product_cat-zyn","11":"first","12":"instock","13":"taxable","14":"shipping-taxable","15":"purchasable","16":"product-type-variable"},"_links":{"self":[{"href":"https:\/\/snus-malmo.se\/sv\/wp-json\/wp\/v2\/product\/60801","targetHints":{"allow":["GET"]}}],"collection":[{"href":"https:\/\/snus-malmo.se\/sv\/wp-json\/wp\/v2\/product"}],"about":[{"href":"https:\/\/snus-malmo.se\/sv\/wp-json\/wp\/v2\/types\/product"}],"replies":[{"embeddable":true,"href":"https:\/\/snus-malmo.se\/sv\/wp-json\/wp\/v2\/comments?post=60801"}],"version-history":[{"count":0,"href":"https:\/\/snus-malmo.se\/sv\/wp-json\/wp\/v2\/product\/60801\/revisions"}],"wp:featuredmedia":[{"embeddable":true,"href":"https:\/\/snus-malmo.se\/sv\/wp-json\/wp\/v2\/media\/60807"}],"wp:attachment":[{"href":"https:\/\/snus-malmo.se\/sv\/wp-json\/wp\/v2\/media?parent=60801"}],"wp:term":[{"taxonomy":"product_brand","embeddable":true,"href":"https:\/\/snus-malmo.se\/sv\/wp-json\/wp\/v2\/product_brand?post=60801"},{"taxonomy":"product_cat","embeddable":true,"href":"https:\/\/snus-malmo.se\/sv\/wp-json\/wp\/v2\/product_cat?post=60801"},{"taxonomy":"product_tag","embeddable":true,"href":"https:\/\/snus-malmo.se\/sv\/wp-json\/wp\/v2\/product_tag?post=60801"}],"curies":[{"name":"wp","href":"https:\/\/api.w.org\/{rel}","templated":true}]}}