{"id":60819,"date":"2025-06-08T11:16:32","date_gmt":"2025-06-08T11:16:32","guid":{"rendered":"https:\/\/snus-malmo.se\/?post_type=product&#038;p=60819"},"modified":"2025-10-02T09:36:00","modified_gmt":"2025-10-02T09:36:00","slug":"zyn-black-licorice-mini-s2","status":"publish","type":"product","link":"https:\/\/snus-malmo.se\/sv\/produkt\/zyn-black-licorice-mini-s2\/","title":{"rendered":"ZYN Black Licorice Mini S2"},"content":{"rendered":"<h1 data-pm-slice=\"1 1 []\">ZYN Black Licorice Mini S2<\/h1>\n<h2 data-start=\"147\" data-end=\"224\">\u2705 <strong data-start=\"153\" data-end=\"224\">ZYN Black Licorice Mini S2 \u2013 Mild lakritssmak i smidigt mini-format<\/strong><\/h2>\n<p data-start=\"226\" data-end=\"461\"><strong data-start=\"226\" data-end=\"256\">ZYN Black Licorice Mini S2<\/strong> \u00e4r en tobaksfri nikotinp\u00e5se med en distinkt men mild smak av klassisk lakrits. Den \u00e4r perfekt f\u00f6r dig som gillar en subtil och balanserad smakupplevelse, utan att ge avkall p\u00e5 kvalitet eller bekv\u00e4mlighet.<\/p>\n<p data-start=\"463\" data-end=\"848\">Prillan har ett <strong data-start=\"479\" data-end=\"494\">mini-format<\/strong>, vilket g\u00f6r den diskret under l\u00e4ppen och l\u00e4tt att anv\u00e4nda n\u00e4r som helst. Ytan \u00e4r torr f\u00f6r minimal rinnighet, men inneh\u00e5llet \u00e4r l\u00e4tt fuktat f\u00f6r att ge en j\u00e4mn och behaglig fris\u00e4ttning av smak och nikotin. Med <strong data-start=\"703\" data-end=\"721\">styrka 2 (Low)<\/strong> levererar varje prilla ca <strong data-start=\"748\" data-end=\"764\">3 mg nikotin<\/strong>, vilket passar utm\u00e4rkt f\u00f6r dig som vill ha en mildare effekt eller \u00e4r ny anv\u00e4ndare.<\/p>\n<p data-start=\"850\" data-end=\"984\">\u2705 Tobaksfri &amp; helvit<br data-start=\"870\" data-end=\"873\" \/>\u2705 Mini-format \u2013 diskret och bekv\u00e4mt<br data-start=\"908\" data-end=\"911\" \/>\u2705 Smak av klassisk lakrits<br data-start=\"937\" data-end=\"940\" \/>\u2705 Mild styrka \u2013 ca 3 mg nikotin per prilla<\/p>\n<p data-start=\"986\" data-end=\"1078\">\ud83d\udce6 K\u00f6p <strong data-start=\"993\" data-end=\"1037\">ZYN Black Licorice Mini S2 hos Veloop.se<\/strong> \u2013 snabb leverans &amp; alltid diskret frakt.<\/p>\n<hr data-start=\"1080\" data-end=\"1083\" \/>\n<h2 data-start=\"1085\" data-end=\"1112\"><strong data-start=\"1089\" data-end=\"1112\">Produktinformation:<\/strong><\/h2>\n<ul data-start=\"1114\" data-end=\"1385\">\n<li data-start=\"1114\" data-end=\"1158\">\n<p data-start=\"1116\" data-end=\"1158\"><strong data-start=\"1116\" data-end=\"1124\">Typ:<\/strong> Nikotinp\u00e5sar (tobaksfritt snus)<\/p>\n<\/li>\n<li data-start=\"1159\" data-end=\"1180\">\n<p data-start=\"1161\" data-end=\"1180\"><strong data-start=\"1161\" data-end=\"1170\">Smak:<\/strong> Lakrits<\/p>\n<\/li>\n<li data-start=\"1181\" data-end=\"1201\">\n<p data-start=\"1183\" data-end=\"1201\"><strong data-start=\"1183\" data-end=\"1194\">Format:<\/strong> Mini<\/p>\n<\/li>\n<li data-start=\"1202\" data-end=\"1230\">\n<p data-start=\"1204\" data-end=\"1230\"><strong data-start=\"1204\" data-end=\"1215\">Styrka:<\/strong> Low (niv\u00e5 2)<\/p>\n<\/li>\n<li data-start=\"1231\" data-end=\"1280\">\n<p data-start=\"1233\" data-end=\"1280\"><strong data-start=\"1233\" data-end=\"1249\">Nikotinhalt:<\/strong> ca 1,0\u20131,2% (ca 3 mg\/prilla)<\/p>\n<\/li>\n<li data-start=\"1281\" data-end=\"1317\">\n<p data-start=\"1283\" data-end=\"1317\"><strong data-start=\"1283\" data-end=\"1306\">Antal prillor\/dosa:<\/strong> ca 20 st<\/p>\n<\/li>\n<li data-start=\"1318\" data-end=\"1350\">\n<p data-start=\"1320\" data-end=\"1350\"><strong data-start=\"1320\" data-end=\"1339\">Nettovikt\/dosa:<\/strong> ca 7,5 g<\/p>\n<\/li>\n<li data-start=\"1351\" data-end=\"1385\">\n<p data-start=\"1353\" data-end=\"1385\"><strong data-start=\"1353\" data-end=\"1369\">Tillverkare:<\/strong> Swedish Match<\/p>\n<\/li>\n<\/ul>\n<hr data-start=\"1387\" data-end=\"1390\" \/>\n<h3 data-start=\"1392\" data-end=\"1441\">\ud83d\udecd <strong data-start=\"1399\" data-end=\"1441\">Uppt\u00e4ck fler ZYN-smaker hos Veloop.se:<\/strong><\/h3>\n<p data-start=\"1443\" data-end=\"1571\">Hos <strong data-start=\"1447\" data-end=\"1460\">Veloop.se<\/strong> hittar du hela det popul\u00e4ra sortimentet fr\u00e5n ZYN \u2013 tobaksfria nikotinp\u00e5sar i flera smaker, styrkor och format:<\/p>\n<ul data-start=\"1573\" data-end=\"2683\">\n<li data-start=\"1573\" data-end=\"1635\">\n<p data-start=\"1575\" data-end=\"1635\"><strong data-start=\"1575\" data-end=\"1601\">ZYN Apple Mint Mini S4<\/strong> \u2013 Mini, frisk smak, extra stark<\/p>\n<\/li>\n<li data-start=\"1636\" data-end=\"1708\">\n<p data-start=\"1638\" data-end=\"1708\"><strong data-start=\"1638\" data-end=\"1667\">ZYN Apple Mint Slim S3\/S4<\/strong> \u2013 Slimmat format med varierande styrka<\/p>\n<\/li>\n<li data-start=\"1709\" data-end=\"1792\">\n<p data-start=\"1711\" data-end=\"1792\"><strong data-start=\"1711\" data-end=\"1742\">ZYN Black Cherry Mini S2\/S4<\/strong> \u2013 K\u00f6rsb\u00e4rssmak i mild eller extra stark version<\/p>\n<\/li>\n<li data-start=\"1793\" data-end=\"1863\">\n<p data-start=\"1795\" data-end=\"1863\"><strong data-start=\"1795\" data-end=\"1830\">ZYN Blackcurrant Ice Slim S4\/S5<\/strong> \u2013 B\u00e4r &amp; mentol i h\u00f6gre styrkor<\/p>\n<\/li>\n<li data-start=\"1864\" data-end=\"1934\">\n<p data-start=\"1866\" data-end=\"1934\"><strong data-start=\"1866\" data-end=\"1901\">ZYN Citrus Mini S2 \/ Slim S3\/S4<\/strong> \u2013 Frisk citrus i mini och slim<\/p>\n<\/li>\n<li data-start=\"1935\" data-end=\"1998\">\n<p data-start=\"1937\" data-end=\"1998\"><strong data-start=\"1937\" data-end=\"1962\">ZYN Coffee Mini S2\/S4<\/strong> \u2013 Milda eller starkare kaffetoner<\/p>\n<\/li>\n<li data-start=\"1999\" data-end=\"2054\">\n<p data-start=\"2001\" data-end=\"2054\"><strong data-start=\"2001\" data-end=\"2029\">ZYN Cool Mint Mini S2\/S4<\/strong> \u2013 Klassisk mint i mini<\/p>\n<\/li>\n<li data-start=\"2055\" data-end=\"2111\">\n<p data-start=\"2057\" data-end=\"2111\"><strong data-start=\"2057\" data-end=\"2085\">ZYN Cool Mint Slim S2\u2013S4<\/strong> \u2013 Mint i slimmat format<\/p>\n<\/li>\n<li data-start=\"2112\" data-end=\"2180\">\n<p data-start=\"2114\" data-end=\"2180\"><strong data-start=\"2114\" data-end=\"2143\">ZYN Cucumber Lime Slim S2<\/strong> \u2013 Gurka &amp; lime f\u00f6r en fr\u00e4sch twist<\/p>\n<\/li>\n<li data-start=\"2181\" data-end=\"2233\">\n<p data-start=\"2183\" data-end=\"2233\"><strong data-start=\"2183\" data-end=\"2210\">ZYN Gentle Mint Slim S2<\/strong> \u2013 Mjuk och mild mint<\/p>\n<\/li>\n<li data-start=\"2234\" data-end=\"2294\">\n<p data-start=\"2236\" data-end=\"2294\"><strong data-start=\"2236\" data-end=\"2264\">ZYN Lemon Spritz Slim S2<\/strong> \u2013 Citron med bubblig k\u00e4nsla<\/p>\n<\/li>\n<li data-start=\"2295\" data-end=\"2362\">\n<p data-start=\"2297\" data-end=\"2362\"><strong data-start=\"2297\" data-end=\"2327\">ZYN Menthol Ice Slim S4\u2013S6<\/strong> \u2013 Kylande mentol i flera styrkor<\/p>\n<\/li>\n<li data-start=\"2363\" data-end=\"2414\">\n<p data-start=\"2365\" data-end=\"2414\"><strong data-start=\"2365\" data-end=\"2386\">ZYN Peach Mini S2<\/strong> \u2013 S\u00f6t och fruktig persika<\/p>\n<\/li>\n<li data-start=\"2415\" data-end=\"2466\">\n<p data-start=\"2417\" data-end=\"2466\"><strong data-start=\"2417\" data-end=\"2446\">ZYN Red Fruits Slim S2\/S3<\/strong> \u2013 Mix av r\u00f6da b\u00e4r<\/p>\n<\/li>\n<li data-start=\"2467\" data-end=\"2535\">\n<p data-start=\"2469\" data-end=\"2535\"><strong data-start=\"2469\" data-end=\"2507\">ZYN Cool Frost Strong\/Extra Strong<\/strong> \u2013 Kall och kraftfull mint<\/p>\n<\/li>\n<li data-start=\"2536\" data-end=\"2609\">\n<p data-start=\"2538\" data-end=\"2609\"><strong data-start=\"2538\" data-end=\"2579\">ZYN Spearmint Mini S1\/S2 &amp; Slim S2\/S3<\/strong> \u2013 Spearmint i olika styrkor<\/p>\n<\/li>\n<li data-start=\"2610\" data-end=\"2683\">\n<p data-start=\"2612\" data-end=\"2683\"><strong data-start=\"2612\" data-end=\"2646\">ZYN Violet Licorice Slim S2\/S3<\/strong> \u2013 Unik blandning av viol &amp; lakrits<\/p>\n<\/li>\n<\/ul>\n<hr data-start=\"2685\" data-end=\"2688\" \/>\n<p data-start=\"2690\" data-end=\"2830\">\ud83d\uded2 Handla hela utbudet av <strong data-start=\"2716\" data-end=\"2736\">ZYN nikotinp\u00e5sar<\/strong> direkt hos <a class=\"\" href=\"https:\/\/snus-malmo.se\/sv\/zyn\/\" target=\"_new\" rel=\"noopener\" data-start=\"2748\" data-end=\"2786\">Veloop.se\/zyn<\/a> \u2013 tobaksfritt, tryggt och snabbt levererat.<\/p>","protected":false},"excerpt":{"rendered":"<h1 data-pm-slice=\"1 1 []\">ZYN Black Licorice Mini S2<\/h1>\n<h2 data-start=\"147\" data-end=\"224\"><strong data-start=\"153\" data-end=\"224\">ZYN Black Licorice Mini S2 \u2013 Mild lakritssmak i smidigt mini-format<\/strong><\/h2>\n<p data-start=\"226\" data-end=\"461\"><strong data-start=\"226\" data-end=\"256\">ZYN Black Licorice Mini S2<\/strong> \u00e4r en tobaksfri nikotinp\u00e5se med en distinkt men mild smak av klassisk lakrits. Den \u00e4r perfekt f\u00f6r dig som gillar en subtil och balanserad smakupplevelse, utan att ge avkall p\u00e5 kvalitet eller bekv\u00e4mlighet.<\/p>\n<p data-start=\"226\" data-end=\"461\">\ud83d\uded2 Handla hela utbudet av <strong data-start=\"2716\" data-end=\"2736\">ZYN nikotinp\u00e5sar<\/strong> direkt hos <a class=\"\" href=\"https:\/\/snus-malmo.se\/sv\/zyn\/\" target=\"_new\" rel=\"noopener\" data-start=\"2748\" data-end=\"2786\">Veloop.se\/zyn<\/a> \u2013 tobaksfritt, tryggt och snabbt levererat.<\/p>","protected":false},"featured_media":60825,"comment_status":"open","ping_status":"closed","template":"","meta":[],"product_brand":[345],"product_cat":[136,137,131],"product_tag":[],"class_list":{"0":"post-60819","1":"product","2":"type-product","3":"status-publish","4":"has-post-thumbnail","6":"product_brand-zyn","7":"product_cat-all-whites","8":"product_cat-slim","9":"product_cat-zyn","11":"first","12":"instock","13":"taxable","14":"shipping-taxable","15":"purchasable","16":"product-type-variable"},"_links":{"self":[{"href":"https:\/\/snus-malmo.se\/sv\/wp-json\/wp\/v2\/product\/60819","targetHints":{"allow":["GET"]}}],"collection":[{"href":"https:\/\/snus-malmo.se\/sv\/wp-json\/wp\/v2\/product"}],"about":[{"href":"https:\/\/snus-malmo.se\/sv\/wp-json\/wp\/v2\/types\/product"}],"replies":[{"embeddable":true,"href":"https:\/\/snus-malmo.se\/sv\/wp-json\/wp\/v2\/comments?post=60819"}],"version-history":[{"count":0,"href":"https:\/\/snus-malmo.se\/sv\/wp-json\/wp\/v2\/product\/60819\/revisions"}],"wp:featuredmedia":[{"embeddable":true,"href":"https:\/\/snus-malmo.se\/sv\/wp-json\/wp\/v2\/media\/60825"}],"wp:attachment":[{"href":"https:\/\/snus-malmo.se\/sv\/wp-json\/wp\/v2\/media?parent=60819"}],"wp:term":[{"taxonomy":"product_brand","embeddable":true,"href":"https:\/\/snus-malmo.se\/sv\/wp-json\/wp\/v2\/product_brand?post=60819"},{"taxonomy":"product_cat","embeddable":true,"href":"https:\/\/snus-malmo.se\/sv\/wp-json\/wp\/v2\/product_cat?post=60819"},{"taxonomy":"product_tag","embeddable":true,"href":"https:\/\/snus-malmo.se\/sv\/wp-json\/wp\/v2\/product_tag?post=60819"}],"curies":[{"name":"wp","href":"https:\/\/api.w.org\/{rel}","templated":true}]}}