{"id":60855,"date":"2025-06-08T20:44:57","date_gmt":"2025-06-08T20:44:57","guid":{"rendered":"https:\/\/snus-malmo.se\/?post_type=product&#038;p=60855"},"modified":"2025-10-02T09:35:55","modified_gmt":"2025-10-02T09:35:55","slug":"zyn-citrus-mini-s2","status":"publish","type":"product","link":"https:\/\/snus-malmo.se\/sv\/produkt\/zyn-citrus-mini-s2\/","title":{"rendered":"ZYN Citrus Mini S2"},"content":{"rendered":"<h1><strong data-start=\"2228\" data-end=\"2263\">ZYN Citrus Mini S2<\/strong><\/h1>\n<h2 data-start=\"518\" data-end=\"578\"><strong data-start=\"521\" data-end=\"578\">ZYN Citrus Mini S2 \u2013 Fr\u00e4sch citrus i mild nikotinp\u00e5se<\/strong><\/h2>\n<p data-start=\"580\" data-end=\"875\">Letar du efter en <strong data-start=\"598\" data-end=\"629\">mild och fr\u00e4sch nikotinp\u00e5se<\/strong> som \u00e4r enkel att anv\u00e4nda och n\u00e4stintill osynlig under l\u00e4ppen? <strong data-start=\"692\" data-end=\"714\">ZYN Citrus Mini S2<\/strong> \u00e4r en tobaksfri nikotinp\u00e5se med en l\u00e4tt och uppfriskande smak av citron och citrusfrukt \u2013 perfekt f\u00f6r dig som vill ha en fr\u00e4sch k\u00e4nsla utan stark nikotineffekt.<\/p>\n<p data-start=\"877\" data-end=\"1229\">Formatet \u00e4r <strong data-start=\"889\" data-end=\"897\">mini<\/strong>, vilket g\u00f6r prillan mycket diskret och smidig att anv\u00e4nda n\u00e4r som helst. Den torra ytan ger l\u00e5g rinnighet och en <strong data-start=\"1011\" data-end=\"1042\">kontrollerad nikotinrelease<\/strong>. Med <strong data-start=\"1048\" data-end=\"1066\">styrka 2 (Low)<\/strong> inneh\u00e5ller varje prilla cirka <strong data-start=\"1097\" data-end=\"1113\">3 mg nikotin<\/strong>, vilket g\u00f6r den idealisk f\u00f6r nyb\u00f6rjare eller f\u00f6r dig som vill ha ett mildare alternativ till starkare nikotinp\u00e5sar.<\/p>\n<p data-start=\"1231\" data-end=\"1367\">\u2705 Tobaksfri &amp; helvit<br data-start=\"1251\" data-end=\"1254\" \/>\u2705 Mini-format \u2013 liten och diskret<br data-start=\"1287\" data-end=\"1290\" \/>\u2705 Frisk smak av citron &amp; citrus<br data-start=\"1321\" data-end=\"1324\" \/>\u2705 L\u00e5g styrka \u2013 ca 3 mg nikotin per prilla<\/p>\n<p data-start=\"1369\" data-end=\"1480\">\ud83d\udce6 K\u00f6p <strong data-start=\"1376\" data-end=\"1398\">ZYN Citrus Mini S2<\/strong> hos <a class=\"\" href=\"https:\/\/snus-malmo.se\/sv\/zyn\/\" target=\"_new\" rel=\"noopener\" data-start=\"1403\" data-end=\"1437\">Veloop.se<\/a> \u2013 alltid snabb frakt och diskret leverans.<\/p>\n<hr data-start=\"1482\" data-end=\"1485\" \/>\n<h3 data-start=\"1487\" data-end=\"1514\"><strong data-start=\"1491\" data-end=\"1514\">Produktinformation:<\/strong><\/h3>\n<ul data-start=\"1516\" data-end=\"1795\">\n<li data-start=\"1516\" data-end=\"1560\">\n<p data-start=\"1518\" data-end=\"1560\"><strong data-start=\"1518\" data-end=\"1526\">Typ:<\/strong> Nikotinp\u00e5sar (tobaksfritt snus)<\/p>\n<\/li>\n<li data-start=\"1561\" data-end=\"1589\">\n<p data-start=\"1563\" data-end=\"1589\"><strong data-start=\"1563\" data-end=\"1572\">Smak:<\/strong> Citrus, Citron<\/p>\n<\/li>\n<li data-start=\"1590\" data-end=\"1610\">\n<p data-start=\"1592\" data-end=\"1610\"><strong data-start=\"1592\" data-end=\"1603\">Format:<\/strong> Mini<\/p>\n<\/li>\n<li data-start=\"1611\" data-end=\"1639\">\n<p data-start=\"1613\" data-end=\"1639\"><strong data-start=\"1613\" data-end=\"1624\">Styrka:<\/strong> Low (niv\u00e5 2)<\/p>\n<\/li>\n<li data-start=\"1640\" data-end=\"1690\">\n<p data-start=\"1642\" data-end=\"1690\"><strong data-start=\"1642\" data-end=\"1658\">Nikotinhalt:<\/strong> ca 1,0\u20131,2 % (ca 3 mg\/prilla)<\/p>\n<\/li>\n<li data-start=\"1691\" data-end=\"1727\">\n<p data-start=\"1693\" data-end=\"1727\"><strong data-start=\"1693\" data-end=\"1716\">Antal prillor\/dosa:<\/strong> ca 20 st<\/p>\n<\/li>\n<li data-start=\"1728\" data-end=\"1760\">\n<p data-start=\"1730\" data-end=\"1760\"><strong data-start=\"1730\" data-end=\"1749\">Nettovikt\/dosa:<\/strong> ca 7,5 g<\/p>\n<\/li>\n<li data-start=\"1761\" data-end=\"1795\">\n<p data-start=\"1763\" data-end=\"1795\"><strong data-start=\"1763\" data-end=\"1779\">Tillverkare:<\/strong> Swedish Match<\/p>\n<\/li>\n<\/ul>\n<hr data-start=\"1797\" data-end=\"1800\" \/>\n<h3 data-start=\"1802\" data-end=\"1857\">\ud83d\udecd <strong data-start=\"1809\" data-end=\"1857\">Utforska hela ZYN-sortimentet hos Veloop.se:<\/strong><\/h3>\n<p data-start=\"1859\" data-end=\"1983\">Hos <strong data-start=\"1863\" data-end=\"1876\">Veloop.se<\/strong> hittar du ett brett urval av <strong data-start=\"1906\" data-end=\"1926\">ZYN nikotinp\u00e5sar<\/strong> \u2013 tobaksfria prillor i flera smaker, styrkor och format:<\/p>\n<ul data-start=\"1985\" data-end=\"2693\">\n<li data-start=\"1985\" data-end=\"2063\">\n<p data-start=\"1987\" data-end=\"2063\"><strong data-start=\"1987\" data-end=\"2012\">ZYN Citrus Slim S3\/S4<\/strong> \u2013 Samma friska smak i starkare och st\u00f6rre format<\/p>\n<\/li>\n<li data-start=\"2064\" data-end=\"2140\">\n<p data-start=\"2066\" data-end=\"2140\"><strong data-start=\"2066\" data-end=\"2105\">ZYN Apple Mint Mini S4 \/ Slim S3\/S4<\/strong> \u2013 Sval \u00e4ppelmint i olika styrkor<\/p>\n<\/li>\n<li data-start=\"2141\" data-end=\"2218\">\n<p data-start=\"2143\" data-end=\"2218\"><strong data-start=\"2143\" data-end=\"2184\">ZYN Cool Mint Mini S2\/S4 &amp; Slim S2\u2013S4<\/strong> \u2013 Klassisk mint f\u00f6r alla niv\u00e5er<\/p>\n<\/li>\n<li data-start=\"2219\" data-end=\"2278\">\n<p data-start=\"2221\" data-end=\"2278\"><strong data-start=\"2221\" data-end=\"2252\">ZYN Black Cherry Mini S2\/S4<\/strong> \u2013 K\u00f6rsb\u00e4r i mini-format<\/p>\n<\/li>\n<li data-start=\"2279\" data-end=\"2350\">\n<p data-start=\"2281\" data-end=\"2350\"><strong data-start=\"2281\" data-end=\"2316\">ZYN Blackcurrant Ice Slim S4\/S5<\/strong> \u2013 B\u00e4r &amp; mentol med extra styrka<\/p>\n<\/li>\n<li data-start=\"2351\" data-end=\"2402\">\n<p data-start=\"2353\" data-end=\"2402\"><strong data-start=\"2353\" data-end=\"2378\">ZYN Coffee Mini S2\/S4<\/strong> \u2013 Aromatisk kaffesmak<\/p>\n<\/li>\n<li data-start=\"2403\" data-end=\"2462\">\n<p data-start=\"2405\" data-end=\"2462\"><strong data-start=\"2405\" data-end=\"2433\">ZYN Lemon Spritz Slim S2<\/strong> \u2013 Citron med bubblig twist<\/p>\n<\/li>\n<li data-start=\"2463\" data-end=\"2530\">\n<p data-start=\"2465\" data-end=\"2530\"><strong data-start=\"2465\" data-end=\"2495\">ZYN Menthol Ice Slim S4\u2013S6<\/strong> \u2013 Kylande k\u00e4nsla i flera styrkor<\/p>\n<\/li>\n<li data-start=\"2531\" data-end=\"2611\">\n<p data-start=\"2533\" data-end=\"2611\"><strong data-start=\"2533\" data-end=\"2575\">ZYN Red Fruits, Peach, Violet Licorice<\/strong> \u2013 Fruktiga smaker i slim och mini<\/p>\n<\/li>\n<li data-start=\"2612\" data-end=\"2693\">\n<p data-start=\"2614\" data-end=\"2693\"><strong data-start=\"2614\" data-end=\"2655\">ZYN Spearmint Mini S1\/S2 &amp; Slim S2\/S3<\/strong> \u2013 Klassisk spearmint i olika niv\u00e5er<\/p>\n<\/li>\n<\/ul>\n<hr data-start=\"2695\" data-end=\"2698\" \/>\n<p data-start=\"2700\" data-end=\"2834\">\ud83d\uded2 Best\u00e4ll <strong data-start=\"2711\" data-end=\"2733\">ZYN Citrus Mini S2<\/strong> idag p\u00e5 <a class=\"\" href=\"https:\/\/snus-malmo.se\/sv\/zyn\/\" target=\"_new\" rel=\"noopener\" data-start=\"2742\" data-end=\"2780\">Veloop.se\/zyn<\/a> \u2013 tobaksfritt, smidigt och alltid med snabb leverans.<\/p>","protected":false},"excerpt":{"rendered":"<h1><strong data-start=\"2228\" data-end=\"2263\">ZYN Citrus Mini S2<\/strong><\/h1>\n<h2 data-start=\"518\" data-end=\"578\"><strong data-start=\"521\" data-end=\"578\">ZYN Citrus Mini S2 \u2013 Fr\u00e4sch citrus i mild nikotinp\u00e5se<\/strong><\/h2>\n<p><strong data-start=\"232\" data-end=\"254\">ZYN Citrus Mini S2<\/strong> \u00e4r en tobaksfri nikotinp\u00e5se med frisk smak av citron och citrusfrukt i ett diskret mini-format. Med l\u00e5g nikotinstyrka passar den perfekt f\u00f6r nyb\u00f6rjare eller dig som vill ha en mild, fr\u00e4sch nikotinupplevelse.<\/p>\n<p data-start=\"226\" data-end=\"461\">\ud83d\uded2 Handla hela utbudet av <strong data-start=\"2716\" data-end=\"2736\">ZYN nikotinp\u00e5sar<\/strong> direkt hos <a class=\"\" href=\"https:\/\/snus-malmo.se\/sv\/zyn\/\" target=\"_new\" rel=\"noopener\" data-start=\"2748\" data-end=\"2786\">Veloop.se\/zyn<\/a> \u2013 tobaksfritt, tryggt och snabbt levererat.<\/p>","protected":false},"featured_media":60861,"comment_status":"open","ping_status":"closed","template":"","meta":[],"product_brand":[345],"product_cat":[136,137,131],"product_tag":[],"class_list":{"0":"post-60855","1":"product","2":"type-product","3":"status-publish","4":"has-post-thumbnail","6":"product_brand-zyn","7":"product_cat-all-whites","8":"product_cat-slim","9":"product_cat-zyn","11":"first","12":"instock","13":"taxable","14":"shipping-taxable","15":"purchasable","16":"product-type-variable"},"_links":{"self":[{"href":"https:\/\/snus-malmo.se\/sv\/wp-json\/wp\/v2\/product\/60855","targetHints":{"allow":["GET"]}}],"collection":[{"href":"https:\/\/snus-malmo.se\/sv\/wp-json\/wp\/v2\/product"}],"about":[{"href":"https:\/\/snus-malmo.se\/sv\/wp-json\/wp\/v2\/types\/product"}],"replies":[{"embeddable":true,"href":"https:\/\/snus-malmo.se\/sv\/wp-json\/wp\/v2\/comments?post=60855"}],"version-history":[{"count":0,"href":"https:\/\/snus-malmo.se\/sv\/wp-json\/wp\/v2\/product\/60855\/revisions"}],"wp:featuredmedia":[{"embeddable":true,"href":"https:\/\/snus-malmo.se\/sv\/wp-json\/wp\/v2\/media\/60861"}],"wp:attachment":[{"href":"https:\/\/snus-malmo.se\/sv\/wp-json\/wp\/v2\/media?parent=60855"}],"wp:term":[{"taxonomy":"product_brand","embeddable":true,"href":"https:\/\/snus-malmo.se\/sv\/wp-json\/wp\/v2\/product_brand?post=60855"},{"taxonomy":"product_cat","embeddable":true,"href":"https:\/\/snus-malmo.se\/sv\/wp-json\/wp\/v2\/product_cat?post=60855"},{"taxonomy":"product_tag","embeddable":true,"href":"https:\/\/snus-malmo.se\/sv\/wp-json\/wp\/v2\/product_tag?post=60855"}],"curies":[{"name":"wp","href":"https:\/\/api.w.org\/{rel}","templated":true}]}}