{"id":60873,"date":"2025-06-08T20:58:52","date_gmt":"2025-06-08T20:58:52","guid":{"rendered":"https:\/\/snus-malmo.se\/?post_type=product&#038;p=60873"},"modified":"2025-10-02T09:35:45","modified_gmt":"2025-10-02T09:35:45","slug":"zyn-citrus-slim-s4","status":"publish","type":"product","link":"https:\/\/snus-malmo.se\/sv\/produkt\/zyn-citrus-slim-s4\/","title":{"rendered":"ZYN Citrus Slim S4"},"content":{"rendered":"<h1><strong data-start=\"1987\" data-end=\"2012\">ZYN Citrus Slim S4<\/strong><\/h1>\n<h2 data-start=\"515\" data-end=\"587\"><strong data-start=\"518\" data-end=\"587\">ZYN Citrus Slim S4 \u2013 Syrlig citruskick i extra starkt slim-format<\/strong><\/h2>\n<p data-start=\"589\" data-end=\"824\"><strong data-start=\"589\" data-end=\"611\">ZYN Citrus Slim S4<\/strong> \u00e4r den perfekta nikotinp\u00e5sen f\u00f6r dig som \u00e4lskar <strong data-start=\"660\" data-end=\"686\">frisk och fruktig smak<\/strong> men samtidigt vill ha <strong data-start=\"709\" data-end=\"725\">extra styrka<\/strong>. Den syrliga kombinationen av citron och citrusfrukt ger en uppfriskande k\u00e4nsla \u2013 helt utan tobak.<\/p>\n<p data-start=\"826\" data-end=\"1194\">Prillan \u00e4r <strong data-start=\"837\" data-end=\"847\">helvit<\/strong>, vilket inneb\u00e4r att den inte missf\u00e4rgar t\u00e4nderna, och kommer i ett <strong data-start=\"915\" data-end=\"933\">slimmat format<\/strong> som ligger bekv\u00e4mt och diskret under l\u00e4ppen. Den \u00e4r l\u00e4tt fuktad f\u00f6r en snabb och j\u00e4mn fris\u00e4ttning av b\u00e5de smak och nikotin. Med <strong data-start=\"1062\" data-end=\"1089\">styrka 4 (Extra Strong)<\/strong> f\u00e5r du ca <strong data-start=\"1100\" data-end=\"1127\">9 mg nikotin per prilla<\/strong>, vilket g\u00f6r den till ett kraftfullt alternativ f\u00f6r vana anv\u00e4ndare.<\/p>\n<p data-start=\"1196\" data-end=\"1332\">\u2705 Tobaksfri &amp; helvit<br data-start=\"1216\" data-end=\"1219\" \/>\u2705 Slim-format \u2013 smidig &amp; diskret<br data-start=\"1251\" data-end=\"1254\" \/>\u2705 Frisk smak av citron &amp; citrus<br data-start=\"1285\" data-end=\"1288\" \/>\u2705 Extra stark \u2013 ca 9 mg nikotin per prilla<\/p>\n<p data-start=\"1334\" data-end=\"1443\">\ud83d\udce6 K\u00f6p <strong data-start=\"1341\" data-end=\"1363\">ZYN Citrus Slim S4<\/strong> hos <a class=\"\" href=\"https:\/\/snus-malmo.se\/sv\/zyn\/\" target=\"_new\" rel=\"noopener\" data-start=\"1368\" data-end=\"1402\">Veloop.se<\/a> \u2013 alltid snabb frakt &amp; diskret leverans.<\/p>\n<hr data-start=\"1445\" data-end=\"1448\" \/>\n<h3 data-start=\"1450\" data-end=\"1477\"><strong data-start=\"1454\" data-end=\"1477\">Produktinformation:<\/strong><\/h3>\n<ul data-start=\"1479\" data-end=\"1765\">\n<li data-start=\"1479\" data-end=\"1523\">\n<p data-start=\"1481\" data-end=\"1523\"><strong data-start=\"1481\" data-end=\"1489\">Typ:<\/strong> Nikotinp\u00e5sar (tobaksfritt snus)<\/p>\n<\/li>\n<li data-start=\"1524\" data-end=\"1552\">\n<p data-start=\"1526\" data-end=\"1552\"><strong data-start=\"1526\" data-end=\"1535\">Smak:<\/strong> Citrus, Citron<\/p>\n<\/li>\n<li data-start=\"1553\" data-end=\"1573\">\n<p data-start=\"1555\" data-end=\"1573\"><strong data-start=\"1555\" data-end=\"1566\">Format:<\/strong> Slim<\/p>\n<\/li>\n<li data-start=\"1574\" data-end=\"1611\">\n<p data-start=\"1576\" data-end=\"1611\"><strong data-start=\"1576\" data-end=\"1587\">Styrka:<\/strong> Extra Strong (niv\u00e5 4)<\/p>\n<\/li>\n<li data-start=\"1612\" data-end=\"1662\">\n<p data-start=\"1614\" data-end=\"1662\"><strong data-start=\"1614\" data-end=\"1630\">Nikotinhalt:<\/strong> ca 1,5\u20131,7 % (ca 9 mg\/prilla)<\/p>\n<\/li>\n<li data-start=\"1663\" data-end=\"1699\">\n<p data-start=\"1665\" data-end=\"1699\"><strong data-start=\"1665\" data-end=\"1688\">Antal prillor\/dosa:<\/strong> ca 21 st<\/p>\n<\/li>\n<li data-start=\"1700\" data-end=\"1730\">\n<p data-start=\"1702\" data-end=\"1730\"><strong data-start=\"1702\" data-end=\"1721\">Nettovikt\/dosa:<\/strong> 14,7 g<\/p>\n<\/li>\n<li data-start=\"1731\" data-end=\"1765\">\n<p data-start=\"1733\" data-end=\"1765\"><strong data-start=\"1733\" data-end=\"1749\">Tillverkare:<\/strong> Swedish Match<\/p>\n<\/li>\n<\/ul>\n<hr data-start=\"1767\" data-end=\"1770\" \/>\n<h3 data-start=\"1772\" data-end=\"1825\">\ud83d\udecd <strong data-start=\"1779\" data-end=\"1825\">Fler popul\u00e4ra ZYN-produkter hos Veloop.se:<\/strong><\/h3>\n<p data-start=\"1827\" data-end=\"1941\">Hos <strong data-start=\"1831\" data-end=\"1844\">Veloop.se<\/strong> hittar du hela <strong data-start=\"1860\" data-end=\"1879\">ZYN-sortimentet<\/strong> \u2013 tobaksfria nikotinp\u00e5sar i flera smaker, styrkor och format:<\/p>\n<ul data-start=\"1943\" data-end=\"2580\">\n<li data-start=\"1943\" data-end=\"2009\">\n<p data-start=\"1945\" data-end=\"2009\"><strong data-start=\"1945\" data-end=\"1977\">ZYN Citrus Mini S2 \/ Slim S3<\/strong> \u2013 Samma smak i mildare styrka<\/p>\n<\/li>\n<li data-start=\"2010\" data-end=\"2085\">\n<p data-start=\"2012\" data-end=\"2085\"><strong data-start=\"2012\" data-end=\"2051\">ZYN Apple Mint Mini S4 \/ Slim S3\/S4<\/strong> \u2013 Sval \u00e4ppelmint i olika format<\/p>\n<\/li>\n<li data-start=\"2086\" data-end=\"2157\">\n<p data-start=\"2088\" data-end=\"2157\"><strong data-start=\"2088\" data-end=\"2123\">ZYN Cool Mint Mini &amp; Slim S2\u2013S4<\/strong> \u2013 Klassisk mint i flera styrkor<\/p>\n<\/li>\n<li data-start=\"2158\" data-end=\"2228\">\n<p data-start=\"2160\" data-end=\"2228\"><strong data-start=\"2160\" data-end=\"2195\">ZYN Blackcurrant Ice Slim S4\/S5<\/strong> \u2013 B\u00e4r och mentol i kylande mix<\/p>\n<\/li>\n<li data-start=\"2229\" data-end=\"2299\">\n<p data-start=\"2231\" data-end=\"2299\"><strong data-start=\"2231\" data-end=\"2262\">ZYN Black Cherry Mini S2\/S4<\/strong> \u2013 S\u00f6t k\u00f6rsb\u00e4rssmak i olika styrkor<\/p>\n<\/li>\n<li data-start=\"2300\" data-end=\"2381\">\n<p data-start=\"2302\" data-end=\"2381\"><strong data-start=\"2302\" data-end=\"2349\">ZYN Coffee, Peach, Red Fruits, Lemon Spritz<\/strong> \u2013 Sp\u00e4nnande smakkombinationer<\/p>\n<\/li>\n<li data-start=\"2382\" data-end=\"2439\">\n<p data-start=\"2384\" data-end=\"2439\"><strong data-start=\"2384\" data-end=\"2414\">ZYN Menthol Ice Slim S4\u2013S6<\/strong> \u2013 Kraftfull mintk\u00e4nsla<\/p>\n<\/li>\n<li data-start=\"2440\" data-end=\"2506\">\n<p data-start=\"2442\" data-end=\"2506\"><strong data-start=\"2442\" data-end=\"2471\">ZYN Spearmint Mini &amp; Slim<\/strong> \u2013 Mjuk spearmint f\u00f6r alla niv\u00e5er<\/p>\n<\/li>\n<li data-start=\"2507\" data-end=\"2580\">\n<p data-start=\"2509\" data-end=\"2580\"><strong data-start=\"2509\" data-end=\"2547\">ZYN Cool Frost Strong\/Extra Strong<\/strong> \u2013 Isande mint med rej\u00e4l effekt<\/p>\n<\/li>\n<\/ul>\n<hr data-start=\"2582\" data-end=\"2585\" \/>\n<p data-start=\"2587\" data-end=\"2744\">\ud83d\uded2 Handla <strong data-start=\"2597\" data-end=\"2619\">ZYN Citrus Slim S4<\/strong> och fler nikotinp\u00e5sar online p\u00e5 <a class=\"\" href=\"https:\/\/snus-malmo.se\/sv\/zyn\/\" target=\"_new\" rel=\"noopener\" data-start=\"2652\" data-end=\"2690\">Veloop.se\/zyn<\/a> \u2013 alltid tobaksfritt, smidigt och med snabb leverans.<\/p>","protected":false},"excerpt":{"rendered":"<h1><strong data-start=\"1987\" data-end=\"2012\">ZYN Citrus Slim S4<\/strong><\/h1>\n<h2 data-start=\"515\" data-end=\"587\"><strong data-start=\"518\" data-end=\"587\">ZYN Citrus Slim S4 \u2013 Syrlig citruskick i extra starkt slim-format<\/strong><\/h2>\n<p><strong data-start=\"227\" data-end=\"249\">ZYN Citrus Slim S4<\/strong> \u00e4r en tobaksfri nikotinp\u00e5se i slim-format med en fr\u00e4sch och syrlig smak av citron och citrus. Med extra h\u00f6g nikotinstyrka (niv\u00e5 4) passar den dig som s\u00f6ker en kraftfull nikotinupplevelse med uppfriskande smak.<\/p>\n<p data-start=\"226\" data-end=\"461\">\ud83d\uded2 Handla hela utbudet av <strong data-start=\"2716\" data-end=\"2736\">ZYN nikotinp\u00e5sar<\/strong> direkt hos <a class=\"\" href=\"https:\/\/snus-malmo.se\/sv\/zyn\/\" target=\"_new\" rel=\"noopener\" data-start=\"2748\" data-end=\"2786\">Veloop.se\/zyn<\/a> \u2013 tobaksfritt, tryggt och snabbt levererat.<\/p>","protected":false},"featured_media":60878,"comment_status":"open","ping_status":"closed","template":"","meta":[],"product_brand":[345],"product_cat":[136,137,131],"product_tag":[],"class_list":{"0":"post-60873","1":"product","2":"type-product","3":"status-publish","4":"has-post-thumbnail","6":"product_brand-zyn","7":"product_cat-all-whites","8":"product_cat-slim","9":"product_cat-zyn","11":"first","12":"instock","13":"taxable","14":"shipping-taxable","15":"purchasable","16":"product-type-variable"},"_links":{"self":[{"href":"https:\/\/snus-malmo.se\/sv\/wp-json\/wp\/v2\/product\/60873","targetHints":{"allow":["GET"]}}],"collection":[{"href":"https:\/\/snus-malmo.se\/sv\/wp-json\/wp\/v2\/product"}],"about":[{"href":"https:\/\/snus-malmo.se\/sv\/wp-json\/wp\/v2\/types\/product"}],"replies":[{"embeddable":true,"href":"https:\/\/snus-malmo.se\/sv\/wp-json\/wp\/v2\/comments?post=60873"}],"version-history":[{"count":0,"href":"https:\/\/snus-malmo.se\/sv\/wp-json\/wp\/v2\/product\/60873\/revisions"}],"wp:featuredmedia":[{"embeddable":true,"href":"https:\/\/snus-malmo.se\/sv\/wp-json\/wp\/v2\/media\/60878"}],"wp:attachment":[{"href":"https:\/\/snus-malmo.se\/sv\/wp-json\/wp\/v2\/media?parent=60873"}],"wp:term":[{"taxonomy":"product_brand","embeddable":true,"href":"https:\/\/snus-malmo.se\/sv\/wp-json\/wp\/v2\/product_brand?post=60873"},{"taxonomy":"product_cat","embeddable":true,"href":"https:\/\/snus-malmo.se\/sv\/wp-json\/wp\/v2\/product_cat?post=60873"},{"taxonomy":"product_tag","embeddable":true,"href":"https:\/\/snus-malmo.se\/sv\/wp-json\/wp\/v2\/product_tag?post=60873"}],"curies":[{"name":"wp","href":"https:\/\/api.w.org\/{rel}","templated":true}]}}