{"id":60882,"date":"2025-06-08T21:13:35","date_gmt":"2025-06-08T21:13:35","guid":{"rendered":"https:\/\/snus-malmo.se\/?post_type=product&#038;p=60882"},"modified":"2025-10-02T09:35:42","modified_gmt":"2025-10-02T09:35:42","slug":"zyn-cool-mint-mini-s2","status":"publish","type":"product","link":"https:\/\/snus-malmo.se\/sv\/produkt\/zyn-cool-mint-mini-s2\/","title":{"rendered":"ZYN Cool Mint Mini S2"},"content":{"rendered":"<h1 data-pm-slice=\"1 1 []\">ZYN Cool Mint Mini S2<\/h1>\n<h2 data-start=\"539\" data-end=\"602\"><strong data-start=\"542\" data-end=\"602\">ZYN Cool Mint Mini S2 \u2013 Frisk mint i diskret mini-format<\/strong><\/h2>\n<p data-start=\"604\" data-end=\"856\"><strong data-start=\"604\" data-end=\"629\">ZYN Cool Mint Mini S2<\/strong> erbjuder en sval och uppfriskande smak av <strong data-start=\"672\" data-end=\"689\">klassisk mint<\/strong> i ett <strong data-start=\"696\" data-end=\"719\">kompakt mini-format<\/strong>. Denna tobaksfria nikotinp\u00e5se \u00e4r utformad f\u00f6r dig som s\u00f6ker en l\u00e4tt, fr\u00e4sch och diskret nikotinupplevelse utan att kompromissa med smak.<\/p>\n<p data-start=\"858\" data-end=\"1187\">Med en <strong data-start=\"865\" data-end=\"882\">helvit prilla<\/strong> som \u00e4r torr p\u00e5 ytan och med kontrollerad fukt inuti, f\u00e5r du en <strong data-start=\"946\" data-end=\"963\">l\u00e5g rinnighet<\/strong> och en <strong data-start=\"971\" data-end=\"991\">j\u00e4mn fris\u00e4ttning<\/strong> av smak och nikotin. Tack vare <strong data-start=\"1023\" data-end=\"1041\">styrka 2 (Low)<\/strong> inneh\u00e5ller varje portion ca <strong data-start=\"1070\" data-end=\"1086\">3 mg nikotin<\/strong>, vilket g\u00f6r produkten idealisk f\u00f6r nyb\u00f6rjare eller dig som vill trappa ner fr\u00e5n starkare alternativ.<\/p>\n<p data-start=\"1189\" data-end=\"1325\">\u2705 Tobaksfri &amp; helvit<br data-start=\"1209\" data-end=\"1212\" \/>\u2705 Mini-format \u2013 perfekt f\u00f6r diskret anv\u00e4ndning<br data-start=\"1258\" data-end=\"1261\" \/>\u2705 Kylande mintsmak<br data-start=\"1279\" data-end=\"1282\" \/>\u2705 L\u00e5g styrka \u2013 ca 3 mg nikotin per prilla<\/p>\n<p data-start=\"1327\" data-end=\"1444\">\ud83d\udce6 K\u00f6p <strong data-start=\"1334\" data-end=\"1359\">ZYN Cool Mint Mini S2<\/strong> p\u00e5 <a class=\"\" href=\"https:\/\/snus-malmo.se\/sv\/zyn\/\" target=\"_new\" rel=\"noopener\" data-start=\"1363\" data-end=\"1397\">Veloop.se<\/a> \u2013 snabb leverans och diskret frakt varje g\u00e5ng.<\/p>\n<hr data-start=\"1446\" data-end=\"1449\" \/>\n<h3 data-start=\"1451\" data-end=\"1478\"><strong data-start=\"1455\" data-end=\"1478\">Produktinformation:<\/strong><\/h3>\n<ul data-start=\"1480\" data-end=\"1749\">\n<li data-start=\"1480\" data-end=\"1524\">\n<p data-start=\"1482\" data-end=\"1524\"><strong data-start=\"1482\" data-end=\"1490\">Typ:<\/strong> Nikotinp\u00e5sar (tobaksfritt snus)<\/p>\n<\/li>\n<li data-start=\"1525\" data-end=\"1543\">\n<p data-start=\"1527\" data-end=\"1543\"><strong data-start=\"1527\" data-end=\"1536\">Smak:<\/strong> Mint<\/p>\n<\/li>\n<li data-start=\"1544\" data-end=\"1564\">\n<p data-start=\"1546\" data-end=\"1564\"><strong data-start=\"1546\" data-end=\"1557\">Format:<\/strong> Mini<\/p>\n<\/li>\n<li data-start=\"1565\" data-end=\"1593\">\n<p data-start=\"1567\" data-end=\"1593\"><strong data-start=\"1567\" data-end=\"1578\">Styrka:<\/strong> Low (niv\u00e5 2)<\/p>\n<\/li>\n<li data-start=\"1594\" data-end=\"1644\">\n<p data-start=\"1596\" data-end=\"1644\"><strong data-start=\"1596\" data-end=\"1612\">Nikotinhalt:<\/strong> ca 1,0\u20131,2 % (ca 3 mg\/prilla)<\/p>\n<\/li>\n<li data-start=\"1645\" data-end=\"1681\">\n<p data-start=\"1647\" data-end=\"1681\"><strong data-start=\"1647\" data-end=\"1670\">Antal prillor\/dosa:<\/strong> ca 20 st<\/p>\n<\/li>\n<li data-start=\"1682\" data-end=\"1714\">\n<p data-start=\"1684\" data-end=\"1714\"><strong data-start=\"1684\" data-end=\"1703\">Nettovikt\/dosa:<\/strong> ca 7,5 g<\/p>\n<\/li>\n<li data-start=\"1715\" data-end=\"1749\">\n<p data-start=\"1717\" data-end=\"1749\"><strong data-start=\"1717\" data-end=\"1733\">Tillverkare:<\/strong> Swedish Match<\/p>\n<\/li>\n<\/ul>\n<hr data-start=\"1751\" data-end=\"1754\" \/>\n<h3 data-start=\"1756\" data-end=\"1806\">\ud83d\udecd <strong data-start=\"1763\" data-end=\"1806\">Utforska fler ZYN-smaker hos Veloop.se:<\/strong><\/h3>\n<p data-start=\"1808\" data-end=\"1903\">P\u00e5 <strong data-start=\"1811\" data-end=\"1824\">Veloop.se<\/strong> hittar du hela det tobaksfria sortimentet fr\u00e5n ZYN i flera format och styrkor:<\/p>\n<ul data-start=\"1905\" data-end=\"2596\">\n<li data-start=\"1905\" data-end=\"1994\">\n<p data-start=\"1907\" data-end=\"1994\"><strong data-start=\"1907\" data-end=\"1945\">ZYN Cool Mint Mini S4 \/ Slim S2\u2013S4<\/strong> \u2013 Samma smak i starkare eller st\u00f6rre varianter<\/p>\n<\/li>\n<li data-start=\"1995\" data-end=\"2069\">\n<p data-start=\"1997\" data-end=\"2069\"><strong data-start=\"1997\" data-end=\"2032\">ZYN Citrus Mini S2 \/ Slim S3\u2013S4<\/strong> \u2013 Frisk citrussmak i olika styrkor<\/p>\n<\/li>\n<li data-start=\"2070\" data-end=\"2157\">\n<p data-start=\"2072\" data-end=\"2157\"><strong data-start=\"2072\" data-end=\"2111\">ZYN Apple Mint Mini S4 \/ Slim S3\/S4<\/strong> \u2013 \u00c4pple och mint i uppfriskande kombination<\/p>\n<\/li>\n<li data-start=\"2158\" data-end=\"2222\">\n<p data-start=\"2160\" data-end=\"2222\"><strong data-start=\"2160\" data-end=\"2191\">ZYN Black Cherry Mini S2\/S4<\/strong> \u2013 K\u00f6rsb\u00e4rssmak i mini-format<\/p>\n<\/li>\n<li data-start=\"2223\" data-end=\"2298\">\n<p data-start=\"2225\" data-end=\"2298\"><strong data-start=\"2225\" data-end=\"2260\">ZYN Blackcurrant Ice Slim S4\/S5<\/strong> \u2013 B\u00e4r och mentol med kylande effekt<\/p>\n<\/li>\n<li data-start=\"2299\" data-end=\"2363\">\n<p data-start=\"2301\" data-end=\"2363\"><strong data-start=\"2301\" data-end=\"2326\">ZYN Coffee Mini S2\/S4<\/strong> \u2013 Kaffesmak i liten diskret prilla<\/p>\n<\/li>\n<li data-start=\"2364\" data-end=\"2425\">\n<p data-start=\"2366\" data-end=\"2425\"><strong data-start=\"2366\" data-end=\"2396\">ZYN Menthol Ice Slim S4\u2013S6<\/strong> \u2013 Kraftfull kylande mentol<\/p>\n<\/li>\n<li data-start=\"2426\" data-end=\"2517\">\n<p data-start=\"2428\" data-end=\"2517\"><strong data-start=\"2428\" data-end=\"2482\">ZYN Lemon Spritz, Peach, Red Fruits, Cucumber Lime<\/strong> \u2013 Fruktiga och innovativa smaker<\/p>\n<\/li>\n<li data-start=\"2518\" data-end=\"2596\">\n<p data-start=\"2520\" data-end=\"2596\"><strong data-start=\"2520\" data-end=\"2561\">ZYN Spearmint Mini S1\/S2 &amp; Slim S2\/S3<\/strong> \u2013 Mjuk spearmint f\u00f6r alla niv\u00e5er<\/p>\n<\/li>\n<\/ul>\n<hr data-start=\"2598\" data-end=\"2601\" \/>\n<p data-start=\"2603\" data-end=\"2739\">\ud83d\uded2 Best\u00e4ll <strong data-start=\"2614\" data-end=\"2639\">ZYN Cool Mint Mini S2<\/strong> idag p\u00e5 <a class=\"\" href=\"https:\/\/snus-malmo.se\/sv\/zyn\/\" target=\"_new\" rel=\"noopener\" data-start=\"2648\" data-end=\"2686\">Veloop.se\/zyn<\/a> \u2013 tobaksfritt, enkelt och alltid med snabb leverans.<\/p>","protected":false},"excerpt":{"rendered":"<h1 data-pm-slice=\"1 1 []\">ZYN Cool Mint Mini S2<\/h1>\n<h2 data-start=\"539\" data-end=\"602\"><strong data-start=\"542\" data-end=\"602\">ZYN Cool Mint Mini S2 \u2013 Frisk mint i diskret mini-format<\/strong><\/h2>\n<p><strong data-start=\"246\" data-end=\"271\">ZYN Cool Mint Mini S2<\/strong> \u00e4r en tobaksfri nikotinp\u00e5se med en frisk och kylande mintsmak i ett smidigt mini-format. Med l\u00e5g nikotinstyrka (niv\u00e5 2) \u00e4r den ett utm\u00e4rkt val f\u00f6r nyb\u00f6rjare eller dig som vill ha en mildare nikotinupplevelse.<\/p>\n<p data-start=\"226\" data-end=\"461\">\ud83d\uded2 Handla hela utbudet av <strong data-start=\"2716\" data-end=\"2736\">ZYN nikotinp\u00e5sar<\/strong> direkt hos <a class=\"\" href=\"https:\/\/snus-malmo.se\/sv\/zyn\/\" target=\"_new\" rel=\"noopener\" data-start=\"2748\" data-end=\"2786\">Veloop.se\/zyn<\/a> \u2013 tobaksfritt, tryggt och snabbt levererat.<\/p>","protected":false},"featured_media":60888,"comment_status":"open","ping_status":"closed","template":"","meta":[],"product_brand":[345],"product_cat":[136,137,131],"product_tag":[],"class_list":{"0":"post-60882","1":"product","2":"type-product","3":"status-publish","4":"has-post-thumbnail","6":"product_brand-zyn","7":"product_cat-all-whites","8":"product_cat-slim","9":"product_cat-zyn","11":"first","12":"instock","13":"taxable","14":"shipping-taxable","15":"purchasable","16":"product-type-variable"},"_links":{"self":[{"href":"https:\/\/snus-malmo.se\/sv\/wp-json\/wp\/v2\/product\/60882","targetHints":{"allow":["GET"]}}],"collection":[{"href":"https:\/\/snus-malmo.se\/sv\/wp-json\/wp\/v2\/product"}],"about":[{"href":"https:\/\/snus-malmo.se\/sv\/wp-json\/wp\/v2\/types\/product"}],"replies":[{"embeddable":true,"href":"https:\/\/snus-malmo.se\/sv\/wp-json\/wp\/v2\/comments?post=60882"}],"version-history":[{"count":0,"href":"https:\/\/snus-malmo.se\/sv\/wp-json\/wp\/v2\/product\/60882\/revisions"}],"wp:featuredmedia":[{"embeddable":true,"href":"https:\/\/snus-malmo.se\/sv\/wp-json\/wp\/v2\/media\/60888"}],"wp:attachment":[{"href":"https:\/\/snus-malmo.se\/sv\/wp-json\/wp\/v2\/media?parent=60882"}],"wp:term":[{"taxonomy":"product_brand","embeddable":true,"href":"https:\/\/snus-malmo.se\/sv\/wp-json\/wp\/v2\/product_brand?post=60882"},{"taxonomy":"product_cat","embeddable":true,"href":"https:\/\/snus-malmo.se\/sv\/wp-json\/wp\/v2\/product_cat?post=60882"},{"taxonomy":"product_tag","embeddable":true,"href":"https:\/\/snus-malmo.se\/sv\/wp-json\/wp\/v2\/product_tag?post=60882"}],"curies":[{"name":"wp","href":"https:\/\/api.w.org\/{rel}","templated":true}]}}