{"id":60900,"date":"2025-06-08T21:23:08","date_gmt":"2025-06-08T21:23:08","guid":{"rendered":"https:\/\/snus-malmo.se\/?post_type=product&#038;p=60900"},"modified":"2025-10-02T09:35:30","modified_gmt":"2025-10-02T09:35:30","slug":"zyn-cool-mint-slim-s2","status":"publish","type":"product","link":"https:\/\/snus-malmo.se\/sv\/produkt\/zyn-cool-mint-slim-s2\/","title":{"rendered":"ZYN Cool Mint Slim S2"},"content":{"rendered":"<h1 data-pm-slice=\"1 1 []\">ZYN Cool Mint Slim S2<\/h1>\n<h2 data-start=\"530\" data-end=\"592\"><strong data-start=\"533\" data-end=\"592\">ZYN Cool Mint Slim S2 \u2013 Mild mint i diskret slim-format<\/strong><\/h2>\n<p data-start=\"594\" data-end=\"842\"><strong data-start=\"594\" data-end=\"619\">ZYN Cool Mint Slim S2<\/strong> \u00e4r det perfekta alternativet f\u00f6r dig som s\u00f6ker en <strong data-start=\"670\" data-end=\"707\">mild men uppfriskande nikotinp\u00e5se<\/strong>. Den klassiska smaken av mint kombineras med en sval mentolk\u00e4nsla och levereras i ett <strong data-start=\"794\" data-end=\"824\">slimmat och bekv\u00e4mt format<\/strong>, helt utan tobak.<\/p>\n<p data-start=\"844\" data-end=\"1137\">Den helvita prillan \u00e4r <strong data-start=\"867\" data-end=\"882\">l\u00e4tt fuktad<\/strong>, vilket ger en <strong data-start=\"898\" data-end=\"918\">j\u00e4mn fris\u00e4ttning<\/strong> av b\u00e5de smak och nikotin, samtidigt som den h\u00e5ller l\u00e5g rinnighet. Tack vare sin <strong data-start=\"999\" data-end=\"1023\">l\u00e5ga styrka (niv\u00e5 2)<\/strong> passar den bra f\u00f6r dig som \u00e4r ny anv\u00e4ndare eller vill ha en l\u00e4ttare nikotinkick \u2013 ca <strong data-start=\"1109\" data-end=\"1136\">3 mg nikotin per prilla<\/strong>.<\/p>\n<p data-start=\"1139\" data-end=\"1288\">\u2705 Tobaksfri &amp; helvit<br data-start=\"1159\" data-end=\"1162\" \/>\u2705 Slim-format \u2013 diskret och bekv\u00e4mt<br data-start=\"1197\" data-end=\"1200\" \/>\u2705 Klassisk smak av mint med kylande effekt<br data-start=\"1242\" data-end=\"1245\" \/>\u2705 L\u00e5g styrka \u2013 ca 3 mg nikotin per prilla<\/p>\n<p data-start=\"1290\" data-end=\"1404\">\ud83d\udce6 K\u00f6p <strong data-start=\"1297\" data-end=\"1322\">ZYN Cool Mint Slim S2<\/strong> hos <a class=\"\" href=\"https:\/\/snus-malmo.se\/sv\/zyn\/\" target=\"_new\" rel=\"noopener\" data-start=\"1327\" data-end=\"1361\">Veloop.se<\/a> \u2013 alltid snabb leverans och diskret frakt.<\/p>\n<hr data-start=\"1406\" data-end=\"1409\" \/>\n<h3 data-start=\"1411\" data-end=\"1438\"><strong data-start=\"1415\" data-end=\"1438\">Produktinformation:<\/strong><\/h3>\n<ul data-start=\"1440\" data-end=\"1707\">\n<li data-start=\"1440\" data-end=\"1484\">\n<p data-start=\"1442\" data-end=\"1484\"><strong data-start=\"1442\" data-end=\"1450\">Typ:<\/strong> Nikotinp\u00e5sar (tobaksfritt snus)<\/p>\n<\/li>\n<li data-start=\"1485\" data-end=\"1503\">\n<p data-start=\"1487\" data-end=\"1503\"><strong data-start=\"1487\" data-end=\"1496\">Smak:<\/strong> Mint<\/p>\n<\/li>\n<li data-start=\"1504\" data-end=\"1524\">\n<p data-start=\"1506\" data-end=\"1524\"><strong data-start=\"1506\" data-end=\"1517\">Format:<\/strong> Slim<\/p>\n<\/li>\n<li data-start=\"1525\" data-end=\"1553\">\n<p data-start=\"1527\" data-end=\"1553\"><strong data-start=\"1527\" data-end=\"1538\">Styrka:<\/strong> Low (niv\u00e5 2)<\/p>\n<\/li>\n<li data-start=\"1554\" data-end=\"1604\">\n<p data-start=\"1556\" data-end=\"1604\"><strong data-start=\"1556\" data-end=\"1572\">Nikotinhalt:<\/strong> ca 1,0\u20131,2 % (ca 3 mg\/prilla)<\/p>\n<\/li>\n<li data-start=\"1605\" data-end=\"1641\">\n<p data-start=\"1607\" data-end=\"1641\"><strong data-start=\"1607\" data-end=\"1630\">Antal prillor\/dosa:<\/strong> ca 21 st<\/p>\n<\/li>\n<li data-start=\"1642\" data-end=\"1672\">\n<p data-start=\"1644\" data-end=\"1672\"><strong data-start=\"1644\" data-end=\"1663\">Nettovikt\/dosa:<\/strong> 14,7 g<\/p>\n<\/li>\n<li data-start=\"1673\" data-end=\"1707\">\n<p data-start=\"1675\" data-end=\"1707\"><strong data-start=\"1675\" data-end=\"1691\">Tillverkare:<\/strong> Swedish Match<\/p>\n<\/li>\n<\/ul>\n<hr data-start=\"1709\" data-end=\"1712\" \/>\n<h3 data-start=\"1714\" data-end=\"1758\">\ud83d\udecd <strong data-start=\"1721\" data-end=\"1758\">Fler ZYN-produkter hos Veloop.se:<\/strong><\/h3>\n<p data-start=\"1760\" data-end=\"1880\">P\u00e5 <strong data-start=\"1763\" data-end=\"1776\">Veloop.se<\/strong> hittar du ett brett sortiment av tobaksfria nikotinp\u00e5sar fr\u00e5n ZYN \u2013 i flera smaker, styrkor och format:<\/p>\n<ul data-start=\"1882\" data-end=\"2547\">\n<li data-start=\"1882\" data-end=\"1945\">\n<p data-start=\"1884\" data-end=\"1945\"><strong data-start=\"1884\" data-end=\"1912\">ZYN Cool Mint Slim S3\/S4<\/strong> \u2013 Samma smak med h\u00f6gre styrkor<\/p>\n<\/li>\n<li data-start=\"1946\" data-end=\"2009\">\n<p data-start=\"1948\" data-end=\"2009\"><strong data-start=\"1948\" data-end=\"1976\">ZYN Cool Mint Mini S2\/S4<\/strong> \u2013 Diskret mini-format med mint<\/p>\n<\/li>\n<li data-start=\"2010\" data-end=\"2089\">\n<p data-start=\"2012\" data-end=\"2089\"><strong data-start=\"2012\" data-end=\"2051\">ZYN Apple Mint Mini S4 \/ Slim S3\/S4<\/strong> \u2013 Frisk \u00e4ppelmint i olika varianter<\/p>\n<\/li>\n<li data-start=\"2090\" data-end=\"2165\">\n<p data-start=\"2092\" data-end=\"2165\"><strong data-start=\"2092\" data-end=\"2127\">ZYN Citrus Mini S2 \/ Slim S3\/S4<\/strong> \u2013 Fr\u00e4sch citrussmak i flera styrkor<\/p>\n<\/li>\n<li data-start=\"2166\" data-end=\"2223\">\n<p data-start=\"2168\" data-end=\"2223\"><strong data-start=\"2168\" data-end=\"2199\">ZYN Black Cherry Mini S2\/S4<\/strong> \u2013 K\u00f6rsb\u00e4rssmak i mini<\/p>\n<\/li>\n<li data-start=\"2224\" data-end=\"2297\">\n<p data-start=\"2226\" data-end=\"2297\"><strong data-start=\"2226\" data-end=\"2261\">ZYN Blackcurrant Ice Slim S4\/S5<\/strong> \u2013 B\u00e4r &amp; mentol med kylande effekt<\/p>\n<\/li>\n<li data-start=\"2298\" data-end=\"2367\">\n<p data-start=\"2300\" data-end=\"2367\"><strong data-start=\"2300\" data-end=\"2330\">ZYN Menthol Ice Slim S4\u2013S6<\/strong> \u2013 Kraftfull mentol i olika styrkor<\/p>\n<\/li>\n<li data-start=\"2368\" data-end=\"2461\">\n<p data-start=\"2370\" data-end=\"2461\"><strong data-start=\"2370\" data-end=\"2426\">ZYN Red Fruits, Violet Licorice, Lemon Spritz, Peach<\/strong> \u2013 Fruktiga och innovativa smaker<\/p>\n<\/li>\n<li data-start=\"2462\" data-end=\"2547\">\n<p data-start=\"2464\" data-end=\"2547\"><strong data-start=\"2464\" data-end=\"2499\">ZYN Spearmint Mini &amp; Slim S1\u2013S3<\/strong> \u2013 Mjukare mint f\u00f6r dig som f\u00f6redrar spearmint<\/p>\n<\/li>\n<\/ul>\n<hr data-start=\"2549\" data-end=\"2552\" \/>\n<p data-start=\"2554\" data-end=\"2706\">\ud83d\uded2 Handla <strong data-start=\"2564\" data-end=\"2589\">ZYN Cool Mint Slim S2<\/strong> och fler ZYN-produkter hos <a class=\"\" href=\"https:\/\/snus-malmo.se\/sv\/zyn\/\" target=\"_new\" rel=\"noopener\" data-start=\"2617\" data-end=\"2655\">Veloop.se\/zyn<\/a> \u2013 tobaksfritt, smidigt och alltid med snabb frakt.<\/p>","protected":false},"excerpt":{"rendered":"<h1 data-pm-slice=\"1 1 []\">ZYN Cool Mint Slim S2<\/h1>\n<h2 data-start=\"530\" data-end=\"592\"><strong data-start=\"533\" data-end=\"592\">ZYN Cool Mint Slim S2 \u2013 Mild mint i diskret slim-format<\/strong><\/h2>\n<p><strong data-start=\"249\" data-end=\"274\">ZYN Cool Mint Slim S2<\/strong> \u00e4r en tobaksfri nikotinp\u00e5se med en klassisk och kylande mintsmak i ett slimmat format. Med l\u00e5g styrka (niv\u00e5 2) \u00e4r den perfekt f\u00f6r dig som vill ha en mild och fr\u00e4sch nikotinupplevelse \u2013 utan tobak.<\/p>\n<p data-start=\"226\" data-end=\"461\">\ud83d\uded2 Handla hela utbudet av <strong data-start=\"2716\" data-end=\"2736\">ZYN nikotinp\u00e5sar<\/strong> direkt hos <a class=\"\" href=\"https:\/\/snus-malmo.se\/sv\/zyn\/\" target=\"_new\" rel=\"noopener\" data-start=\"2748\" data-end=\"2786\">Veloop.se\/zyn<\/a> \u2013 tobaksfritt, tryggt och snabbt levererat.<\/p>","protected":false},"featured_media":60906,"comment_status":"open","ping_status":"closed","template":"","meta":[],"product_brand":[345],"product_cat":[136,137,131],"product_tag":[],"class_list":{"0":"post-60900","1":"product","2":"type-product","3":"status-publish","4":"has-post-thumbnail","6":"product_brand-zyn","7":"product_cat-all-whites","8":"product_cat-slim","9":"product_cat-zyn","11":"first","12":"instock","13":"taxable","14":"shipping-taxable","15":"purchasable","16":"product-type-variable"},"_links":{"self":[{"href":"https:\/\/snus-malmo.se\/sv\/wp-json\/wp\/v2\/product\/60900","targetHints":{"allow":["GET"]}}],"collection":[{"href":"https:\/\/snus-malmo.se\/sv\/wp-json\/wp\/v2\/product"}],"about":[{"href":"https:\/\/snus-malmo.se\/sv\/wp-json\/wp\/v2\/types\/product"}],"replies":[{"embeddable":true,"href":"https:\/\/snus-malmo.se\/sv\/wp-json\/wp\/v2\/comments?post=60900"}],"version-history":[{"count":0,"href":"https:\/\/snus-malmo.se\/sv\/wp-json\/wp\/v2\/product\/60900\/revisions"}],"wp:featuredmedia":[{"embeddable":true,"href":"https:\/\/snus-malmo.se\/sv\/wp-json\/wp\/v2\/media\/60906"}],"wp:attachment":[{"href":"https:\/\/snus-malmo.se\/sv\/wp-json\/wp\/v2\/media?parent=60900"}],"wp:term":[{"taxonomy":"product_brand","embeddable":true,"href":"https:\/\/snus-malmo.se\/sv\/wp-json\/wp\/v2\/product_brand?post=60900"},{"taxonomy":"product_cat","embeddable":true,"href":"https:\/\/snus-malmo.se\/sv\/wp-json\/wp\/v2\/product_cat?post=60900"},{"taxonomy":"product_tag","embeddable":true,"href":"https:\/\/snus-malmo.se\/sv\/wp-json\/wp\/v2\/product_tag?post=60900"}],"curies":[{"name":"wp","href":"https:\/\/api.w.org\/{rel}","templated":true}]}}