{"id":60918,"date":"2025-06-08T21:32:07","date_gmt":"2025-06-08T21:32:07","guid":{"rendered":"https:\/\/snus-malmo.se\/?post_type=product&#038;p=60918"},"modified":"2025-10-02T09:35:21","modified_gmt":"2025-10-02T09:35:21","slug":"zyn-red-fruits-slim-s2","status":"publish","type":"product","link":"https:\/\/snus-malmo.se\/sv\/produkt\/zyn-red-fruits-slim-s2\/","title":{"rendered":"ZYN Red Fruits Slim S2"},"content":{"rendered":"<h1 data-pm-slice=\"1 1 []\">ZYN Red Fruits Slim S2<\/h1>\n<h2 data-start=\"541\" data-end=\"606\"><strong data-start=\"544\" data-end=\"606\">ZYN Red Fruits Slim S2 \u2013 L\u00e4tt b\u00e4rsmak i smidig slim-prilla<\/strong><\/h2>\n<p data-start=\"608\" data-end=\"850\">Letar du efter en <strong data-start=\"626\" data-end=\"669\">mild och smakrik nikotinp\u00e5se utan tobak<\/strong>? D\u00e5 \u00e4r <strong data-start=\"677\" data-end=\"703\">ZYN Red Fruits Slim S2<\/strong> ett utm\u00e4rkt val. Den levererar en fr\u00e4sch och naturlig smak av <strong data-start=\"766\" data-end=\"778\">r\u00f6da b\u00e4r<\/strong> \u2013 balanserad, l\u00e4tt s\u00f6tad och uppfriskande utan att vara \u00f6verv\u00e4ldigande.<\/p>\n<p data-start=\"852\" data-end=\"1117\">Prillan \u00e4r <strong data-start=\"863\" data-end=\"885\">helvit och slimmad<\/strong>, vilket g\u00f6r den <strong data-start=\"902\" data-end=\"926\">diskret under l\u00e4ppen<\/strong> och skonsam att anv\u00e4nda. Med <strong data-start=\"956\" data-end=\"974\">styrka 2 (Low)<\/strong> inneh\u00e5ller varje prilla cirka <strong data-start=\"1005\" data-end=\"1021\">3 mg nikotin<\/strong>, vilket g\u00f6r den idealisk f\u00f6r dig som \u00e4r ny anv\u00e4ndare eller f\u00f6redrar en <strong data-start=\"1093\" data-end=\"1116\">mjukare nikotinniv\u00e5<\/strong>.<\/p>\n<p data-start=\"1119\" data-end=\"1252\">\u2705 Tobaksfri &amp; helvit<br data-start=\"1139\" data-end=\"1142\" \/>\u2705 Slim-format \u2013 bekv\u00e4mt och diskret<br data-start=\"1177\" data-end=\"1180\" \/>\u2705 Fruktig smak av r\u00f6da b\u00e4r<br data-start=\"1206\" data-end=\"1209\" \/>\u2705 L\u00e5g styrka \u2013 ca 3 mg nikotin per prilla<\/p>\n<p data-start=\"1254\" data-end=\"1367\">\ud83d\udce6 K\u00f6p <strong data-start=\"1261\" data-end=\"1287\">ZYN Red Fruits Slim S2<\/strong> hos <a class=\"\" href=\"https:\/\/snus-malmo.se\/sv\/zyn\/\" target=\"_new\" rel=\"noopener\" data-start=\"1292\" data-end=\"1326\">Veloop.se<\/a> \u2013 alltid snabb frakt &amp; diskret leverans.<\/p>\n<hr data-start=\"1369\" data-end=\"1372\" \/>\n<h3 data-start=\"1374\" data-end=\"1401\"><strong data-start=\"1378\" data-end=\"1401\">Produktinformation:<\/strong><\/h3>\n<ul data-start=\"1403\" data-end=\"1674\">\n<li data-start=\"1403\" data-end=\"1447\">\n<p data-start=\"1405\" data-end=\"1447\"><strong data-start=\"1405\" data-end=\"1413\">Typ:<\/strong> Nikotinp\u00e5sar (tobaksfritt snus)<\/p>\n<\/li>\n<li data-start=\"1448\" data-end=\"1470\">\n<p data-start=\"1450\" data-end=\"1470\"><strong data-start=\"1450\" data-end=\"1459\">Smak:<\/strong> R\u00f6da b\u00e4r<\/p>\n<\/li>\n<li data-start=\"1471\" data-end=\"1491\">\n<p data-start=\"1473\" data-end=\"1491\"><strong data-start=\"1473\" data-end=\"1484\">Format:<\/strong> Slim<\/p>\n<\/li>\n<li data-start=\"1492\" data-end=\"1520\">\n<p data-start=\"1494\" data-end=\"1520\"><strong data-start=\"1494\" data-end=\"1505\">Styrka:<\/strong> Low (niv\u00e5 2)<\/p>\n<\/li>\n<li data-start=\"1521\" data-end=\"1571\">\n<p data-start=\"1523\" data-end=\"1571\"><strong data-start=\"1523\" data-end=\"1539\">Nikotinhalt:<\/strong> ca 1,0\u20131,2 % (ca 3 mg\/prilla)<\/p>\n<\/li>\n<li data-start=\"1572\" data-end=\"1608\">\n<p data-start=\"1574\" data-end=\"1608\"><strong data-start=\"1574\" data-end=\"1597\">Antal prillor\/dosa:<\/strong> ca 21 st<\/p>\n<\/li>\n<li data-start=\"1609\" data-end=\"1639\">\n<p data-start=\"1611\" data-end=\"1639\"><strong data-start=\"1611\" data-end=\"1630\">Nettovikt\/dosa:<\/strong> 14,7 g<\/p>\n<\/li>\n<li data-start=\"1640\" data-end=\"1674\">\n<p data-start=\"1642\" data-end=\"1674\"><strong data-start=\"1642\" data-end=\"1658\">Tillverkare:<\/strong> Swedish Match<\/p>\n<\/li>\n<\/ul>\n<hr data-start=\"1676\" data-end=\"1679\" \/>\n<h3 data-start=\"1681\" data-end=\"1729\">\ud83d\udecd <strong data-start=\"1688\" data-end=\"1729\">Uppt\u00e4ck fler ZYN-smaker p\u00e5 Veloop.se:<\/strong><\/h3>\n<p data-start=\"1731\" data-end=\"1821\">Hos <strong data-start=\"1735\" data-end=\"1748\">Veloop.se<\/strong> hittar du hela ZYN-serien \u2013 alltid tobaksfri, alltid med snabb leverans:<\/p>\n<ul data-start=\"1823\" data-end=\"2354\">\n<li data-start=\"1823\" data-end=\"1886\">\n<p data-start=\"1825\" data-end=\"1886\"><strong data-start=\"1825\" data-end=\"1851\">ZYN Red Fruits Slim S3<\/strong> \u2013 Samma b\u00e4rsmak med h\u00f6gre styrka<\/p>\n<\/li>\n<li data-start=\"1887\" data-end=\"1953\">\n<p data-start=\"1889\" data-end=\"1953\"><strong data-start=\"1889\" data-end=\"1918\">ZYN Apple Mint Slim S3\/S4<\/strong> \u2013 Frisk \u00e4ppelmint i olika niv\u00e5er<\/p>\n<\/li>\n<li data-start=\"1954\" data-end=\"2018\">\n<p data-start=\"1956\" data-end=\"2018\"><strong data-start=\"1956\" data-end=\"1984\">ZYN Cool Mint Slim S2\u2013S4<\/strong> \u2013 Klassisk mint i olika styrkor<\/p>\n<\/li>\n<li data-start=\"2019\" data-end=\"2078\">\n<p data-start=\"2021\" data-end=\"2078\"><strong data-start=\"2021\" data-end=\"2052\">ZYN Black Cherry Mini S2\/S4<\/strong> \u2013 K\u00f6rsb\u00e4r i mini-format<\/p>\n<\/li>\n<li data-start=\"2079\" data-end=\"2138\">\n<p data-start=\"2081\" data-end=\"2138\"><strong data-start=\"2081\" data-end=\"2106\">ZYN Citrus Slim S3\/S4<\/strong> \u2013 Citruskick i slimmat format<\/p>\n<\/li>\n<li data-start=\"2139\" data-end=\"2204\">\n<p data-start=\"2141\" data-end=\"2204\"><strong data-start=\"2141\" data-end=\"2166\">ZYN Menthol Ice S4\u2013S6<\/strong> \u2013 Kraftfull mint med kylande effekt<\/p>\n<\/li>\n<li data-start=\"2205\" data-end=\"2286\">\n<p data-start=\"2207\" data-end=\"2286\"><strong data-start=\"2207\" data-end=\"2249\">ZYN Peach, Lemon Spritz, Cucumber Lime<\/strong> \u2013 Fruktiga och uppfriskande smaker<\/p>\n<\/li>\n<li data-start=\"2287\" data-end=\"2354\">\n<p data-start=\"2289\" data-end=\"2354\"><strong data-start=\"2289\" data-end=\"2324\">ZYN Spearmint Slim &amp; Mini S1\u2013S3<\/strong> \u2013 Mild till medelstark mint<\/p>\n<\/li>\n<\/ul>\n<hr data-start=\"2356\" data-end=\"2359\" \/>\n<p data-start=\"2361\" data-end=\"2513\">\ud83d\uded2 Handla <strong data-start=\"2371\" data-end=\"2397\">ZYN Red Fruits Slim S2<\/strong> p\u00e5 <a class=\"\" href=\"https:\/\/snus-malmo.se\/sv\/zyn\/\" target=\"_new\" rel=\"noopener\" data-start=\"2401\" data-end=\"2439\">Veloop.se\/zyn<\/a> \u2013 tobaksfria nikotinp\u00e5sar med snabb leverans, alltid diskret och bekv\u00e4mt.<\/p>","protected":false},"excerpt":{"rendered":"<h1 data-pm-slice=\"1 1 []\">ZYN Red Fruits Slim S2<\/h1>\n<h2 data-start=\"541\" data-end=\"606\"><strong data-start=\"544\" data-end=\"606\">ZYN Red Fruits Slim S2 \u2013 L\u00e4tt b\u00e4rsmak i smidig slim-prilla<\/strong><\/h2>\n<p><strong data-start=\"224\" data-end=\"250\">ZYN Red Fruits Slim S2<\/strong> \u00e4r en tobaksfri nikotinp\u00e5se med en mild och fruktig smakprofil av r\u00f6da b\u00e4r. Med l\u00e5g styrka (niv\u00e5 2) och ett diskret slim-format passar den perfekt f\u00f6r nyb\u00f6rjare eller dig som vill ha en l\u00e4ttare nikotinupplevelse \u2013 helt utan tobak<\/p>\n<p data-start=\"226\" data-end=\"461\">\ud83d\uded2 Handla hela utbudet av <strong data-start=\"2716\" data-end=\"2736\">ZYN nikotinp\u00e5sar<\/strong> direkt hos <a class=\"\" href=\"https:\/\/snus-malmo.se\/sv\/zyn\/\" target=\"_new\" rel=\"noopener\" data-start=\"2748\" data-end=\"2786\">Veloop.se\/zyn<\/a> \u2013 tobaksfritt, tryggt och snabbt levererat.<\/p>","protected":false},"featured_media":60923,"comment_status":"open","ping_status":"closed","template":"","meta":[],"product_brand":[345],"product_cat":[136,137,131],"product_tag":[],"class_list":{"0":"post-60918","1":"product","2":"type-product","3":"status-publish","4":"has-post-thumbnail","6":"product_brand-zyn","7":"product_cat-all-whites","8":"product_cat-slim","9":"product_cat-zyn","11":"first","12":"instock","13":"taxable","14":"shipping-taxable","15":"purchasable","16":"product-type-variable"},"_links":{"self":[{"href":"https:\/\/snus-malmo.se\/sv\/wp-json\/wp\/v2\/product\/60918","targetHints":{"allow":["GET"]}}],"collection":[{"href":"https:\/\/snus-malmo.se\/sv\/wp-json\/wp\/v2\/product"}],"about":[{"href":"https:\/\/snus-malmo.se\/sv\/wp-json\/wp\/v2\/types\/product"}],"replies":[{"embeddable":true,"href":"https:\/\/snus-malmo.se\/sv\/wp-json\/wp\/v2\/comments?post=60918"}],"version-history":[{"count":0,"href":"https:\/\/snus-malmo.se\/sv\/wp-json\/wp\/v2\/product\/60918\/revisions"}],"wp:featuredmedia":[{"embeddable":true,"href":"https:\/\/snus-malmo.se\/sv\/wp-json\/wp\/v2\/media\/60923"}],"wp:attachment":[{"href":"https:\/\/snus-malmo.se\/sv\/wp-json\/wp\/v2\/media?parent=60918"}],"wp:term":[{"taxonomy":"product_brand","embeddable":true,"href":"https:\/\/snus-malmo.se\/sv\/wp-json\/wp\/v2\/product_brand?post=60918"},{"taxonomy":"product_cat","embeddable":true,"href":"https:\/\/snus-malmo.se\/sv\/wp-json\/wp\/v2\/product_cat?post=60918"},{"taxonomy":"product_tag","embeddable":true,"href":"https:\/\/snus-malmo.se\/sv\/wp-json\/wp\/v2\/product_tag?post=60918"}],"curies":[{"name":"wp","href":"https:\/\/api.w.org\/{rel}","templated":true}]}}