{"id":61230,"date":"2025-06-09T22:39:51","date_gmt":"2025-06-09T22:39:51","guid":{"rendered":"https:\/\/snus-malmo.se\/?post_type=product&#038;p=61230"},"modified":"2025-08-05T00:05:33","modified_gmt":"2025-08-05T00:05:33","slug":"the-lab-02-slim-portion-strong","status":"publish","type":"product","link":"https:\/\/snus-malmo.se\/sv\/produkt\/the-lab-02-slim-portion-strong\/","title":{"rendered":"The\u202fLab\u202f02 Slim Portion Strong"},"content":{"rendered":"<div class=\"flex basis-auto flex-col -mb-(--composer-overlap-px) [--composer-overlap-px:24px] grow overflow-hidden\">\n<div class=\"relative h-full\">\n<div class=\"flex h-full flex-col overflow-y-auto [scrollbar-gutter:stable_both-edges] @[84rem]\/thread:pt-(--header-height)\">\n<div class=\"@thread-xl\/thread:pt-header-height mt-1.5 flex flex-col text-sm pb-25\">\n<article class=\"text-token-text-primary w-full\" dir=\"auto\" data-testid=\"conversation-turn-40\" data-scroll-anchor=\"true\">\n<div class=\"text-base my-auto mx-auto py-5 [--thread-content-margin:--spacing(4)] @[37rem]:[--thread-content-margin:--spacing(6)] @[72rem]:[--thread-content-margin:--spacing(16)] px-(--thread-content-margin)\">\n<div class=\"[--thread-content-max-width:32rem] @[34rem]:[--thread-content-max-width:40rem] @[64rem]:[--thread-content-max-width:48rem] mx-auto flex max-w-(--thread-content-max-width) flex-1 text-base gap-4 md:gap-5 lg:gap-6 group\/turn-messages focus-visible:outline-hidden\" tabindex=\"-1\">\n<div class=\"group\/conversation-turn relative flex w-full min-w-0 flex-col agent-turn\">\n<div class=\"relative flex-col gap-1 md:gap-3\">\n<div class=\"flex max-w-full flex-col grow\">\n<div class=\"min-h-8 text-message relative flex w-full flex-col items-end gap-2 text-start break-words whitespace-normal [.text-message+&amp;]:mt-5\" dir=\"auto\" data-message-author-role=\"assistant\" data-message-id=\"ddbf1aef-72b0-42d6-87d2-bd90803145a4\" data-message-model-slug=\"gpt-4o\">\n<div class=\"flex w-full flex-col gap-1 empty:hidden first:pt-[3px]\">\n<div class=\"markdown prose dark:prose-invert w-full break-words light\">\n<h1 data-start=\"139\" data-end=\"181\"><strong data-start=\"145\" data-end=\"179\">The\u202fLab\u202f02 Slim Portion Strong<\/strong><\/h1>\n<h2 data-start=\"182\" data-end=\"251\"><strong data-start=\"182\" data-end=\"251\">\u26ab M\u00f6rk Tobak, Gr\u00f6na \u00d6rter &amp; Tr\u00e4iga Toner i Ett Diskret Slimformat<\/strong><\/h2>\n<p data-start=\"253\" data-end=\"605\"><strong data-start=\"253\" data-end=\"287\">The\u202fLab\u202f02 Slim Portion Strong<\/strong> erbjuder en kraftfull smakprofil i ett slimmat portionsformat \u2013 perfekt f\u00f6r dig som s\u00f6ker b\u00e5de styrka och diskretion. Den m\u00f6rka tobaken kombineras med subtila gr\u00f6na \u00f6rttoner, inslag av ek och ceder samt en l\u00e4tt hint av mandel. Resultatet \u00e4r en v\u00e4lbalanserad och sofistikerad smakupplevelse som v\u00e4xer med varje prilla.<\/p>\n<p data-start=\"607\" data-end=\"1023\">Slimformatet \u00e4r l\u00e4ngre och smalare \u00e4n en standardportion, vilket ger b\u00e4ttre kontakt med tandk\u00f6ttet f\u00f6r f\u00f6rb\u00e4ttrad smak- och nikotinleverans. De fuktiga portionsp\u00e5sarna ger dessutom en snabb och j\u00e4mn frig\u00f6relse av smak och effekt. Med en nikotinhalt p\u00e5 15 mg\/g (ca 13,5 mg per prilla) passar The Lab 02 s\u00e4rskilt bra f\u00f6r dig som \u00e4r en van snusare och vill ha lite extra tryck \u2013 utan att kompromissa med smakens balans.<\/p>\n<hr data-start=\"1025\" data-end=\"1028\" \/>\n<h3 data-start=\"1030\" data-end=\"1090\">\ud83d\udd0d <strong data-start=\"1033\" data-end=\"1088\">Produktinformation \u2013 The\u202fLab\u202f02 Slim Portion Strong<\/strong><\/h3>\n<ul data-start=\"1091\" data-end=\"1394\">\n<li data-start=\"1091\" data-end=\"1117\">\n<p data-start=\"1093\" data-end=\"1117\"><strong data-start=\"1093\" data-end=\"1107\">Varum\u00e4rke:<\/strong> The Lab<\/p>\n<\/li>\n<li data-start=\"1118\" data-end=\"1154\">\n<p data-start=\"1120\" data-end=\"1154\"><strong data-start=\"1120\" data-end=\"1128\">Typ:<\/strong> Strong Original Portion<\/p>\n<\/li>\n<li data-start=\"1155\" data-end=\"1198\">\n<p data-start=\"1157\" data-end=\"1198\"><strong data-start=\"1157\" data-end=\"1168\">Format:<\/strong> Slim (l\u00e5ng och smal prilla)<\/p>\n<\/li>\n<li data-start=\"1199\" data-end=\"1261\">\n<p data-start=\"1201\" data-end=\"1261\"><strong data-start=\"1201\" data-end=\"1216\">Smakprofil:<\/strong> M\u00f6rk tobak, gr\u00f6na \u00f6rter, ek, ceder, mandel<\/p>\n<\/li>\n<li data-start=\"1262\" data-end=\"1284\">\n<p data-start=\"1264\" data-end=\"1284\"><strong data-start=\"1264\" data-end=\"1275\">Styrka:<\/strong> Strong<\/p>\n<\/li>\n<li data-start=\"1285\" data-end=\"1333\">\n<p data-start=\"1287\" data-end=\"1333\"><strong data-start=\"1287\" data-end=\"1303\">Nikotinhalt:<\/strong> 15 mg\/g (ca 13,5 mg\/prilla)<\/p>\n<\/li>\n<li data-start=\"1334\" data-end=\"1365\">\n<p data-start=\"1336\" data-end=\"1365\"><strong data-start=\"1336\" data-end=\"1354\">Antal prillor:<\/strong> ca 24 st<\/p>\n<\/li>\n<li data-start=\"1366\" data-end=\"1394\">\n<p data-start=\"1368\" data-end=\"1394\"><strong data-start=\"1368\" data-end=\"1382\">Nettovikt:<\/strong> ca 21,6 g<\/p>\n<\/li>\n<\/ul>\n<hr data-start=\"1116\" data-end=\"1119\" \/>\n<p data-start=\"1121\" data-end=\"1418\">\u2b50 <strong data-start=\"1123\" data-end=\"1172\">D\u00e4rf\u00f6r v\u00e4ljer snusare The\u202fLab\u202f02 Strong Slim:<\/strong><br data-start=\"1172\" data-end=\"1175\" \/>\u2705 Kraftfull men nyanserad tobaksupplevelse med tr\u00e4iga och n\u00f6tiga undertoner<br data-start=\"1250\" data-end=\"1253\" \/>\u2705 Slimformat med f\u00f6rb\u00e4ttrad passform och l\u00e5g rinnighet<br data-start=\"1307\" data-end=\"1310\" \/>\u2705 Fuktig originalportion f\u00f6r snabb smak- och nikotinrelease<br data-start=\"1369\" data-end=\"1372\" \/>\u2705 H\u00f6gt nikotininneh\u00e5ll riktat mot vana snusare<\/p>\n<hr data-start=\"1420\" data-end=\"1423\" \/>\n<p data-start=\"1425\" data-end=\"1681\">\ud83d\uded2 <strong data-start=\"1428\" data-end=\"1480\">K\u00f6p The\u202fLab\u202f02 Slim Portion Strong hos Veloop.se<\/strong><br data-start=\"1480\" data-end=\"1483\" \/>Hos <strong data-start=\"1487\" data-end=\"1500\">Veloop.se<\/strong> f\u00e5r du snabb leverans, garanterat f\u00e4rska dosor och konkurrenskraftiga priser. The Lab\u202f02 \u00e4r ett kvalitativt val f\u00f6r dig som s\u00f6ker extra styrka och smak i ett diskret, smalt format.<\/p>\n<p data-start=\"1683\" data-end=\"1802\">\ud83d\udc49 <strong data-start=\"1686\" data-end=\"1802\">Best\u00e4ll The\u202fLab\u202f02 Strong Slim idag \u2013 uppt\u00e4ck varf\u00f6r denna snus blir allt mer omtyckt bland styrkesnusanv\u00e4ndare.<\/strong><\/p>\n<\/div>\n<\/div>\n<\/div>\n<\/div>\n<\/div>\n<\/div>\n<\/div>\n<\/div>\n<\/article>\n<\/div>\n<\/div>\n<\/div>\n<\/div>","protected":false},"excerpt":{"rendered":"<h1 data-start=\"139\" data-end=\"181\"><strong data-start=\"145\" data-end=\"179\">The\u202fLab\u202f02 Slim Portion Strong<\/strong><\/h1>\n<h2 data-start=\"182\" data-end=\"251\"><strong data-start=\"182\" data-end=\"251\">\u26ab M\u00f6rk Tobak, Gr\u00f6na \u00d6rter &amp; Tr\u00e4iga Toner i Ett Diskret Slimformat<\/strong><\/h2>\n<p><strong data-start=\"1873\" data-end=\"1907\">The\u202fLab\u202f02 Slim Portion Strong<\/strong> \u2013 slimsnus med m\u00f6rk tobak, gr\u00f6na \u00f6rter, ek och l\u00e4tt mandel. 15 mg nikotin\/g (ca 13,5 mg\/prilla). Diskret slimformat med snabb smakrelease. Stark, stilren och smakrik.<\/p>\n<p>\ud83d\udc49 <strong data-start=\"1989\" data-end=\"2079\">Best\u00e4ll The Lab 06 Extra Strong redan idag \u2013 och upplev extra styrka i slimmat format!<\/strong><\/p>","protected":false},"featured_media":61236,"comment_status":"open","ping_status":"closed","template":"","meta":[],"product_brand":[364],"product_cat":[73,362,368,354],"product_tag":[],"class_list":{"0":"post-61230","1":"product","2":"type-product","3":"status-publish","4":"has-post-thumbnail","6":"product_brand-the-lab","7":"product_cat-portionssnus","8":"product_cat-original-portion","9":"product_cat-snus-tobakssnus-traditionellt-snus","10":"product_cat-strongstark","12":"first","13":"instock","14":"featured","15":"taxable","16":"shipping-taxable","17":"purchasable","18":"product-type-variable"},"_links":{"self":[{"href":"https:\/\/snus-malmo.se\/sv\/wp-json\/wp\/v2\/product\/61230","targetHints":{"allow":["GET"]}}],"collection":[{"href":"https:\/\/snus-malmo.se\/sv\/wp-json\/wp\/v2\/product"}],"about":[{"href":"https:\/\/snus-malmo.se\/sv\/wp-json\/wp\/v2\/types\/product"}],"replies":[{"embeddable":true,"href":"https:\/\/snus-malmo.se\/sv\/wp-json\/wp\/v2\/comments?post=61230"}],"version-history":[{"count":0,"href":"https:\/\/snus-malmo.se\/sv\/wp-json\/wp\/v2\/product\/61230\/revisions"}],"wp:featuredmedia":[{"embeddable":true,"href":"https:\/\/snus-malmo.se\/sv\/wp-json\/wp\/v2\/media\/61236"}],"wp:attachment":[{"href":"https:\/\/snus-malmo.se\/sv\/wp-json\/wp\/v2\/media?parent=61230"}],"wp:term":[{"taxonomy":"product_brand","embeddable":true,"href":"https:\/\/snus-malmo.se\/sv\/wp-json\/wp\/v2\/product_brand?post=61230"},{"taxonomy":"product_cat","embeddable":true,"href":"https:\/\/snus-malmo.se\/sv\/wp-json\/wp\/v2\/product_cat?post=61230"},{"taxonomy":"product_tag","embeddable":true,"href":"https:\/\/snus-malmo.se\/sv\/wp-json\/wp\/v2\/product_tag?post=61230"}],"curies":[{"name":"wp","href":"https:\/\/api.w.org\/{rel}","templated":true}]}}