{"id":61360,"date":"2025-06-10T20:23:07","date_gmt":"2025-06-10T20:23:07","guid":{"rendered":"https:\/\/snus-malmo.se\/?post_type=product&#038;p=61360"},"modified":"2025-07-23T18:26:10","modified_gmt":"2025-07-23T18:26:10","slug":"g-3-load-slim-white-dry-super-strong","status":"publish","type":"product","link":"https:\/\/snus-malmo.se\/sv\/produkt\/g-3-load-slim-white-dry-super-strong\/","title":{"rendered":"G.3 Load Slim White Dry Super Strong"},"content":{"rendered":"<h1 class=\"mb-16 sm:mb-24\">G.3 Load Slim White Dry Super Strong<\/h1>\n<div class=\"flex basis-auto flex-col -mb-(--composer-overlap-px) [--composer-overlap-px:24px] grow overflow-hidden\">\n<div class=\"relative h-full\">\n<div class=\"flex h-full flex-col overflow-y-auto [scrollbar-gutter:stable_both-edges] @[84rem]\/thread:pt-(--header-height)\">\n<div class=\"@thread-xl\/thread:pt-header-height mt-1.5 flex flex-col text-sm pb-25\">\n<article class=\"text-token-text-primary w-full\" dir=\"auto\" data-testid=\"conversation-turn-18\" data-scroll-anchor=\"true\">\n<div class=\"text-base my-auto mx-auto py-5 [--thread-content-margin:--spacing(4)] @[37rem]:[--thread-content-margin:--spacing(6)] @[72rem]:[--thread-content-margin:--spacing(16)] px-(--thread-content-margin)\">\n<div class=\"[--thread-content-max-width:32rem] @[34rem]:[--thread-content-max-width:40rem] @[64rem]:[--thread-content-max-width:48rem] mx-auto flex max-w-(--thread-content-max-width) flex-1 text-base gap-4 md:gap-5 lg:gap-6 group\/turn-messages focus-visible:outline-hidden\" tabindex=\"-1\">\n<div class=\"group\/conversation-turn relative flex w-full min-w-0 flex-col agent-turn\">\n<div class=\"relative flex-col gap-1 md:gap-3\">\n<div class=\"flex max-w-full flex-col grow\">\n<div class=\"min-h-8 text-message relative flex w-full flex-col items-end gap-2 text-start break-words whitespace-normal [.text-message+&amp;]:mt-5\" dir=\"auto\" data-message-author-role=\"assistant\" data-message-id=\"db4e4188-f4a5-4fae-8841-31f2f18c22bf\" data-message-model-slug=\"gpt-4o\">\n<div class=\"flex w-full flex-col gap-1 empty:hidden first:pt-[3px]\">\n<div class=\"markdown prose dark:prose-invert w-full break-words light\">\n<h2 data-start=\"267\" data-end=\"348\">G.3 Load Slim White Dry Super Strong \u2013 Kraftfull tobakssmak med extrem styrka<\/h2>\n<p data-start=\"350\" data-end=\"664\"><strong data-start=\"350\" data-end=\"390\">G.3 Load Slim White Dry Super Strong<\/strong> \u00e4r en kompromissl\u00f6s snus f\u00f6r dig som kr\u00e4ver <strong data-start=\"435\" data-end=\"453\">maximal styrka<\/strong> och en djup, kraftfull smakupplevelse. Prillan har ett <strong data-start=\"509\" data-end=\"537\">slimmat white dry-format<\/strong>, vilket inneb\u00e4r att den \u00e4r torr p\u00e5 ytan f\u00f6r <strong data-start=\"582\" data-end=\"603\">minimal rinnighet<\/strong>, men \u00e4nd\u00e5 designad f\u00f6r att snabbt leverera nikotin och smak.<\/p>\n<p data-start=\"666\" data-end=\"907\">Smakprofilen \u00e4r tydligt <strong data-start=\"690\" data-end=\"709\">m\u00f6rk och robust<\/strong>, med en intensiv tobakskarakt\u00e4r och toner av <strong data-start=\"755\" data-end=\"782\">lakrits och svartpeppar<\/strong>. Det \u00e4r en kraftfull kombination som riktar sig till erfarna snusare som vill ha <strong data-start=\"864\" data-end=\"906\">en r\u00e5, fyllig smak med tydlig karakt\u00e4r<\/strong>.<\/p>\n<p data-start=\"909\" data-end=\"1189\">Tack vare sin <strong data-start=\"923\" data-end=\"958\">h\u00f6ga nikotinhalt p\u00e5 cirka 2,2 %<\/strong>, levererar G.3 Load en <strong data-start=\"982\" data-end=\"1018\">snabb och intensiv nikotineffekt<\/strong>, samtidigt som slimformatet g\u00f6r den <strong data-start=\"1055\" data-end=\"1077\">diskret och bekv\u00e4m<\/strong> att anv\u00e4nda i alla situationer. Det h\u00e4r \u00e4r snuset f\u00f6r dig som inte n\u00f6jer dig med n\u00e5got mindre \u00e4n det starkaste.<\/p>\n<p data-start=\"1191\" data-end=\"1324\">\ud83d\udfe5 Vill du uppt\u00e4cka fler kraftfulla white dry-snus? Se hela v\u00e5rt <a class=\"\" href=\"https:\/\/snus-malmo.se\/sv\/white-portion\/\" target=\"_new\" rel=\"noopener\" data-start=\"1256\" data-end=\"1323\"><strong data-start=\"1257\" data-end=\"1288\">White Portion-sortiment h\u00e4r<\/strong><\/a>.<\/p>\n<hr data-start=\"1326\" data-end=\"1329\" \/>\n<h3 data-start=\"1331\" data-end=\"1355\">Produktinformation:<\/h3>\n<ul data-start=\"1357\" data-end=\"1736\">\n<li data-start=\"1357\" data-end=\"1389\">\n<p data-start=\"1359\" data-end=\"1389\"><strong data-start=\"1359\" data-end=\"1373\">Varum\u00e4rke:<\/strong> G.3 (General)<\/p>\n<\/li>\n<li data-start=\"1390\" data-end=\"1427\">\n<p data-start=\"1392\" data-end=\"1427\"><strong data-start=\"1392\" data-end=\"1407\">Produkttyp:<\/strong> White Dry Portion<\/p>\n<\/li>\n<li data-start=\"1428\" data-end=\"1448\">\n<p data-start=\"1430\" data-end=\"1448\"><strong data-start=\"1430\" data-end=\"1441\">Format:<\/strong> Slim<\/p>\n<\/li>\n<li data-start=\"1449\" data-end=\"1501\">\n<p data-start=\"1451\" data-end=\"1501\"><strong data-start=\"1451\" data-end=\"1466\">Smakprofil:<\/strong> M\u00f6rk tobak, Lakrits, Svartpeppar<\/p>\n<\/li>\n<li data-start=\"1502\" data-end=\"1530\">\n<p data-start=\"1504\" data-end=\"1530\"><strong data-start=\"1504\" data-end=\"1515\">Styrka:<\/strong> Super Strong<\/p>\n<\/li>\n<li data-start=\"1531\" data-end=\"1560\">\n<p data-start=\"1533\" data-end=\"1560\"><strong data-start=\"1533\" data-end=\"1549\">Nikotinhalt:<\/strong> ca 2,2 %<\/p>\n<\/li>\n<li data-start=\"1561\" data-end=\"1600\">\n<p data-start=\"1563\" data-end=\"1600\"><strong data-start=\"1563\" data-end=\"1586\">Nikotin per prilla:<\/strong> ca 18\u201320 mg<\/p>\n<\/li>\n<li data-start=\"1601\" data-end=\"1641\">\n<p data-start=\"1603\" data-end=\"1641\"><strong data-start=\"1603\" data-end=\"1630\">Antal prillor per dosa:<\/strong> ca 22 st<\/p>\n<\/li>\n<li data-start=\"1642\" data-end=\"1667\">\n<p data-start=\"1644\" data-end=\"1667\"><strong data-start=\"1644\" data-end=\"1657\">Fukthalt:<\/strong> ca 25 %<\/p>\n<\/li>\n<li data-start=\"1668\" data-end=\"1702\">\n<p data-start=\"1670\" data-end=\"1702\"><strong data-start=\"1670\" data-end=\"1690\">Vikt per prilla:<\/strong> ca 0,75 g<\/p>\n<\/li>\n<li data-start=\"1703\" data-end=\"1736\">\n<p data-start=\"1705\" data-end=\"1736\"><strong data-start=\"1705\" data-end=\"1724\">Nettovikt\/dosa:<\/strong> ca 16,6 g<\/p>\n<\/li>\n<\/ul>\n<hr data-start=\"1738\" data-end=\"1741\" \/>\n<h3 data-start=\"1743\" data-end=\"1776\">D\u00e4rf\u00f6r v\u00e4ljer m\u00e5nga G.3 Load:<\/h3>\n<p data-start=\"1778\" data-end=\"1988\">\u2705 Djup och kraftfull smakprofil<br data-start=\"1809\" data-end=\"1812\" \/>\u2705 Supersnabb och stark nikotineffekt<br data-start=\"1848\" data-end=\"1851\" \/>\u2705 Slim White Dry \u2013 diskret och n\u00e4stan torr<br data-start=\"1893\" data-end=\"1896\" \/>\u2705 Passar vana snusare som s\u00f6ker maxad intensitet<br data-start=\"1944\" data-end=\"1947\" \/>\u2705 Trygg och snabb leverans fr\u00e5n Veloop.se<\/p>\n<hr data-start=\"1990\" data-end=\"1993\" \/>\n<p data-start=\"1995\" data-end=\"2166\">Best\u00e4ll <strong data-start=\"2003\" data-end=\"2043\">G.3 Load Slim White Dry Super Strong<\/strong> fr\u00e5n <strong data-start=\"2049\" data-end=\"2062\">Veloop.se<\/strong> \u2013 ett kompromissl\u00f6st val f\u00f6r dig som vill ha <strong data-start=\"2108\" data-end=\"2165\">r\u00e5 styrka, djup smak och full kontroll i varje prilla<\/strong>.<\/p>\n<p data-start=\"1995\" data-end=\"2166\">\ud83d\udc49 Se fler <a class=\"\" href=\"https:\/\/snus-malmo.se\/sv\/white-portion\/\" target=\"_new\" rel=\"noopener\" data-start=\"2421\" data-end=\"2488\"><strong data-start=\"2422\" data-end=\"2453\">White Portion-produkter h\u00e4r<\/strong><\/a>.<\/p>\n<hr data-start=\"2491\" data-end=\"2494\" \/>\n<\/div>\n<\/div>\n<\/div>\n<\/div>\n<div class=\"flex min-h-[46px] justify-start\">\n<div class=\"touch:-me-2 touch:-ms-3.5 -ms-2.5 -me-1 flex items-center p-1 select-none -mt-1 w-full duration-[1.5s] focus-within:transition-none hover:transition-none pointer-events-none [mask-image:linear-gradient(to_right,black_33%,transparent_66%)] [mask-size:300%_100%] [mask-position:100%_0%] motion-safe:transition-[mask-position] group-hover\/turn-messages:pointer-events-auto group-hover\/turn-messages:[mask-position:0_0] group-focus-within\/turn-messages:pointer-events-auto group-focus-within\/turn-messages:[mask-position:0_0] has-data-[state=open]:pointer-events-auto has-data-[state=open]:[mask-position:0_0]\"><\/div>\n<\/div>\n<\/div>\n<\/div>\n<\/div>\n<\/div>\n<\/article>\n<\/div>\n<\/div>\n<\/div>\n<\/div>","protected":false},"excerpt":{"rendered":"<h1 class=\"mb-16 sm:mb-24\">G.3 Load Slim White Dry Super Strong<\/h1>\n<h2 data-start=\"267\" data-end=\"348\">G.3 Load Slim White Dry Super Strong \u2013 Kraftfull tobakssmak med extrem styrka<\/h2>\n<p><strong data-start=\"2191\" data-end=\"2231\">G.3 Load Slim White Dry Super Strong<\/strong> \u00e4r ett extremt starkt snus med kraftfull tobakssmak och inslag av lakrits och svartpeppar. Slim white dry-formatet ger diskretion och l\u00e5g rinnighet \u2013 perfekt f\u00f6r vana snusare.<br data-start=\"2407\" data-end=\"2410\" \/>\ud83d\udc49 Se fler <a class=\"\" href=\"https:\/\/snus-malmo.se\/sv\/white-portion\/\" target=\"_new\" rel=\"noopener\" data-start=\"2421\" data-end=\"2488\"><strong data-start=\"2422\" data-end=\"2453\">White Portion-produkter h\u00e4r<\/strong><\/a>.<\/p>","protected":false},"featured_media":61366,"comment_status":"open","ping_status":"closed","template":"","meta":[],"product_brand":[366],"product_cat":[202,73,137,368,135],"product_tag":[],"class_list":{"0":"post-61360","1":"product","2":"type-product","3":"status-publish","4":"has-post-thumbnail","6":"product_brand-g-3","7":"product_cat-g-3","8":"product_cat-portionssnus","9":"product_cat-slim","10":"product_cat-snus-tobakssnus-traditionellt-snus","11":"product_cat-white-portion","13":"first","14":"instock","15":"taxable","16":"shipping-taxable","17":"purchasable","18":"product-type-variable"},"_links":{"self":[{"href":"https:\/\/snus-malmo.se\/sv\/wp-json\/wp\/v2\/product\/61360","targetHints":{"allow":["GET"]}}],"collection":[{"href":"https:\/\/snus-malmo.se\/sv\/wp-json\/wp\/v2\/product"}],"about":[{"href":"https:\/\/snus-malmo.se\/sv\/wp-json\/wp\/v2\/types\/product"}],"replies":[{"embeddable":true,"href":"https:\/\/snus-malmo.se\/sv\/wp-json\/wp\/v2\/comments?post=61360"}],"version-history":[{"count":0,"href":"https:\/\/snus-malmo.se\/sv\/wp-json\/wp\/v2\/product\/61360\/revisions"}],"wp:featuredmedia":[{"embeddable":true,"href":"https:\/\/snus-malmo.se\/sv\/wp-json\/wp\/v2\/media\/61366"}],"wp:attachment":[{"href":"https:\/\/snus-malmo.se\/sv\/wp-json\/wp\/v2\/media?parent=61360"}],"wp:term":[{"taxonomy":"product_brand","embeddable":true,"href":"https:\/\/snus-malmo.se\/sv\/wp-json\/wp\/v2\/product_brand?post=61360"},{"taxonomy":"product_cat","embeddable":true,"href":"https:\/\/snus-malmo.se\/sv\/wp-json\/wp\/v2\/product_cat?post=61360"},{"taxonomy":"product_tag","embeddable":true,"href":"https:\/\/snus-malmo.se\/sv\/wp-json\/wp\/v2\/product_tag?post=61360"}],"curies":[{"name":"wp","href":"https:\/\/api.w.org\/{rel}","templated":true}]}}