{"id":61709,"date":"2025-06-18T21:58:07","date_gmt":"2025-06-18T21:58:07","guid":{"rendered":"https:\/\/snus-malmo.se\/?post_type=product&#038;p=61709"},"modified":"2025-07-18T11:48:36","modified_gmt":"2025-07-18T11:48:36","slug":"hyper-lemon-curd-apreshyper-lemon-curd-apres","status":"publish","type":"product","link":"https:\/\/snus-malmo.se\/sv\/produkt\/hyper-lemon-curd-apreshyper-lemon-curd-apres\/","title":{"rendered":"Hyper Lemon Curd Apr\u00e9s | 20 mg"},"content":{"rendered":"<h1 data-start=\"641\" data-end=\"720\">Hyper Lemon Curd Apr\u00e9s | 20 mg<\/h1>\n<h1 data-start=\"641\" data-end=\"720\"><strong data-start=\"646\" data-end=\"720\">N\u00b03 Lemon Curd \u2013 Ultra Strong nikotinp\u00e5se med s\u00f6t och frisk citronsmak<\/strong><\/h1>\n<p data-start=\"722\" data-end=\"1034\">Letar du efter en kraftfull nikotinp\u00e5se med en unik och uppfriskande smak? <strong data-start=\"797\" data-end=\"815\">N\u00b03 Lemon Curd<\/strong> fr\u00e5n Apr\u00e8s kombinerar <strong data-start=\"838\" data-end=\"856\">s\u00f6t citrussmak<\/strong> med <strong data-start=\"861\" data-end=\"879\">maximal styrka<\/strong> f\u00f6r en explosiv nikotinupplevelse. Med hela <strong data-start=\"924\" data-end=\"943\">20 mg\/g nikotin<\/strong> och en styrkeniv\u00e5 p\u00e5 <strong data-start=\"965\" data-end=\"975\">5 av 5<\/strong> \u00e4r detta en av de starkaste produkterna i Apr\u00e8s sortiment.<\/p>\n<p data-start=\"1036\" data-end=\"1215\">Smaken \u00e4r inspirerad av <strong data-start=\"1060\" data-end=\"1083\">klassisk lemon curd<\/strong> \u2013 en v\u00e4lbalanserad mix av <strong data-start=\"1110\" data-end=\"1141\">frisk citron och mjuk s\u00f6tma<\/strong>, vilket ger en b\u00e5de fr\u00e4sch och fyllig profil som sticker ut fr\u00e5n m\u00e4ngden.<\/p>\n<p data-start=\"1217\" data-end=\"1232\"><strong data-start=\"1217\" data-end=\"1232\">Egenskaper:<\/strong><\/p>\n<ul data-start=\"1233\" data-end=\"1424\">\n<li data-start=\"1233\" data-end=\"1266\">\n<p data-start=\"1235\" data-end=\"1266\"><strong data-start=\"1235\" data-end=\"1244\">Smak:<\/strong> S\u00f6t och syrlig citron<\/p>\n<\/li>\n<li data-start=\"1267\" data-end=\"1299\">\n<p data-start=\"1269\" data-end=\"1299\"><strong data-start=\"1269\" data-end=\"1280\">Styrka:<\/strong> 5\/5 \u2013 Hyper Strong<\/p>\n<\/li>\n<li data-start=\"1300\" data-end=\"1326\">\n<p data-start=\"1302\" data-end=\"1326\"><strong data-start=\"1302\" data-end=\"1318\">Nikotinhalt:<\/strong> 20 mg\/g<\/p>\n<\/li>\n<li data-start=\"1327\" data-end=\"1346\">\n<p data-start=\"1329\" data-end=\"1346\"><strong data-start=\"1329\" data-end=\"1338\">Vikt:<\/strong> 11 gram<\/p>\n<\/li>\n<li data-start=\"1347\" data-end=\"1371\">\n<p data-start=\"1349\" data-end=\"1371\"><strong data-start=\"1349\" data-end=\"1365\">Tillverkare:<\/strong> Apr\u00e8s<\/p>\n<\/li>\n<li data-start=\"1372\" data-end=\"1424\">\n<p data-start=\"1374\" data-end=\"1424\"><strong data-start=\"1374\" data-end=\"1382\">Typ:<\/strong> Tobaksfri nikotinp\u00e5se (All White Portion)<\/p>\n<\/li>\n<\/ul>\n<p data-start=\"1426\" data-end=\"1530\"><strong data-start=\"1426\" data-end=\"1459\">Perfekt f\u00f6r erfarna anv\u00e4ndare<\/strong> som vill ha en stark nikotinprodukt med en ov\u00e4ntad och god smakprofil.<\/p>\n<h2 data-start=\"1532\" data-end=\"1609\">\ud83d\udce6 Best\u00e4ll <strong data-start=\"1543\" data-end=\"1561\">N\u00b03 Lemon Curd &#8211; <\/strong>Hyper Lemon Curd Apr\u00e9s\u00a0 fr\u00e5n veloop.se och upplev kraften i s\u00f6t citron!<\/h2>\n<p data-start=\"1611\" data-end=\"1677\">\ud83d\udc49 <a class=\"\" href=\"https:\/\/snus-malmo.se\/sv\/apres\/\" target=\"_new\" rel=\"noopener\" data-start=\"1614\" data-end=\"1677\">Se hela v\u00e5rt sortiment av Apr\u00e8s h\u00e4r<\/a><\/p>\n<h3>Om Apr\u00e8s \u2013 Premium nikotinp\u00e5sar med stil, smak och h\u00e5llbarhet<br \/>\nApr\u00e8s \u00e4r ett svenskt varum\u00e4rke som tillverkar tobaksfria nikotinp\u00e5sar i absolut premiumklass. K\u00e4nda f\u00f6r sin eleganta design, innovativa smaker och starka nikotinprofil, erbjuder Apr\u00e8s en lyxig och modern alternativ till traditionellt snus.<\/h3>\n<p><strong>Varje produkt \u00e4r noggrant utvecklad med fokus p\u00e5 smakupplevelse, kvalitet och h\u00e5llbarhet. Oavsett om du f\u00f6redrar klassiska smaker som mint och lakrits, eller mer ov\u00e4ntade inslag som cola, hallon lakrits eller persika iste, har Apr\u00e8s n\u00e5got som passar b\u00e5de nyb\u00f6rjare och erfarna anv\u00e4ndare.<\/strong><\/p>\n<p>&nbsp;<\/p>\n<h2><strong>\ud83c\udfaf Varf\u00f6r v\u00e4lja Apr\u00e8s?<\/strong><\/h2>\n<p><strong>\u2705 Tobaksfri och diskret \u2013 vita prillor som inte missf\u00e4rgar t\u00e4nderna<\/strong><\/p>\n<p><strong>\u2705 H\u00f6g nikotinhalt \u2013 f\u00f6r dig som s\u00f6ker en stark och tydlig effekt<\/strong><\/p>\n<p><strong>\u2705 Elegant design \u2013 stilrena dosor som st\u00e5r ut fr\u00e5n m\u00e4ngden<\/strong><\/p>\n<p><strong>\u2705 Svensktillverkad \u2013 med fokus p\u00e5 kvalitet och ansvarsfull produktion<\/strong><\/p>\n<p><strong>\u2705 Milj\u00f6v\u00e4nligt t\u00e4nk \u2013 dosorna \u00e4r tillverkade av \u00e5tervunnen plast<\/strong><\/p>\n<p><strong>Apr\u00e8s kombinerar innovation, smak och estetik \u2013 f\u00f6r en upplevelse ut\u00f6ver det vanliga.<\/strong><\/p>\n<p><strong>\ud83d\udce6 Se hela v\u00e5rt sortiment fr\u00e5n Apr\u00e8s och best\u00e4ll online med snabb leverans:<\/strong><br \/>\n<strong>\ud83d\udc49 Uppt\u00e4ck Apr\u00e8s hos veloop.se<\/strong><\/p>","protected":false},"excerpt":{"rendered":"<h1 data-start=\"641\" data-end=\"720\">Hyper Lemon Curd Apr\u00e9s | 20 mg<\/h1>\n<h1 data-start=\"347\" data-end=\"406\"><strong data-start=\"347\" data-end=\"406\">N\u00b03 Lemon Curd \u2013 Starka nikotinp\u00e5sar med s\u00f6t citronsmak<\/strong><\/h1>\n<p data-start=\"408\" data-end=\"582\">Njut av en kraftfull och fr\u00e4sch smakupplevelse med N\u00b03 Lemon Curd. En hyperstark nikotinp\u00e5se med hela 20 mg\/g nikotin och en balanserad smak av klassisk citron och len s\u00f6tma.<\/p>","protected":false},"featured_media":61714,"comment_status":"open","ping_status":"closed","template":"","meta":[],"product_brand":[384],"product_cat":[136,322,290,356,137],"product_tag":[],"class_list":{"0":"post-61709","1":"product","2":"type-product","3":"status-publish","4":"has-post-thumbnail","6":"product_brand-aprs","7":"product_cat-all-whites","8":"product_cat-apres-alla-produkter","9":"product_cat-apres","10":"product_cat-extreme","11":"product_cat-slim","13":"first","14":"instock","15":"taxable","16":"shipping-taxable","17":"purchasable","18":"product-type-variable"},"_links":{"self":[{"href":"https:\/\/snus-malmo.se\/sv\/wp-json\/wp\/v2\/product\/61709","targetHints":{"allow":["GET"]}}],"collection":[{"href":"https:\/\/snus-malmo.se\/sv\/wp-json\/wp\/v2\/product"}],"about":[{"href":"https:\/\/snus-malmo.se\/sv\/wp-json\/wp\/v2\/types\/product"}],"replies":[{"embeddable":true,"href":"https:\/\/snus-malmo.se\/sv\/wp-json\/wp\/v2\/comments?post=61709"}],"version-history":[{"count":0,"href":"https:\/\/snus-malmo.se\/sv\/wp-json\/wp\/v2\/product\/61709\/revisions"}],"wp:featuredmedia":[{"embeddable":true,"href":"https:\/\/snus-malmo.se\/sv\/wp-json\/wp\/v2\/media\/61714"}],"wp:attachment":[{"href":"https:\/\/snus-malmo.se\/sv\/wp-json\/wp\/v2\/media?parent=61709"}],"wp:term":[{"taxonomy":"product_brand","embeddable":true,"href":"https:\/\/snus-malmo.se\/sv\/wp-json\/wp\/v2\/product_brand?post=61709"},{"taxonomy":"product_cat","embeddable":true,"href":"https:\/\/snus-malmo.se\/sv\/wp-json\/wp\/v2\/product_cat?post=61709"},{"taxonomy":"product_tag","embeddable":true,"href":"https:\/\/snus-malmo.se\/sv\/wp-json\/wp\/v2\/product_tag?post=61709"}],"curies":[{"name":"wp","href":"https:\/\/api.w.org\/{rel}","templated":true}]}}