{"id":61722,"date":"2025-06-18T22:19:36","date_gmt":"2025-06-18T22:19:36","guid":{"rendered":"https:\/\/snus-malmo.se\/?post_type=product&#038;p=61722"},"modified":"2025-07-18T11:48:17","modified_gmt":"2025-07-18T11:48:17","slug":"hyper-cola-apres","status":"publish","type":"product","link":"https:\/\/snus-malmo.se\/sv\/produkt\/hyper-cola-apres\/","title":{"rendered":"Hyper Cola Apr\u00e9s | 20 mg"},"content":{"rendered":"<h1 data-start=\"641\" data-end=\"720\">Hyper Cola Apr\u00e9s | 20 mg<\/h1>\n<h2 data-start=\"645\" data-end=\"719\"><strong data-start=\"650\" data-end=\"719\">N\u00b04 Cola \u2013 Hyper Strong nikotinp\u00e5se med klassisk och s\u00f6t colasmak<\/strong><\/h2>\n<p data-start=\"721\" data-end=\"972\"><strong data-start=\"721\" data-end=\"733\">N\u00b04 Cola<\/strong> fr\u00e5n Apr\u00e8s \u00e4r en hyperstark nikotinp\u00e5se som kombinerar <strong data-start=\"789\" data-end=\"824\">maximal styrka med ikonisk smak<\/strong>. Med <strong data-start=\"830\" data-end=\"849\">20 mg\/g nikotin<\/strong> och styrkeniv\u00e5 <strong data-start=\"865\" data-end=\"875\">5 av 5<\/strong>, erbjuder denna prilla en kraftfull kick f\u00f6r dig som \u00e4r van anv\u00e4ndare och s\u00f6ker det lilla extra.<\/p>\n<p data-start=\"974\" data-end=\"1191\">Smaken \u00e4r inspirerad av klassisk <strong data-start=\"1007\" data-end=\"1015\">cola<\/strong> \u2013 s\u00f6t, bubblig och nostalgisk, vilket g\u00f6r den b\u00e5de unik och tillfredsst\u00e4llande. Den passar perfekt n\u00e4r du vill ha en kraftfull nikotinp\u00e5se med en rolig och ov\u00e4ntad smakprofil.<\/p>\n<p data-start=\"1193\" data-end=\"1208\"><strong data-start=\"1193\" data-end=\"1208\">Egenskaper:<\/strong><\/p>\n<ul data-start=\"1209\" data-end=\"1384\">\n<li data-start=\"1209\" data-end=\"1234\">\n<p data-start=\"1211\" data-end=\"1234\"><strong data-start=\"1211\" data-end=\"1220\">Smak:<\/strong> Klassisk cola<\/p>\n<\/li>\n<li data-start=\"1235\" data-end=\"1267\">\n<p data-start=\"1237\" data-end=\"1267\"><strong data-start=\"1237\" data-end=\"1248\">Styrka:<\/strong> 5\/5 \u2013 Hyper Strong<\/p>\n<\/li>\n<li data-start=\"1268\" data-end=\"1294\">\n<p data-start=\"1270\" data-end=\"1294\"><strong data-start=\"1270\" data-end=\"1286\">Nikotinhalt:<\/strong> 20 mg\/g<\/p>\n<\/li>\n<li data-start=\"1295\" data-end=\"1314\">\n<p data-start=\"1297\" data-end=\"1314\"><strong data-start=\"1297\" data-end=\"1306\">Vikt:<\/strong> 11 gram<\/p>\n<\/li>\n<li data-start=\"1315\" data-end=\"1359\">\n<p data-start=\"1317\" data-end=\"1359\"><strong data-start=\"1317\" data-end=\"1325\">Typ:<\/strong> Tobaksfri nikotinp\u00e5se (All White)<\/p>\n<\/li>\n<li data-start=\"1360\" data-end=\"1384\">\n<p data-start=\"1362\" data-end=\"1384\"><strong data-start=\"1362\" data-end=\"1378\">Tillverkare:<\/strong> Apr\u00e8s<\/p>\n<\/li>\n<\/ul>\n<p data-start=\"1386\" data-end=\"1555\"><strong data-start=\"1386\" data-end=\"1479\">N\u00b04 Cola \u00e4r perfekt f\u00f6r dig som vill ha en stark nikotinp\u00e5se med b\u00e5de tryck och karakt\u00e4r.<\/strong> Testa en ny niv\u00e5 av smak och styrka \u2013 i en stilren dosa du g\u00e4rna visar upp.<\/p>\n<p data-start=\"1557\" data-end=\"1639\">\ud83d\udce6 K\u00f6p <strong data-start=\"1564\" data-end=\"1576\">N\u00b04 Cola<\/strong> online hos veloop.se och f\u00e5 snabb leverans direkt till d\u00f6rren.<\/p>\n<p data-start=\"1641\" data-end=\"1704\">\ud83d\udc49 <a class=\"\" href=\"https:\/\/snus-malmo.se\/sv\/apres\/\" target=\"_new\" rel=\"noopener\" data-start=\"1644\" data-end=\"1704\">Uppt\u00e4ck alla Apr\u00e8s-produkter h\u00e4r<\/a><\/p>\n<h3 data-start=\"1532\" data-end=\"1609\">\ud83d\udce6 Best\u00e4ll Hyper Cola Apr\u00e9s | 20 mg\u00a0 fr\u00e5n veloop.se och upplev den<strong data-start=\"650\" data-end=\"719\"> klassiska och s\u00f6ta colasmaken!<\/strong><\/h3>\n<p data-start=\"1611\" data-end=\"1677\">\ud83d\udc49 <a class=\"\" href=\"https:\/\/snus-malmo.se\/sv\/apres\/\" target=\"_new\" rel=\"noopener\" data-start=\"1614\" data-end=\"1677\">Se hela v\u00e5rt sortiment av Apr\u00e8s h\u00e4r<\/a><\/p>\n<h4>Om Apr\u00e8s \u2013 Premium nikotinp\u00e5sar med stil, smak och h\u00e5llbarhet<\/h4>\n<h4>\nApr\u00e8s \u00e4r ett svenskt varum\u00e4rke som tillverkar tobaksfria nikotinp\u00e5sar i absolut premiumklass. K\u00e4nda f\u00f6r sin eleganta design, innovativa smaker och starka nikotinprofil, erbjuder Apr\u00e8s en lyxig och modern alternativ till traditionellt snus.<\/h4>\n<p><strong>Varje produkt \u00e4r noggrant utvecklad med fokus p\u00e5 smakupplevelse, kvalitet och h\u00e5llbarhet. Oavsett om du f\u00f6redrar klassiska smaker som mint och lakrits, eller mer ov\u00e4ntade inslag som cola, hallon lakrits eller persika iste, har Apr\u00e8s n\u00e5got som passar b\u00e5de nyb\u00f6rjare och erfarna anv\u00e4ndare.<\/strong><\/p>\n<p>&nbsp;<\/p>\n<h2><strong>\ud83c\udfaf Varf\u00f6r v\u00e4lja Apr\u00e8s?<\/strong><\/h2>\n<p><strong>\u2705 Tobaksfri och diskret \u2013 vita prillor som inte missf\u00e4rgar t\u00e4nderna<\/strong><\/p>\n<p><strong>\u2705 H\u00f6g nikotinhalt \u2013 f\u00f6r dig som s\u00f6ker en stark och tydlig effekt<\/strong><\/p>\n<p><strong>\u2705 Elegant design \u2013 stilrena dosor som st\u00e5r ut fr\u00e5n m\u00e4ngden<\/strong><\/p>\n<p><strong>\u2705 Svensktillverkad \u2013 med fokus p\u00e5 kvalitet och ansvarsfull produktion<\/strong><\/p>\n<p><strong>\u2705 Milj\u00f6v\u00e4nligt t\u00e4nk \u2013 dosorna \u00e4r tillverkade av \u00e5tervunnen plast<\/strong><\/p>\n<p><strong>Apr\u00e8s kombinerar innovation, smak och estetik \u2013 f\u00f6r en upplevelse ut\u00f6ver det vanliga.<\/strong><\/p>\n<p><strong>\ud83d\udce6 Se hela v\u00e5rt sortiment fr\u00e5n Apr\u00e8s och best\u00e4ll online med snabb leverans:<\/strong><br \/>\n<strong>\ud83d\udc49 Uppt\u00e4ck Apr\u00e8s hos veloop.se<\/strong><\/p>","protected":false},"excerpt":{"rendered":"<h1 data-start=\"641\" data-end=\"720\">Hyper Cola Apr\u00e9s | 20 mg<\/h1>\n<h2 data-start=\"342\" data-end=\"403\"><strong data-start=\"342\" data-end=\"403\">N\u00b04 Cola \u2013 Hyperstarka nikotinp\u00e5sar med klassisk colasmak<\/strong><\/h2>\n<p data-start=\"405\" data-end=\"586\">Njut av en kraftfull och nostalgisk smak av klassisk cola. N\u00b04 Cola levererar hela 20 mg\/g nikotin och \u00e4r perfekt f\u00f6r dig som vill ha en stark upplevelse med en s\u00f6t, kolsyrad twist.<\/p>","protected":false},"featured_media":61727,"comment_status":"open","ping_status":"closed","template":"","meta":[],"product_brand":[384],"product_cat":[136,290,322,356,137],"product_tag":[],"class_list":{"0":"post-61722","1":"product","2":"type-product","3":"status-publish","4":"has-post-thumbnail","6":"product_brand-aprs","7":"product_cat-all-whites","8":"product_cat-apres","9":"product_cat-apres-alla-produkter","10":"product_cat-extreme","11":"product_cat-slim","13":"first","14":"instock","15":"taxable","16":"shipping-taxable","17":"purchasable","18":"product-type-variable"},"_links":{"self":[{"href":"https:\/\/snus-malmo.se\/sv\/wp-json\/wp\/v2\/product\/61722","targetHints":{"allow":["GET"]}}],"collection":[{"href":"https:\/\/snus-malmo.se\/sv\/wp-json\/wp\/v2\/product"}],"about":[{"href":"https:\/\/snus-malmo.se\/sv\/wp-json\/wp\/v2\/types\/product"}],"replies":[{"embeddable":true,"href":"https:\/\/snus-malmo.se\/sv\/wp-json\/wp\/v2\/comments?post=61722"}],"version-history":[{"count":0,"href":"https:\/\/snus-malmo.se\/sv\/wp-json\/wp\/v2\/product\/61722\/revisions"}],"wp:featuredmedia":[{"embeddable":true,"href":"https:\/\/snus-malmo.se\/sv\/wp-json\/wp\/v2\/media\/61727"}],"wp:attachment":[{"href":"https:\/\/snus-malmo.se\/sv\/wp-json\/wp\/v2\/media?parent=61722"}],"wp:term":[{"taxonomy":"product_brand","embeddable":true,"href":"https:\/\/snus-malmo.se\/sv\/wp-json\/wp\/v2\/product_brand?post=61722"},{"taxonomy":"product_cat","embeddable":true,"href":"https:\/\/snus-malmo.se\/sv\/wp-json\/wp\/v2\/product_cat?post=61722"},{"taxonomy":"product_tag","embeddable":true,"href":"https:\/\/snus-malmo.se\/sv\/wp-json\/wp\/v2\/product_tag?post=61722"}],"curies":[{"name":"wp","href":"https:\/\/api.w.org\/{rel}","templated":true}]}}