{"id":61743,"date":"2025-06-18T23:05:43","date_gmt":"2025-06-18T23:05:43","guid":{"rendered":"https:\/\/snus-malmo.se\/?post_type=product&#038;p=61743"},"modified":"2025-07-18T14:42:18","modified_gmt":"2025-07-18T14:42:18","slug":"hyper-strong-apres-spritz","status":"publish","type":"product","link":"https:\/\/snus-malmo.se\/sv\/produkt\/hyper-strong-apres-spritz\/","title":{"rendered":"Hyper Strong Apr\u00e8s Spritz\u00a0\u00a0| 20 mg"},"content":{"rendered":"<h1 data-start=\"641\" data-end=\"720\">Hyper Strong <strong data-start=\"357\" data-end=\"431\">Apr\u00e8s Spritz\u00a0<\/strong>\u00a0| 20 mg<\/h1>\n<h2 data-start=\"704\" data-end=\"798\"><strong data-start=\"709\" data-end=\"798\">N\u00b010 Apr\u00e8s Spritz \u2013 Hyper Strong nikotinp\u00e5se med fruktig smak av apelsin och mandarin<\/strong><\/h2>\n<p data-start=\"800\" data-end=\"1058\"><strong data-start=\"800\" data-end=\"821\">N\u00b010 Apr\u00e8s Spritz<\/strong> fr\u00e5n Apr\u00e8s tar dig direkt till sommarens soliga terrasser \u2013 men med en rej\u00e4l nikotinkick. Med <strong data-start=\"916\" data-end=\"935\">20 mg\/g nikotin<\/strong> och <strong data-start=\"940\" data-end=\"961\">styrkeniv\u00e5 5 av 5<\/strong>, \u00e4r detta en av de starkaste nikotinp\u00e5sarna p\u00e5 marknaden och en del av Apr\u00e8s Hyper Strong-serie.<\/p>\n<p data-start=\"1060\" data-end=\"1350\">Smaken \u00e4r inspirerad av den klassiska spritz-cocktailen, med toner av <strong data-start=\"1130\" data-end=\"1164\">frisk apelsin och s\u00f6t mandarin<\/strong>, vilket ger en fruktig, syrlig och uppfriskande smakupplevelse som dr\u00f6jer sig kvar. En perfekt kombination f\u00f6r dig som vill ha <strong data-start=\"1292\" data-end=\"1320\">n\u00e5got annorlunda \u00e4n mint<\/strong>, men \u00e4nd\u00e5 med maximal effekt.<\/p>\n<p data-start=\"1352\" data-end=\"1367\"><strong data-start=\"1352\" data-end=\"1367\">Egenskaper:<\/strong><\/p>\n<ul data-start=\"1368\" data-end=\"1558\">\n<li data-start=\"1368\" data-end=\"1400\">\n<p data-start=\"1370\" data-end=\"1400\"><strong data-start=\"1370\" data-end=\"1379\">Smak:<\/strong> Apelsin och mandarin<\/p>\n<\/li>\n<li data-start=\"1401\" data-end=\"1433\">\n<p data-start=\"1403\" data-end=\"1433\"><strong data-start=\"1403\" data-end=\"1414\">Styrka:<\/strong> 5\/5 \u2013 Hyper Strong<\/p>\n<\/li>\n<li data-start=\"1434\" data-end=\"1460\">\n<p data-start=\"1436\" data-end=\"1460\"><strong data-start=\"1436\" data-end=\"1452\">Nikotinhalt:<\/strong> 20 mg\/g<\/p>\n<\/li>\n<li data-start=\"1461\" data-end=\"1480\">\n<p data-start=\"1463\" data-end=\"1480\"><strong data-start=\"1463\" data-end=\"1472\">Vikt:<\/strong> 11 gram<\/p>\n<\/li>\n<li data-start=\"1481\" data-end=\"1533\">\n<p data-start=\"1483\" data-end=\"1533\"><strong data-start=\"1483\" data-end=\"1491\">Typ:<\/strong> Tobaksfri nikotinp\u00e5se (All White Portion)<\/p>\n<\/li>\n<li data-start=\"1534\" data-end=\"1558\">\n<p data-start=\"1536\" data-end=\"1558\"><strong data-start=\"1536\" data-end=\"1552\">Tillverkare:<\/strong> Apr\u00e8s<\/p>\n<\/li>\n<\/ul>\n<p data-start=\"1560\" data-end=\"1687\"><strong data-start=\"1560\" data-end=\"1687\">N\u00b010 Apr\u00e8s Spritz \u00e4r det sj\u00e4lvklara valet f\u00f6r dig som s\u00f6ker en citrusbaserad smakprofil i en stark och stilren nikotinp\u00e5se.<\/strong><\/p>\n<h3 data-start=\"1689\" data-end=\"1783\">\ud83d\udce6 Best\u00e4ll N\u00b010 Spritz idag fr\u00e5n veloop.se \u2013 snabb leverans och alltid det senaste fr\u00e5n Apr\u00e8s!<\/h3>\n<p data-start=\"1785\" data-end=\"1851\">\ud83d\udc49 <a class=\"\" href=\"https:\/\/snus-malmo.se\/sv\/apres\/\" target=\"_new\" rel=\"noopener\" data-start=\"1788\" data-end=\"1851\">Se hela v\u00e5rt sortiment av Apr\u00e8s h\u00e4r<\/a><\/p>\n<h3>Om Apr\u00e8s \u2013 Premium nikotinp\u00e5sar med stil, smak och h\u00e5llbarhet<\/h3>\n<h4>Apr\u00e8s \u00e4r ett svenskt varum\u00e4rke som tillverkar tobaksfria nikotinp\u00e5sar i absolut premiumklass. K\u00e4nda f\u00f6r sin eleganta design, innovativa smaker och starka nikotinprofil, erbjuder Apr\u00e8s en lyxig och modern alternativ till traditionellt snus.<\/h4>\n<p><strong>Varje produkt \u00e4r noggrant utvecklad med fokus p\u00e5 smakupplevelse, kvalitet och h\u00e5llbarhet. Oavsett om du f\u00f6redrar klassiska smaker som mint och lakrits, eller mer ov\u00e4ntade inslag som cola, hallon lakrits eller persika iste, har Apr\u00e8s n\u00e5got som passar b\u00e5de nyb\u00f6rjare och erfarna anv\u00e4ndare.<\/strong><\/p>\n<p>&nbsp;<\/p>\n<h2><strong>\ud83c\udfaf Varf\u00f6r v\u00e4lja Apr\u00e8s?<\/strong><\/h2>\n<p><strong>\u2705 Tobaksfri och diskret \u2013 vita prillor som inte missf\u00e4rgar t\u00e4nderna<\/strong><\/p>\n<p><strong>\u2705 H\u00f6g nikotinhalt \u2013 f\u00f6r dig som s\u00f6ker en stark och tydlig effekt<\/strong><\/p>\n<p><strong>\u2705 Elegant design \u2013 stilrena dosor som st\u00e5r ut fr\u00e5n m\u00e4ngden<\/strong><\/p>\n<p><strong>\u2705 Svensktillverkad \u2013 med fokus p\u00e5 kvalitet och ansvarsfull produktion<\/strong><\/p>\n<p><strong>\u2705 Milj\u00f6v\u00e4nligt t\u00e4nk \u2013 dosorna \u00e4r tillverkade av \u00e5tervunnen plast<\/strong><\/p>\n<p><strong>Apr\u00e8s kombinerar innovation, smak och estetik \u2013 f\u00f6r en upplevelse ut\u00f6ver det vanliga.<\/strong><\/p>\n<p><strong>\ud83d\udce6 Se hela v\u00e5rt sortiment fr\u00e5n Apr\u00e8s och best\u00e4ll online med snabb leverans:<\/strong><br \/>\n<strong>\ud83d\udc49 Uppt\u00e4ck Apr\u00e8s hos veloop.se<\/strong><\/p>","protected":false},"excerpt":{"rendered":"<h1 data-start=\"641\" data-end=\"720\">Hyper Strong <strong data-start=\"357\" data-end=\"431\">Apr\u00e8s Spritz\u00a0<\/strong>\u00a0| 20 mg<\/h1>\n<h2 data-start=\"357\" data-end=\"431\"><strong data-start=\"357\" data-end=\"431\">N\u00b010 Apr\u00e8s Spritz \u2013 Starka nikotinp\u00e5sar med smak av apelsin &amp; mandarin<\/strong><\/h2>\n<p data-start=\"433\" data-end=\"645\">En citrusexplosion med kraft! N\u00b010 Apr\u00e8s Spritz \u00e4r en hyperstark nikotinp\u00e5se med smak av solmogen apelsin och s\u00f6t mandarin. Inneh\u00e5ller 20 mg\/g nikotin \u2013 f\u00f6r dig som s\u00f6ker b\u00e5de fruktig friskhet och maximal styrka.<\/p>","protected":false},"featured_media":61748,"comment_status":"open","ping_status":"closed","template":"","meta":[],"product_brand":[384],"product_cat":[136,290,322,356,137],"product_tag":[],"class_list":{"0":"post-61743","1":"product","2":"type-product","3":"status-publish","4":"has-post-thumbnail","6":"product_brand-aprs","7":"product_cat-all-whites","8":"product_cat-apres","9":"product_cat-apres-alla-produkter","10":"product_cat-extreme","11":"product_cat-slim","13":"first","14":"instock","15":"taxable","16":"shipping-taxable","17":"purchasable","18":"product-type-variable"},"_links":{"self":[{"href":"https:\/\/snus-malmo.se\/sv\/wp-json\/wp\/v2\/product\/61743","targetHints":{"allow":["GET"]}}],"collection":[{"href":"https:\/\/snus-malmo.se\/sv\/wp-json\/wp\/v2\/product"}],"about":[{"href":"https:\/\/snus-malmo.se\/sv\/wp-json\/wp\/v2\/types\/product"}],"replies":[{"embeddable":true,"href":"https:\/\/snus-malmo.se\/sv\/wp-json\/wp\/v2\/comments?post=61743"}],"version-history":[{"count":0,"href":"https:\/\/snus-malmo.se\/sv\/wp-json\/wp\/v2\/product\/61743\/revisions"}],"wp:featuredmedia":[{"embeddable":true,"href":"https:\/\/snus-malmo.se\/sv\/wp-json\/wp\/v2\/media\/61748"}],"wp:attachment":[{"href":"https:\/\/snus-malmo.se\/sv\/wp-json\/wp\/v2\/media?parent=61743"}],"wp:term":[{"taxonomy":"product_brand","embeddable":true,"href":"https:\/\/snus-malmo.se\/sv\/wp-json\/wp\/v2\/product_brand?post=61743"},{"taxonomy":"product_cat","embeddable":true,"href":"https:\/\/snus-malmo.se\/sv\/wp-json\/wp\/v2\/product_cat?post=61743"},{"taxonomy":"product_tag","embeddable":true,"href":"https:\/\/snus-malmo.se\/sv\/wp-json\/wp\/v2\/product_tag?post=61743"}],"curies":[{"name":"wp","href":"https:\/\/api.w.org\/{rel}","templated":true}]}}